{"id":5120,"date":"2025-12-22T01:21:59","date_gmt":"2025-12-22T01:21:59","guid":{"rendered":"https:\/\/baijiabags.com\/?post_type=product&#038;p=5120"},"modified":"2025-12-22T01:21:59","modified_gmt":"2025-12-22T01:21:59","slug":"factory-wholesale-lightweight-everyday-backpack-890-series","status":"publish","type":"product","link":"https:\/\/baijiabags.com\/tr\/urun\/factory-wholesale-lightweight-everyday-backpack-890-series\/","title":{"rendered":"Factory Wholesale Lightweight Everyday Backpack, 890 Series"},"content":{"rendered":"<h2>Temel \u00d6zellikler<\/h2>\n<ul data-start=\"807\" data-end=\"1426\">\n<li data-start=\"807\" data-end=\"888\">\n<p data-start=\"809\" data-end=\"888\">Lightweight construction reduces shoulder strain during long hours of carrying.<\/p>\n<\/li>\n<li data-start=\"889\" data-end=\"970\">\n<p data-start=\"891\" data-end=\"970\">Durable PU material resists daily wear, scratches, and light moisture exposure.<\/p>\n<\/li>\n<li data-start=\"971\" data-end=\"1048\">\n<p data-start=\"973\" data-end=\"1048\">Fashion-oriented design fits professional, casual, and travel environments.<\/p>\n<\/li>\n<li data-start=\"1049\" data-end=\"1122\">\n<p data-start=\"1051\" data-end=\"1122\">Customizable logo options support brand promotion and private labeling.<\/p>\n<\/li>\n<li data-start=\"1123\" data-end=\"1195\">\n<p data-start=\"1125\" data-end=\"1195\">Adjustable size configurations adapt to different market requirements.<\/p>\n<\/li>\n<li data-start=\"1196\" data-end=\"1272\">\n<p data-start=\"1198\" data-end=\"1272\">Multiple compartments improve organization for work and travel essentials.<\/p>\n<\/li>\n<li data-start=\"1273\" data-end=\"1342\">\n<p data-start=\"1275\" data-end=\"1342\">Reinforced stitching enhances structural strength and service life.<\/p>\n<\/li>\n<li data-start=\"1343\" data-end=\"1426\">\n<p data-start=\"1345\" data-end=\"1426\">Flexible MOQ and packaging options support both small and large wholesale orders.<\/p>\n<\/li>\n<\/ul>\n<h2>Teknik \u00d6zellikler<\/h2>\n<div class=\"TyagGW_tableContainer\">\n<div class=\"group TyagGW_tableWrapper flex w-fit flex-col-reverse\" tabindex=\"-1\">\n<table class=\"w-fit min-w-(--thread-content-width)\" data-start=\"1577\" data-end=\"2100\">\n<thead data-start=\"1577\" data-end=\"1601\">\n<tr data-start=\"1577\" data-end=\"1601\">\n<th data-start=\"1577\" data-end=\"1584\" data-col-size=\"sm\">Item<\/th>\n<th data-start=\"1584\" data-end=\"1601\" data-col-size=\"sm\">Specification<\/th>\n<\/tr>\n<\/thead>\n<tbody data-start=\"1626\" data-end=\"2100\">\n<tr data-start=\"1626\" data-end=\"1653\">\n<td data-start=\"1626\" data-end=\"1641\" data-col-size=\"sm\">\u00dcr\u00fcn Ad\u0131<\/td>\n<td data-col-size=\"sm\" data-start=\"1641\" data-end=\"1653\">S\u0131rt \u00c7antas\u0131<\/td>\n<\/tr>\n<tr data-start=\"1654\" data-end=\"1677\">\n<td data-start=\"1654\" data-end=\"1663\" data-col-size=\"sm\">Series<\/td>\n<td data-start=\"1663\" data-end=\"1677\" data-col-size=\"sm\">890 Series<\/td>\n<\/tr>\n<tr data-start=\"1678\" data-end=\"1696\">\n<td data-start=\"1678\" data-end=\"1686\" data-col-size=\"sm\">Marka<\/td>\n<td data-start=\"1686\" data-end=\"1696\" data-col-size=\"sm\">RONEER<\/td>\n<\/tr>\n<tr data-start=\"1697\" data-end=\"1735\">\n<td data-start=\"1697\" data-end=\"1715\" data-col-size=\"sm\">Place of Origin<\/td>\n<td data-col-size=\"sm\" data-start=\"1715\" data-end=\"1735\">Guangdong, \u00c7in<\/td>\n<\/tr>\n<tr data-start=\"1736\" data-end=\"1755\">\n<td data-start=\"1736\" data-end=\"1744\" data-col-size=\"sm\">Stil<\/td>\n<td data-col-size=\"sm\" data-start=\"1744\" data-end=\"1755\">Fashion<\/td>\n<\/tr>\n<tr data-start=\"1756\" data-end=\"1778\">\n<td data-start=\"1756\" data-end=\"1772\" data-col-size=\"sm\">Ana Malzeme<\/td>\n<td data-col-size=\"sm\" data-start=\"1772\" data-end=\"1778\">PU<\/td>\n<\/tr>\n<tr data-start=\"1779\" data-end=\"1802\">\n<td data-start=\"1779\" data-end=\"1786\" data-col-size=\"sm\">Boyut<\/td>\n<td data-col-size=\"sm\" data-start=\"1786\" data-end=\"1802\">\u00d6zelle\u015ftirilebilir<\/td>\n<\/tr>\n<tr data-start=\"1803\" data-end=\"1827\">\n<td data-start=\"1803\" data-end=\"1811\" data-col-size=\"sm\">Renk<\/td>\n<td data-start=\"1811\" data-end=\"1827\" data-col-size=\"sm\">\u00d6zelle\u015ftirilebilir<\/td>\n<\/tr>\n<tr data-start=\"1828\" data-end=\"1851\">\n<td data-start=\"1828\" data-end=\"1835\" data-col-size=\"sm\">Logo<\/td>\n<td data-col-size=\"sm\" data-start=\"1835\" data-end=\"1851\">\u00d6zelle\u015ftirilebilir<\/td>\n<\/tr>\n<tr data-start=\"1852\" data-end=\"1886\">\n<td data-start=\"1852\" data-end=\"1862\" data-col-size=\"sm\">Feature<\/td>\n<td data-col-size=\"sm\" data-start=\"1862\" data-end=\"1886\">Durable, Lightweight<\/td>\n<\/tr>\n<tr data-start=\"1887\" data-end=\"1907\">\n<td data-start=\"1887\" data-end=\"1893\" data-col-size=\"sm\">MOQ<\/td>\n<td data-col-size=\"sm\" data-start=\"1893\" data-end=\"1907\">Negotiable<\/td>\n<\/tr>\n<tr data-start=\"1908\" data-end=\"1934\">\n<td data-start=\"1908\" data-end=\"1920\" data-col-size=\"sm\">Packaging<\/td>\n<td data-col-size=\"sm\" data-start=\"1920\" data-end=\"1934\">Negotiable<\/td>\n<\/tr>\n<tr data-start=\"1935\" data-end=\"1982\">\n<td data-start=\"1935\" data-end=\"1955\" data-col-size=\"sm\">Application Scope<\/td>\n<td data-col-size=\"sm\" data-start=\"1955\" data-end=\"1982\">Daily Use, Work, Travel<\/td>\n<\/tr>\n<tr data-start=\"1983\" data-end=\"2008\">\n<td data-start=\"1983\" data-end=\"1998\" data-col-size=\"sm\">Closure Type<\/td>\n<td data-col-size=\"sm\" data-start=\"1998\" data-end=\"2008\">Zipper<\/td>\n<\/tr>\n<tr data-start=\"2009\" data-end=\"2057\">\n<td data-start=\"2009\" data-end=\"2027\" data-col-size=\"sm\">Carrying System<\/td>\n<td data-col-size=\"sm\" data-start=\"2027\" data-end=\"2057\">Adjustable Shoulder Straps<\/td>\n<\/tr>\n<tr data-start=\"2058\" data-end=\"2100\">\n<td data-start=\"2058\" data-end=\"2076\" data-col-size=\"sm\">Lining Material<\/td>\n<td data-col-size=\"sm\" data-start=\"2076\" data-end=\"2100\">Polyester (optional)<\/td>\n<\/tr>\n<\/tbody>\n<\/table>\n<\/div>\n<\/div>\n<h2>Uygulamalar<\/h2>\n<ul data-start=\"2242\" data-end=\"2482\">\n<li data-start=\"2242\" data-end=\"2277\">\n<p data-start=\"2244\" data-end=\"2277\">Office and professional commuting<\/p>\n<\/li>\n<li data-start=\"2278\" data-end=\"2311\">\n<p data-start=\"2280\" data-end=\"2311\">Business travel and short trips<\/p>\n<\/li>\n<li data-start=\"2312\" data-end=\"2354\">\n<p data-start=\"2314\" data-end=\"2354\">Daily urban use for students and workers<\/p>\n<\/li>\n<li data-start=\"2355\" data-end=\"2396\">\n<p data-start=\"2357\" data-end=\"2396\">Promotional and corporate gift projects<\/p>\n<\/li>\n<\/ul>\n<p>If you are interested in this backpack and would like to receive samples or discuss customization details, please contact us. We provide ODM &amp; OEM services and support long-term wholesale cooperation.<\/p>","protected":false},"excerpt":{"rendered":"<p>The Factory Wholesale Lightweight Everyday Backpack, 890 Series is designed to meet the needs of modern users who value practicality, style, and durability in daily life. This backpack targets everyday use scenarios and fits seamlessly into work, travel, and casual routines. The design focuses on a lightweight structure combined with durable PU material, ensuring long-term use while maintaining a fashionable appearance. The backpack supports extensive customization options, including logo, size, and color, making it suitable for wholesale, ODM, and OEM projects. Production takes place in Guangdong, China, where mature manufacturing processes and quality control standards ensure consistent output.<\/p>","protected":false},"featured_media":5130,"comment_status":"open","ping_status":"closed","template":"","meta":{"site-sidebar-layout":"default","site-content-layout":"","ast-site-content-layout":"default","site-content-style":"default","site-sidebar-style":"default","ast-global-header-display":"","ast-banner-title-visibility":"","ast-main-header-display":"","ast-hfb-above-header-display":"","ast-hfb-below-header-display":"","ast-hfb-mobile-header-display":"","site-post-title":"","ast-breadcrumbs-content":"","ast-featured-img":"","footer-sml-layout":"","ast-disable-related-posts":"","theme-transparent-header-meta":"default","adv-header-id-meta":"","stick-header-meta":"","header-above-stick-meta":"","header-main-stick-meta":"","header-below-stick-meta":"","astra-migrate-meta-layouts":"set","ast-page-background-enabled":"default","ast-page-background-meta":{"desktop":{"background-color":"var(--ast-global-color-5)","background-image":"","background-repeat":"repeat","background-position":"center center","background-size":"auto","background-attachment":"scroll","background-type":"","background-media":"","overlay-type":"","overlay-color":"","overlay-opacity":"","overlay-gradient":""},"tablet":{"background-color":"","background-image":"","background-repeat":"repeat","background-position":"center center","background-size":"auto","background-attachment":"scroll","background-type":"","background-media":"","overlay-type":"","overlay-color":"","overlay-opacity":"","overlay-gradient":""},"mobile":{"background-color":"","background-image":"","background-repeat":"repeat","background-position":"center center","background-size":"auto","background-attachment":"scroll","background-type":"","background-media":"","overlay-type":"","overlay-color":"","overlay-opacity":"","overlay-gradient":""}},"ast-content-background-meta":{"desktop":{"background-color":"var(--ast-global-color-4)","background-image":"","background-repeat":"repeat","background-position":"center center","background-size":"auto","background-attachment":"scroll","background-type":"","background-media":"","overlay-type":"","overlay-color":"","overlay-opacity":"","overlay-gradient":""},"tablet":{"background-color":"var(--ast-global-color-4)","background-image":"","background-repeat":"repeat","background-position":"center center","background-size":"auto","background-attachment":"scroll","background-type":"","background-media":"","overlay-type":"","overlay-color":"","overlay-opacity":"","overlay-gradient":""},"mobile":{"background-color":"var(--ast-global-color-4)","background-image":"","background-repeat":"repeat","background-position":"center center","background-size":"auto","background-attachment":"scroll","background-type":"","background-media":"","overlay-type":"","overlay-color":"","overlay-opacity":"","overlay-gradient":""}}},"product_brand":[],"product_cat":[15],"product_tag":[],"class_list":{"0":"post-5120","1":"product","2":"type-product","3":"status-publish","4":"has-post-thumbnail","6":"product_cat-uncategorized","7":"desktop-align-left","8":"tablet-align-left","9":"mobile-align-left","11":"first","12":"instock","13":"shipping-taxable","14":"product-type-simple"},"_links":{"self":[{"href":"https:\/\/baijiabags.com\/tr\/wp-json\/wp\/v2\/product\/5120","targetHints":{"allow":["GET"]}}],"collection":[{"href":"https:\/\/baijiabags.com\/tr\/wp-json\/wp\/v2\/product"}],"about":[{"href":"https:\/\/baijiabags.com\/tr\/wp-json\/wp\/v2\/types\/product"}],"replies":[{"embeddable":true,"href":"https:\/\/baijiabags.com\/tr\/wp-json\/wp\/v2\/comments?post=5120"}],"wp:featuredmedia":[{"embeddable":true,"href":"https:\/\/baijiabags.com\/tr\/wp-json\/wp\/v2\/media\/5130"}],"wp:attachment":[{"href":"https:\/\/baijiabags.com\/tr\/wp-json\/wp\/v2\/media?parent=5120"}],"wp:term":[{"taxonomy":"product_brand","embeddable":true,"href":"https:\/\/baijiabags.com\/tr\/wp-json\/wp\/v2\/product_brand?post=5120"},{"taxonomy":"product_cat","embeddable":true,"href":"https:\/\/baijiabags.com\/tr\/wp-json\/wp\/v2\/product_cat?post=5120"},{"taxonomy":"product_tag","embeddable":true,"href":"https:\/\/baijiabags.com\/tr\/wp-json\/wp\/v2\/product_tag?post=5120"}],"curies":[{"name":"wp","href":"https:\/\/api.w.org\/{rel}","templated":true}]}}