{"id":5513,"date":"2026-02-02T05:48:41","date_gmt":"2026-02-02T05:48:41","guid":{"rendered":"https:\/\/baijiabags.com\/?post_type=product&#038;p=5513"},"modified":"2026-02-02T05:48:41","modified_gmt":"2026-02-02T05:48:41","slug":"oem-odm-custom-women-backpack-fashionable-and-durable-color-options-available","status":"publish","type":"product","link":"https:\/\/baijiabags.com\/it\/prodotto\/oem-odm-custom-women-backpack-fashionable-and-durable-color-options-available\/","title":{"rendered":"Zaino delle donne su ordinazione dell'OEM &amp; del ODM, alla moda e durevole, opzioni di colore disponibili"},"content":{"rendered":"<h2 data-start=\"1016\" data-end=\"1031\">Caratteristiche principali<\/h2>\n<ol data-start=\"1033\" data-end=\"2165\">\n<li data-start=\"1033\" data-end=\"1179\">\n<p data-start=\"1036\" data-end=\"1179\"><strong data-start=\"1036\" data-end=\"1062\">Design orientato alla moda:<\/strong>Lo zaino presenta una silhouette moderna con un look pulito e giovanile che si abbina agli outfit casual e urbani.<\/p>\n<\/li>\n<li data-start=\"1181\" data-end=\"1329\">\n<p data-start=\"1184\" data-end=\"1329\"><strong data-start=\"1184\" data-end=\"1207\">Materiale durevole in PU:<\/strong>Il materiale PU di alta qualit\u00e0 offre una forte resistenza all'usura, alla deformazione e ai graffi superficiali durante l'uso frequente.<\/p>\n<\/li>\n<li data-start=\"1331\" data-end=\"1479\">\n<p data-start=\"1334\" data-end=\"1479\"><strong data-start=\"1334\" data-end=\"1361\">Superficie resistente all'acqua:<\/strong>L'esterno respinge la pioggia leggera e gli spruzzi, aiutando a proteggere gli effetti personali in condizioni climatiche variabili.<\/p>\n<\/li>\n<li data-start=\"1481\" data-end=\"1614\">\n<p data-start=\"1484\" data-end=\"1614\"><strong data-start=\"1484\" data-end=\"1518\">Capacit\u00e0 compatta ma pratica:<\/strong>Lo spazio interno organizza in modo efficiente gli oggetti di uso quotidiano senza aggiungere inutili ingombri.<\/p>\n<\/li>\n<li data-start=\"1616\" data-end=\"1750\">\n<p data-start=\"1619\" data-end=\"1750\"><strong data-start=\"1619\" data-end=\"1658\">Opzioni di dimensioni e colori personalizzabili:<\/strong>Gli acquirenti possono scegliere dimensioni e schemi di colori personalizzati per soddisfare le specifiche richieste del mercato.<\/p>\n<\/li>\n<li data-start=\"1752\" data-end=\"1888\">\n<p data-start=\"1755\" data-end=\"1888\"><strong data-start=\"1755\" data-end=\"1785\">Supporto per la personalizzazione del logo:<\/strong>Lo zaino consente l'inserimento del logo tramite stampa o goffratura per supportare i progetti OEM e ODM.<\/p>\n<\/li>\n<li data-start=\"1890\" data-end=\"2025\">\n<p data-start=\"1893\" data-end=\"2025\"><strong data-start=\"1893\" data-end=\"1928\">Esperienza di trasporto confortevole:<\/strong>Gli spallacci regolabili riducono la pressione e forniscono un supporto stabile durante l'uso prolungato.<\/p>\n<\/li>\n<li data-start=\"2027\" data-end=\"2165\">\n<p data-start=\"2030\" data-end=\"2165\"><strong data-start=\"2030\" data-end=\"2059\">Ampia compatibilit\u00e0 con il mercato:<\/strong>Il design unisex si rivolge a pi\u00f9 gruppi di consumatori, ampliando le opportunit\u00e0 di vendita al dettaglio e all'ingrosso.<\/p>\n<\/li>\n<\/ol>\n<h2 data-start=\"2172\" data-end=\"2197\">\u00a0Specifiche tecniche<\/h2>\n<div class=\"TyagGW_tableContainer\">\n<div class=\"group TyagGW_tableWrapper flex flex-col-reverse w-fit\" tabindex=\"-1\">\n<table class=\"w-fit min-w-(--thread-content-width)\" data-start=\"2199\" data-end=\"2669\">\n<thead data-start=\"2199\" data-end=\"2231\">\n<tr data-start=\"2199\" data-end=\"2231\">\n<th data-start=\"2199\" data-end=\"2220\" data-col-size=\"sm\">Voce di capitolato<\/th>\n<th data-start=\"2220\" data-end=\"2231\" data-col-size=\"sm\">Dettagli<\/th>\n<\/tr>\n<\/thead>\n<tbody data-start=\"2264\" data-end=\"2669\">\n<tr data-start=\"2264\" data-end=\"2291\">\n<td data-start=\"2264\" data-end=\"2279\" data-col-size=\"sm\">Tipo di prodotto<\/td>\n<td data-col-size=\"sm\" data-start=\"2279\" data-end=\"2291\">Zaino<\/td>\n<\/tr>\n<tr data-start=\"2292\" data-end=\"2318\">\n<td data-start=\"2292\" data-end=\"2307\" data-col-size=\"sm\">Numero di modello<\/td>\n<td data-col-size=\"sm\" data-start=\"2307\" data-end=\"2318\">GB-6059<\/td>\n<\/tr>\n<tr data-start=\"2319\" data-end=\"2351\">\n<td data-start=\"2319\" data-end=\"2330\" data-col-size=\"sm\">Materiale<\/td>\n<td data-col-size=\"sm\" data-start=\"2330\" data-end=\"2351\">PU (poliuretano)<\/td>\n<\/tr>\n<tr data-start=\"2352\" data-end=\"2401\">\n<td data-start=\"2352\" data-end=\"2359\" data-col-size=\"sm\">Dimensione<\/td>\n<td data-col-size=\"sm\" data-start=\"2359\" data-end=\"2401\">21 \u00d7 8 \u00d7 25 cm (\u00e8 supportato il formato personalizzato)<\/td>\n<\/tr>\n<tr data-start=\"2402\" data-end=\"2435\">\n<td data-start=\"2402\" data-end=\"2410\" data-col-size=\"sm\">Stile<\/td>\n<td data-col-size=\"sm\" data-start=\"2410\" data-end=\"2435\">Unisex, Moda, Carino<\/td>\n<\/tr>\n<tr data-start=\"2436\" data-end=\"2468\">\n<td data-start=\"2436\" data-end=\"2452\" data-col-size=\"sm\">Opzioni di colore<\/td>\n<td data-col-size=\"sm\" data-start=\"2452\" data-end=\"2468\">Personalizzabile<\/td>\n<\/tr>\n<tr data-start=\"2469\" data-end=\"2521\">\n<td data-start=\"2469\" data-end=\"2480\" data-col-size=\"sm\">Caratteristiche<\/td>\n<td data-col-size=\"sm\" data-start=\"2480\" data-end=\"2521\">Impermeabile, durevole, dal design estetico<\/td>\n<\/tr>\n<tr data-start=\"2522\" data-end=\"2545\">\n<td data-start=\"2522\" data-end=\"2529\" data-col-size=\"sm\">Logo<\/td>\n<td data-start=\"2529\" data-end=\"2545\" data-col-size=\"sm\">Personalizzabile<\/td>\n<\/tr>\n<tr data-start=\"2546\" data-end=\"2584\">\n<td data-start=\"2546\" data-end=\"2564\" data-col-size=\"sm\">Luogo di origine<\/td>\n<td data-col-size=\"sm\" data-start=\"2564\" data-end=\"2584\">Guangdong, Cina<\/td>\n<\/tr>\n<tr data-start=\"2585\" data-end=\"2624\">\n<td data-start=\"2585\" data-end=\"2610\" data-col-size=\"sm\">Quantit\u00e0 minima d'ordine<\/td>\n<td data-col-size=\"sm\" data-start=\"2610\" data-end=\"2624\">Trattabile<\/td>\n<\/tr>\n<tr data-start=\"2625\" data-end=\"2669\">\n<td data-start=\"2625\" data-end=\"2646\" data-col-size=\"sm\">Tipo di produzione<\/td>\n<td data-col-size=\"sm\" data-start=\"2646\" data-end=\"2669\">OEM e ODM supportati<\/td>\n<\/tr>\n<\/tbody>\n<\/table>\n<\/div>\n<\/div>\n<h2 data-start=\"2676\" data-end=\"2700\">Applicazione<\/h2>\n<ul data-start=\"2702\" data-end=\"3154\">\n<li data-start=\"2702\" data-end=\"2816\">\n<p data-start=\"2704\" data-end=\"2816\"><strong data-start=\"2704\" data-end=\"2718\">Vita quotidiana: la vita quotidiana<\/strong><br data-start=\"2718\" data-end=\"2721\" \/>Gli utenti portano questo zaino per il lavoro, la scuola o le uscite occasionali, con un facile accesso all'essenziale.<\/p>\n<\/li>\n<li data-start=\"2818\" data-end=\"2934\">\n<p data-start=\"2820\" data-end=\"2934\"><strong data-start=\"2820\" data-end=\"2830\">Viaggi: i viaggi <\/strong>La struttura compatta si adatta a brevi viaggi e spostamenti in citt\u00e0, mantenendo gli oggetti organizzati e protetti.<\/p>\n<\/li>\n<li data-start=\"2936\" data-end=\"3053\">\n<p data-start=\"2938\" data-end=\"3053\"><strong data-start=\"2938\" data-end=\"2962\">Shopping e tempo libero: <\/strong>Il design leggero consente un utilizzo confortevole durante lo shopping o le attivit\u00e0 del fine settimana.<\/p>\n<\/li>\n<li data-start=\"3055\" data-end=\"3154\">\n<p data-start=\"3057\" data-end=\"3154\"><strong data-start=\"3057\" data-end=\"3076\">Pendolarismo urbano :<\/strong>L'aspetto alla moda si integra perfettamente con il moderno stile di vita cittadino.<\/p>\n<\/li>\n<\/ul>\n<p data-start=\"3161\" data-end=\"3410\" data-is-last-node=\"\" data-is-only-node=\"\">Se mostrate interesse per questo zaino, contattateci per richiedere campioni o discutere i dettagli della personalizzazione. Sono disponibili servizi OEM e ODM, tra cui l'adattamento delle dimensioni, lo sviluppo dei colori e la personalizzazione del logo per supportare le vostre esigenze aziendali.<\/p>","protected":false},"excerpt":{"rendered":"<p>Questo zaino da donna personalizzato OEM &amp; ODM offre una combinazione equilibrata di aspetto alla moda, capacit\u00e0 pratica e durata nel tempo. Il design si concentra sull'usabilit\u00e0 quotidiana, mantenendo un'estetica pulita e moderna adatta a vari stili di vita. Lo zaino supporta la personalizzazione di colore, dimensioni e logo, consentendo agli acquirenti di adattare il prodotto a diversi mercati e requisiti di branding.<\/p>","protected":false},"featured_media":5514,"comment_status":"open","ping_status":"closed","template":"","meta":{"site-sidebar-layout":"default","site-content-layout":"","ast-site-content-layout":"default","site-content-style":"default","site-sidebar-style":"default","ast-global-header-display":"","ast-banner-title-visibility":"","ast-main-header-display":"","ast-hfb-above-header-display":"","ast-hfb-below-header-display":"","ast-hfb-mobile-header-display":"","site-post-title":"","ast-breadcrumbs-content":"","ast-featured-img":"","footer-sml-layout":"","ast-disable-related-posts":"","theme-transparent-header-meta":"default","adv-header-id-meta":"","stick-header-meta":"","header-above-stick-meta":"","header-main-stick-meta":"","header-below-stick-meta":"","astra-migrate-meta-layouts":"set","ast-page-background-enabled":"default","ast-page-background-meta":{"desktop":{"background-color":"var(--ast-global-color-5)","background-image":"","background-repeat":"repeat","background-position":"center center","background-size":"auto","background-attachment":"scroll","background-type":"","background-media":"","overlay-type":"","overlay-color":"","overlay-opacity":"","overlay-gradient":""},"tablet":{"background-color":"","background-image":"","background-repeat":"repeat","background-position":"center center","background-size":"auto","background-attachment":"scroll","background-type":"","background-media":"","overlay-type":"","overlay-color":"","overlay-opacity":"","overlay-gradient":""},"mobile":{"background-color":"","background-image":"","background-repeat":"repeat","background-position":"center center","background-size":"auto","background-attachment":"scroll","background-type":"","background-media":"","overlay-type":"","overlay-color":"","overlay-opacity":"","overlay-gradient":""}},"ast-content-background-meta":{"desktop":{"background-color":"var(--ast-global-color-4)","background-image":"","background-repeat":"repeat","background-position":"center center","background-size":"auto","background-attachment":"scroll","background-type":"","background-media":"","overlay-type":"","overlay-color":"","overlay-opacity":"","overlay-gradient":""},"tablet":{"background-color":"var(--ast-global-color-4)","background-image":"","background-repeat":"repeat","background-position":"center center","background-size":"auto","background-attachment":"scroll","background-type":"","background-media":"","overlay-type":"","overlay-color":"","overlay-opacity":"","overlay-gradient":""},"mobile":{"background-color":"var(--ast-global-color-4)","background-image":"","background-repeat":"repeat","background-position":"center center","background-size":"auto","background-attachment":"scroll","background-type":"","background-media":"","overlay-type":"","overlay-color":"","overlay-opacity":"","overlay-gradient":""}}},"product_brand":[],"product_cat":[21],"product_tag":[],"class_list":{"0":"post-5513","1":"product","2":"type-product","3":"status-publish","4":"has-post-thumbnail","6":"product_cat-backpack","7":"desktop-align-left","8":"tablet-align-left","9":"mobile-align-left","11":"first","12":"instock","13":"shipping-taxable","14":"product-type-simple"},"_links":{"self":[{"href":"https:\/\/baijiabags.com\/it\/wp-json\/wp\/v2\/product\/5513","targetHints":{"allow":["GET"]}}],"collection":[{"href":"https:\/\/baijiabags.com\/it\/wp-json\/wp\/v2\/product"}],"about":[{"href":"https:\/\/baijiabags.com\/it\/wp-json\/wp\/v2\/types\/product"}],"replies":[{"embeddable":true,"href":"https:\/\/baijiabags.com\/it\/wp-json\/wp\/v2\/comments?post=5513"}],"wp:featuredmedia":[{"embeddable":true,"href":"https:\/\/baijiabags.com\/it\/wp-json\/wp\/v2\/media\/5514"}],"wp:attachment":[{"href":"https:\/\/baijiabags.com\/it\/wp-json\/wp\/v2\/media?parent=5513"}],"wp:term":[{"taxonomy":"product_brand","embeddable":true,"href":"https:\/\/baijiabags.com\/it\/wp-json\/wp\/v2\/product_brand?post=5513"},{"taxonomy":"product_cat","embeddable":true,"href":"https:\/\/baijiabags.com\/it\/wp-json\/wp\/v2\/product_cat?post=5513"},{"taxonomy":"product_tag","embeddable":true,"href":"https:\/\/baijiabags.com\/it\/wp-json\/wp\/v2\/product_tag?post=5513"}],"curies":[{"name":"wp","href":"https:\/\/api.w.org\/{rel}","templated":true}]}}