{"id":5150,"date":"2025-12-24T01:55:49","date_gmt":"2025-12-24T01:55:49","guid":{"rendered":"https:\/\/baijiabags.com\/?post_type=product&#038;p=5150"},"modified":"2025-12-24T01:55:49","modified_gmt":"2025-12-24T01:55:49","slug":"manufacturer-wholesale-luxury-leather-handbag-with-custom-options","status":"publish","type":"product","link":"https:\/\/baijiabags.com\/it\/prodotto\/manufacturer-wholesale-luxury-leather-handbag-with-custom-options\/","title":{"rendered":"Produttore all'ingrosso borsa in pelle di lusso con opzioni personalizzate"},"content":{"rendered":"<h2 data-start=\"721\" data-end=\"739\">Caratteristiche principali<\/h2>\n<ol data-start=\"740\" data-end=\"1373\">\n<li data-start=\"740\" data-end=\"831\">\n<p data-start=\"742\" data-end=\"831\">Struttura in vera pelle che garantisce una lunga durata e una sensazione di mano eccellente<\/p>\n<\/li>\n<li data-start=\"832\" data-end=\"920\">\n<p data-start=\"834\" data-end=\"920\">Trattamento superficiale impermeabile che aiuta a proteggere il contenuto durante l'uso quotidiano e i viaggi<\/p>\n<\/li>\n<li data-start=\"921\" data-end=\"988\">\n<p data-start=\"923\" data-end=\"988\">Una silhouette alla moda adatta al moderno stile di vita urbano<\/p>\n<\/li>\n<li data-start=\"989\" data-end=\"1073\">\n<p data-start=\"991\" data-end=\"1073\">Impugnature rinforzate che consentono un comodo trasporto a mano, anche con carichi quotidiani<\/p>\n<\/li>\n<li data-start=\"1074\" data-end=\"1144\">\n<p data-start=\"1076\" data-end=\"1144\">Interni strutturati che aiutano a organizzare gli oggetti personali in modo efficiente<\/p>\n<\/li>\n<li data-start=\"1145\" data-end=\"1218\">\n<p data-start=\"1147\" data-end=\"1218\">Possibilit\u00e0 di logo personalizzato per la creazione del marchio e l'etichettatura privata<\/p>\n<\/li>\n<li data-start=\"1219\" data-end=\"1301\">\n<p data-start=\"1221\" data-end=\"1301\">Selezione flessibile dei colori per adattarsi alle collezioni stagionali o alle preferenze regionali<\/p>\n<\/li>\n<li data-start=\"1302\" data-end=\"1373\">\n<p data-start=\"1304\" data-end=\"1373\">Le cuciture stabili e la finitura dei bordi sono progettate per un uso quotidiano e ripetuto.<\/p>\n<\/li>\n<\/ol>\n<h2 data-start=\"1375\" data-end=\"1395\">Specifiche tecniche<\/h2>\n<div class=\"TyagGW_tableContainer\">\n<div class=\"group TyagGW_tableWrapper flex w-fit flex-col-reverse\" tabindex=\"-1\">\n<table class=\"w-fit min-w-(--thread-content-width)\" data-start=\"1396\" data-end=\"1747\">\n<thead data-start=\"1396\" data-end=\"1418\">\n<tr data-start=\"1396\" data-end=\"1418\">\n<th data-start=\"1396\" data-end=\"1403\" data-col-size=\"sm\">Articolo<\/th>\n<th data-start=\"1403\" data-end=\"1418\" data-col-size=\"md\">Descrizione<\/th>\n<\/tr>\n<\/thead>\n<tbody data-start=\"1442\" data-end=\"1747\">\n<tr data-start=\"1442\" data-end=\"1468\">\n<td data-start=\"1442\" data-end=\"1457\" data-col-size=\"sm\">Nome del prodotto<\/td>\n<td data-start=\"1457\" data-end=\"1468\" data-col-size=\"md\">Borsetta<\/td>\n<\/tr>\n<tr data-start=\"1469\" data-end=\"1487\">\n<td data-start=\"1469\" data-end=\"1477\" data-col-size=\"sm\">Marchio<\/td>\n<td data-start=\"1477\" data-end=\"1487\" data-col-size=\"md\">RONEER<\/td>\n<\/tr>\n<tr data-start=\"1488\" data-end=\"1509\">\n<td data-start=\"1488\" data-end=\"1496\" data-col-size=\"sm\">Modello<\/td>\n<td data-start=\"1496\" data-end=\"1509\" data-col-size=\"md\">BJ-9115-1<\/td>\n<\/tr>\n<tr data-start=\"1510\" data-end=\"1540\">\n<td data-start=\"1510\" data-end=\"1521\" data-col-size=\"sm\">Materiale<\/td>\n<td data-start=\"1521\" data-end=\"1540\" data-col-size=\"md\">Vera pelle<\/td>\n<\/tr>\n<tr data-start=\"1541\" data-end=\"1570\">\n<td data-start=\"1541\" data-end=\"1550\" data-col-size=\"sm\">Origine<\/td>\n<td data-start=\"1550\" data-end=\"1570\" data-col-size=\"md\">Guangdong, Cina<\/td>\n<\/tr>\n<tr data-start=\"1571\" data-end=\"1590\">\n<td data-start=\"1571\" data-end=\"1579\" data-col-size=\"sm\">Stile<\/td>\n<td data-start=\"1579\" data-end=\"1590\" data-col-size=\"md\">Moda<\/td>\n<\/tr>\n<tr data-start=\"1591\" data-end=\"1614\">\n<td data-start=\"1591\" data-end=\"1598\" data-col-size=\"sm\">Dimensione<\/td>\n<td data-start=\"1598\" data-end=\"1614\" data-col-size=\"md\">Personalizzabile<\/td>\n<\/tr>\n<tr data-start=\"1615\" data-end=\"1639\">\n<td data-start=\"1615\" data-end=\"1623\" data-col-size=\"sm\">Colore<\/td>\n<td data-start=\"1623\" data-end=\"1639\" data-col-size=\"md\">Personalizzabile<\/td>\n<\/tr>\n<tr data-start=\"1640\" data-end=\"1663\">\n<td data-start=\"1640\" data-end=\"1647\" data-col-size=\"sm\">Logo<\/td>\n<td data-start=\"1647\" data-end=\"1663\" data-col-size=\"md\">Personalizzabile<\/td>\n<\/tr>\n<tr data-start=\"1664\" data-end=\"1726\">\n<td data-start=\"1664\" data-end=\"1675\" data-col-size=\"sm\">Caratteristiche<\/td>\n<td data-start=\"1675\" data-end=\"1726\" data-col-size=\"md\">Design estetico, struttura resistente, impermeabile<\/td>\n<\/tr>\n<tr data-start=\"1727\" data-end=\"1747\">\n<td data-start=\"1727\" data-end=\"1733\" data-col-size=\"sm\">MOQ<\/td>\n<td data-start=\"1733\" data-end=\"1747\" data-col-size=\"md\">Trattabile<\/td>\n<\/tr>\n<\/tbody>\n<\/table>\n<\/div>\n<\/div>\n<h2 data-start=\"1934\" data-end=\"1952\">Applicazioni<\/h2>\n<ul data-start=\"2021\" data-end=\"2349\">\n<li data-start=\"2021\" data-end=\"2089\">\n<p data-start=\"2023\" data-end=\"2089\"><strong data-start=\"2023\" data-end=\"2038\">Vita quotidiana:<\/strong> Adatto per il pendolarismo, il lavoro e le uscite occasionali<\/p>\n<\/li>\n<li data-start=\"2090\" data-end=\"2177\">\n<p data-start=\"2092\" data-end=\"2177\"><strong data-start=\"2092\" data-end=\"2105\">Shopping:<\/strong> Offre spazio sufficiente per gli oggetti personali con un look raffinato<\/p>\n<\/li>\n<li data-start=\"2178\" data-end=\"2258\">\n<p data-start=\"2180\" data-end=\"2258\"><strong data-start=\"2180\" data-end=\"2191\">Viaggio:<\/strong> Funziona bene come bagaglio a mano o come oggetto personale durante i viaggi di breve durata.<\/p>\n<\/li>\n<li data-start=\"2259\" data-end=\"2349\">\n<p data-start=\"2261\" data-end=\"2349\"><strong data-start=\"2261\" data-end=\"2284\">Commercio all'ingrosso e al dettaglio:<\/strong> Ideale per boutique, negozi online e programmi a marchio privato<\/p>\n<\/li>\n<\/ul>\n<p data-start=\"2553\" data-end=\"2780\" data-is-last-node=\"\" data-is-only-node=\"\">Se siete interessati a questa borsa in pelle di lusso, non esitate a contattarci per richiedere campioni e quotazioni dettagliate. Sono disponibili servizi ODM e OEM, con un supporto produttivo flessibile per ordini all'ingrosso e personalizzati.<\/p>","protected":false},"excerpt":{"rendered":"<p>Il <strong data-start=\"97\" data-end=\"166\">Produttore all'ingrosso borsa in pelle di lusso con opzioni personalizzate<\/strong> da <strong data-start=\"172\" data-end=\"182\">RONEER<\/strong> si rivolge ad acquirenti che apprezzano la qualit\u00e0 artigianale, la flessibilit\u00e0 della personalizzazione e l'affidabilit\u00e0 delle forniture. Questa borsa utilizza vera pelle proveniente e lavorata nel Guangdong, in Cina, una regione ben nota per la produzione di pellami maturi. Il design si concentra sulla praticit\u00e0 quotidiana, mantenendo un aspetto raffinato e alla moda, adatto sia all'uso personale che alla distribuzione all'ingrosso.<\/p>","protected":false},"featured_media":5154,"comment_status":"open","ping_status":"closed","template":"","meta":{"site-sidebar-layout":"default","site-content-layout":"","ast-site-content-layout":"default","site-content-style":"default","site-sidebar-style":"default","ast-global-header-display":"","ast-banner-title-visibility":"","ast-main-header-display":"","ast-hfb-above-header-display":"","ast-hfb-below-header-display":"","ast-hfb-mobile-header-display":"","site-post-title":"","ast-breadcrumbs-content":"","ast-featured-img":"","footer-sml-layout":"","ast-disable-related-posts":"","theme-transparent-header-meta":"default","adv-header-id-meta":"","stick-header-meta":"","header-above-stick-meta":"","header-main-stick-meta":"","header-below-stick-meta":"","astra-migrate-meta-layouts":"set","ast-page-background-enabled":"default","ast-page-background-meta":{"desktop":{"background-color":"var(--ast-global-color-5)","background-image":"","background-repeat":"repeat","background-position":"center center","background-size":"auto","background-attachment":"scroll","background-type":"","background-media":"","overlay-type":"","overlay-color":"","overlay-opacity":"","overlay-gradient":""},"tablet":{"background-color":"","background-image":"","background-repeat":"repeat","background-position":"center center","background-size":"auto","background-attachment":"scroll","background-type":"","background-media":"","overlay-type":"","overlay-color":"","overlay-opacity":"","overlay-gradient":""},"mobile":{"background-color":"","background-image":"","background-repeat":"repeat","background-position":"center center","background-size":"auto","background-attachment":"scroll","background-type":"","background-media":"","overlay-type":"","overlay-color":"","overlay-opacity":"","overlay-gradient":""}},"ast-content-background-meta":{"desktop":{"background-color":"var(--ast-global-color-4)","background-image":"","background-repeat":"repeat","background-position":"center center","background-size":"auto","background-attachment":"scroll","background-type":"","background-media":"","overlay-type":"","overlay-color":"","overlay-opacity":"","overlay-gradient":""},"tablet":{"background-color":"var(--ast-global-color-4)","background-image":"","background-repeat":"repeat","background-position":"center center","background-size":"auto","background-attachment":"scroll","background-type":"","background-media":"","overlay-type":"","overlay-color":"","overlay-opacity":"","overlay-gradient":""},"mobile":{"background-color":"var(--ast-global-color-4)","background-image":"","background-repeat":"repeat","background-position":"center center","background-size":"auto","background-attachment":"scroll","background-type":"","background-media":"","overlay-type":"","overlay-color":"","overlay-opacity":"","overlay-gradient":""}}},"product_brand":[],"product_cat":[54,42],"product_tag":[],"class_list":{"0":"post-5150","1":"product","2":"type-product","3":"status-publish","4":"has-post-thumbnail","6":"product_cat-womens-bag","7":"product_cat-hand-bag","8":"desktop-align-left","9":"tablet-align-left","10":"mobile-align-left","12":"first","13":"instock","14":"shipping-taxable","15":"product-type-simple"},"_links":{"self":[{"href":"https:\/\/baijiabags.com\/it\/wp-json\/wp\/v2\/product\/5150","targetHints":{"allow":["GET"]}}],"collection":[{"href":"https:\/\/baijiabags.com\/it\/wp-json\/wp\/v2\/product"}],"about":[{"href":"https:\/\/baijiabags.com\/it\/wp-json\/wp\/v2\/types\/product"}],"replies":[{"embeddable":true,"href":"https:\/\/baijiabags.com\/it\/wp-json\/wp\/v2\/comments?post=5150"}],"wp:featuredmedia":[{"embeddable":true,"href":"https:\/\/baijiabags.com\/it\/wp-json\/wp\/v2\/media\/5154"}],"wp:attachment":[{"href":"https:\/\/baijiabags.com\/it\/wp-json\/wp\/v2\/media?parent=5150"}],"wp:term":[{"taxonomy":"product_brand","embeddable":true,"href":"https:\/\/baijiabags.com\/it\/wp-json\/wp\/v2\/product_brand?post=5150"},{"taxonomy":"product_cat","embeddable":true,"href":"https:\/\/baijiabags.com\/it\/wp-json\/wp\/v2\/product_cat?post=5150"},{"taxonomy":"product_tag","embeddable":true,"href":"https:\/\/baijiabags.com\/it\/wp-json\/wp\/v2\/product_tag?post=5150"}],"curies":[{"name":"wp","href":"https:\/\/api.w.org\/{rel}","templated":true}]}}