{"id":5036,"date":"2025-12-12T02:13:26","date_gmt":"2025-12-12T02:13:26","guid":{"rendered":"https:\/\/baijiabags.com\/?post_type=product&#038;p=5036"},"modified":"2025-12-12T02:13:26","modified_gmt":"2025-12-12T02:13:26","slug":"2025-new-retro-soft-pu-leather-small-waterproof-shoulder-bag","status":"publish","type":"product","link":"https:\/\/baijiabags.com\/it\/prodotto\/2025-new-retro-soft-pu-leather-small-waterproof-shoulder-bag\/","title":{"rendered":"2025 Nuova borsa a tracolla retr\u00f2 in morbida pelle PU, piccola e impermeabile"},"content":{"rendered":"<h2 data-start=\"975\" data-end=\"995\"><strong data-start=\"978\" data-end=\"995\">Caratteristiche principali<\/strong><\/h2>\n<ol data-start=\"996\" data-end=\"1892\">\n<li data-start=\"996\" data-end=\"1113\">\n<p data-start=\"999\" data-end=\"1113\"><strong data-start=\"999\" data-end=\"1033\">Pelle PU morbida di ispirazione retr\u00f2<\/strong> - Il materiale PU morbido al tatto crea un look classico con prestazioni durature.<\/p>\n<\/li>\n<li data-start=\"1114\" data-end=\"1236\">\n<p data-start=\"1117\" data-end=\"1236\"><strong data-start=\"1117\" data-end=\"1145\">Esterno resistente all'acqua<\/strong> - La superficie impermeabile mantiene al sicuro i piccoli oggetti di valore sotto la pioggia leggera o in ambienti umidi.<\/p>\n<\/li>\n<li data-start=\"1237\" data-end=\"1349\">\n<p data-start=\"1240\" data-end=\"1349\"><strong data-start=\"1240\" data-end=\"1270\">Dimensioni compatte ma pratiche<\/strong> - La struttura di 25 \u00d7 13 \u00d7 18 cm contiene le necessit\u00e0 quotidiane senza ingombrare.<\/p>\n<\/li>\n<li data-start=\"1350\" data-end=\"1456\">\n<p data-start=\"1353\" data-end=\"1456\"><strong data-start=\"1353\" data-end=\"1383\">Colori e logo personalizzabili<\/strong> - Varie opzioni di colore e la personalizzazione del logo supportano le esigenze di branding.<\/p>\n<\/li>\n<li data-start=\"1457\" data-end=\"1570\">\n<p data-start=\"1460\" data-end=\"1570\"><strong data-start=\"1460\" data-end=\"1484\">Costruzione resistente<\/strong> - Le cuciture rinforzate e il PU di qualit\u00e0 mantengono la forma e la resistenza durante l'uso quotidiano.<\/p>\n<\/li>\n<li data-start=\"1571\" data-end=\"1690\">\n<p data-start=\"1574\" data-end=\"1690\"><strong data-start=\"1574\" data-end=\"1604\">Comoda tracolla<\/strong> - La cinghia regolabile consente di trasportare il dispositivo a mani libere per i viaggi e gli spostamenti quotidiani.<\/p>\n<\/li>\n<li data-start=\"1691\" data-end=\"1787\">\n<p data-start=\"1694\" data-end=\"1787\"><strong data-start=\"1694\" data-end=\"1718\">Materiale leggero<\/strong> - La morbida pelle PU riduce il peso complessivo per un maggiore comfort.<\/p>\n<\/li>\n<li data-start=\"1788\" data-end=\"1892\">\n<p data-start=\"1791\" data-end=\"1892\"><strong data-start=\"1791\" data-end=\"1826\">Adatto a molteplici occasioni<\/strong> - La forma elegante si adatta agli outfit da viaggio, da lavoro e casual.<\/p>\n<\/li>\n<\/ol>\n<h2 data-start=\"1899\" data-end=\"1920\"><strong data-start=\"1902\" data-end=\"1920\">Specifiche tecniche<\/strong><\/h2>\n<div class=\"TyagGW_tableContainer\">\n<div class=\"group TyagGW_tableWrapper flex w-fit flex-col-reverse\" tabindex=\"-1\">\n<table class=\"w-fit min-w-(--thread-content-width)\" data-start=\"1921\" data-end=\"2324\">\n<thead data-start=\"1921\" data-end=\"1947\">\n<tr data-start=\"1921\" data-end=\"1947\">\n<th data-start=\"1921\" data-end=\"1932\" data-col-size=\"sm\"><strong data-start=\"1923\" data-end=\"1931\">Articolo<\/strong><\/th>\n<th data-start=\"1932\" data-end=\"1947\" data-col-size=\"sm\"><strong data-start=\"1934\" data-end=\"1945\">Dettagli<\/strong><\/th>\n<\/tr>\n<\/thead>\n<tbody data-start=\"1974\" data-end=\"2324\">\n<tr data-start=\"1974\" data-end=\"2005\">\n<td data-start=\"1974\" data-end=\"1989\" data-col-size=\"sm\">Nome del prodotto<\/td>\n<td data-col-size=\"sm\" data-start=\"1989\" data-end=\"2005\">Borsa a tracolla<\/td>\n<\/tr>\n<tr data-start=\"2006\" data-end=\"2024\">\n<td data-start=\"2006\" data-end=\"2014\" data-col-size=\"sm\">Marchio<\/td>\n<td data-col-size=\"sm\" data-start=\"2014\" data-end=\"2024\">RONEER<\/td>\n<\/tr>\n<tr data-start=\"2025\" data-end=\"2043\">\n<td data-start=\"2025\" data-end=\"2033\" data-col-size=\"sm\">Modello<\/td>\n<td data-col-size=\"sm\" data-start=\"2033\" data-end=\"2043\">BJ-157<\/td>\n<\/tr>\n<tr data-start=\"2044\" data-end=\"2073\">\n<td data-start=\"2044\" data-end=\"2053\" data-col-size=\"sm\">Origine<\/td>\n<td data-start=\"2053\" data-end=\"2073\" data-col-size=\"sm\">Guangdong, Cina<\/td>\n<\/tr>\n<tr data-start=\"2074\" data-end=\"2099\">\n<td data-start=\"2074\" data-end=\"2085\" data-col-size=\"sm\">Materiale<\/td>\n<td data-start=\"2085\" data-end=\"2099\" data-col-size=\"sm\">Pelle PU<\/td>\n<\/tr>\n<tr data-start=\"2100\" data-end=\"2141\">\n<td data-start=\"2100\" data-end=\"2107\" data-col-size=\"sm\">Dimensione<\/td>\n<td data-start=\"2107\" data-end=\"2141\" data-col-size=\"sm\">25 \u00d7 13 \u00d7 18 cm (personalizzabile)<\/td>\n<\/tr>\n<tr data-start=\"2142\" data-end=\"2169\">\n<td data-start=\"2142\" data-end=\"2150\" data-col-size=\"sm\">Stile<\/td>\n<td data-start=\"2150\" data-end=\"2169\" data-col-size=\"sm\">Moda \/ Retr\u00f2<\/td>\n<\/tr>\n<tr data-start=\"2170\" data-end=\"2196\">\n<td data-start=\"2170\" data-end=\"2178\" data-col-size=\"sm\">Colore<\/td>\n<td data-start=\"2178\" data-end=\"2196\" data-col-size=\"sm\">Opzioni personalizzate<\/td>\n<\/tr>\n<tr data-start=\"2197\" data-end=\"2220\">\n<td data-start=\"2197\" data-end=\"2204\" data-col-size=\"sm\">Logo<\/td>\n<td data-start=\"2204\" data-end=\"2220\" data-col-size=\"sm\">Personalizzabile<\/td>\n<\/tr>\n<tr data-start=\"2221\" data-end=\"2241\">\n<td data-start=\"2221\" data-end=\"2227\" data-col-size=\"sm\">MOQ<\/td>\n<td data-start=\"2227\" data-end=\"2241\" data-col-size=\"sm\">Trattabile<\/td>\n<\/tr>\n<tr data-start=\"2242\" data-end=\"2287\">\n<td data-start=\"2242\" data-end=\"2253\" data-col-size=\"sm\">Caratteristiche<\/td>\n<td data-start=\"2253\" data-end=\"2287\" data-col-size=\"sm\">Durevole, estetico, impermeabile<\/td>\n<\/tr>\n<tr data-start=\"2288\" data-end=\"2324\">\n<td data-start=\"2288\" data-end=\"2302\" data-col-size=\"sm\">Applicazione<\/td>\n<td data-start=\"2302\" data-end=\"2324\" data-col-size=\"sm\">Viaggi, vita quotidiana<\/td>\n<\/tr>\n<\/tbody>\n<\/table>\n<\/div>\n<\/div>\n<h2 data-start=\"2331\" data-end=\"2350\"><strong data-start=\"2334\" data-end=\"2350\">Applicazioni<\/strong><\/h2>\n<ul data-start=\"2351\" data-end=\"2915\">\n<li data-start=\"2351\" data-end=\"2469\">\n<p data-start=\"2353\" data-end=\"2469\"><strong data-start=\"2353\" data-end=\"2372\">Pendolarismo quotidiano<\/strong> - La borsa consente di trasportare telefoni, portafogli, cosmetici e piccoli oggetti essenziali in modo organizzato.<\/p>\n<\/li>\n<li data-start=\"2470\" data-end=\"2583\">\n<p data-start=\"2472\" data-end=\"2583\"><strong data-start=\"2472\" data-end=\"2493\">Viaggi di breve durata<\/strong> - Il layout compatto si adatta ai documenti di viaggio e agli oggetti personali senza ingombri inutili.<\/p>\n<\/li>\n<li data-start=\"2584\" data-end=\"2692\">\n<p data-start=\"2586\" data-end=\"2692\"><strong data-start=\"2586\" data-end=\"2615\">Shopping e gite occasionali<\/strong> - Il design alla moda completa gli outfit lifestyle per gli eventi del fine settimana.<\/p>\n<\/li>\n<li data-start=\"2693\" data-end=\"2793\">\n<p data-start=\"2695\" data-end=\"2793\"><strong data-start=\"2695\" data-end=\"2711\">Lavoro e studio<\/strong> - Il corpo strutturato consente di riporre in modo ordinato piccoli quaderni e accessori.<\/p>\n<\/li>\n<\/ul>\n<p data-start=\"2922\" data-end=\"3108\" data-is-last-node=\"\" data-is-only-node=\"\">Se siete interessati a questa borsa a tracolla, potete contattarci per richiedere dei campioni. Sono disponibili servizi ODM e OEM e pu\u00f2 essere fornito il supporto per la personalizzazione di colore, dimensioni e logo.<\/p>","protected":false},"excerpt":{"rendered":"<p>Il <strong data-start=\"304\" data-end=\"368\">2025 Nuova borsa a tracolla impermeabile in pelle PU morbida e retr\u00f2<\/strong> offre un raffinato equilibrio tra stile, comfort e praticit\u00e0 quotidiana. La sua struttura compatta si adatta alle esigenze dello stile di vita moderno, mentre la superficie in morbida pelle PU crea un'estetica retr\u00f2. La borsa supporta i viaggi quotidiani, il pendolarismo e le uscite occasionali con una forma che rimane ordinata e una capacit\u00e0 che contiene gli oggetti essenziali con facilit\u00e0. L'esterno impermeabile protegge gli effetti personali in caso di tempo imprevedibile, mentre il corpo leggero aumenta il comfort durante le lunghe ore di utilizzo. I colori personalizzabili, le opzioni per il logo e le regolazioni delle dimensioni offrono ai marchi e ai rivenditori flessibilit\u00e0 per i diversi mercati.<\/p>","protected":false},"featured_media":5039,"comment_status":"open","ping_status":"closed","template":"","meta":{"site-sidebar-layout":"default","site-content-layout":"","ast-site-content-layout":"default","site-content-style":"default","site-sidebar-style":"default","ast-global-header-display":"","ast-banner-title-visibility":"","ast-main-header-display":"","ast-hfb-above-header-display":"","ast-hfb-below-header-display":"","ast-hfb-mobile-header-display":"","site-post-title":"","ast-breadcrumbs-content":"","ast-featured-img":"","footer-sml-layout":"","ast-disable-related-posts":"","theme-transparent-header-meta":"default","adv-header-id-meta":"","stick-header-meta":"","header-above-stick-meta":"","header-main-stick-meta":"","header-below-stick-meta":"","astra-migrate-meta-layouts":"set","ast-page-background-enabled":"default","ast-page-background-meta":{"desktop":{"background-color":"var(--ast-global-color-5)","background-image":"","background-repeat":"repeat","background-position":"center center","background-size":"auto","background-attachment":"scroll","background-type":"","background-media":"","overlay-type":"","overlay-color":"","overlay-opacity":"","overlay-gradient":""},"tablet":{"background-color":"","background-image":"","background-repeat":"repeat","background-position":"center center","background-size":"auto","background-attachment":"scroll","background-type":"","background-media":"","overlay-type":"","overlay-color":"","overlay-opacity":"","overlay-gradient":""},"mobile":{"background-color":"","background-image":"","background-repeat":"repeat","background-position":"center center","background-size":"auto","background-attachment":"scroll","background-type":"","background-media":"","overlay-type":"","overlay-color":"","overlay-opacity":"","overlay-gradient":""}},"ast-content-background-meta":{"desktop":{"background-color":"var(--ast-global-color-4)","background-image":"","background-repeat":"repeat","background-position":"center center","background-size":"auto","background-attachment":"scroll","background-type":"","background-media":"","overlay-type":"","overlay-color":"","overlay-opacity":"","overlay-gradient":""},"tablet":{"background-color":"var(--ast-global-color-4)","background-image":"","background-repeat":"repeat","background-position":"center center","background-size":"auto","background-attachment":"scroll","background-type":"","background-media":"","overlay-type":"","overlay-color":"","overlay-opacity":"","overlay-gradient":""},"mobile":{"background-color":"var(--ast-global-color-4)","background-image":"","background-repeat":"repeat","background-position":"center center","background-size":"auto","background-attachment":"scroll","background-type":"","background-media":"","overlay-type":"","overlay-color":"","overlay-opacity":"","overlay-gradient":""}}},"product_brand":[],"product_cat":[42],"product_tag":[],"class_list":{"0":"post-5036","1":"product","2":"type-product","3":"status-publish","4":"has-post-thumbnail","6":"product_cat-hand-bag","7":"desktop-align-left","8":"tablet-align-left","9":"mobile-align-left","11":"first","12":"instock","13":"shipping-taxable","14":"product-type-simple"},"_links":{"self":[{"href":"https:\/\/baijiabags.com\/it\/wp-json\/wp\/v2\/product\/5036","targetHints":{"allow":["GET"]}}],"collection":[{"href":"https:\/\/baijiabags.com\/it\/wp-json\/wp\/v2\/product"}],"about":[{"href":"https:\/\/baijiabags.com\/it\/wp-json\/wp\/v2\/types\/product"}],"replies":[{"embeddable":true,"href":"https:\/\/baijiabags.com\/it\/wp-json\/wp\/v2\/comments?post=5036"}],"wp:featuredmedia":[{"embeddable":true,"href":"https:\/\/baijiabags.com\/it\/wp-json\/wp\/v2\/media\/5039"}],"wp:attachment":[{"href":"https:\/\/baijiabags.com\/it\/wp-json\/wp\/v2\/media?parent=5036"}],"wp:term":[{"taxonomy":"product_brand","embeddable":true,"href":"https:\/\/baijiabags.com\/it\/wp-json\/wp\/v2\/product_brand?post=5036"},{"taxonomy":"product_cat","embeddable":true,"href":"https:\/\/baijiabags.com\/it\/wp-json\/wp\/v2\/product_cat?post=5036"},{"taxonomy":"product_tag","embeddable":true,"href":"https:\/\/baijiabags.com\/it\/wp-json\/wp\/v2\/product_tag?post=5036"}],"curies":[{"name":"wp","href":"https:\/\/api.w.org\/{rel}","templated":true}]}}