{"id":4982,"date":"2025-12-08T02:31:28","date_gmt":"2025-12-08T02:31:28","guid":{"rendered":"https:\/\/baijiabags.com\/?post_type=product&#038;p=4982"},"modified":"2025-12-08T02:31:28","modified_gmt":"2025-12-08T02:31:28","slug":"wholesale-fashion-women-shoulder-bag-solid-color-open-tote-for-everyday-use","status":"publish","type":"product","link":"https:\/\/baijiabags.com\/it\/prodotto\/wholesale-fashion-women-shoulder-bag-solid-color-open-tote-for-everyday-use\/","title":{"rendered":"Commercio all'ingrosso Moda Donna Borsa a tracolla Colore solido Tote aperta per uso quotidiano"},"content":{"rendered":"<h2 data-start=\"1146\" data-end=\"1164\">Caratteristiche principali<\/h2>\n<ol data-start=\"1165\" data-end=\"1929\">\n<li data-start=\"1165\" data-end=\"1271\">\n<p data-start=\"1168\" data-end=\"1271\"><strong data-start=\"1168\" data-end=\"1191\">Design alla moda:<\/strong> Progettato con un'estetica vintage e lady-style per valorizzare gli outfit di tutti i giorni.<\/p>\n<\/li>\n<li data-start=\"1272\" data-end=\"1355\">\n<p data-start=\"1275\" data-end=\"1355\"><strong data-start=\"1275\" data-end=\"1296\">Materiale resistente:<\/strong> Realizzato in materiale PU di alta qualit\u00e0 per un uso duraturo.<\/p>\n<\/li>\n<li data-start=\"1356\" data-end=\"1467\">\n<p data-start=\"1359\" data-end=\"1467\"><strong data-start=\"1359\" data-end=\"1392\">Impermeabile e resistente all'acqua:<\/strong> Assicura la protezione degli oggetti personali in caso di pioggia leggera o di fuoriuscite accidentali.<\/p>\n<\/li>\n<li data-start=\"1468\" data-end=\"1560\">\n<p data-start=\"1471\" data-end=\"1560\"><strong data-start=\"1471\" data-end=\"1498\">Portatile e leggero:<\/strong> Comodo da trasportare per lunghe ore senza affaticarsi.<\/p>\n<\/li>\n<li data-start=\"1561\" data-end=\"1636\">\n<p data-start=\"1564\" data-end=\"1636\"><strong data-start=\"1564\" data-end=\"1588\">Caratteristiche antifurto:<\/strong> Assicura gli oggetti di valore durante i viaggi o l'uso quotidiano.<\/p>\n<\/li>\n<li data-start=\"1637\" data-end=\"1731\">\n<p data-start=\"1640\" data-end=\"1731\"><strong data-start=\"1640\" data-end=\"1665\">Opzioni personalizzabili:<\/strong> Logo, colore e dimensioni possono essere adattati a requisiti specifici.<\/p>\n<\/li>\n<li data-start=\"1732\" data-end=\"1819\">\n<p data-start=\"1735\" data-end=\"1819\"><strong data-start=\"1735\" data-end=\"1761\">Applicazione versatile:<\/strong> Adatto alla vita quotidiana, allo shopping e ai viaggi.<\/p>\n<\/li>\n<li data-start=\"1820\" data-end=\"1929\">\n<p data-start=\"1823\" data-end=\"1929\"><strong data-start=\"1823\" data-end=\"1848\">Compatto ma spazioso:<\/strong> Spazio adeguato senza essere ingombrante, per riporre con facilit\u00e0 gli oggetti essenziali.<\/p>\n<\/li>\n<\/ol>\n<h2 data-start=\"1931\" data-end=\"1951\">Specifiche tecniche<\/h2>\n<div class=\"TyagGW_tableContainer\">\n<div class=\"group TyagGW_tableWrapper flex w-fit flex-col-reverse\" tabindex=\"-1\">\n<table class=\"w-fit min-w-(--thread-content-width)\" data-start=\"1953\" data-end=\"2903\">\n<thead data-start=\"1953\" data-end=\"2018\">\n<tr data-start=\"1953\" data-end=\"2018\">\n<th data-start=\"1953\" data-end=\"1976\" data-col-size=\"sm\">Specifiche<\/th>\n<th data-start=\"1976\" data-end=\"2018\" data-col-size=\"md\">Dettagli<\/th>\n<\/tr>\n<\/thead>\n<tbody data-start=\"2085\" data-end=\"2903\">\n<tr data-start=\"2085\" data-end=\"2151\">\n<td data-start=\"2085\" data-end=\"2108\" data-col-size=\"sm\">Nome del prodotto<\/td>\n<td data-col-size=\"md\" data-start=\"2108\" data-end=\"2151\">Borsa da viaggio<\/td>\n<\/tr>\n<tr data-start=\"2152\" data-end=\"2218\">\n<td data-start=\"2152\" data-end=\"2175\" data-col-size=\"sm\">Marchio<\/td>\n<td data-col-size=\"md\" data-start=\"2175\" data-end=\"2218\">RONEER<\/td>\n<\/tr>\n<tr data-start=\"2219\" data-end=\"2285\">\n<td data-start=\"2219\" data-end=\"2242\" data-col-size=\"sm\">Origine<\/td>\n<td data-col-size=\"md\" data-start=\"2242\" data-end=\"2285\">Guangdong, Cina<\/td>\n<\/tr>\n<tr data-start=\"2286\" data-end=\"2353\">\n<td data-start=\"2286\" data-end=\"2309\" data-col-size=\"sm\">Numero di modello<\/td>\n<td data-col-size=\"md\" data-start=\"2309\" data-end=\"2353\">GB-6068<\/td>\n<\/tr>\n<tr data-start=\"2354\" data-end=\"2420\">\n<td data-start=\"2354\" data-end=\"2377\" data-col-size=\"sm\">Stile<\/td>\n<td data-col-size=\"md\" data-start=\"2377\" data-end=\"2420\">Moda, Signora, Vintage<\/td>\n<\/tr>\n<tr data-start=\"2421\" data-end=\"2488\">\n<td data-start=\"2421\" data-end=\"2444\" data-col-size=\"sm\">Logo<\/td>\n<td data-col-size=\"md\" data-start=\"2444\" data-end=\"2488\">Personalizzabile<\/td>\n<\/tr>\n<tr data-start=\"2489\" data-end=\"2556\">\n<td data-start=\"2489\" data-end=\"2512\" data-col-size=\"sm\">Materiale principale<\/td>\n<td data-start=\"2512\" data-end=\"2556\" data-col-size=\"md\">PU<\/td>\n<\/tr>\n<tr data-start=\"2557\" data-end=\"2623\">\n<td data-start=\"2557\" data-end=\"2580\" data-col-size=\"sm\">Dimensione<\/td>\n<td data-col-size=\"md\" data-start=\"2580\" data-end=\"2623\">25<em data-start=\"2584\" data-end=\"2588\">13<\/em>20 cm (7 pollici), personalizzabile<\/td>\n<\/tr>\n<tr data-start=\"2624\" data-end=\"2691\">\n<td data-start=\"2624\" data-end=\"2647\" data-col-size=\"sm\">Colore<\/td>\n<td data-start=\"2647\" data-end=\"2691\" data-col-size=\"md\">Personalizzabile<\/td>\n<\/tr>\n<tr data-start=\"2692\" data-end=\"2768\">\n<td data-start=\"2692\" data-end=\"2715\" data-col-size=\"sm\">Caratteristiche<\/td>\n<td data-col-size=\"md\" data-start=\"2715\" data-end=\"2768\">Impermeabile, resistente all'acqua, portatile, antifurto<\/td>\n<\/tr>\n<tr data-start=\"2769\" data-end=\"2836\">\n<td data-start=\"2769\" data-end=\"2792\" data-col-size=\"sm\">MOQ<\/td>\n<td data-col-size=\"md\" data-start=\"2792\" data-end=\"2836\">Trattabile<\/td>\n<\/tr>\n<tr data-start=\"2837\" data-end=\"2903\">\n<td data-start=\"2837\" data-end=\"2860\" data-col-size=\"sm\">Applicazione<\/td>\n<td data-start=\"2860\" data-end=\"2903\" data-col-size=\"md\">Vita quotidiana, Viaggi, Shopping<\/td>\n<\/tr>\n<\/tbody>\n<\/table>\n<\/div>\n<\/div>\n<h2 data-start=\"2905\" data-end=\"2923\">Applicazioni<\/h2>\n<ul data-start=\"2924\" data-end=\"3158\">\n<li data-start=\"2924\" data-end=\"3010\">\n<p data-start=\"2926\" data-end=\"3010\"><strong data-start=\"2926\" data-end=\"2941\">Vita quotidiana:<\/strong> Perfetto per trasportare oggetti essenziali come portafoglio, telefono e chiavi.<\/p>\n<\/li>\n<li data-start=\"3011\" data-end=\"3072\">\n<p data-start=\"3013\" data-end=\"3072\"><strong data-start=\"3013\" data-end=\"3024\">Viaggio:<\/strong> Adatto per brevi viaggi o weekend di vacanza.<\/p>\n<\/li>\n<li data-start=\"3073\" data-end=\"3158\">\n<p data-start=\"3075\" data-end=\"3158\"><strong data-start=\"3075\" data-end=\"3088\">Shopping:<\/strong> Comodo per trasportare gli acquisti mantenendo un look elegante.<\/p>\n<\/li>\n<\/ul>\n<p data-start=\"3160\" data-end=\"3365\">Se siete interessati a questa borsa a tracolla, contattateci per ottenere un campione. <strong data-start=\"3242\" data-end=\"3277\">Vengono forniti servizi ODM e OEM<\/strong>che consente la personalizzazione di colori, loghi e dimensioni in base alle esigenze aziendali.<\/p>","protected":false},"excerpt":{"rendered":"<p>Il <strong data-start=\"187\" data-end=\"227\">Commercio all'ingrosso Moda Donna Borsa a tracolla<\/strong> \u00e8 stata progettata per offrire stile e funzionalit\u00e0 per l'uso quotidiano. Realizzata con materiali di alta qualit\u00e0, questa borsa a tracolla \u00e8 stata creata per soddisfare le esigenze delle donne moderne che cercano una combinazione di moda, durata e praticit\u00e0. La borsa \u00e8 stata realizzata con attenzione ai dettagli, per garantire che sia un compagno affidabile per la vita quotidiana, i viaggi e lo shopping.<\/p>","protected":false},"featured_media":4984,"comment_status":"open","ping_status":"closed","template":"","meta":{"site-sidebar-layout":"default","site-content-layout":"","ast-site-content-layout":"default","site-content-style":"default","site-sidebar-style":"default","ast-global-header-display":"","ast-banner-title-visibility":"","ast-main-header-display":"","ast-hfb-above-header-display":"","ast-hfb-below-header-display":"","ast-hfb-mobile-header-display":"","site-post-title":"","ast-breadcrumbs-content":"","ast-featured-img":"","footer-sml-layout":"","ast-disable-related-posts":"","theme-transparent-header-meta":"default","adv-header-id-meta":"","stick-header-meta":"","header-above-stick-meta":"","header-main-stick-meta":"","header-below-stick-meta":"","astra-migrate-meta-layouts":"set","ast-page-background-enabled":"default","ast-page-background-meta":{"desktop":{"background-color":"var(--ast-global-color-5)","background-image":"","background-repeat":"repeat","background-position":"center center","background-size":"auto","background-attachment":"scroll","background-type":"","background-media":"","overlay-type":"","overlay-color":"","overlay-opacity":"","overlay-gradient":""},"tablet":{"background-color":"","background-image":"","background-repeat":"repeat","background-position":"center center","background-size":"auto","background-attachment":"scroll","background-type":"","background-media":"","overlay-type":"","overlay-color":"","overlay-opacity":"","overlay-gradient":""},"mobile":{"background-color":"","background-image":"","background-repeat":"repeat","background-position":"center center","background-size":"auto","background-attachment":"scroll","background-type":"","background-media":"","overlay-type":"","overlay-color":"","overlay-opacity":"","overlay-gradient":""}},"ast-content-background-meta":{"desktop":{"background-color":"var(--ast-global-color-4)","background-image":"","background-repeat":"repeat","background-position":"center center","background-size":"auto","background-attachment":"scroll","background-type":"","background-media":"","overlay-type":"","overlay-color":"","overlay-opacity":"","overlay-gradient":""},"tablet":{"background-color":"var(--ast-global-color-4)","background-image":"","background-repeat":"repeat","background-position":"center center","background-size":"auto","background-attachment":"scroll","background-type":"","background-media":"","overlay-type":"","overlay-color":"","overlay-opacity":"","overlay-gradient":""},"mobile":{"background-color":"var(--ast-global-color-4)","background-image":"","background-repeat":"repeat","background-position":"center center","background-size":"auto","background-attachment":"scroll","background-type":"","background-media":"","overlay-type":"","overlay-color":"","overlay-opacity":"","overlay-gradient":""}}},"product_brand":[],"product_cat":[42],"product_tag":[],"class_list":{"0":"post-4982","1":"product","2":"type-product","3":"status-publish","4":"has-post-thumbnail","6":"product_cat-hand-bag","7":"desktop-align-left","8":"tablet-align-left","9":"mobile-align-left","11":"first","12":"instock","13":"shipping-taxable","14":"product-type-simple"},"_links":{"self":[{"href":"https:\/\/baijiabags.com\/it\/wp-json\/wp\/v2\/product\/4982","targetHints":{"allow":["GET"]}}],"collection":[{"href":"https:\/\/baijiabags.com\/it\/wp-json\/wp\/v2\/product"}],"about":[{"href":"https:\/\/baijiabags.com\/it\/wp-json\/wp\/v2\/types\/product"}],"replies":[{"embeddable":true,"href":"https:\/\/baijiabags.com\/it\/wp-json\/wp\/v2\/comments?post=4982"}],"wp:featuredmedia":[{"embeddable":true,"href":"https:\/\/baijiabags.com\/it\/wp-json\/wp\/v2\/media\/4984"}],"wp:attachment":[{"href":"https:\/\/baijiabags.com\/it\/wp-json\/wp\/v2\/media?parent=4982"}],"wp:term":[{"taxonomy":"product_brand","embeddable":true,"href":"https:\/\/baijiabags.com\/it\/wp-json\/wp\/v2\/product_brand?post=4982"},{"taxonomy":"product_cat","embeddable":true,"href":"https:\/\/baijiabags.com\/it\/wp-json\/wp\/v2\/product_cat?post=4982"},{"taxonomy":"product_tag","embeddable":true,"href":"https:\/\/baijiabags.com\/it\/wp-json\/wp\/v2\/product_tag?post=4982"}],"curies":[{"name":"wp","href":"https:\/\/api.w.org\/{rel}","templated":true}]}}