{"id":4975,"date":"2025-12-08T02:14:06","date_gmt":"2025-12-08T02:14:06","guid":{"rendered":"https:\/\/baijiabags.com\/?post_type=product&#038;p=4975"},"modified":"2025-12-08T02:14:06","modified_gmt":"2025-12-08T02:14:06","slug":"wholesale-womens-casual-solid-color-shoulder-bag-open-top-crossbody-tote","status":"publish","type":"product","link":"https:\/\/baijiabags.com\/it\/prodotto\/wholesale-womens-casual-solid-color-shoulder-bag-open-top-crossbody-tote\/","title":{"rendered":"Ingrosso Womens Casual Solid Color Borsa a tracolla Open Top Crossbody Tote"},"content":{"rendered":"<h2 data-start=\"1269\" data-end=\"1288\"><strong data-start=\"1272\" data-end=\"1288\">Caratteristiche principali<\/strong><\/h2>\n<ul data-start=\"1290\" data-end=\"2110\">\n<li data-start=\"1290\" data-end=\"1423\">\n<p data-start=\"1292\" data-end=\"1423\"><strong data-start=\"1292\" data-end=\"1325\">Opzioni di branding personalizzabili<\/strong> - I rivenditori possono scegliere il posizionamento del logo e le variazioni di colore per un posizionamento unico sul mercato.<\/p>\n<\/li>\n<li data-start=\"1424\" data-end=\"1517\">\n<p data-start=\"1426\" data-end=\"1517\"><strong data-start=\"1426\" data-end=\"1448\">Design leggero<\/strong> - Il materiale in PU mantiene la borsa confortevole per lunghe ore di utilizzo.<\/p>\n<\/li>\n<li data-start=\"1518\" data-end=\"1617\">\n<p data-start=\"1520\" data-end=\"1617\"><strong data-start=\"1520\" data-end=\"1543\">Esterno impermeabile<\/strong> - Gli utenti proteggono gli oggetti essenziali durante gli spostamenti sotto la pioggia o le attivit\u00e0 all'aperto.<\/p>\n<\/li>\n<li data-start=\"1618\" data-end=\"1708\">\n<p data-start=\"1620\" data-end=\"1708\"><strong data-start=\"1620\" data-end=\"1643\">Elementi antifurto<\/strong> - La struttura riduce l'esposizione accidentale degli oggetti personali.<\/p>\n<\/li>\n<li data-start=\"1709\" data-end=\"1805\">\n<p data-start=\"1711\" data-end=\"1805\"><strong data-start=\"1711\" data-end=\"1728\">Dimensione portatile<\/strong> - La forma di 24 \u00d7 7 \u00d7 13 cm supporta le esigenze quotidiane senza pesi inutili.<\/p>\n<\/li>\n<li data-start=\"1806\" data-end=\"1902\">\n<p data-start=\"1808\" data-end=\"1902\"><strong data-start=\"1808\" data-end=\"1833\">Estetica alla moda<\/strong> - Il design pulito a tinta unita valorizza gli outfit casual e da viaggio.<\/p>\n<\/li>\n<li data-start=\"1903\" data-end=\"1999\">\n<p data-start=\"1905\" data-end=\"1999\"><strong data-start=\"1905\" data-end=\"1930\">Comodit\u00e0 della tracolla<\/strong> - La cinghia regolabile favorisce il comfort e il movimento a mani libere.<\/p>\n<\/li>\n<li data-start=\"2000\" data-end=\"2110\">\n<p data-start=\"2002\" data-end=\"2110\"><strong data-start=\"2002\" data-end=\"2029\">Durata in viaggio<\/strong> - La struttura robusta supporta i viaggi di lavoro, le uscite del fine settimana e il trasporto quotidiano.<\/p>\n<\/li>\n<\/ul>\n<h2><strong data-start=\"2120\" data-end=\"2138\">Specifiche tecniche<\/strong><\/h2>\n<div class=\"TyagGW_tableContainer\">\n<div class=\"group TyagGW_tableWrapper flex w-fit flex-col-reverse\" tabindex=\"-1\">\n<table class=\"w-fit min-w-(--thread-content-width)\" data-start=\"2140\" data-end=\"2699\">\n<thead data-start=\"2140\" data-end=\"2166\">\n<tr data-start=\"2140\" data-end=\"2166\">\n<th data-start=\"2140\" data-end=\"2151\" data-col-size=\"sm\"><strong data-start=\"2142\" data-end=\"2150\">Articolo<\/strong><\/th>\n<th data-start=\"2151\" data-end=\"2166\" data-col-size=\"md\"><strong data-start=\"2153\" data-end=\"2164\">Dettagli<\/strong><\/th>\n<\/tr>\n<\/thead>\n<tbody data-start=\"2193\" data-end=\"2699\">\n<tr data-start=\"2193\" data-end=\"2248\">\n<td data-start=\"2193\" data-end=\"2208\" data-col-size=\"sm\">Nome del prodotto<\/td>\n<td data-col-size=\"md\" data-start=\"2208\" data-end=\"2248\">Borsa a tracolla da viaggio \/ Crossbody Tote<\/td>\n<\/tr>\n<tr data-start=\"2249\" data-end=\"2267\">\n<td data-start=\"2249\" data-end=\"2257\" data-col-size=\"sm\">Marchio<\/td>\n<td data-col-size=\"md\" data-start=\"2257\" data-end=\"2267\">RONEER<\/td>\n<\/tr>\n<tr data-start=\"2268\" data-end=\"2293\">\n<td data-start=\"2268\" data-end=\"2283\" data-col-size=\"sm\">Numero di modello<\/td>\n<td data-col-size=\"md\" data-start=\"2283\" data-end=\"2293\">BJ-149<\/td>\n<\/tr>\n<tr data-start=\"2294\" data-end=\"2323\">\n<td data-start=\"2294\" data-end=\"2303\" data-col-size=\"sm\">Origine<\/td>\n<td data-col-size=\"md\" data-start=\"2303\" data-end=\"2323\">Guangdong, Cina<\/td>\n<\/tr>\n<tr data-start=\"2324\" data-end=\"2352\">\n<td data-start=\"2324\" data-end=\"2332\" data-col-size=\"sm\">Stile<\/td>\n<td data-col-size=\"md\" data-start=\"2332\" data-end=\"2352\">Moda \/ Casual<\/td>\n<\/tr>\n<tr data-start=\"2353\" data-end=\"2375\">\n<td data-start=\"2353\" data-end=\"2369\" data-col-size=\"sm\">Materiale principale<\/td>\n<td data-col-size=\"md\" data-start=\"2369\" data-end=\"2375\">PU<\/td>\n<\/tr>\n<tr data-start=\"2376\" data-end=\"2416\">\n<td data-start=\"2376\" data-end=\"2383\" data-col-size=\"sm\">Dimensione<\/td>\n<td data-start=\"2383\" data-end=\"2416\" data-col-size=\"md\">24 \u00d7 7 \u00d7 13 cm (personalizzabile)<\/td>\n<\/tr>\n<tr data-start=\"2417\" data-end=\"2441\">\n<td data-start=\"2417\" data-end=\"2425\" data-col-size=\"sm\">Colore<\/td>\n<td data-col-size=\"md\" data-start=\"2425\" data-end=\"2441\">Personalizzabile<\/td>\n<\/tr>\n<tr data-start=\"2442\" data-end=\"2465\">\n<td data-start=\"2442\" data-end=\"2449\" data-col-size=\"sm\">Logo<\/td>\n<td data-col-size=\"md\" data-start=\"2449\" data-end=\"2465\">Personalizzabile<\/td>\n<\/tr>\n<tr data-start=\"2466\" data-end=\"2526\">\n<td data-start=\"2466\" data-end=\"2477\" data-col-size=\"sm\">Caratteristiche<\/td>\n<td data-col-size=\"md\" data-start=\"2477\" data-end=\"2526\">Leggero, impermeabile, antifurto, portatile<\/td>\n<\/tr>\n<tr data-start=\"2527\" data-end=\"2547\">\n<td data-start=\"2527\" data-end=\"2533\" data-col-size=\"sm\">MOQ<\/td>\n<td data-col-size=\"md\" data-start=\"2533\" data-end=\"2547\">Trattabile<\/td>\n<\/tr>\n<tr data-start=\"2548\" data-end=\"2589\">\n<td data-start=\"2548\" data-end=\"2560\" data-col-size=\"sm\">Imballaggio<\/td>\n<td data-col-size=\"md\" data-start=\"2560\" data-end=\"2589\">Personalizzabile su richiesta<\/td>\n<\/tr>\n<tr data-start=\"2590\" data-end=\"2633\">\n<td data-start=\"2590\" data-end=\"2603\" data-col-size=\"sm\">Tipo di cinturino<\/td>\n<td data-col-size=\"md\" data-start=\"2603\" data-end=\"2633\">Tracolla regolabile<\/td>\n<\/tr>\n<tr data-start=\"2634\" data-end=\"2699\">\n<td data-start=\"2634\" data-end=\"2654\" data-col-size=\"sm\">Campo di applicazione<\/td>\n<td data-col-size=\"md\" data-start=\"2654\" data-end=\"2699\">Uso quotidiano, pendolarismo, viaggi, brevi spostamenti<\/td>\n<\/tr>\n<\/tbody>\n<\/table>\n<h2>Applicazioni<\/h2>\n<ul>\n<li data-start=\"577\" data-end=\"667\">\n<p data-start=\"579\" data-end=\"667\"><strong data-start=\"579\" data-end=\"665\">Per il trasporto quotidiano di telefoni, cosmetici, portafogli e accessori personali.<\/strong><\/p>\n<\/li>\n<li data-start=\"668\" data-end=\"764\">\n<p data-start=\"670\" data-end=\"764\"><strong data-start=\"670\" data-end=\"762\">Per le commissioni in citt\u00e0 e le uscite occasionali gli utenti hanno bisogno di un'opzione di trasporto leggera ed elegante.<\/strong><\/p>\n<\/li>\n<li data-start=\"765\" data-end=\"851\">\n<p data-start=\"767\" data-end=\"851\"><strong data-start=\"767\" data-end=\"849\">Viaggi brevi e attivit\u00e0 all'aperto che richiedono una comoda mobilit\u00e0 trasversale.<\/strong><\/p>\n<\/li>\n<li data-start=\"852\" data-end=\"942\">\n<p data-start=\"854\" data-end=\"942\"><strong data-start=\"854\" data-end=\"940\">Per i viaggi di fine settimana, per organizzare piccoli oggetti essenziali, documenti e oggetti di rapido accesso.<\/strong><\/p>\n<\/li>\n<\/ul>\n<p>Se siete interessati a questa borsa, contattateci per richiedere dei campioni. Offriamo un servizio completo <strong data-start=\"1109\" data-end=\"1145\">Servizi di personalizzazione ODM e OEM<\/strong>compresi la personalizzazione del logo, l'adattamento delle dimensioni e lo sviluppo dei colori per supportare il vostro marchio.<\/p>\n<\/div>\n<\/div>","protected":false},"excerpt":{"rendered":"<p data-pm-slice=\"0 0 []\">La borsa a tracolla casual a tinta unita da donna all'ingrosso Open Top Crossbody Tote offre una miscela rinfrescante di stile, praticit\u00e0 e funzionalit\u00e0 quotidiana. RONEER progetta questo modello (BJ-149) per le donne che amano il minimalismo, la praticit\u00e0 e l'estetica moderna. La borsa utilizza un materiale PU resistente, offre una struttura leggera e supporta i movimenti quotidiani senza sforzo. Le dimensioni compatte di 24 \u00d7 7 \u00d7 13 cm consentono di trasportare gli oggetti essenziali da viaggio, i cosmetici, i dispositivi mobili e gli accessori personali senza creare ingombro. I colori e i loghi personalizzabili offrono ai rivenditori un'ampia flessibilit\u00e0 per un branding e un marketing mirati.<\/p>","protected":false},"featured_media":4981,"comment_status":"open","ping_status":"closed","template":"","meta":{"site-sidebar-layout":"default","site-content-layout":"","ast-site-content-layout":"default","site-content-style":"default","site-sidebar-style":"default","ast-global-header-display":"","ast-banner-title-visibility":"","ast-main-header-display":"","ast-hfb-above-header-display":"","ast-hfb-below-header-display":"","ast-hfb-mobile-header-display":"","site-post-title":"","ast-breadcrumbs-content":"","ast-featured-img":"","footer-sml-layout":"","ast-disable-related-posts":"","theme-transparent-header-meta":"default","adv-header-id-meta":"","stick-header-meta":"","header-above-stick-meta":"","header-main-stick-meta":"","header-below-stick-meta":"","astra-migrate-meta-layouts":"set","ast-page-background-enabled":"default","ast-page-background-meta":{"desktop":{"background-color":"var(--ast-global-color-5)","background-image":"","background-repeat":"repeat","background-position":"center center","background-size":"auto","background-attachment":"scroll","background-type":"","background-media":"","overlay-type":"","overlay-color":"","overlay-opacity":"","overlay-gradient":""},"tablet":{"background-color":"","background-image":"","background-repeat":"repeat","background-position":"center center","background-size":"auto","background-attachment":"scroll","background-type":"","background-media":"","overlay-type":"","overlay-color":"","overlay-opacity":"","overlay-gradient":""},"mobile":{"background-color":"","background-image":"","background-repeat":"repeat","background-position":"center center","background-size":"auto","background-attachment":"scroll","background-type":"","background-media":"","overlay-type":"","overlay-color":"","overlay-opacity":"","overlay-gradient":""}},"ast-content-background-meta":{"desktop":{"background-color":"var(--ast-global-color-4)","background-image":"","background-repeat":"repeat","background-position":"center center","background-size":"auto","background-attachment":"scroll","background-type":"","background-media":"","overlay-type":"","overlay-color":"","overlay-opacity":"","overlay-gradient":""},"tablet":{"background-color":"var(--ast-global-color-4)","background-image":"","background-repeat":"repeat","background-position":"center center","background-size":"auto","background-attachment":"scroll","background-type":"","background-media":"","overlay-type":"","overlay-color":"","overlay-opacity":"","overlay-gradient":""},"mobile":{"background-color":"var(--ast-global-color-4)","background-image":"","background-repeat":"repeat","background-position":"center center","background-size":"auto","background-attachment":"scroll","background-type":"","background-media":"","overlay-type":"","overlay-color":"","overlay-opacity":"","overlay-gradient":""}}},"product_brand":[],"product_cat":[42],"product_tag":[],"class_list":{"0":"post-4975","1":"product","2":"type-product","3":"status-publish","4":"has-post-thumbnail","6":"product_cat-hand-bag","7":"desktop-align-left","8":"tablet-align-left","9":"mobile-align-left","11":"first","12":"instock","13":"shipping-taxable","14":"product-type-simple"},"_links":{"self":[{"href":"https:\/\/baijiabags.com\/it\/wp-json\/wp\/v2\/product\/4975","targetHints":{"allow":["GET"]}}],"collection":[{"href":"https:\/\/baijiabags.com\/it\/wp-json\/wp\/v2\/product"}],"about":[{"href":"https:\/\/baijiabags.com\/it\/wp-json\/wp\/v2\/types\/product"}],"replies":[{"embeddable":true,"href":"https:\/\/baijiabags.com\/it\/wp-json\/wp\/v2\/comments?post=4975"}],"wp:featuredmedia":[{"embeddable":true,"href":"https:\/\/baijiabags.com\/it\/wp-json\/wp\/v2\/media\/4981"}],"wp:attachment":[{"href":"https:\/\/baijiabags.com\/it\/wp-json\/wp\/v2\/media?parent=4975"}],"wp:term":[{"taxonomy":"product_brand","embeddable":true,"href":"https:\/\/baijiabags.com\/it\/wp-json\/wp\/v2\/product_brand?post=4975"},{"taxonomy":"product_cat","embeddable":true,"href":"https:\/\/baijiabags.com\/it\/wp-json\/wp\/v2\/product_cat?post=4975"},{"taxonomy":"product_tag","embeddable":true,"href":"https:\/\/baijiabags.com\/it\/wp-json\/wp\/v2\/product_tag?post=4975"}],"curies":[{"name":"wp","href":"https:\/\/api.w.org\/{rel}","templated":true}]}}