{"id":4789,"date":"2025-11-20T06:10:39","date_gmt":"2025-11-20T06:10:39","guid":{"rendered":"https:\/\/baijiabags.com\/?post_type=product&#038;p=4789"},"modified":"2025-11-24T10:05:29","modified_gmt":"2025-11-24T10:05:29","slug":"eco-friendly-custom-backpack-factory-wholesale-with-various-options","status":"publish","type":"product","link":"https:\/\/baijiabags.com\/it\/prodotto\/eco-friendly-custom-backpack-factory-wholesale-with-various-options\/","title":{"rendered":"Eco Friendly Custom Backpack fabbrica all'ingrosso con varie opzioni"},"content":{"rendered":"<h2 data-start=\"573\" data-end=\"588\">Caratteristiche principali<\/h2>\n<ol data-start=\"589\" data-end=\"1740\">\n<li data-start=\"589\" data-end=\"753\">\n<p data-start=\"592\" data-end=\"753\"><strong data-start=\"592\" data-end=\"625\">Scelte di materiali ecocompatibili<\/strong> - Lo zaino utilizza vera pelle di provenienza responsabile e materiali di rivestimento riciclati opzionali per sostenere una produzione pi\u00f9 ecologica.<\/p>\n<\/li>\n<li data-start=\"754\" data-end=\"900\">\n<p data-start=\"757\" data-end=\"900\"><strong data-start=\"757\" data-end=\"787\">Opzioni di personalizzazione complete<\/strong> - Gli utenti possono scegliere colori, dimensioni, modelli e loghi personalizzati per il branding o l'espressione personale.<\/p>\n<\/li>\n<li data-start=\"901\" data-end=\"1047\">\n<p data-start=\"904\" data-end=\"1047\"><strong data-start=\"904\" data-end=\"928\">Costruzione resistente<\/strong> - Le cuciture rinforzate, i pannelli in pelle resistenti all'abrasione e l'hardware di alta qualit\u00e0 aumentano la durata nell'uso quotidiano.<\/p>\n<\/li>\n<li data-start=\"1048\" data-end=\"1178\">\n<p data-start=\"1051\" data-end=\"1178\"><strong data-start=\"1051\" data-end=\"1072\">Struttura leggera<\/strong> - La struttura rimane robusta senza aggiungere peso inutile, rendendo pi\u00f9 confortevole l'uso prolungato.<\/p>\n<\/li>\n<li data-start=\"1179\" data-end=\"1325\">\n<p data-start=\"1182\" data-end=\"1325\"><strong data-start=\"1182\" data-end=\"1208\">Design orientato al comfort<\/strong> - Gli spallacci morbidi, l'imbottitura dorsale traspirante e la forma ergonomica aiutano a ridurre la pressione durante i lunghi spostamenti.<\/p>\n<\/li>\n<li data-start=\"1326\" data-end=\"1446\">\n<p data-start=\"1329\" data-end=\"1446\"><strong data-start=\"1329\" data-end=\"1357\">Disposizione organizzata dei magazzini<\/strong> - Le tasche multiple contengono computer portatili, documenti, accessori ed elementi essenziali per il viaggio.<\/p>\n<\/li>\n<li data-start=\"1447\" data-end=\"1575\">\n<p data-start=\"1450\" data-end=\"1575\"><strong data-start=\"1450\" data-end=\"1475\">Applicazioni flessibili<\/strong> - Gli utenti possono portarlo con s\u00e9 per l'ufficio, la scuola, le uscite occasionali, le gite del fine settimana o i brevi viaggi di lavoro.<\/p>\n<\/li>\n<li data-start=\"1576\" data-end=\"1740\">\n<p data-start=\"1579\" data-end=\"1740\"><strong data-start=\"1579\" data-end=\"1609\">Produzione pronta per la vendita all'ingrosso<\/strong> - La produzione su larga scala supporta la personalizzazione OEM e ODM per il branding aziendale, gli omaggi promozionali o la distribuzione al dettaglio.<\/p>\n<\/li>\n<\/ol>\n<h2 data-start=\"1742\" data-end=\"1759\">Specifiche tecniche<\/h2>\n<div class=\"_tableContainer_1rjym_1\">\n<div class=\"group _tableWrapper_1rjym_13 flex w-fit flex-col-reverse\" tabindex=\"-1\">\n<table class=\"w-fit min-w-(--thread-content-width)\" data-start=\"1760\" data-end=\"2201\">\n<thead data-start=\"1760\" data-end=\"1790\">\n<tr data-start=\"1760\" data-end=\"1790\">\n<th data-start=\"1760\" data-end=\"1771\" data-col-size=\"sm\"><strong data-start=\"1762\" data-end=\"1770\">Articolo<\/strong><\/th>\n<th data-start=\"1771\" data-end=\"1790\" data-col-size=\"md\"><strong data-start=\"1773\" data-end=\"1788\">Descrizione<\/strong><\/th>\n<\/tr>\n<\/thead>\n<tbody data-start=\"1821\" data-end=\"2201\">\n<tr data-start=\"1821\" data-end=\"1848\">\n<td data-start=\"1821\" data-end=\"1836\" data-col-size=\"sm\">Nome del prodotto<\/td>\n<td data-start=\"1836\" data-end=\"1848\" data-col-size=\"md\">Zaino<\/td>\n<\/tr>\n<tr data-start=\"1849\" data-end=\"1867\">\n<td data-start=\"1849\" data-end=\"1857\" data-col-size=\"sm\">Marchio<\/td>\n<td data-start=\"1857\" data-end=\"1867\" data-col-size=\"md\">RONEER<\/td>\n<\/tr>\n<tr data-start=\"1868\" data-end=\"1897\">\n<td data-start=\"1868\" data-end=\"1877\" data-col-size=\"sm\">Origine<\/td>\n<td data-start=\"1877\" data-end=\"1897\" data-col-size=\"md\">Guangdong, Cina<\/td>\n<\/tr>\n<tr data-start=\"1898\" data-end=\"1917\">\n<td data-start=\"1898\" data-end=\"1906\" data-col-size=\"sm\">Stile<\/td>\n<td data-start=\"1906\" data-end=\"1917\" data-col-size=\"md\">Moda<\/td>\n<\/tr>\n<tr data-start=\"1918\" data-end=\"1941\">\n<td data-start=\"1918\" data-end=\"1925\" data-col-size=\"sm\">Logo<\/td>\n<td data-start=\"1925\" data-end=\"1941\" data-col-size=\"md\">Personalizzabile<\/td>\n<\/tr>\n<tr data-start=\"1942\" data-end=\"2001\">\n<td data-start=\"1942\" data-end=\"1949\" data-col-size=\"sm\">Dimensione<\/td>\n<td data-start=\"1949\" data-end=\"2001\" data-col-size=\"md\">Personalizzabile; le opzioni pi\u00f9 comuni includono 42\u00d730\u00d714 cm.<\/td>\n<\/tr>\n<tr data-start=\"2002\" data-end=\"2034\">\n<td data-start=\"2002\" data-end=\"2010\" data-col-size=\"sm\">Colore<\/td>\n<td data-start=\"2010\" data-end=\"2034\" data-col-size=\"md\">Arancione o personalizzato<\/td>\n<\/tr>\n<tr data-start=\"2035\" data-end=\"2065\">\n<td data-start=\"2035\" data-end=\"2046\" data-col-size=\"sm\">Materiale<\/td>\n<td data-start=\"2046\" data-end=\"2065\" data-col-size=\"md\">Vera pelle<\/td>\n<\/tr>\n<tr data-start=\"2066\" data-end=\"2110\">\n<td data-start=\"2066\" data-end=\"2077\" data-col-size=\"sm\">Caratteristiche<\/td>\n<td data-start=\"2077\" data-end=\"2110\" data-col-size=\"md\">Durevole, elegante, leggero<\/td>\n<\/tr>\n<tr data-start=\"2111\" data-end=\"2131\">\n<td data-start=\"2111\" data-end=\"2117\" data-col-size=\"sm\">MOQ<\/td>\n<td data-start=\"2117\" data-end=\"2131\" data-col-size=\"md\">Trattabile<\/td>\n<\/tr>\n<tr data-start=\"2132\" data-end=\"2158\">\n<td data-start=\"2132\" data-end=\"2144\" data-col-size=\"sm\">Imballaggio<\/td>\n<td data-start=\"2144\" data-end=\"2158\" data-col-size=\"md\">Trattabile<\/td>\n<\/tr>\n<tr data-start=\"2159\" data-end=\"2201\">\n<td data-start=\"2159\" data-end=\"2174\" data-col-size=\"sm\">Applicazioni<\/td>\n<td data-start=\"2174\" data-end=\"2201\" data-col-size=\"md\">Uso quotidiano, lavoro, viaggi<\/td>\n<\/tr>\n<\/tbody>\n<\/table>\n<\/div>\n<\/div>\n<h2>Applicazioni<\/h2>\n<ul data-start=\"2219\" data-end=\"2828\">\n<li data-start=\"2219\" data-end=\"2316\">\n<p data-start=\"2221\" data-end=\"2316\"><strong data-start=\"2221\" data-end=\"2238\">Giornaliero\u00a0<\/strong><span style=\"box-sizing: border-box;\"><strong>Pendolarismo: s<\/strong>upporti<\/span>\u00a0computer portatili, quaderni e oggetti personali indispensabili per gli spostamenti quotidiani.<\/p>\n<\/li>\n<li data-start=\"2317\" data-end=\"2434\">\n<p data-start=\"2319\" data-end=\"2434\"><strong data-start=\"2319\" data-end=\"2336\">Lavoro e ufficio: <\/strong>Si adatta a documenti aziendali, dispositivi tecnologici e accessori mantenendo un aspetto professionale.<\/p>\n<\/li>\n<li data-start=\"2435\" data-end=\"2550\">\n<p data-start=\"2437\" data-end=\"2550\"><strong data-start=\"2437\" data-end=\"2461\">Utilizzo in viaggio e all'aperto: <\/strong>Gestisce brevi viaggi o uscite del fine settimana con spazio sufficiente per gli indumenti e gli oggetti da viaggio.<\/p>\n<\/li>\n<li data-start=\"2551\" data-end=\"2681\">\n<p data-start=\"2553\" data-end=\"2681\"><strong data-start=\"2553\" data-end=\"2575\">Progetti aziendali: <\/strong>Funziona bene per regali di marca, merchandising aziendale e progetti promozionali grazie alla personalizzazione del logo.<\/p>\n<\/li>\n<li data-start=\"2682\" data-end=\"2828\">\n<p data-start=\"2684\" data-end=\"2828\"><strong data-start=\"2684\" data-end=\"2719\">Distribuzione al dettaglio e all'ingrosso: <\/strong>Si adatta alle linee di prodotti orientati alla moda che cercano materiali ecologici ed estetica moderna.<\/p>\n<\/li>\n<\/ul>\n<p data-start=\"2830\" data-end=\"2970\" data-is-last-node=\"\" data-is-only-node=\"\">Se siete interessati a questo zaino, contattateci per richiedere dei campioni. I servizi ODM e OEM sono disponibili per tutte le esigenze di personalizzazione.<\/p>","protected":false},"excerpt":{"rendered":"<p>Questo zaino ecologico personalizzato evidenzia un equilibrio tra sostenibilit\u00e0, durata e stile moderno. Il design supporta la routine quotidiana, gli spostamenti al lavoro e le esigenze di viaggio con opzioni di dimensioni adattabili, colori personalizzabili e una robusta costruzione in vera pelle. Ogni dettaglio mira a offrire comfort, organizzazione e affidabilit\u00e0 a lungo termine, mantenendo un look pulito e alla moda che si adatta a un'ampia gamma di utenti. La struttura \u00e8 solida, la disposizione degli spazi \u00e8 pratica e i materiali aiutano lo zaino a gestire l'uso frequente con sicurezza.<\/p>","protected":false},"featured_media":4791,"comment_status":"open","ping_status":"closed","template":"","meta":{"site-sidebar-layout":"default","site-content-layout":"","ast-site-content-layout":"default","site-content-style":"default","site-sidebar-style":"default","ast-global-header-display":"","ast-banner-title-visibility":"","ast-main-header-display":"","ast-hfb-above-header-display":"","ast-hfb-below-header-display":"","ast-hfb-mobile-header-display":"","site-post-title":"","ast-breadcrumbs-content":"","ast-featured-img":"","footer-sml-layout":"","ast-disable-related-posts":"","theme-transparent-header-meta":"default","adv-header-id-meta":"","stick-header-meta":"","header-above-stick-meta":"","header-main-stick-meta":"","header-below-stick-meta":"","astra-migrate-meta-layouts":"set","ast-page-background-enabled":"default","ast-page-background-meta":{"desktop":{"background-color":"var(--ast-global-color-5)","background-image":"","background-repeat":"repeat","background-position":"center center","background-size":"auto","background-attachment":"scroll","background-type":"","background-media":"","overlay-type":"","overlay-color":"","overlay-opacity":"","overlay-gradient":""},"tablet":{"background-color":"","background-image":"","background-repeat":"repeat","background-position":"center center","background-size":"auto","background-attachment":"scroll","background-type":"","background-media":"","overlay-type":"","overlay-color":"","overlay-opacity":"","overlay-gradient":""},"mobile":{"background-color":"","background-image":"","background-repeat":"repeat","background-position":"center center","background-size":"auto","background-attachment":"scroll","background-type":"","background-media":"","overlay-type":"","overlay-color":"","overlay-opacity":"","overlay-gradient":""}},"ast-content-background-meta":{"desktop":{"background-color":"var(--ast-global-color-4)","background-image":"","background-repeat":"repeat","background-position":"center center","background-size":"auto","background-attachment":"scroll","background-type":"","background-media":"","overlay-type":"","overlay-color":"","overlay-opacity":"","overlay-gradient":""},"tablet":{"background-color":"var(--ast-global-color-4)","background-image":"","background-repeat":"repeat","background-position":"center center","background-size":"auto","background-attachment":"scroll","background-type":"","background-media":"","overlay-type":"","overlay-color":"","overlay-opacity":"","overlay-gradient":""},"mobile":{"background-color":"var(--ast-global-color-4)","background-image":"","background-repeat":"repeat","background-position":"center center","background-size":"auto","background-attachment":"scroll","background-type":"","background-media":"","overlay-type":"","overlay-color":"","overlay-opacity":"","overlay-gradient":""}}},"product_brand":[],"product_cat":[21],"product_tag":[],"class_list":{"0":"post-4789","1":"product","2":"type-product","3":"status-publish","4":"has-post-thumbnail","6":"product_cat-backpack","7":"desktop-align-left","8":"tablet-align-left","9":"mobile-align-left","11":"first","12":"instock","13":"shipping-taxable","14":"product-type-simple"},"_links":{"self":[{"href":"https:\/\/baijiabags.com\/it\/wp-json\/wp\/v2\/product\/4789","targetHints":{"allow":["GET"]}}],"collection":[{"href":"https:\/\/baijiabags.com\/it\/wp-json\/wp\/v2\/product"}],"about":[{"href":"https:\/\/baijiabags.com\/it\/wp-json\/wp\/v2\/types\/product"}],"replies":[{"embeddable":true,"href":"https:\/\/baijiabags.com\/it\/wp-json\/wp\/v2\/comments?post=4789"}],"wp:featuredmedia":[{"embeddable":true,"href":"https:\/\/baijiabags.com\/it\/wp-json\/wp\/v2\/media\/4791"}],"wp:attachment":[{"href":"https:\/\/baijiabags.com\/it\/wp-json\/wp\/v2\/media?parent=4789"}],"wp:term":[{"taxonomy":"product_brand","embeddable":true,"href":"https:\/\/baijiabags.com\/it\/wp-json\/wp\/v2\/product_brand?post=4789"},{"taxonomy":"product_cat","embeddable":true,"href":"https:\/\/baijiabags.com\/it\/wp-json\/wp\/v2\/product_cat?post=4789"},{"taxonomy":"product_tag","embeddable":true,"href":"https:\/\/baijiabags.com\/it\/wp-json\/wp\/v2\/product_tag?post=4789"}],"curies":[{"name":"wp","href":"https:\/\/api.w.org\/{rel}","templated":true}]}}