{"id":4331,"date":"2025-11-03T02:11:17","date_gmt":"2025-11-03T02:11:17","guid":{"rendered":"https:\/\/baijiabags.com\/?post_type=product&#038;p=4331"},"modified":"2025-11-03T02:11:17","modified_gmt":"2025-11-03T02:11:17","slug":"custom-morrales-for-women-factory-pu-leather-handbag-for-daily-use","status":"publish","type":"product","link":"https:\/\/baijiabags.com\/it\/prodotto\/custom-morrales-for-women-factory-pu-leather-handbag-for-daily-use\/","title":{"rendered":"Morrales personalizzato per le donne fabbrica borsa in pelle PU per uso quotidiano"},"content":{"rendered":"<h2 data-start=\"1075\" data-end=\"1091\">Caratteristiche principali<\/h2>\n<ol data-start=\"1092\" data-end=\"2198\">\n<li data-start=\"1092\" data-end=\"1241\">\n<p data-start=\"1095\" data-end=\"1241\"><strong data-start=\"1095\" data-end=\"1130\">Costruzione in pelle PU premium<\/strong> - \u00c8 stato scelto un materiale sintetico liscio e resistente per garantire un uso duraturo e una facile manutenzione.<\/p>\n<\/li>\n<li data-start=\"1242\" data-end=\"1382\">\n<p data-start=\"1245\" data-end=\"1382\"><strong data-start=\"1245\" data-end=\"1267\">Superficie impermeabile<\/strong> - L'esterno \u00e8 stato trattato per resistere all'umidit\u00e0, in modo da mantenere gli effetti personali al sicuro in caso di pioggia leggera o ambienti umidi.<\/p>\n<\/li>\n<li data-start=\"1383\" data-end=\"1508\">\n<p data-start=\"1386\" data-end=\"1508\"><strong data-start=\"1386\" data-end=\"1407\">Design antifurto<\/strong> - Scomparti con cerniera nascosta e chiusure robuste sono stati incorporati per garantire una maggiore sicurezza.<\/p>\n<\/li>\n<li data-start=\"1509\" data-end=\"1672\">\n<p data-start=\"1512\" data-end=\"1672\"><strong data-start=\"1512\" data-end=\"1533\">Capacit\u00e0 spaziosa<\/strong> - Un volume di archiviazione di <strong data-start=\"1556\" data-end=\"1572\">20-35 litri<\/strong> \u00e8 stato ottimizzato per adattarsi agli oggetti di uso quotidiano come documenti, trucchi, telefoni cellulari e tablet.<\/p>\n<\/li>\n<li data-start=\"1673\" data-end=\"1806\">\n<p data-start=\"1676\" data-end=\"1806\"><strong data-start=\"1676\" data-end=\"1700\">Opzioni personalizzabili<\/strong> - Il <strong data-start=\"1707\" data-end=\"1715\">logo<\/strong>, <strong data-start=\"1717\" data-end=\"1725\">dimensione<\/strong>, e <strong data-start=\"1731\" data-end=\"1740\">colore<\/strong> possono essere personalizzati per soddisfare le esigenze di branding o di promozione.<\/p>\n<\/li>\n<li data-start=\"1807\" data-end=\"1936\">\n<p data-start=\"1810\" data-end=\"1936\"><strong data-start=\"1810\" data-end=\"1834\">Trasporto confortevole<\/strong> - Le cinghie regolabili e imbottite sono state integrate per ridurre l'affaticamento delle spalle durante l'uso prolungato.<\/p>\n<\/li>\n<li data-start=\"1937\" data-end=\"2066\">\n<p data-start=\"1940\" data-end=\"2066\"><strong data-start=\"1940\" data-end=\"1967\">Portabilit\u00e0 leggera<\/strong> - La borsa \u00e8 stata progettata per mantenere la struttura pur rimanendo leggera per essere utilizzata tutto il giorno.<\/p>\n<\/li>\n<li data-start=\"2067\" data-end=\"2198\">\n<p data-start=\"2070\" data-end=\"2198\"><strong data-start=\"2070\" data-end=\"2095\">Applicazione versatile<\/strong> - Adatto per l'ufficio, le uscite casual o i viaggi, offre praticit\u00e0 e fascino alla moda.<\/p>\n<\/li>\n<\/ol>\n<h2 data-start=\"2205\" data-end=\"2223\">Specifiche tecniche<\/h2>\n<div class=\"_tableContainer_1rjym_1\">\n<div class=\"group _tableWrapper_1rjym_13 flex w-fit flex-col-reverse\" tabindex=\"-1\">\n<table class=\"w-fit min-w-(--thread-content-width)\" data-start=\"2225\" data-end=\"2795\">\n<thead data-start=\"2225\" data-end=\"2255\">\n<tr data-start=\"2225\" data-end=\"2255\">\n<th data-start=\"2225\" data-end=\"2236\" data-col-size=\"sm\"><strong data-start=\"2227\" data-end=\"2235\">Articolo<\/strong><\/th>\n<th data-start=\"2236\" data-end=\"2255\" data-col-size=\"md\"><strong data-start=\"2238\" data-end=\"2253\">Descrizione<\/strong><\/th>\n<\/tr>\n<\/thead>\n<tbody data-start=\"2288\" data-end=\"2795\">\n<tr data-start=\"2288\" data-end=\"2344\">\n<td data-start=\"2288\" data-end=\"2307\" data-col-size=\"sm\"><strong data-start=\"2290\" data-end=\"2306\">Nome del prodotto<\/strong><\/td>\n<td data-start=\"2307\" data-end=\"2344\" data-col-size=\"md\">Borsetta personalizzata Morrales per donna<\/td>\n<\/tr>\n<tr data-start=\"2345\" data-end=\"2367\">\n<td data-start=\"2345\" data-end=\"2357\" data-col-size=\"sm\"><strong data-start=\"2347\" data-end=\"2356\">Marchio<\/strong><\/td>\n<td data-start=\"2357\" data-end=\"2367\" data-col-size=\"md\">RONEER<\/td>\n<\/tr>\n<tr data-start=\"2368\" data-end=\"2395\">\n<td data-start=\"2368\" data-end=\"2384\" data-col-size=\"sm\"><strong data-start=\"2370\" data-end=\"2383\">Modello No.<\/strong><\/td>\n<td data-start=\"2384\" data-end=\"2395\" data-col-size=\"md\">AL-2582<\/td>\n<\/tr>\n<tr data-start=\"2396\" data-end=\"2429\">\n<td data-start=\"2396\" data-end=\"2409\" data-col-size=\"sm\"><strong data-start=\"2398\" data-end=\"2408\">Origine<\/strong><\/td>\n<td data-start=\"2409\" data-end=\"2429\" data-col-size=\"md\">Guangdong, Cina<\/td>\n<\/tr>\n<tr data-start=\"2430\" data-end=\"2467\">\n<td data-start=\"2430\" data-end=\"2445\" data-col-size=\"sm\"><strong data-start=\"2432\" data-end=\"2444\">Materiale<\/strong><\/td>\n<td data-start=\"2445\" data-end=\"2467\" data-col-size=\"md\">Pelle PU premium<\/td>\n<\/tr>\n<tr data-start=\"2468\" data-end=\"2499\">\n<td data-start=\"2468\" data-end=\"2480\" data-col-size=\"sm\"><strong data-start=\"2470\" data-end=\"2479\">Stile<\/strong><\/td>\n<td data-start=\"2480\" data-end=\"2499\" data-col-size=\"md\">Moda, Casual<\/td>\n<\/tr>\n<tr data-start=\"2500\" data-end=\"2528\">\n<td data-start=\"2500\" data-end=\"2512\" data-col-size=\"sm\"><strong data-start=\"2502\" data-end=\"2511\">Colore<\/strong><\/td>\n<td data-col-size=\"md\" data-start=\"2512\" data-end=\"2528\">Personalizzabile<\/td>\n<\/tr>\n<tr data-start=\"2529\" data-end=\"2556\">\n<td data-start=\"2529\" data-end=\"2540\" data-col-size=\"sm\"><strong data-start=\"2531\" data-end=\"2539\">Dimensione<\/strong><\/td>\n<td data-start=\"2540\" data-end=\"2556\" data-col-size=\"md\">Personalizzabile<\/td>\n<\/tr>\n<tr data-start=\"2557\" data-end=\"2588\">\n<td data-start=\"2557\" data-end=\"2572\" data-col-size=\"sm\"><strong data-start=\"2559\" data-end=\"2571\">Capacit\u00e0<\/strong><\/td>\n<td data-col-size=\"md\" data-start=\"2572\" data-end=\"2588\">20-35 litri<\/td>\n<\/tr>\n<tr data-start=\"2589\" data-end=\"2650\">\n<td data-start=\"2589\" data-end=\"2600\" data-col-size=\"sm\"><strong data-start=\"2591\" data-end=\"2599\">Logo<\/strong><\/td>\n<td data-col-size=\"md\" data-start=\"2600\" data-end=\"2650\">Personalizzabile (etichetta in rilievo, stampata o in metallo)<\/td>\n<\/tr>\n<tr data-start=\"2651\" data-end=\"2701\">\n<td data-start=\"2651\" data-end=\"2665\" data-col-size=\"sm\"><strong data-start=\"2653\" data-end=\"2664\">Caratteristica<\/strong><\/td>\n<td data-col-size=\"md\" data-start=\"2665\" data-end=\"2701\">Impermeabile, portatile, antifurto<\/td>\n<\/tr>\n<tr data-start=\"2702\" data-end=\"2739\">\n<td data-start=\"2702\" data-end=\"2712\" data-col-size=\"sm\"><strong data-start=\"2704\" data-end=\"2711\">MOQ<\/strong><\/td>\n<td data-col-size=\"md\" data-start=\"2712\" data-end=\"2739\">300 pezzi (negoziabile)<\/td>\n<\/tr>\n<tr data-start=\"2740\" data-end=\"2795\">\n<td data-start=\"2740\" data-end=\"2758\" data-col-size=\"sm\"><strong data-start=\"2742\" data-end=\"2757\">Applicazione<\/strong><\/td>\n<td data-col-size=\"md\" data-start=\"2758\" data-end=\"2795\">Uso quotidiano, lavoro, shopping, viaggi<\/td>\n<\/tr>\n<\/tbody>\n<\/table>\n<\/div>\n<\/div>\n<h2 data-start=\"2802\" data-end=\"2817\">Applicazione<\/h2>\n<ul data-start=\"2915\" data-end=\"3157\">\n<li data-start=\"2915\" data-end=\"2969\">\n<p data-start=\"2917\" data-end=\"2969\"><strong data-start=\"2917\" data-end=\"2936\">Pendolarismo quotidiano<\/strong> e di lavoro professionale<\/p>\n<\/li>\n<li data-start=\"2970\" data-end=\"3011\">\n<p data-start=\"2972\" data-end=\"3011\"><strong data-start=\"2972\" data-end=\"2990\">Viaggi di shopping<\/strong> e uscite occasionali<\/p>\n<\/li>\n<li data-start=\"3012\" data-end=\"3078\">\n<p data-start=\"3014\" data-end=\"3078\"><strong data-start=\"3014\" data-end=\"3051\">Brevi viaggi di lavoro o di piacere<\/strong> che richiedono uno stoccaggio sicuro<\/p>\n<\/li>\n<li data-start=\"3079\" data-end=\"3157\">\n<p data-start=\"3081\" data-end=\"3157\"><strong data-start=\"3081\" data-end=\"3102\">Regali aziendali<\/strong> o <strong data-start=\"3106\" data-end=\"3128\">eventi promozionali<\/strong> attraverso la personalizzazione del logo<\/p>\n<\/li>\n<\/ul>\n<p data-start=\"3159\" data-end=\"3346\">Se siete interessati a questo <strong data-start=\"3383\" data-end=\"3446\">RONEER Custom Morrales per le donne fabbrica borsa in pelle PU<\/strong>, per favore <strong data-start=\"3455\" data-end=\"3488\">Contattateci per richiedere dei campioni<\/strong>. <strong data-start=\"3490\" data-end=\"3512\">Servizi ODM e OEM<\/strong> sono disponibili per adattare il design, il colore e il marchio alle vostre esigenze di mercato.<\/p>","protected":false},"excerpt":{"rendered":"<p>Il <strong data-start=\"438\" data-end=\"474\">RONEER Custom Morrales per donna<\/strong> \u00e8 stato progettato e realizzato pensando sia alla funzionalit\u00e0 che all'eleganza. Realizzato con materiali di alta qualit\u00e0 <strong data-start=\"574\" data-end=\"588\">Pelle PU<\/strong>Questa borsa \u00e8 ideale per <strong data-start=\"616\" data-end=\"629\">uso quotidiano<\/strong>per il lavoro, lo shopping o le uscite occasionali. Ogni unit\u00e0 \u00e8 stata prodotta con cura in <strong data-start=\"723\" data-end=\"743\">Guangdong, Cina<\/strong>in base a rigorosi standard di controllo della qualit\u00e0 per garantire durata, comfort ed estetica.<\/p>","protected":false},"featured_media":4332,"comment_status":"open","ping_status":"closed","template":"","meta":{"site-sidebar-layout":"default","site-content-layout":"","ast-site-content-layout":"default","site-content-style":"default","site-sidebar-style":"default","ast-global-header-display":"","ast-banner-title-visibility":"","ast-main-header-display":"","ast-hfb-above-header-display":"","ast-hfb-below-header-display":"","ast-hfb-mobile-header-display":"","site-post-title":"","ast-breadcrumbs-content":"","ast-featured-img":"","footer-sml-layout":"","ast-disable-related-posts":"","theme-transparent-header-meta":"default","adv-header-id-meta":"","stick-header-meta":"","header-above-stick-meta":"","header-main-stick-meta":"","header-below-stick-meta":"","astra-migrate-meta-layouts":"set","ast-page-background-enabled":"default","ast-page-background-meta":{"desktop":{"background-color":"var(--ast-global-color-5)","background-image":"","background-repeat":"repeat","background-position":"center center","background-size":"auto","background-attachment":"scroll","background-type":"","background-media":"","overlay-type":"","overlay-color":"","overlay-opacity":"","overlay-gradient":""},"tablet":{"background-color":"","background-image":"","background-repeat":"repeat","background-position":"center center","background-size":"auto","background-attachment":"scroll","background-type":"","background-media":"","overlay-type":"","overlay-color":"","overlay-opacity":"","overlay-gradient":""},"mobile":{"background-color":"","background-image":"","background-repeat":"repeat","background-position":"center center","background-size":"auto","background-attachment":"scroll","background-type":"","background-media":"","overlay-type":"","overlay-color":"","overlay-opacity":"","overlay-gradient":""}},"ast-content-background-meta":{"desktop":{"background-color":"var(--ast-global-color-4)","background-image":"","background-repeat":"repeat","background-position":"center center","background-size":"auto","background-attachment":"scroll","background-type":"","background-media":"","overlay-type":"","overlay-color":"","overlay-opacity":"","overlay-gradient":""},"tablet":{"background-color":"var(--ast-global-color-4)","background-image":"","background-repeat":"repeat","background-position":"center center","background-size":"auto","background-attachment":"scroll","background-type":"","background-media":"","overlay-type":"","overlay-color":"","overlay-opacity":"","overlay-gradient":""},"mobile":{"background-color":"var(--ast-global-color-4)","background-image":"","background-repeat":"repeat","background-position":"center center","background-size":"auto","background-attachment":"scroll","background-type":"","background-media":"","overlay-type":"","overlay-color":"","overlay-opacity":"","overlay-gradient":""}}},"product_brand":[],"product_cat":[21,60],"product_tag":[],"class_list":{"0":"post-4331","1":"product","2":"type-product","3":"status-publish","4":"has-post-thumbnail","6":"product_cat-backpack","7":"product_cat-ladies-backpack","8":"desktop-align-left","9":"tablet-align-left","10":"mobile-align-left","12":"first","13":"instock","14":"shipping-taxable","15":"product-type-simple"},"_links":{"self":[{"href":"https:\/\/baijiabags.com\/it\/wp-json\/wp\/v2\/product\/4331","targetHints":{"allow":["GET"]}}],"collection":[{"href":"https:\/\/baijiabags.com\/it\/wp-json\/wp\/v2\/product"}],"about":[{"href":"https:\/\/baijiabags.com\/it\/wp-json\/wp\/v2\/types\/product"}],"replies":[{"embeddable":true,"href":"https:\/\/baijiabags.com\/it\/wp-json\/wp\/v2\/comments?post=4331"}],"wp:featuredmedia":[{"embeddable":true,"href":"https:\/\/baijiabags.com\/it\/wp-json\/wp\/v2\/media\/4332"}],"wp:attachment":[{"href":"https:\/\/baijiabags.com\/it\/wp-json\/wp\/v2\/media?parent=4331"}],"wp:term":[{"taxonomy":"product_brand","embeddable":true,"href":"https:\/\/baijiabags.com\/it\/wp-json\/wp\/v2\/product_brand?post=4331"},{"taxonomy":"product_cat","embeddable":true,"href":"https:\/\/baijiabags.com\/it\/wp-json\/wp\/v2\/product_cat?post=4331"},{"taxonomy":"product_tag","embeddable":true,"href":"https:\/\/baijiabags.com\/it\/wp-json\/wp\/v2\/product_tag?post=4331"}],"curies":[{"name":"wp","href":"https:\/\/api.w.org\/{rel}","templated":true}]}}