{"id":4230,"date":"2025-10-29T06:19:06","date_gmt":"2025-10-29T06:19:06","guid":{"rendered":"https:\/\/baijiabags.com\/?post_type=product&#038;p=4230"},"modified":"2025-11-01T01:21:34","modified_gmt":"2025-11-01T01:21:34","slug":"customizable-womens-vintage-fashion-pu-handbag-candy-pattern-waterproof-single-shoulder-bag-wholesale","status":"publish","type":"product","link":"https:\/\/baijiabags.com\/it\/prodotto\/customizable-womens-vintage-fashion-pu-handbag-candy-pattern-waterproof-single-shoulder-bag-wholesale\/","title":{"rendered":"Personalizzabile Womens Vintage Fashion PU Handbag Candy Pattern Waterproof Single Shoulder Bag all'ingrosso"},"content":{"rendered":"<h2 data-start=\"575\" data-end=\"590\">Caratteristiche principali<\/h2>\n<ol data-start=\"592\" data-end=\"1265\">\n<li data-start=\"592\" data-end=\"697\">\n<p data-start=\"595\" data-end=\"697\"><strong data-start=\"595\" data-end=\"620\">Materiale di alta qualit\u00e0<\/strong>: Costruito in pelle PU che garantisce durata e facilit\u00e0 di manutenzione.<\/p>\n<\/li>\n<li data-start=\"698\" data-end=\"778\">\n<p data-start=\"701\" data-end=\"778\"><strong data-start=\"701\" data-end=\"722\">Design impermeabile<\/strong>: Resistente all'acqua, mantiene gli effetti personali al sicuro e all'asciutto.<\/p>\n<\/li>\n<li data-start=\"779\" data-end=\"878\">\n<p data-start=\"782\" data-end=\"878\"><strong data-start=\"782\" data-end=\"803\">Logo personalizzabile<\/strong>: Il logo del marchio pu\u00f2 essere personalizzato per soddisfare le esigenze personali o aziendali.<\/p>\n<\/li>\n<li data-start=\"879\" data-end=\"965\">\n<p data-start=\"882\" data-end=\"965\"><strong data-start=\"882\" data-end=\"903\">Stile alla moda<\/strong>: Aspetto vintage ed elegante, adatto alle donne moderne.<\/p>\n<\/li>\n<li data-start=\"966\" data-end=\"1032\">\n<p data-start=\"969\" data-end=\"1032\"><strong data-start=\"969\" data-end=\"987\">Uso in tutte le stagioni<\/strong>: Confortevole ed elegante per ogni stagione.<\/p>\n<\/li>\n<li data-start=\"1033\" data-end=\"1107\">\n<p data-start=\"1036\" data-end=\"1107\"><strong data-start=\"1036\" data-end=\"1062\">Design a spalla singola<\/strong>: Leggero e comodo per l'uso quotidiano.<\/p>\n<\/li>\n<li data-start=\"1108\" data-end=\"1185\">\n<p data-start=\"1111\" data-end=\"1185\"><strong data-start=\"1111\" data-end=\"1128\">Opzioni di colore<\/strong>: Sono disponibili pi\u00f9 colori per abbinarsi a diversi tipi di abbigliamento.<\/p>\n<\/li>\n<li data-start=\"1186\" data-end=\"1265\">\n<p data-start=\"1189\" data-end=\"1265\"><strong data-start=\"1189\" data-end=\"1209\">Flessibilit\u00e0 delle dimensioni<\/strong>: Le dimensioni possono essere personalizzate in base alle preferenze.<\/p>\n<\/li>\n<\/ol>\n<p><img fetchpriority=\"high\" decoding=\"async\" class=\"aligncenter wp-image-4232 size-full\" src=\"https:\/\/baijiabags.com\/wp-content\/uploads\/2025\/10\/1-27.png\" alt=\"Customizable Womens Vintage Fashion PU Handbag Candy Pattern Waterproof Single Shoulder Bag Wholesale\" width=\"800\" height=\"800\" srcset=\"https:\/\/baijiabags.com\/wp-content\/uploads\/2025\/10\/1-27.png 800w, https:\/\/baijiabags.com\/wp-content\/uploads\/2025\/10\/1-27-300x300.png 300w, https:\/\/baijiabags.com\/wp-content\/uploads\/2025\/10\/1-27-150x150.png 150w, https:\/\/baijiabags.com\/wp-content\/uploads\/2025\/10\/1-27-768x768.png 768w, https:\/\/baijiabags.com\/wp-content\/uploads\/2025\/10\/1-27-12x12.png 12w, https:\/\/baijiabags.com\/wp-content\/uploads\/2025\/10\/1-27-600x600.png 600w, https:\/\/baijiabags.com\/wp-content\/uploads\/2025\/10\/1-27-100x100.png 100w\" sizes=\"(max-width: 800px) 100vw, 800px\" \/><\/p>\n<h2 data-start=\"1272\" data-end=\"1289\">Specifiche tecniche<\/h2>\n<div class=\"_tableContainer_1rjym_1\">\n<div class=\"group _tableWrapper_1rjym_13 flex w-fit flex-col-reverse\" tabindex=\"-1\">\n<table class=\"w-fit min-w-(--thread-content-width)\" data-start=\"1291\" data-end=\"2413\">\n<thead data-start=\"1291\" data-end=\"1365\">\n<tr data-start=\"1291\" data-end=\"1365\">\n<th data-start=\"1291\" data-end=\"1314\" data-col-size=\"sm\">Parametro<\/th>\n<th data-start=\"1314\" data-end=\"1365\" data-col-size=\"md\">Dettagli<\/th>\n<\/tr>\n<\/thead>\n<tbody data-start=\"1440\" data-end=\"2413\">\n<tr data-start=\"1440\" data-end=\"1514\">\n<td data-start=\"1440\" data-end=\"1463\" data-col-size=\"sm\">Nome del prodotto<\/td>\n<td data-start=\"1463\" data-end=\"1514\" data-col-size=\"md\">Borse<\/td>\n<\/tr>\n<tr data-start=\"1515\" data-end=\"1589\">\n<td data-start=\"1515\" data-end=\"1538\" data-col-size=\"sm\">Marchio<\/td>\n<td data-start=\"1538\" data-end=\"1589\" data-col-size=\"md\">RONEER<\/td>\n<\/tr>\n<tr data-start=\"1590\" data-end=\"1664\">\n<td data-start=\"1590\" data-end=\"1613\" data-col-size=\"sm\">Origine<\/td>\n<td data-start=\"1613\" data-end=\"1664\" data-col-size=\"md\">Guangdong, Cina<\/td>\n<\/tr>\n<tr data-start=\"1665\" data-end=\"1739\">\n<td data-start=\"1665\" data-end=\"1688\" data-col-size=\"sm\">Numero di modello<\/td>\n<td data-start=\"1688\" data-end=\"1739\" data-col-size=\"md\">BJ-138<\/td>\n<\/tr>\n<tr data-start=\"1740\" data-end=\"1814\">\n<td data-start=\"1740\" data-end=\"1763\" data-col-size=\"sm\">Stile<\/td>\n<td data-start=\"1763\" data-end=\"1814\" data-col-size=\"md\">Moda, Signora, Vintage<\/td>\n<\/tr>\n<tr data-start=\"1815\" data-end=\"1889\">\n<td data-start=\"1815\" data-end=\"1838\" data-col-size=\"sm\">Logo<\/td>\n<td data-col-size=\"md\" data-start=\"1838\" data-end=\"1889\">Personalizzabile<\/td>\n<\/tr>\n<tr data-start=\"1890\" data-end=\"1964\">\n<td data-start=\"1890\" data-end=\"1913\" data-col-size=\"sm\">Materiale principale<\/td>\n<td data-col-size=\"md\" data-start=\"1913\" data-end=\"1964\">Pelle PU<\/td>\n<\/tr>\n<tr data-start=\"1965\" data-end=\"2038\">\n<td data-start=\"1965\" data-end=\"1988\" data-col-size=\"sm\">Stagione<\/td>\n<td data-col-size=\"md\" data-start=\"1988\" data-end=\"2038\">Tutte le stagioni (primavera, estate, autunno, inverno)<\/td>\n<\/tr>\n<tr data-start=\"2039\" data-end=\"2113\">\n<td data-start=\"2039\" data-end=\"2062\" data-col-size=\"sm\">Dimensioni<\/td>\n<td data-start=\"2062\" data-end=\"2113\" data-col-size=\"md\">Personalizzabile<\/td>\n<\/tr>\n<tr data-start=\"2114\" data-end=\"2188\">\n<td data-start=\"2114\" data-end=\"2137\" data-col-size=\"sm\">Colore<\/td>\n<td data-start=\"2137\" data-end=\"2188\" data-col-size=\"md\">Personalizzabile<\/td>\n<\/tr>\n<tr data-start=\"2189\" data-end=\"2263\">\n<td data-start=\"2189\" data-end=\"2212\" data-col-size=\"sm\">Caratteristiche<\/td>\n<td data-start=\"2212\" data-end=\"2263\" data-col-size=\"md\">Impermeabile, resistente all'acqua<\/td>\n<\/tr>\n<tr data-start=\"2264\" data-end=\"2338\">\n<td data-start=\"2264\" data-end=\"2287\" data-col-size=\"sm\">MOQ<\/td>\n<td data-start=\"2287\" data-end=\"2338\" data-col-size=\"md\">300 (negoziabile)<\/td>\n<\/tr>\n<tr data-start=\"2339\" data-end=\"2413\">\n<td data-start=\"2339\" data-end=\"2362\" data-col-size=\"sm\">Applicazione<\/td>\n<td data-start=\"2362\" data-end=\"2413\" data-col-size=\"md\">Shopping, Vita quotidiana, Viaggi<\/td>\n<\/tr>\n<\/tbody>\n<\/table>\n<\/div>\n<\/div>\n<h2 data-start=\"2420\" data-end=\"2435\">Applicazioni<\/h2>\n<ul data-start=\"2437\" data-end=\"2738\">\n<li data-start=\"2437\" data-end=\"2512\">\n<p data-start=\"2439\" data-end=\"2512\"><strong data-start=\"2439\" data-end=\"2451\">Shopping<\/strong>: Adatto per trasportare con stile gli oggetti essenziali durante lo shopping.<\/p>\n<\/li>\n<li data-start=\"2513\" data-end=\"2575\">\n<p data-start=\"2515\" data-end=\"2575\"><strong data-start=\"2515\" data-end=\"2529\">Vita quotidiana<\/strong>: Ideale per il lavoro, la scuola o le uscite occasionali.<\/p>\n<\/li>\n<li data-start=\"2576\" data-end=\"2648\">\n<p data-start=\"2578\" data-end=\"2648\"><strong data-start=\"2578\" data-end=\"2588\">Viaggi<\/strong>: Leggero e pratico per brevi viaggi o visite in citt\u00e0.<\/p>\n<\/li>\n<li data-start=\"2649\" data-end=\"2738\">\n<p data-start=\"2651\" data-end=\"2738\"><strong data-start=\"2651\" data-end=\"2662\">Regali<\/strong>: Opzione regalo perfetta grazie al suo design elegante e alle sue caratteristiche personalizzabili.<\/p>\n<\/li>\n<\/ul>\n<p data-start=\"2745\" data-end=\"2925\">Se siete interessati a questa borsa, contattateci per ottenere un campione. <strong data-start=\"2822\" data-end=\"2844\">Servizi ODM e OEM<\/strong> sono a disposizione per supportare le esigenze di personalizzazione del marchio e di ordini in blocco.<\/p>","protected":false},"excerpt":{"rendered":"<p>Il <strong data-start=\"117\" data-end=\"167\">Personalizzabile Womens Vintage Fashion PU Handbag<\/strong> da <strong data-start=\"171\" data-end=\"181\">RONEER<\/strong> \u00e8 stata progettata per combinare l'estetica vintage senza tempo con la funzionalit\u00e0 moderna. Realizzata in pelle PU di prima qualit\u00e0, questa borsa \u00e8 resistente, impermeabile e adatta all'uso in tutte le stagioni, tra cui estate, inverno, primavera e autunno. Il suo design con motivi a caramella dona un tocco fashion e giocoso agli outfit di tutti i giorni, rendendola una scelta versatile per lo shopping, i viaggi e la vita quotidiana.<\/p>","protected":false},"featured_media":4238,"comment_status":"open","ping_status":"closed","template":"","meta":{"site-sidebar-layout":"default","site-content-layout":"","ast-site-content-layout":"default","site-content-style":"default","site-sidebar-style":"default","ast-global-header-display":"","ast-banner-title-visibility":"","ast-main-header-display":"","ast-hfb-above-header-display":"","ast-hfb-below-header-display":"","ast-hfb-mobile-header-display":"","site-post-title":"","ast-breadcrumbs-content":"","ast-featured-img":"","footer-sml-layout":"","ast-disable-related-posts":"","theme-transparent-header-meta":"default","adv-header-id-meta":"","stick-header-meta":"","header-above-stick-meta":"","header-main-stick-meta":"","header-below-stick-meta":"","astra-migrate-meta-layouts":"set","ast-page-background-enabled":"default","ast-page-background-meta":{"desktop":{"background-color":"var(--ast-global-color-5)","background-image":"","background-repeat":"repeat","background-position":"center center","background-size":"auto","background-attachment":"scroll","background-type":"","background-media":"","overlay-type":"","overlay-color":"","overlay-opacity":"","overlay-gradient":""},"tablet":{"background-color":"","background-image":"","background-repeat":"repeat","background-position":"center center","background-size":"auto","background-attachment":"scroll","background-type":"","background-media":"","overlay-type":"","overlay-color":"","overlay-opacity":"","overlay-gradient":""},"mobile":{"background-color":"","background-image":"","background-repeat":"repeat","background-position":"center center","background-size":"auto","background-attachment":"scroll","background-type":"","background-media":"","overlay-type":"","overlay-color":"","overlay-opacity":"","overlay-gradient":""}},"ast-content-background-meta":{"desktop":{"background-color":"var(--ast-global-color-4)","background-image":"","background-repeat":"repeat","background-position":"center center","background-size":"auto","background-attachment":"scroll","background-type":"","background-media":"","overlay-type":"","overlay-color":"","overlay-opacity":"","overlay-gradient":""},"tablet":{"background-color":"var(--ast-global-color-4)","background-image":"","background-repeat":"repeat","background-position":"center center","background-size":"auto","background-attachment":"scroll","background-type":"","background-media":"","overlay-type":"","overlay-color":"","overlay-opacity":"","overlay-gradient":""},"mobile":{"background-color":"var(--ast-global-color-4)","background-image":"","background-repeat":"repeat","background-position":"center center","background-size":"auto","background-attachment":"scroll","background-type":"","background-media":"","overlay-type":"","overlay-color":"","overlay-opacity":"","overlay-gradient":""}}},"product_brand":[],"product_cat":[42,54],"product_tag":[],"class_list":{"0":"post-4230","1":"product","2":"type-product","3":"status-publish","4":"has-post-thumbnail","6":"product_cat-hand-bag","7":"product_cat-womens-bag","8":"desktop-align-left","9":"tablet-align-left","10":"mobile-align-left","12":"first","13":"instock","14":"shipping-taxable","15":"product-type-simple"},"_links":{"self":[{"href":"https:\/\/baijiabags.com\/it\/wp-json\/wp\/v2\/product\/4230","targetHints":{"allow":["GET"]}}],"collection":[{"href":"https:\/\/baijiabags.com\/it\/wp-json\/wp\/v2\/product"}],"about":[{"href":"https:\/\/baijiabags.com\/it\/wp-json\/wp\/v2\/types\/product"}],"replies":[{"embeddable":true,"href":"https:\/\/baijiabags.com\/it\/wp-json\/wp\/v2\/comments?post=4230"}],"wp:featuredmedia":[{"embeddable":true,"href":"https:\/\/baijiabags.com\/it\/wp-json\/wp\/v2\/media\/4238"}],"wp:attachment":[{"href":"https:\/\/baijiabags.com\/it\/wp-json\/wp\/v2\/media?parent=4230"}],"wp:term":[{"taxonomy":"product_brand","embeddable":true,"href":"https:\/\/baijiabags.com\/it\/wp-json\/wp\/v2\/product_brand?post=4230"},{"taxonomy":"product_cat","embeddable":true,"href":"https:\/\/baijiabags.com\/it\/wp-json\/wp\/v2\/product_cat?post=4230"},{"taxonomy":"product_tag","embeddable":true,"href":"https:\/\/baijiabags.com\/it\/wp-json\/wp\/v2\/product_tag?post=4230"}],"curies":[{"name":"wp","href":"https:\/\/api.w.org\/{rel}","templated":true}]}}