{"id":3763,"date":"2025-10-23T01:15:37","date_gmt":"2025-10-23T01:15:37","guid":{"rendered":"https:\/\/baijiabags.com\/?post_type=product&#038;p=3763"},"modified":"2025-11-01T01:23:31","modified_gmt":"2025-11-01T01:23:31","slug":"china-factory-custom-logo-oxford-cloth-tote-bag-waterproof-heavy-duty-shoulder-bag-for-business-travelshopping","status":"publish","type":"product","link":"https:\/\/baijiabags.com\/it\/prodotto\/china-factory-custom-logo-oxford-cloth-tote-bag-waterproof-heavy-duty-shoulder-bag-for-business-travelshopping\/","title":{"rendered":"Cina fabbrica Logo personalizzato Oxford Cloth Tote Bag impermeabile borsa a tracolla resistente per viaggi d'affari e shopping"},"content":{"rendered":"<h2 data-start=\"1112\" data-end=\"1132\"><strong data-start=\"1116\" data-end=\"1132\">Caratteristiche principali<\/strong><\/h2>\n<ol data-start=\"1133\" data-end=\"2117\">\n<li data-start=\"1133\" data-end=\"1282\">\n<p data-start=\"1136\" data-end=\"1282\"><strong data-start=\"1136\" data-end=\"1161\">Tessuto Oxford resistente<\/strong> - La borsa \u00e8 realizzata in materiale Oxford spesso e resistente all'abrasione, che garantisce un utilizzo duraturo anche con carichi pesanti.<\/p>\n<\/li>\n<li data-start=\"1283\" data-end=\"1424\">\n<p data-start=\"1286\" data-end=\"1424\"><strong data-start=\"1286\" data-end=\"1308\">Rivestimento impermeabile<\/strong> - La superficie esterna \u00e8 stata trattata per resistere all'umidit\u00e0 e mantenere gli effetti personali asciutti in caso di pioggia o umidit\u00e0.<\/p>\n<\/li>\n<li data-start=\"1425\" data-end=\"1543\">\n<p data-start=\"1428\" data-end=\"1543\"><strong data-start=\"1428\" data-end=\"1452\">Cuciture rinforzate<\/strong> - Le aree ad alta sollecitazione, come le maniglie e gli angoli, sono state rinforzate per una maggiore resistenza.<\/p>\n<\/li>\n<li data-start=\"1544\" data-end=\"1655\">\n<p data-start=\"1547\" data-end=\"1655\"><strong data-start=\"1547\" data-end=\"1568\">Interni spaziosi<\/strong> - Un ampio scomparto principale offre spazio per documenti, computer portatili o generi alimentari.<\/p>\n<\/li>\n<li data-start=\"1656\" data-end=\"1779\">\n<p data-start=\"1659\" data-end=\"1779\"><strong data-start=\"1659\" data-end=\"1690\">Logo e colore personalizzabili<\/strong> - Il branding e la personalizzazione estetica sono supportati in base alle esigenze del cliente.<\/p>\n<\/li>\n<li data-start=\"1780\" data-end=\"1896\">\n<p data-start=\"1783\" data-end=\"1896\"><strong data-start=\"1783\" data-end=\"1813\">Spallacci regolabili<\/strong> - Sono incluse cinghie ergonomiche per un comodo trasporto a lungo termine.<\/p>\n<\/li>\n<li data-start=\"1897\" data-end=\"1993\">\n<p data-start=\"1900\" data-end=\"1993\"><strong data-start=\"1900\" data-end=\"1920\">Chiusura con cerniera<\/strong> - Per proteggere gli oggetti di valore \u00e8 stato installato un sistema di cerniere sicuro.<\/p>\n<\/li>\n<li data-start=\"1994\" data-end=\"2117\">\n<p data-start=\"1997\" data-end=\"2117\"><strong data-start=\"1997\" data-end=\"2023\">Materiali eco-compatibili<\/strong> - Il tessuto \u00e8 ecologico e conforme agli standard di sicurezza internazionali.<\/p>\n<\/li>\n<\/ol>\n<h2 data-start=\"2124\" data-end=\"2146\"><strong data-start=\"2128\" data-end=\"2146\">Specifiche tecniche<\/strong><\/h2>\n<div class=\"_tableContainer_1rjym_1\">\n<div class=\"group _tableWrapper_1rjym_13 flex w-fit flex-col-reverse\" tabindex=\"-1\">\n<table class=\"w-fit min-w-(--thread-content-width)\" data-start=\"2148\" data-end=\"3379\">\n<thead data-start=\"2148\" data-end=\"2223\">\n<tr data-start=\"2148\" data-end=\"2223\">\n<th data-start=\"2148\" data-end=\"2174\" data-col-size=\"sm\"><strong data-start=\"2150\" data-end=\"2163\">Parametro<\/strong><\/th>\n<th data-start=\"2174\" data-end=\"2223\" data-col-size=\"md\"><strong data-start=\"2176\" data-end=\"2191\">Descrizione<\/strong><\/th>\n<\/tr>\n<\/thead>\n<tbody data-start=\"2301\" data-end=\"3379\">\n<tr data-start=\"2301\" data-end=\"2377\">\n<td data-start=\"2301\" data-end=\"2328\" data-col-size=\"sm\"><strong data-start=\"2303\" data-end=\"2319\">Nome del prodotto<\/strong><\/td>\n<td data-start=\"2328\" data-end=\"2377\" data-col-size=\"md\">Borsa tote in tessuto Oxford<\/td>\n<\/tr>\n<tr data-start=\"2378\" data-end=\"2454\">\n<td data-start=\"2378\" data-end=\"2405\" data-col-size=\"sm\"><strong data-start=\"2380\" data-end=\"2389\">Marchio<\/strong><\/td>\n<td data-start=\"2405\" data-end=\"2454\" data-col-size=\"md\">RONEER<\/td>\n<\/tr>\n<tr data-start=\"2455\" data-end=\"2531\">\n<td data-start=\"2455\" data-end=\"2482\" data-col-size=\"sm\"><strong data-start=\"2457\" data-end=\"2473\">Numero di modello<\/strong><\/td>\n<td data-start=\"2482\" data-end=\"2531\" data-col-size=\"md\">BJ-053<\/td>\n<\/tr>\n<tr data-start=\"2532\" data-end=\"2608\">\n<td data-start=\"2532\" data-end=\"2559\" data-col-size=\"sm\"><strong data-start=\"2534\" data-end=\"2546\">Materiale<\/strong><\/td>\n<td data-start=\"2559\" data-end=\"2608\" data-col-size=\"md\">Tessuto Oxford<\/td>\n<\/tr>\n<tr data-start=\"2609\" data-end=\"2685\">\n<td data-start=\"2609\" data-end=\"2636\" data-col-size=\"sm\"><strong data-start=\"2611\" data-end=\"2630\">Luogo di origine<\/strong><\/td>\n<td data-start=\"2636\" data-end=\"2685\" data-col-size=\"md\">Guangdong, Cina<\/td>\n<\/tr>\n<tr data-start=\"2686\" data-end=\"2762\">\n<td data-start=\"2686\" data-end=\"2713\" data-col-size=\"sm\"><strong data-start=\"2688\" data-end=\"2697\">Stile<\/strong><\/td>\n<td data-start=\"2713\" data-end=\"2762\" data-col-size=\"md\">Moda, Signora, Vintage, Nazionale, Inghilterra<\/td>\n<\/tr>\n<tr data-start=\"2763\" data-end=\"2839\">\n<td data-start=\"2763\" data-end=\"2790\" data-col-size=\"sm\"><strong data-start=\"2765\" data-end=\"2773\">Dimensione<\/strong><\/td>\n<td data-start=\"2790\" data-end=\"2839\" data-col-size=\"md\">Personalizzabile<\/td>\n<\/tr>\n<tr data-start=\"2840\" data-end=\"2916\">\n<td data-start=\"2840\" data-end=\"2867\" data-col-size=\"sm\"><strong data-start=\"2842\" data-end=\"2859\">Opzioni di colore<\/strong><\/td>\n<td data-start=\"2867\" data-end=\"2916\" data-col-size=\"md\">Personalizzabile<\/td>\n<\/tr>\n<tr data-start=\"2917\" data-end=\"2993\">\n<td data-start=\"2917\" data-end=\"2944\" data-col-size=\"sm\"><strong data-start=\"2919\" data-end=\"2930\">Caratteristica<\/strong><\/td>\n<td data-start=\"2944\" data-end=\"2993\" data-col-size=\"md\">Resistente, impermeabile<\/td>\n<\/tr>\n<tr data-start=\"2994\" data-end=\"3070\">\n<td data-start=\"2994\" data-end=\"3021\" data-col-size=\"sm\"><strong data-start=\"2996\" data-end=\"3003\">MOQ<\/strong><\/td>\n<td data-start=\"3021\" data-end=\"3070\" data-col-size=\"md\">300 pezzi<\/td>\n<\/tr>\n<tr data-start=\"3071\" data-end=\"3147\">\n<td data-start=\"3071\" data-end=\"3098\" data-col-size=\"sm\"><strong data-start=\"3073\" data-end=\"3082\">Utilizzo<\/strong><\/td>\n<td data-start=\"3098\" data-end=\"3147\" data-col-size=\"md\">Affari, shopping, pendolarismo, viaggi, lavoro<\/td>\n<\/tr>\n<tr data-start=\"3148\" data-end=\"3224\">\n<td data-start=\"3148\" data-end=\"3175\" data-col-size=\"sm\"><strong data-start=\"3150\" data-end=\"3158\">Logo<\/strong><\/td>\n<td data-start=\"3175\" data-end=\"3224\" data-col-size=\"md\">Logo personalizzato disponibile (stampato o ricamato)<\/td>\n<\/tr>\n<tr data-start=\"3225\" data-end=\"3302\">\n<td data-start=\"3225\" data-end=\"3252\" data-col-size=\"sm\"><strong data-start=\"3227\" data-end=\"3240\">Imballaggio<\/strong><\/td>\n<td data-start=\"3252\" data-end=\"3302\" data-col-size=\"md\">Polisacco individuale o confezione personalizzata<\/td>\n<\/tr>\n<tr data-start=\"3303\" data-end=\"3379\">\n<td data-start=\"3303\" data-end=\"3330\" data-col-size=\"sm\"><strong data-start=\"3305\" data-end=\"3324\">Tempo di produzione<\/strong><\/td>\n<td data-start=\"3330\" data-end=\"3379\" data-col-size=\"md\">25-35 giorni (a seconda della quantit\u00e0)<\/td>\n<\/tr>\n<\/tbody>\n<\/table>\n<\/div>\n<\/div>\n<h2 data-start=\"3386\" data-end=\"3406\"><strong data-start=\"3390\" data-end=\"3406\">Applicazioni<\/strong><\/h2>\n<ul data-start=\"3407\" data-end=\"3863\">\n<li data-start=\"3407\" data-end=\"3490\">\n<p data-start=\"3409\" data-end=\"3490\"><strong data-start=\"3409\" data-end=\"3428\">Viaggi d'affari<\/strong> - Ideale per trasportare computer portatili, file e oggetti essenziali per l'ufficio.<\/p>\n<\/li>\n<li data-start=\"3491\" data-end=\"3589\">\n<p data-start=\"3493\" data-end=\"3589\"><strong data-start=\"3493\" data-end=\"3512\">Pendolarismo quotidiano<\/strong> - Progettato per un comodo utilizzo quotidiano su autobus, metropolitane o percorsi a piedi.<\/p>\n<\/li>\n<li data-start=\"3590\" data-end=\"3691\">\n<p data-start=\"3592\" data-end=\"3691\"><strong data-start=\"3592\" data-end=\"3616\">Shopping e tempo libero<\/strong> - Perfetta per i consumatori eco-consapevoli che preferiscono borse riutilizzabili e resistenti.<\/p>\n<\/li>\n<li data-start=\"3692\" data-end=\"3774\">\n<p data-start=\"3694\" data-end=\"3774\"><strong data-start=\"3694\" data-end=\"3713\">Regali aziendali<\/strong> - Adatto per branding, eventi o omaggi promozionali.<\/p>\n<\/li>\n<li data-start=\"3775\" data-end=\"3863\">\n<p data-start=\"3777\" data-end=\"3863\"><strong data-start=\"3777\" data-end=\"3804\">Uso all'aperto e nel fine settimana<\/strong> - Pu\u00f2 essere utilizzato per picnic, brevi viaggi o per il fitness.<\/p>\n<\/li>\n<\/ul>\n<p data-start=\"3870\" data-end=\"4102\">Se siete interessati a questo <strong data-start=\"3900\" data-end=\"3932\">RONEER Borsa a tracolla in tessuto Oxford<\/strong>, si prega di contattarci per richiedere <strong data-start=\"3963\" data-end=\"3974\">campioni<\/strong>.<strong data-start=\"3978\" data-end=\"4000\">Servizi ODM e OEM<\/strong> Sono disponibili disegni, colori e loghi personalizzati in base alle vostre esigenze aziendali.<\/p>","protected":false},"excerpt":{"rendered":"<p>Il <strong data-start=\"428\" data-end=\"472\">RONEER Borsa da viaggio in tessuto Oxford con logo personalizzato<\/strong> \u00e8 stato progettato e realizzato per offrire una soluzione versatile a professionisti, acquirenti e viaggiatori. Costruito con materiali di alta qualit\u00e0 <strong data-start=\"614\" data-end=\"631\">Tessuto Oxford<\/strong>La borsa si distingue per l'eccezionale durata, l'impermeabilit\u00e0 e l'aspetto elegante. Ogni dettaglio \u00e8 stato accuratamente realizzato per soddisfare le esigenze degli utenti che richiedono funzionalit\u00e0 e moda nelle loro attivit\u00e0 quotidiane.<\/p>","protected":false},"featured_media":3764,"comment_status":"open","ping_status":"closed","template":"","meta":{"site-sidebar-layout":"default","site-content-layout":"","ast-site-content-layout":"default","site-content-style":"default","site-sidebar-style":"default","ast-global-header-display":"","ast-banner-title-visibility":"","ast-main-header-display":"","ast-hfb-above-header-display":"","ast-hfb-below-header-display":"","ast-hfb-mobile-header-display":"","site-post-title":"","ast-breadcrumbs-content":"","ast-featured-img":"","footer-sml-layout":"","ast-disable-related-posts":"","theme-transparent-header-meta":"default","adv-header-id-meta":"","stick-header-meta":"","header-above-stick-meta":"","header-main-stick-meta":"","header-below-stick-meta":"","astra-migrate-meta-layouts":"set","ast-page-background-enabled":"default","ast-page-background-meta":{"desktop":{"background-color":"var(--ast-global-color-5)","background-image":"","background-repeat":"repeat","background-position":"center center","background-size":"auto","background-attachment":"scroll","background-type":"","background-media":"","overlay-type":"","overlay-color":"","overlay-opacity":"","overlay-gradient":""},"tablet":{"background-color":"","background-image":"","background-repeat":"repeat","background-position":"center center","background-size":"auto","background-attachment":"scroll","background-type":"","background-media":"","overlay-type":"","overlay-color":"","overlay-opacity":"","overlay-gradient":""},"mobile":{"background-color":"","background-image":"","background-repeat":"repeat","background-position":"center center","background-size":"auto","background-attachment":"scroll","background-type":"","background-media":"","overlay-type":"","overlay-color":"","overlay-opacity":"","overlay-gradient":""}},"ast-content-background-meta":{"desktop":{"background-color":"var(--ast-global-color-4)","background-image":"","background-repeat":"repeat","background-position":"center center","background-size":"auto","background-attachment":"scroll","background-type":"","background-media":"","overlay-type":"","overlay-color":"","overlay-opacity":"","overlay-gradient":""},"tablet":{"background-color":"var(--ast-global-color-4)","background-image":"","background-repeat":"repeat","background-position":"center center","background-size":"auto","background-attachment":"scroll","background-type":"","background-media":"","overlay-type":"","overlay-color":"","overlay-opacity":"","overlay-gradient":""},"mobile":{"background-color":"var(--ast-global-color-4)","background-image":"","background-repeat":"repeat","background-position":"center center","background-size":"auto","background-attachment":"scroll","background-type":"","background-media":"","overlay-type":"","overlay-color":"","overlay-opacity":"","overlay-gradient":""}}},"product_brand":[],"product_cat":[59,54],"product_tag":[],"class_list":{"0":"post-3763","1":"product","2":"type-product","3":"status-publish","4":"has-post-thumbnail","6":"product_cat-quilted-tote-bag","7":"product_cat-womens-bag","8":"desktop-align-left","9":"tablet-align-left","10":"mobile-align-left","12":"first","13":"instock","14":"shipping-taxable","15":"product-type-simple"},"_links":{"self":[{"href":"https:\/\/baijiabags.com\/it\/wp-json\/wp\/v2\/product\/3763","targetHints":{"allow":["GET"]}}],"collection":[{"href":"https:\/\/baijiabags.com\/it\/wp-json\/wp\/v2\/product"}],"about":[{"href":"https:\/\/baijiabags.com\/it\/wp-json\/wp\/v2\/types\/product"}],"replies":[{"embeddable":true,"href":"https:\/\/baijiabags.com\/it\/wp-json\/wp\/v2\/comments?post=3763"}],"wp:featuredmedia":[{"embeddable":true,"href":"https:\/\/baijiabags.com\/it\/wp-json\/wp\/v2\/media\/3764"}],"wp:attachment":[{"href":"https:\/\/baijiabags.com\/it\/wp-json\/wp\/v2\/media?parent=3763"}],"wp:term":[{"taxonomy":"product_brand","embeddable":true,"href":"https:\/\/baijiabags.com\/it\/wp-json\/wp\/v2\/product_brand?post=3763"},{"taxonomy":"product_cat","embeddable":true,"href":"https:\/\/baijiabags.com\/it\/wp-json\/wp\/v2\/product_cat?post=3763"},{"taxonomy":"product_tag","embeddable":true,"href":"https:\/\/baijiabags.com\/it\/wp-json\/wp\/v2\/product_tag?post=3763"}],"curies":[{"name":"wp","href":"https:\/\/api.w.org\/{rel}","templated":true}]}}