{"id":3651,"date":"2025-10-20T07:11:13","date_gmt":"2025-10-20T07:11:13","guid":{"rendered":"https:\/\/baijiabags.com\/?post_type=product&#038;p=3651"},"modified":"2025-10-20T09:56:26","modified_gmt":"2025-10-20T09:56:26","slug":"china-factory-minimalist-pu-leather-wallet-with-zipper-rfid-blocking-metal-card-holder-cute-designer-wallet-wholesale","status":"publish","type":"product","link":"https:\/\/baijiabags.com\/it\/prodotto\/china-factory-minimalist-pu-leather-wallet-with-zipper-rfid-blocking-metal-card-holder-cute-designer-wallet-wholesale\/","title":{"rendered":"Cina Fabbrica Portafoglio minimalista in pelle PU con chiusura lampo RFID Blocco carta metallo Portafoglio designer carino all'ingrosso"},"content":{"rendered":"<h2 data-start=\"1059\" data-end=\"1075\">Caratteristiche principali<\/h2>\n<ol data-start=\"1077\" data-end=\"2106\">\n<li data-start=\"1077\" data-end=\"1211\">\n<p data-start=\"1080\" data-end=\"1211\"><strong data-start=\"1080\" data-end=\"1101\">Design minimalista<\/strong> - La struttura sottile e leggera consente di trasportare facilmente il portafoglio in tasca o in borsa.<\/p>\n<\/li>\n<li data-start=\"1212\" data-end=\"1350\">\n<p data-start=\"1215\" data-end=\"1350\"><strong data-start=\"1215\" data-end=\"1242\">Pelle PU di alta qualit\u00e0<\/strong> - La pelle PU, resistente ed ecologica, \u00e8 stata selezionata per garantire una texture liscia e un utilizzo duraturo.<\/p>\n<\/li>\n<li data-start=\"1351\" data-end=\"1466\">\n<p data-start=\"1354\" data-end=\"1466\"><strong data-start=\"1354\" data-end=\"1382\">Tecnologia di blocco RFID<\/strong> - La protezione RFID avanzata viene applicata per salvaguardare i dati personali memorizzati sulle carte.<\/p>\n<\/li>\n<li data-start=\"1467\" data-end=\"1577\">\n<p data-start=\"1470\" data-end=\"1577\"><strong data-start=\"1470\" data-end=\"1495\">Chiusura a cerniera sicura<\/strong> - Una cerniera affidabile \u00e8 stata utilizzata per proteggere monete, contanti e altri oggetti essenziali.<\/p>\n<\/li>\n<li data-start=\"1578\" data-end=\"1696\">\n<p data-start=\"1581\" data-end=\"1696\"><strong data-start=\"1581\" data-end=\"1605\">Opzioni personalizzabili<\/strong> - I formati e i colori possono essere adattati a specifiche esigenze di branding e di vendita all'ingrosso.<\/p>\n<\/li>\n<li data-start=\"1697\" data-end=\"1815\">\n<p data-start=\"1700\" data-end=\"1815\"><strong data-start=\"1700\" data-end=\"1722\">Decorazione elegante<\/strong> - I motivi criss-cross e i ricami sono stati incorporati per un aspetto alla moda.<\/p>\n<\/li>\n<li data-start=\"1816\" data-end=\"1943\">\n<p data-start=\"1819\" data-end=\"1943\"><strong data-start=\"1819\" data-end=\"1841\">Caratteristica impermeabile<\/strong> - \u00c8 incluso un rivestimento resistente all'acqua, che consente al portafoglio di rimanere pratico negli ambienti quotidiani.<\/p>\n<\/li>\n<li data-start=\"1944\" data-end=\"2106\">\n<p data-start=\"1947\" data-end=\"2106\"><strong data-start=\"1947\" data-end=\"1973\">Disponibilit\u00e0 all'ingrosso<\/strong> - Con una quantit\u00e0 minima d'ordine (MOQ) di 300 unit\u00e0, il prodotto \u00e8 stato preparato per l'acquisto di grandi quantit\u00e0 da parte di distributori e rivenditori.<\/p>\n<\/li>\n<\/ol>\n<h2 data-start=\"2113\" data-end=\"2131\">Specifiche tecniche<\/h2>\n<div class=\"_tableContainer_1rjym_1\">\n<div class=\"group _tableWrapper_1rjym_13 flex w-fit flex-col-reverse\" tabindex=\"-1\">\n<table class=\"w-fit min-w-(--thread-content-width)\" data-start=\"2133\" data-end=\"2838\">\n<thead data-start=\"2133\" data-end=\"2170\">\n<tr data-start=\"2133\" data-end=\"2170\">\n<th data-start=\"2133\" data-end=\"2155\" data-col-size=\"sm\"><strong data-start=\"2135\" data-end=\"2143\">Articolo<\/strong><\/th>\n<th data-start=\"2155\" data-end=\"2170\" data-col-size=\"md\"><strong data-start=\"2157\" data-end=\"2168\">Dettagli<\/strong><\/th>\n<\/tr>\n<\/thead>\n<tbody data-start=\"2210\" data-end=\"2838\">\n<tr data-start=\"2210\" data-end=\"2309\">\n<td data-start=\"2210\" data-end=\"2233\" data-col-size=\"sm\">Nome del prodotto<\/td>\n<td data-col-size=\"md\" data-start=\"2233\" data-end=\"2309\">Portafoglio minimalista in pelle PU con cerniera RFID che blocca le carte di credito in metallo<\/td>\n<\/tr>\n<tr data-start=\"2310\" data-end=\"2343\">\n<td data-start=\"2310\" data-end=\"2333\" data-col-size=\"sm\">Marchio<\/td>\n<td data-col-size=\"md\" data-start=\"2333\" data-end=\"2343\">RONEER<\/td>\n<\/tr>\n<tr data-start=\"2344\" data-end=\"2378\">\n<td data-start=\"2344\" data-end=\"2367\" data-col-size=\"sm\">Modello<\/td>\n<td data-start=\"2367\" data-end=\"2378\" data-col-size=\"md\">EBW1467<\/td>\n<\/tr>\n<tr data-start=\"2379\" data-end=\"2422\">\n<td data-start=\"2379\" data-end=\"2402\" data-col-size=\"sm\">Origine<\/td>\n<td data-start=\"2402\" data-end=\"2422\" data-col-size=\"md\">Guangdong, Cina<\/td>\n<\/tr>\n<tr data-start=\"2423\" data-end=\"2457\">\n<td data-start=\"2423\" data-end=\"2446\" data-col-size=\"sm\">Stile<\/td>\n<td data-start=\"2446\" data-end=\"2457\" data-col-size=\"md\">Moda<\/td>\n<\/tr>\n<tr data-start=\"2458\" data-end=\"2495\">\n<td data-start=\"2458\" data-end=\"2481\" data-col-size=\"sm\">Materiale principale<\/td>\n<td data-col-size=\"md\" data-start=\"2481\" data-end=\"2495\">Pelle PU<\/td>\n<\/tr>\n<tr data-start=\"2496\" data-end=\"2546\">\n<td data-start=\"2496\" data-end=\"2519\" data-col-size=\"sm\">Decorazione<\/td>\n<td data-col-size=\"md\" data-start=\"2519\" data-end=\"2546\">Criss-cross, Ricamo<\/td>\n<\/tr>\n<tr data-start=\"2547\" data-end=\"2586\">\n<td data-start=\"2547\" data-end=\"2570\" data-col-size=\"sm\">Dimensione<\/td>\n<td data-col-size=\"md\" data-start=\"2570\" data-end=\"2586\">Personalizzabile<\/td>\n<\/tr>\n<tr data-start=\"2587\" data-end=\"2626\">\n<td data-start=\"2587\" data-end=\"2610\" data-col-size=\"sm\">Colore<\/td>\n<td data-col-size=\"md\" data-start=\"2610\" data-end=\"2626\">Personalizzabile<\/td>\n<\/tr>\n<tr data-start=\"2627\" data-end=\"2660\">\n<td data-start=\"2627\" data-end=\"2650\" data-col-size=\"sm\">Tipo di chiusura<\/td>\n<td data-start=\"2650\" data-end=\"2660\" data-col-size=\"md\">Cerniera<\/td>\n<\/tr>\n<tr data-start=\"2661\" data-end=\"2701\">\n<td data-start=\"2661\" data-end=\"2684\" data-col-size=\"sm\">Tecnologia<\/td>\n<td data-start=\"2684\" data-end=\"2701\" data-col-size=\"md\">Blocco RFID<\/td>\n<\/tr>\n<tr data-start=\"2702\" data-end=\"2748\">\n<td data-start=\"2702\" data-end=\"2725\" data-col-size=\"sm\">Caratteristica<\/td>\n<td data-start=\"2725\" data-end=\"2748\" data-col-size=\"md\">Resistente, impermeabile<\/td>\n<\/tr>\n<tr data-start=\"2749\" data-end=\"2779\">\n<td data-start=\"2749\" data-end=\"2772\" data-col-size=\"sm\">MOQ<\/td>\n<td data-start=\"2772\" data-end=\"2779\" data-col-size=\"md\">300<\/td>\n<\/tr>\n<tr data-start=\"2780\" data-end=\"2838\">\n<td data-start=\"2780\" data-end=\"2803\" data-col-size=\"sm\">Applicazione<\/td>\n<td data-start=\"2803\" data-end=\"2838\" data-col-size=\"md\">Uso quotidiano, multifunzione, regalo<\/td>\n<\/tr>\n<\/tbody>\n<\/table>\n<\/div>\n<\/div>\n<h2 data-start=\"2845\" data-end=\"2861\">Applicazioni<\/h2>\n<ul data-start=\"2863\" data-end=\"3400\">\n<li data-start=\"2863\" data-end=\"2951\">\n<p data-start=\"2865\" data-end=\"2951\"><strong data-start=\"2865\" data-end=\"2878\">Uso quotidiano<\/strong> - Progettato per il trasporto quotidiano di contanti, carte e piccoli oggetti essenziali.<\/p>\n<\/li>\n<li data-start=\"2952\" data-end=\"3066\">\n<p data-start=\"2954\" data-end=\"3066\"><strong data-start=\"2954\" data-end=\"2975\">Affari e viaggi<\/strong> - Dotato di protezione RFID, \u00e8 adatto a scopi professionali o di viaggio.<\/p>\n<\/li>\n<li data-start=\"3067\" data-end=\"3181\">\n<p data-start=\"3069\" data-end=\"3181\"><strong data-start=\"3069\" data-end=\"3090\">Accessorio moda<\/strong> - Gli elementi decorativi consentono di utilizzarlo come accessorio di stile sia per gli uomini che per le donne.<\/p>\n<\/li>\n<li data-start=\"3182\" data-end=\"3289\">\n<p data-start=\"3184\" data-end=\"3289\"><strong data-start=\"3184\" data-end=\"3199\">Opzione regalo<\/strong> - Adatto come regalo pratico ed elegante per amici, colleghi e familiari.<\/p>\n<\/li>\n<li data-start=\"3290\" data-end=\"3400\">\n<p data-start=\"3292\" data-end=\"3400\"><strong data-start=\"3292\" data-end=\"3314\">Commercio all'ingrosso e al dettaglio<\/strong> - Ideale per negozi di moda, negozi di articoli da regalo e rivenditori online che necessitano di forniture all'ingrosso.<\/p>\n<\/li>\n<\/ul>\n<p data-start=\"3407\" data-end=\"3581\">Se siete interessati a questo portafoglio, sentitevi liberi di <strong data-start=\"3465\" data-end=\"3491\">Contattateci per i campioni<\/strong>. <strong data-start=\"3493\" data-end=\"3529\">Sono disponibili servizi ODM e OEM<\/strong> per supportare le vostre esigenze di branding e personalizzazione.<\/p>","protected":false},"excerpt":{"rendered":"<p>Il <strong data-start=\"352\" data-end=\"432\">Portafoglio minimalista in pelle PU con cerniera e portacarte in metallo con blocco RFID<\/strong> \u00e8 prodotto da <strong data-start=\"452\" data-end=\"462\">RONEER<\/strong> nel Guangdong, in Cina. Progettato con uno stile moderno e alla moda, il portafoglio \u00e8 realizzato con materiali di alta qualit\u00e0. <strong data-start=\"570\" data-end=\"584\">Pelle PU<\/strong> ed \u00e8 arricchito da <strong data-start=\"606\" data-end=\"648\">decorazioni criss-cross e ricami<\/strong>. \u00c8 stato adottato un design compatto, mentre le opzioni di personalizzazione in <strong data-start=\"716\" data-end=\"734\">dimensioni e colore<\/strong> sono forniti per soddisfare le diverse richieste del mercato.<\/p>","protected":false},"featured_media":3656,"comment_status":"open","ping_status":"closed","template":"","meta":{"site-sidebar-layout":"default","site-content-layout":"","ast-site-content-layout":"default","site-content-style":"default","site-sidebar-style":"default","ast-global-header-display":"","ast-banner-title-visibility":"","ast-main-header-display":"","ast-hfb-above-header-display":"","ast-hfb-below-header-display":"","ast-hfb-mobile-header-display":"","site-post-title":"","ast-breadcrumbs-content":"","ast-featured-img":"","footer-sml-layout":"","ast-disable-related-posts":"","theme-transparent-header-meta":"default","adv-header-id-meta":"","stick-header-meta":"","header-above-stick-meta":"","header-main-stick-meta":"","header-below-stick-meta":"","astra-migrate-meta-layouts":"set","ast-page-background-enabled":"default","ast-page-background-meta":{"desktop":{"background-color":"var(--ast-global-color-5)","background-image":"","background-repeat":"repeat","background-position":"center center","background-size":"auto","background-attachment":"scroll","background-type":"","background-media":"","overlay-type":"","overlay-color":"","overlay-opacity":"","overlay-gradient":""},"tablet":{"background-color":"","background-image":"","background-repeat":"repeat","background-position":"center center","background-size":"auto","background-attachment":"scroll","background-type":"","background-media":"","overlay-type":"","overlay-color":"","overlay-opacity":"","overlay-gradient":""},"mobile":{"background-color":"","background-image":"","background-repeat":"repeat","background-position":"center center","background-size":"auto","background-attachment":"scroll","background-type":"","background-media":"","overlay-type":"","overlay-color":"","overlay-opacity":"","overlay-gradient":""}},"ast-content-background-meta":{"desktop":{"background-color":"var(--ast-global-color-4)","background-image":"","background-repeat":"repeat","background-position":"center center","background-size":"auto","background-attachment":"scroll","background-type":"","background-media":"","overlay-type":"","overlay-color":"","overlay-opacity":"","overlay-gradient":""},"tablet":{"background-color":"var(--ast-global-color-4)","background-image":"","background-repeat":"repeat","background-position":"center center","background-size":"auto","background-attachment":"scroll","background-type":"","background-media":"","overlay-type":"","overlay-color":"","overlay-opacity":"","overlay-gradient":""},"mobile":{"background-color":"var(--ast-global-color-4)","background-image":"","background-repeat":"repeat","background-position":"center center","background-size":"auto","background-attachment":"scroll","background-type":"","background-media":"","overlay-type":"","overlay-color":"","overlay-opacity":"","overlay-gradient":""}}},"product_brand":[],"product_cat":[55],"product_tag":[],"class_list":{"0":"post-3651","1":"product","2":"type-product","3":"status-publish","4":"has-post-thumbnail","6":"product_cat-wallets-card-holder","7":"desktop-align-left","8":"tablet-align-left","9":"mobile-align-left","11":"first","12":"instock","13":"shipping-taxable","14":"product-type-simple"},"_links":{"self":[{"href":"https:\/\/baijiabags.com\/it\/wp-json\/wp\/v2\/product\/3651","targetHints":{"allow":["GET"]}}],"collection":[{"href":"https:\/\/baijiabags.com\/it\/wp-json\/wp\/v2\/product"}],"about":[{"href":"https:\/\/baijiabags.com\/it\/wp-json\/wp\/v2\/types\/product"}],"replies":[{"embeddable":true,"href":"https:\/\/baijiabags.com\/it\/wp-json\/wp\/v2\/comments?post=3651"}],"wp:featuredmedia":[{"embeddable":true,"href":"https:\/\/baijiabags.com\/it\/wp-json\/wp\/v2\/media\/3656"}],"wp:attachment":[{"href":"https:\/\/baijiabags.com\/it\/wp-json\/wp\/v2\/media?parent=3651"}],"wp:term":[{"taxonomy":"product_brand","embeddable":true,"href":"https:\/\/baijiabags.com\/it\/wp-json\/wp\/v2\/product_brand?post=3651"},{"taxonomy":"product_cat","embeddable":true,"href":"https:\/\/baijiabags.com\/it\/wp-json\/wp\/v2\/product_cat?post=3651"},{"taxonomy":"product_tag","embeddable":true,"href":"https:\/\/baijiabags.com\/it\/wp-json\/wp\/v2\/product_tag?post=3651"}],"curies":[{"name":"wp","href":"https:\/\/api.w.org\/{rel}","templated":true}]}}