{"id":3648,"date":"2025-10-20T07:01:01","date_gmt":"2025-10-20T07:01:01","guid":{"rendered":"https:\/\/baijiabags.com\/?post_type=product&#038;p=3648"},"modified":"2025-10-23T06:30:17","modified_gmt":"2025-10-23T06:30:17","slug":"factory-cheap-minimalist-womens-mini-slim-leather-wallet-cute-customizable","status":"publish","type":"product","link":"https:\/\/baijiabags.com\/it\/prodotto\/factory-cheap-minimalist-womens-mini-slim-leather-wallet-cute-customizable\/","title":{"rendered":"Fabbrica Economico Minimalista Womens Mini Slim Portafoglio in pelle Carino Personalizzabile"},"content":{"rendered":"<h2 data-start=\"680\" data-end=\"697\">Caratteristiche principali<\/h2>\n<ol data-start=\"699\" data-end=\"1850\">\n<li data-start=\"699\" data-end=\"838\">\n<p data-start=\"702\" data-end=\"838\"><strong data-start=\"702\" data-end=\"723\">Design minimalista:<\/strong>L'aspetto leggero e sottile \u00e8 stato creato per garantire la portabilit\u00e0 senza sacrificare le esigenze di stoccaggio.<\/p>\n<\/li>\n<li data-start=\"840\" data-end=\"988\">\n<p data-start=\"843\" data-end=\"988\"><strong data-start=\"843\" data-end=\"865\">Pelle PU premium:<\/strong><br data-start=\"865\" data-end=\"868\" \/>La pelle PU di alta qualit\u00e0 \u00e8 stata utilizzata per garantire morbidezza al tatto, resistenza ai graffi e impermeabilit\u00e0.<\/p>\n<\/li>\n<li data-start=\"990\" data-end=\"1150\">\n<p data-start=\"993\" data-end=\"1150\"><strong data-start=\"993\" data-end=\"1017\">Opzioni personalizzabili:<\/strong>Sono disponibili diversi colori e dimensioni e i loghi o i motivi possono essere personalizzati in base alle preferenze del cliente.<\/p>\n<\/li>\n<li data-start=\"1152\" data-end=\"1291\">\n<p data-start=\"1155\" data-end=\"1291\"><strong data-start=\"1155\" data-end=\"1174\">Conservazione compatta:<\/strong>Gli scomparti essenziali per carte, monete e contanti sono stati integrati in una struttura minimale e poco ingombrante.<\/p>\n<\/li>\n<li data-start=\"1293\" data-end=\"1414\">\n<p data-start=\"1296\" data-end=\"1414\"><strong data-start=\"1296\" data-end=\"1310\">Durata:<\/strong>Sono state applicate tecniche di cucitura avanzate per rafforzare i bordi e prolungare la durata del prodotto.<\/p>\n<\/li>\n<li data-start=\"1416\" data-end=\"1550\">\n<p data-start=\"1419\" data-end=\"1550\"><strong data-start=\"1419\" data-end=\"1437\">Appello della moda:<\/strong>L'aspetto elegante e professionale \u00e8 stato incorporato, rendendo il portafoglio adatto alle donne moderne.<\/p>\n<\/li>\n<li data-start=\"1552\" data-end=\"1705\">\n<p data-start=\"1555\" data-end=\"1705\"><strong data-start=\"1555\" data-end=\"1582\">Portabilit\u00e0 leggera:<\/strong>\u00c8 stato adottato un formato mini che consente di portare con s\u00e9 il portafoglio senza sforzo per i viaggi, le riunioni o le commissioni quotidiane.<\/p>\n<\/li>\n<li data-start=\"1707\" data-end=\"1850\">\n<p data-start=\"1710\" data-end=\"1850\"><strong data-start=\"1710\" data-end=\"1735\">Applicazione versatile:<\/strong>Il portafoglio \u00e8 stato progettato per essere utilizzato come un <strong data-start=\"1783\" data-end=\"1847\">portacarte, organizer per contanti, accessorio di moda o articolo da regalo<\/strong>.<\/p>\n<\/li>\n<\/ol>\n<h2 data-start=\"1857\" data-end=\"1876\">Specifiche tecniche<\/h2>\n<div class=\"_tableContainer_1rjym_1\">\n<div class=\"group _tableWrapper_1rjym_13 flex w-fit flex-col-reverse\" tabindex=\"-1\">\n<table class=\"w-fit min-w-(--thread-content-width)\" data-start=\"1878\" data-end=\"2681\">\n<thead data-start=\"1878\" data-end=\"1937\">\n<tr data-start=\"1878\" data-end=\"1937\">\n<th data-start=\"1878\" data-end=\"1900\" data-col-size=\"sm\"><strong data-start=\"1880\" data-end=\"1893\">Parametro<\/strong><\/th>\n<th data-start=\"1900\" data-end=\"1937\" data-col-size=\"md\"><strong data-start=\"1902\" data-end=\"1917\">Descrizione<\/strong><\/th>\n<\/tr>\n<\/thead>\n<tbody data-start=\"1999\" data-end=\"2681\">\n<tr data-start=\"1999\" data-end=\"2059\">\n<td data-start=\"1999\" data-end=\"2022\" data-col-size=\"sm\">Nome del prodotto<\/td>\n<td data-start=\"2022\" data-end=\"2059\" data-col-size=\"md\">Portafoglio mini slim in pelle<\/td>\n<\/tr>\n<tr data-start=\"2060\" data-end=\"2120\">\n<td data-start=\"2060\" data-end=\"2083\" data-col-size=\"sm\">Marchio<\/td>\n<td data-start=\"2083\" data-end=\"2120\" data-col-size=\"md\">RONEER<\/td>\n<\/tr>\n<tr data-start=\"2121\" data-end=\"2181\">\n<td data-start=\"2121\" data-end=\"2144\" data-col-size=\"sm\">Modello<\/td>\n<td data-start=\"2144\" data-end=\"2181\" data-col-size=\"md\">QB-016<\/td>\n<\/tr>\n<tr data-start=\"2182\" data-end=\"2242\">\n<td data-start=\"2182\" data-end=\"2205\" data-col-size=\"sm\">Luogo di origine<\/td>\n<td data-start=\"2205\" data-end=\"2242\" data-col-size=\"md\">Guangdong, Cina<\/td>\n<\/tr>\n<tr data-start=\"2243\" data-end=\"2303\">\n<td data-start=\"2243\" data-end=\"2266\" data-col-size=\"sm\">Stile<\/td>\n<td data-start=\"2266\" data-end=\"2303\" data-col-size=\"md\">Signora della moda<\/td>\n<\/tr>\n<tr data-start=\"2304\" data-end=\"2364\">\n<td data-start=\"2304\" data-end=\"2327\" data-col-size=\"sm\">Materiale principale<\/td>\n<td data-start=\"2327\" data-end=\"2364\" data-col-size=\"md\">Pelle PU<\/td>\n<\/tr>\n<tr data-start=\"2365\" data-end=\"2425\">\n<td data-start=\"2365\" data-end=\"2388\" data-col-size=\"sm\">Dimensione<\/td>\n<td data-start=\"2388\" data-end=\"2425\" data-col-size=\"md\">Personalizzabile<\/td>\n<\/tr>\n<tr data-start=\"2426\" data-end=\"2486\">\n<td data-start=\"2426\" data-end=\"2449\" data-col-size=\"sm\">Colore<\/td>\n<td data-start=\"2449\" data-end=\"2486\" data-col-size=\"md\">Personalizzabile<\/td>\n<\/tr>\n<tr data-start=\"2487\" data-end=\"2547\">\n<td data-start=\"2487\" data-end=\"2510\" data-col-size=\"sm\">Caratteristica<\/td>\n<td data-start=\"2510\" data-end=\"2547\" data-col-size=\"md\">Resistente, impermeabile<\/td>\n<\/tr>\n<tr data-start=\"2548\" data-end=\"2608\">\n<td data-start=\"2548\" data-end=\"2571\" data-col-size=\"sm\">MOQ<\/td>\n<td data-start=\"2571\" data-end=\"2608\" data-col-size=\"md\">300 pezzi<\/td>\n<\/tr>\n<tr data-start=\"2609\" data-end=\"2681\">\n<td data-start=\"2609\" data-end=\"2632\" data-col-size=\"sm\">Applicazione<\/td>\n<td data-start=\"2632\" data-end=\"2681\" data-col-size=\"md\">Riunione, uso quotidiano, portacarte, regalo, contanti<\/td>\n<\/tr>\n<\/tbody>\n<\/table>\n<\/div>\n<\/div>\n<h2 data-start=\"2688\" data-end=\"2705\">Applicazioni<\/h2>\n<ul data-start=\"2707\" data-end=\"3218\">\n<li data-start=\"2707\" data-end=\"2798\">\n<p data-start=\"2709\" data-end=\"2798\"><strong data-start=\"2709\" data-end=\"2722\">Uso quotidiano<\/strong>: Un portafoglio che pu\u00f2 essere portato con s\u00e9 per lo shopping, il pendolarismo o le uscite occasionali.<\/p>\n<\/li>\n<li data-start=\"2799\" data-end=\"2907\">\n<p data-start=\"2801\" data-end=\"2907\"><strong data-start=\"2801\" data-end=\"2825\">Impostazione professionale<\/strong>: Un accessorio elegante adatto a riunioni di lavoro e ambienti aziendali.<\/p>\n<\/li>\n<li data-start=\"2908\" data-end=\"3024\">\n<p data-start=\"2910\" data-end=\"3024\"><strong data-start=\"2910\" data-end=\"2931\">Organizzazione delle carte<\/strong>: Sono state predisposte diverse fessure per contenere carte d'identit\u00e0, carte di credito e biglietti da visita.<\/p>\n<\/li>\n<li data-start=\"3025\" data-end=\"3123\">\n<p data-start=\"3027\" data-end=\"3123\"><strong data-start=\"3027\" data-end=\"3040\">Articolo regalo<\/strong>: Il design personalizzabile rende il portafoglio adatto a un regalo premuroso per le donne.<\/p>\n<\/li>\n<li data-start=\"3124\" data-end=\"3218\">\n<p data-start=\"3126\" data-end=\"3218\"><strong data-start=\"3126\" data-end=\"3142\">Deposito di contanti<\/strong>: \u00c8 stato creato uno spazio adeguato per le banconote e le monete senza aggiungere ingombro.<\/p>\n<\/li>\n<\/ul>\n<p data-start=\"3225\" data-end=\"3402\">Se siete interessati a questo portafoglio, sentitevi liberi di <strong data-start=\"3283\" data-end=\"3309\">Contattateci per i campioni<\/strong>. <strong data-start=\"3311\" data-end=\"3333\">Servizi ODM e OEM<\/strong> sono disponibili per supportare le esigenze di produzione e branding personalizzate.<\/p>","protected":false},"excerpt":{"rendered":"<p>Il <strong data-start=\"199\" data-end=\"260\">Fabbrica A buon mercato Mini portafoglio in pelle minimalista da donna<\/strong> da <strong data-start=\"264\" data-end=\"274\">RONEER<\/strong> \u00e8 stato progettato per combinare la praticit\u00e0 con uno stile elegante e moderno. La struttura compatta \u00e8 stata adottata per garantire una facile trasportabilit\u00e0, mentre il profilo sottile \u00e8 stato studiato per adattarsi perfettamente alle borse o alle tasche. Realizzato con materiali resistenti <strong data-start=\"508\" data-end=\"522\">Pelle PU<\/strong>Il portafoglio \u00e8 stato realizzato per offrire un uso duraturo, opzioni di design personalizzabili e applicazioni versatili per ambienti quotidiani e professionali.<\/p>","protected":false},"featured_media":3650,"comment_status":"open","ping_status":"closed","template":"","meta":{"site-sidebar-layout":"default","site-content-layout":"","ast-site-content-layout":"default","site-content-style":"default","site-sidebar-style":"default","ast-global-header-display":"","ast-banner-title-visibility":"","ast-main-header-display":"","ast-hfb-above-header-display":"","ast-hfb-below-header-display":"","ast-hfb-mobile-header-display":"","site-post-title":"","ast-breadcrumbs-content":"","ast-featured-img":"","footer-sml-layout":"","ast-disable-related-posts":"","theme-transparent-header-meta":"default","adv-header-id-meta":"","stick-header-meta":"","header-above-stick-meta":"","header-main-stick-meta":"","header-below-stick-meta":"","astra-migrate-meta-layouts":"set","ast-page-background-enabled":"default","ast-page-background-meta":{"desktop":{"background-color":"var(--ast-global-color-5)","background-image":"","background-repeat":"repeat","background-position":"center center","background-size":"auto","background-attachment":"scroll","background-type":"","background-media":"","overlay-type":"","overlay-color":"","overlay-opacity":"","overlay-gradient":""},"tablet":{"background-color":"","background-image":"","background-repeat":"repeat","background-position":"center center","background-size":"auto","background-attachment":"scroll","background-type":"","background-media":"","overlay-type":"","overlay-color":"","overlay-opacity":"","overlay-gradient":""},"mobile":{"background-color":"","background-image":"","background-repeat":"repeat","background-position":"center center","background-size":"auto","background-attachment":"scroll","background-type":"","background-media":"","overlay-type":"","overlay-color":"","overlay-opacity":"","overlay-gradient":""}},"ast-content-background-meta":{"desktop":{"background-color":"var(--ast-global-color-4)","background-image":"","background-repeat":"repeat","background-position":"center center","background-size":"auto","background-attachment":"scroll","background-type":"","background-media":"","overlay-type":"","overlay-color":"","overlay-opacity":"","overlay-gradient":""},"tablet":{"background-color":"var(--ast-global-color-4)","background-image":"","background-repeat":"repeat","background-position":"center center","background-size":"auto","background-attachment":"scroll","background-type":"","background-media":"","overlay-type":"","overlay-color":"","overlay-opacity":"","overlay-gradient":""},"mobile":{"background-color":"var(--ast-global-color-4)","background-image":"","background-repeat":"repeat","background-position":"center center","background-size":"auto","background-attachment":"scroll","background-type":"","background-media":"","overlay-type":"","overlay-color":"","overlay-opacity":"","overlay-gradient":""}}},"product_brand":[],"product_cat":[55],"product_tag":[],"class_list":{"0":"post-3648","1":"product","2":"type-product","3":"status-publish","4":"has-post-thumbnail","6":"product_cat-wallets-card-holder","7":"desktop-align-left","8":"tablet-align-left","9":"mobile-align-left","11":"first","12":"instock","13":"shipping-taxable","14":"product-type-simple"},"_links":{"self":[{"href":"https:\/\/baijiabags.com\/it\/wp-json\/wp\/v2\/product\/3648","targetHints":{"allow":["GET"]}}],"collection":[{"href":"https:\/\/baijiabags.com\/it\/wp-json\/wp\/v2\/product"}],"about":[{"href":"https:\/\/baijiabags.com\/it\/wp-json\/wp\/v2\/types\/product"}],"replies":[{"embeddable":true,"href":"https:\/\/baijiabags.com\/it\/wp-json\/wp\/v2\/comments?post=3648"}],"wp:featuredmedia":[{"embeddable":true,"href":"https:\/\/baijiabags.com\/it\/wp-json\/wp\/v2\/media\/3650"}],"wp:attachment":[{"href":"https:\/\/baijiabags.com\/it\/wp-json\/wp\/v2\/media?parent=3648"}],"wp:term":[{"taxonomy":"product_brand","embeddable":true,"href":"https:\/\/baijiabags.com\/it\/wp-json\/wp\/v2\/product_brand?post=3648"},{"taxonomy":"product_cat","embeddable":true,"href":"https:\/\/baijiabags.com\/it\/wp-json\/wp\/v2\/product_cat?post=3648"},{"taxonomy":"product_tag","embeddable":true,"href":"https:\/\/baijiabags.com\/it\/wp-json\/wp\/v2\/product_tag?post=3648"}],"curies":[{"name":"wp","href":"https:\/\/api.w.org\/{rel}","templated":true}]}}