{"id":3546,"date":"2025-10-17T06:25:48","date_gmt":"2025-10-17T06:25:48","guid":{"rendered":"https:\/\/baijiabags.com\/?post_type=product&#038;p=3546"},"modified":"2025-11-01T01:20:41","modified_gmt":"2025-11-01T01:20:41","slug":"chinese-manufacturer-wholesale-women-large-capacity-casual-backpack-for-students-travel-daily-use","status":"publish","type":"product","link":"https:\/\/baijiabags.com\/it\/prodotto\/chinese-manufacturer-wholesale-women-large-capacity-casual-backpack-for-students-travel-daily-use\/","title":{"rendered":"Produttore cinese all'ingrosso Donne Grande Capacit\u00e0 Zaino Casual per Studenti Viaggio Uso Quotidiano"},"content":{"rendered":"<h2 data-start=\"678\" data-end=\"695\">Caratteristiche principali<\/h2>\n<ol data-start=\"697\" data-end=\"1226\">\n<li data-start=\"697\" data-end=\"783\">\n<p data-start=\"699\" data-end=\"783\">Scomparto di grande capacit\u00e0 per trasportare libri, computer portatili, vestiti e altri oggetti essenziali.<\/p>\n<\/li>\n<li data-start=\"784\" data-end=\"857\">\n<p data-start=\"786\" data-end=\"857\">Materiale in nylon durevole che garantisce un uso duraturo e resistenza all'usura<\/p>\n<\/li>\n<li data-start=\"858\" data-end=\"926\">\n<p data-start=\"860\" data-end=\"926\">La struttura impermeabile protegge gli oggetti dalla pioggia e dalle fuoriuscite di liquidi<\/p>\n<\/li>\n<li data-start=\"927\" data-end=\"991\">\n<p data-start=\"929\" data-end=\"991\">Il design antifurto comprende cerniere sicure e tasche nascoste.<\/p>\n<\/li>\n<li data-start=\"992\" data-end=\"1047\">\n<p data-start=\"994\" data-end=\"1047\">Spallacci regolabili per un comfort personalizzato<\/p>\n<\/li>\n<li data-start=\"1048\" data-end=\"1095\">\n<p data-start=\"1050\" data-end=\"1095\">Il design leggero garantisce una facile trasportabilit\u00e0<\/p>\n<\/li>\n<li data-start=\"1096\" data-end=\"1160\">\n<p data-start=\"1098\" data-end=\"1160\">Molteplici tasche interne ed esterne per una conservazione organizzata<\/p>\n<\/li>\n<li data-start=\"1161\" data-end=\"1226\">\n<p data-start=\"1163\" data-end=\"1226\">Design alla moda adatto all'uso quotidiano, alla scuola e ai viaggi<\/p>\n<\/li>\n<\/ol>\n<h2 data-start=\"1228\" data-end=\"1247\">Specifiche tecniche<\/h2>\n<div class=\"_tableContainer_1rjym_1\">\n<div class=\"group _tableWrapper_1rjym_13 flex w-fit flex-col-reverse\" tabindex=\"-1\">\n<table class=\"w-fit min-w-(--thread-content-width)\" data-start=\"1249\" data-end=\"1625\">\n<thead data-start=\"1249\" data-end=\"1276\">\n<tr data-start=\"1249\" data-end=\"1276\">\n<th data-start=\"1249\" data-end=\"1265\" data-col-size=\"sm\">Specifiche<\/th>\n<th data-start=\"1265\" data-end=\"1276\" data-col-size=\"sm\">Dettagli<\/th>\n<\/tr>\n<\/thead>\n<tbody data-start=\"1305\" data-end=\"1625\">\n<tr data-start=\"1305\" data-end=\"1332\">\n<td data-start=\"1305\" data-end=\"1320\" data-col-size=\"sm\">Nome del prodotto<\/td>\n<td data-col-size=\"sm\" data-start=\"1320\" data-end=\"1332\">Zaino<\/td>\n<\/tr>\n<tr data-start=\"1333\" data-end=\"1351\">\n<td data-start=\"1333\" data-end=\"1341\" data-col-size=\"sm\">Marchio<\/td>\n<td data-col-size=\"sm\" data-start=\"1341\" data-end=\"1351\">RONEER<\/td>\n<\/tr>\n<tr data-start=\"1352\" data-end=\"1370\">\n<td data-start=\"1352\" data-end=\"1360\" data-col-size=\"sm\">Modello<\/td>\n<td data-start=\"1360\" data-end=\"1370\" data-col-size=\"sm\">BJ-028<\/td>\n<\/tr>\n<tr data-start=\"1371\" data-end=\"1400\">\n<td data-start=\"1371\" data-end=\"1380\" data-col-size=\"sm\">Origine<\/td>\n<td data-start=\"1380\" data-end=\"1400\" data-col-size=\"sm\">Guangdong, Cina<\/td>\n<\/tr>\n<tr data-start=\"1401\" data-end=\"1420\">\n<td data-start=\"1401\" data-end=\"1409\" data-col-size=\"sm\">Stile<\/td>\n<td data-col-size=\"sm\" data-start=\"1409\" data-end=\"1420\">Moda<\/td>\n<\/tr>\n<tr data-start=\"1421\" data-end=\"1446\">\n<td data-start=\"1421\" data-end=\"1437\" data-col-size=\"sm\">Materiale principale<\/td>\n<td data-col-size=\"sm\" data-start=\"1437\" data-end=\"1446\">Nylon<\/td>\n<\/tr>\n<tr data-start=\"1447\" data-end=\"1476\">\n<td data-start=\"1447\" data-end=\"1460\" data-col-size=\"sm\">Dimensioni<\/td>\n<td data-col-size=\"sm\" data-start=\"1460\" data-end=\"1476\">Personalizzabile<\/td>\n<\/tr>\n<tr data-start=\"1477\" data-end=\"1501\">\n<td data-start=\"1477\" data-end=\"1485\" data-col-size=\"sm\">Colore<\/td>\n<td data-col-size=\"sm\" data-start=\"1485\" data-end=\"1501\">Personalizzabile<\/td>\n<\/tr>\n<tr data-start=\"1502\" data-end=\"1548\">\n<td data-start=\"1502\" data-end=\"1513\" data-col-size=\"sm\">Caratteristiche<\/td>\n<td data-col-size=\"sm\" data-start=\"1513\" data-end=\"1548\">Durevole, impermeabile, antifurto<\/td>\n<\/tr>\n<tr data-start=\"1549\" data-end=\"1568\">\n<td data-start=\"1549\" data-end=\"1555\" data-col-size=\"sm\">MOQ<\/td>\n<td data-start=\"1555\" data-end=\"1568\" data-col-size=\"sm\">300 unit\u00e0<\/td>\n<\/tr>\n<tr data-start=\"1569\" data-end=\"1625\">\n<td data-start=\"1569\" data-end=\"1584\" data-col-size=\"sm\">Applicazioni<\/td>\n<td data-col-size=\"sm\" data-start=\"1584\" data-end=\"1625\">Viaggi, vita quotidiana, scuola, pendolarismo<\/td>\n<\/tr>\n<\/tbody>\n<\/table>\n<\/div>\n<\/div>\n<h2 data-start=\"1627\" data-end=\"1644\">Applicazioni<\/h2>\n<ul data-start=\"1646\" data-end=\"2044\">\n<li data-start=\"1646\" data-end=\"1763\">\n<p data-start=\"1648\" data-end=\"1763\"><strong data-start=\"1648\" data-end=\"1659\">Viaggio:<\/strong> Ideale per brevi viaggi o weekend, con spazio sufficiente per vestiti, articoli da toilette e gadget<\/p>\n<\/li>\n<li data-start=\"1764\" data-end=\"1860\">\n<p data-start=\"1766\" data-end=\"1860\"><strong data-start=\"1766\" data-end=\"1781\">Vita quotidiana:<\/strong> Adatto per l'uso quotidiano, tra cui il pendolarismo, lo shopping e le uscite occasionali.<\/p>\n<\/li>\n<li data-start=\"1861\" data-end=\"1963\">\n<p data-start=\"1863\" data-end=\"1963\"><strong data-start=\"1863\" data-end=\"1884\">Scuola e universit\u00e0:<\/strong> Perfetto per gli studenti per trasportare libri, computer portatili, cancelleria e oggetti personali.<\/p>\n<\/li>\n<li data-start=\"1964\" data-end=\"2044\">\n<p data-start=\"1966\" data-end=\"2044\"><strong data-start=\"1966\" data-end=\"1975\">Lavoro:<\/strong> Pu\u00f2 essere utilizzata come borsa professionale e casual per gli oggetti essenziali dell'ufficio.<\/p>\n<\/li>\n<\/ul>\n<p data-start=\"1966\" data-end=\"2044\"><span style=\"font-size: 16px;\">\u00a0Se siete interessati a questo zaino, contattateci per richiedere dei campioni. Forniamo <\/span><strong style=\"font-size: 16px;\" data-start=\"2262\" data-end=\"2284\">Servizi ODM e OEM<\/strong><span style=\"font-size: 16px;\">che consente la personalizzazione di colori, dimensioni e marchio per soddisfare le vostre esigenze specifiche.<\/span><\/p>","protected":false},"excerpt":{"rendered":"<p>Lo zaino RONEER BJ-028 \u00e8 stato progettato pensando sia allo stile che alla praticit\u00e0. Questa borsa versatile \u00e8 realizzata in nylon di alta qualit\u00e0, che garantisce durata e resistenza all'usura quotidiana. Grazie ai suoi spaziosi scomparti, \u00e8 ideale per trasportare gli oggetti essenziali per il viaggio, la scuola o l'uso quotidiano. Lo zaino \u00e8 stato realizzato per ospitare una variet\u00e0 di oggetti mantenendo un design leggero e confortevole, che lo rende adatto a studenti, pendolari e viaggiatori. Il suo stile elegante aggiunge un tocco moderno a qualsiasi abbigliamento.<\/p>","protected":false},"featured_media":3550,"comment_status":"open","ping_status":"closed","template":"","meta":{"site-sidebar-layout":"default","site-content-layout":"","ast-site-content-layout":"default","site-content-style":"default","site-sidebar-style":"default","ast-global-header-display":"","ast-banner-title-visibility":"","ast-main-header-display":"","ast-hfb-above-header-display":"","ast-hfb-below-header-display":"","ast-hfb-mobile-header-display":"","site-post-title":"","ast-breadcrumbs-content":"","ast-featured-img":"","footer-sml-layout":"","ast-disable-related-posts":"","theme-transparent-header-meta":"default","adv-header-id-meta":"","stick-header-meta":"","header-above-stick-meta":"","header-main-stick-meta":"","header-below-stick-meta":"","astra-migrate-meta-layouts":"set","ast-page-background-enabled":"default","ast-page-background-meta":{"desktop":{"background-color":"var(--ast-global-color-5)","background-image":"","background-repeat":"repeat","background-position":"center center","background-size":"auto","background-attachment":"scroll","background-type":"","background-media":"","overlay-type":"","overlay-color":"","overlay-opacity":"","overlay-gradient":""},"tablet":{"background-color":"","background-image":"","background-repeat":"repeat","background-position":"center center","background-size":"auto","background-attachment":"scroll","background-type":"","background-media":"","overlay-type":"","overlay-color":"","overlay-opacity":"","overlay-gradient":""},"mobile":{"background-color":"","background-image":"","background-repeat":"repeat","background-position":"center center","background-size":"auto","background-attachment":"scroll","background-type":"","background-media":"","overlay-type":"","overlay-color":"","overlay-opacity":"","overlay-gradient":""}},"ast-content-background-meta":{"desktop":{"background-color":"var(--ast-global-color-4)","background-image":"","background-repeat":"repeat","background-position":"center center","background-size":"auto","background-attachment":"scroll","background-type":"","background-media":"","overlay-type":"","overlay-color":"","overlay-opacity":"","overlay-gradient":""},"tablet":{"background-color":"var(--ast-global-color-4)","background-image":"","background-repeat":"repeat","background-position":"center center","background-size":"auto","background-attachment":"scroll","background-type":"","background-media":"","overlay-type":"","overlay-color":"","overlay-opacity":"","overlay-gradient":""},"mobile":{"background-color":"var(--ast-global-color-4)","background-image":"","background-repeat":"repeat","background-position":"center center","background-size":"auto","background-attachment":"scroll","background-type":"","background-media":"","overlay-type":"","overlay-color":"","overlay-opacity":"","overlay-gradient":""}}},"product_brand":[],"product_cat":[60,21,54],"product_tag":[],"class_list":{"0":"post-3546","1":"product","2":"type-product","3":"status-publish","4":"has-post-thumbnail","6":"product_cat-ladies-backpack","7":"product_cat-backpack","8":"product_cat-womens-bag","9":"desktop-align-left","10":"tablet-align-left","11":"mobile-align-left","13":"first","14":"instock","15":"shipping-taxable","16":"product-type-simple"},"_links":{"self":[{"href":"https:\/\/baijiabags.com\/it\/wp-json\/wp\/v2\/product\/3546","targetHints":{"allow":["GET"]}}],"collection":[{"href":"https:\/\/baijiabags.com\/it\/wp-json\/wp\/v2\/product"}],"about":[{"href":"https:\/\/baijiabags.com\/it\/wp-json\/wp\/v2\/types\/product"}],"replies":[{"embeddable":true,"href":"https:\/\/baijiabags.com\/it\/wp-json\/wp\/v2\/comments?post=3546"}],"wp:featuredmedia":[{"embeddable":true,"href":"https:\/\/baijiabags.com\/it\/wp-json\/wp\/v2\/media\/3550"}],"wp:attachment":[{"href":"https:\/\/baijiabags.com\/it\/wp-json\/wp\/v2\/media?parent=3546"}],"wp:term":[{"taxonomy":"product_brand","embeddable":true,"href":"https:\/\/baijiabags.com\/it\/wp-json\/wp\/v2\/product_brand?post=3546"},{"taxonomy":"product_cat","embeddable":true,"href":"https:\/\/baijiabags.com\/it\/wp-json\/wp\/v2\/product_cat?post=3546"},{"taxonomy":"product_tag","embeddable":true,"href":"https:\/\/baijiabags.com\/it\/wp-json\/wp\/v2\/product_tag?post=3546"}],"curies":[{"name":"wp","href":"https:\/\/api.w.org\/{rel}","templated":true}]}}