{"id":3504,"date":"2025-10-16T07:32:18","date_gmt":"2025-10-16T07:32:18","guid":{"rendered":"https:\/\/baijiabags.com\/?post_type=product&#038;p=3504"},"modified":"2025-11-01T01:23:32","modified_gmt":"2025-11-01T01:23:32","slug":"fashion-lightweight-extra-large-soft-quilted-women-tote-bag-custom-logo-color","status":"publish","type":"product","link":"https:\/\/baijiabags.com\/it\/prodotto\/fashion-lightweight-extra-large-soft-quilted-women-tote-bag-custom-logo-color\/","title":{"rendered":"Moda Leggera Extra Large Soft Quilted Donna Tote Bag Colore Logo personalizzato"},"content":{"rendered":"<h2 data-start=\"875\" data-end=\"892\">Caratteristiche principali<\/h2>\n<ol data-start=\"893\" data-end=\"1822\">\n<li data-start=\"893\" data-end=\"997\">\n<p data-start=\"896\" data-end=\"997\"><strong data-start=\"896\" data-end=\"919\">Design morbido e trapuntato<\/strong> - Una morbida finitura trapuntata \u00e8 stata applicata per dare uno stile chic e femminile.<\/p>\n<\/li>\n<li data-start=\"998\" data-end=\"1110\">\n<p data-start=\"1001\" data-end=\"1110\"><strong data-start=\"1001\" data-end=\"1029\">Costruzione leggera<\/strong> - La borsa \u00e8 stata realizzata in poliestere leggero per ridurre il peso del trasporto.<\/p>\n<\/li>\n<li data-start=\"1111\" data-end=\"1222\">\n<p data-start=\"1114\" data-end=\"1222\"><strong data-start=\"1114\" data-end=\"1134\">Materiale resistente<\/strong> - \u00c8 stato utilizzato un tessuto in poliestere ad alta resistenza, che garantisce la resistenza all'usura.<\/p>\n<\/li>\n<li data-start=\"1223\" data-end=\"1367\">\n<p data-start=\"1226\" data-end=\"1367\"><strong data-start=\"1226\" data-end=\"1253\">Superficie resistente all'acqua<\/strong> - \u00c8 stato applicato un rivestimento resistente all'acqua, che consente di proteggere gli effetti personali da pioggia leggera e spruzzi.<\/p>\n<\/li>\n<li data-start=\"1368\" data-end=\"1491\">\n<p data-start=\"1371\" data-end=\"1491\"><strong data-start=\"1371\" data-end=\"1395\">Capacit\u00e0 extra large<\/strong> - \u00c8 stato previsto un ampio spazio per riporre gli oggetti di uso quotidiano, i libri, i computer portatili o gli articoli per lo shopping.<\/p>\n<\/li>\n<li data-start=\"1492\" data-end=\"1606\">\n<p data-start=\"1495\" data-end=\"1606\"><strong data-start=\"1495\" data-end=\"1519\">Opzioni personalizzabili<\/strong> - Logo, dimensioni e colori possono essere personalizzati per soddisfare le esigenze di branding o personali.<\/p>\n<\/li>\n<li data-start=\"1607\" data-end=\"1700\">\n<p data-start=\"1610\" data-end=\"1700\"><strong data-start=\"1610\" data-end=\"1634\">Utilizzabile in tutte le stagioni<\/strong> - La borsa \u00e8 stata progettata per essere utilizzata tutto l'anno in tutte le stagioni.<\/p>\n<\/li>\n<li data-start=\"1701\" data-end=\"1822\">\n<p data-start=\"1704\" data-end=\"1822\"><strong data-start=\"1704\" data-end=\"1729\">Applicazione versatile<\/strong> - \u00c8 stato ampiamente utilizzato per lo shopping, il pendolarismo quotidiano, i viaggi e lo stile di vita casual.<\/p>\n<\/li>\n<\/ol>\n<h2 data-start=\"1829\" data-end=\"1848\">Specifiche tecniche<\/h2>\n<div class=\"_tableContainer_1rjym_1\">\n<div class=\"group _tableWrapper_1rjym_13 flex w-fit flex-col-reverse\" tabindex=\"-1\">\n<table class=\"w-fit min-w-(--thread-content-width)\" data-start=\"1850\" data-end=\"2825\">\n<thead data-start=\"1850\" data-end=\"1917\">\n<tr data-start=\"1850\" data-end=\"1917\">\n<th data-start=\"1850\" data-end=\"1875\" data-col-size=\"sm\"><strong data-start=\"1852\" data-end=\"1865\">Parametro<\/strong><\/th>\n<th data-start=\"1875\" data-end=\"1917\" data-col-size=\"md\"><strong data-start=\"1877\" data-end=\"1892\">Descrizione<\/strong><\/th>\n<\/tr>\n<\/thead>\n<tbody data-start=\"1987\" data-end=\"2825\">\n<tr data-start=\"1987\" data-end=\"2055\">\n<td data-start=\"1987\" data-end=\"2013\" data-col-size=\"sm\">Nome del prodotto<\/td>\n<td data-col-size=\"md\" data-start=\"2013\" data-end=\"2055\">Borsa trapuntata<\/td>\n<\/tr>\n<tr data-start=\"2056\" data-end=\"2124\">\n<td data-start=\"2056\" data-end=\"2082\" data-col-size=\"sm\">Marchio<\/td>\n<td data-col-size=\"md\" data-start=\"2082\" data-end=\"2124\">RONEER<\/td>\n<\/tr>\n<tr data-start=\"2125\" data-end=\"2193\">\n<td data-start=\"2125\" data-end=\"2151\" data-col-size=\"sm\">Numero di modello<\/td>\n<td data-col-size=\"md\" data-start=\"2151\" data-end=\"2193\">BJ-041<\/td>\n<\/tr>\n<tr data-start=\"2194\" data-end=\"2262\">\n<td data-start=\"2194\" data-end=\"2220\" data-col-size=\"sm\">Origine<\/td>\n<td data-col-size=\"md\" data-start=\"2220\" data-end=\"2262\">Guangdong, Cina<\/td>\n<\/tr>\n<tr data-start=\"2263\" data-end=\"2342\">\n<td data-start=\"2263\" data-end=\"2289\" data-col-size=\"sm\">Stile<\/td>\n<td data-col-size=\"md\" data-start=\"2289\" data-end=\"2342\">Moda, Signora, Vintage, Nazionale, Stile Inghilterra<\/td>\n<\/tr>\n<tr data-start=\"2343\" data-end=\"2411\">\n<td data-start=\"2343\" data-end=\"2369\" data-col-size=\"sm\">Materiale principale<\/td>\n<td data-col-size=\"md\" data-start=\"2369\" data-end=\"2411\">Poliestere<\/td>\n<\/tr>\n<tr data-start=\"2412\" data-end=\"2480\">\n<td data-start=\"2412\" data-end=\"2438\" data-col-size=\"sm\">Dimensioni<\/td>\n<td data-start=\"2438\" data-end=\"2480\" data-col-size=\"md\">Personalizzabile<\/td>\n<\/tr>\n<tr data-start=\"2481\" data-end=\"2549\">\n<td data-start=\"2481\" data-end=\"2507\" data-col-size=\"sm\">Colore<\/td>\n<td data-col-size=\"md\" data-start=\"2507\" data-end=\"2549\">Personalizzabile<\/td>\n<\/tr>\n<tr data-start=\"2550\" data-end=\"2618\">\n<td data-start=\"2550\" data-end=\"2576\" data-col-size=\"sm\">Stagione<\/td>\n<td data-start=\"2576\" data-end=\"2618\" data-col-size=\"md\">Tutte le stagioni<\/td>\n<\/tr>\n<tr data-start=\"2619\" data-end=\"2687\">\n<td data-start=\"2619\" data-end=\"2645\" data-col-size=\"sm\">Caratteristiche<\/td>\n<td data-col-size=\"md\" data-start=\"2645\" data-end=\"2687\">Durevole, resistente all'acqua<\/td>\n<\/tr>\n<tr data-start=\"2688\" data-end=\"2756\">\n<td data-start=\"2688\" data-end=\"2714\" data-col-size=\"sm\">MOQ<\/td>\n<td data-col-size=\"md\" data-start=\"2714\" data-end=\"2756\">300 pezzi<\/td>\n<\/tr>\n<tr data-start=\"2757\" data-end=\"2825\">\n<td data-start=\"2757\" data-end=\"2783\" data-col-size=\"sm\">Logo<\/td>\n<td data-col-size=\"md\" data-start=\"2783\" data-end=\"2825\">Logo personalizzato disponibile<\/td>\n<\/tr>\n<\/tbody>\n<\/table>\n<\/div>\n<\/div>\n<hr data-start=\"2827\" data-end=\"2830\" \/>\n<h2 data-start=\"2832\" data-end=\"2849\">Applicazioni<\/h2>\n<p data-start=\"2850\" data-end=\"2913\">La tote bag \u00e8 stata comunemente applicata in molteplici scenari:<\/p>\n<ul data-start=\"2914\" data-end=\"3095\">\n<li data-start=\"2914\" data-end=\"2938\">\n<p data-start=\"2916\" data-end=\"2938\">Viaggi e vacanze<\/p>\n<\/li>\n<li data-start=\"2939\" data-end=\"2958\">\n<p data-start=\"2941\" data-end=\"2958\">Pendolarismo quotidiano<\/p>\n<\/li>\n<li data-start=\"2959\" data-end=\"2977\">\n<p data-start=\"2961\" data-end=\"2977\">Uscite casuali<\/p>\n<\/li>\n<li data-start=\"2978\" data-end=\"3005\">\n<p data-start=\"2980\" data-end=\"3005\">Uso commerciale e al dettaglio<\/p>\n<\/li>\n<\/ul>\n<p data-start=\"3102\" data-end=\"3357\">Se siete interessati a questo <strong data-start=\"3132\" data-end=\"3195\">Moda Leggero Extra Large Morbido Trapuntato Donna Borsa Tote<\/strong>Non esitate a contattarci per ottenere dei campioni. <strong data-start=\"3241\" data-end=\"3263\">Servizi ODM e OEM<\/strong> sono disponibili per soddisfare le vostre esigenze di personalizzazione, comprese le regolazioni di logo, dimensioni e colori.<\/p>","protected":false},"excerpt":{"rendered":"<p>La borsa da donna Tote Fashion Lightweight Extra Large Soft Quilted \u00e8 stata progettata dal marchio RONEER per offrire stile e praticit\u00e0. La borsa \u00e8 realizzata in poliestere di alta qualit\u00e0, per garantire resistenza e durata nel tempo. \u00c8 stata applicata una superficie trapuntata alla moda, che consente di mantenere un look moderno ed elegante, mentre la versatilit\u00e0 \u00e8 offerta per le diverse occasioni quotidiane. Questa tote bag \u00e8 stata ampiamente preferita per lo shopping, i viaggi, il pendolarismo e le uscite occasionali, ed \u00e8 stata molto apprezzata dalle donne che cercano una borsa leggera ma spaziosa.<\/p>","protected":false},"featured_media":3507,"comment_status":"open","ping_status":"closed","template":"","meta":{"site-sidebar-layout":"default","site-content-layout":"","ast-site-content-layout":"default","site-content-style":"default","site-sidebar-style":"default","ast-global-header-display":"","ast-banner-title-visibility":"","ast-main-header-display":"","ast-hfb-above-header-display":"","ast-hfb-below-header-display":"","ast-hfb-mobile-header-display":"","site-post-title":"","ast-breadcrumbs-content":"","ast-featured-img":"","footer-sml-layout":"","ast-disable-related-posts":"","theme-transparent-header-meta":"default","adv-header-id-meta":"","stick-header-meta":"","header-above-stick-meta":"","header-main-stick-meta":"","header-below-stick-meta":"","astra-migrate-meta-layouts":"set","ast-page-background-enabled":"default","ast-page-background-meta":{"desktop":{"background-color":"var(--ast-global-color-5)","background-image":"","background-repeat":"repeat","background-position":"center center","background-size":"auto","background-attachment":"scroll","background-type":"","background-media":"","overlay-type":"","overlay-color":"","overlay-opacity":"","overlay-gradient":""},"tablet":{"background-color":"","background-image":"","background-repeat":"repeat","background-position":"center center","background-size":"auto","background-attachment":"scroll","background-type":"","background-media":"","overlay-type":"","overlay-color":"","overlay-opacity":"","overlay-gradient":""},"mobile":{"background-color":"","background-image":"","background-repeat":"repeat","background-position":"center center","background-size":"auto","background-attachment":"scroll","background-type":"","background-media":"","overlay-type":"","overlay-color":"","overlay-opacity":"","overlay-gradient":""}},"ast-content-background-meta":{"desktop":{"background-color":"var(--ast-global-color-4)","background-image":"","background-repeat":"repeat","background-position":"center center","background-size":"auto","background-attachment":"scroll","background-type":"","background-media":"","overlay-type":"","overlay-color":"","overlay-opacity":"","overlay-gradient":""},"tablet":{"background-color":"var(--ast-global-color-4)","background-image":"","background-repeat":"repeat","background-position":"center center","background-size":"auto","background-attachment":"scroll","background-type":"","background-media":"","overlay-type":"","overlay-color":"","overlay-opacity":"","overlay-gradient":""},"mobile":{"background-color":"var(--ast-global-color-4)","background-image":"","background-repeat":"repeat","background-position":"center center","background-size":"auto","background-attachment":"scroll","background-type":"","background-media":"","overlay-type":"","overlay-color":"","overlay-opacity":"","overlay-gradient":""}}},"product_brand":[],"product_cat":[59,54],"product_tag":[],"class_list":{"0":"post-3504","1":"product","2":"type-product","3":"status-publish","4":"has-post-thumbnail","6":"product_cat-quilted-tote-bag","7":"product_cat-womens-bag","8":"desktop-align-left","9":"tablet-align-left","10":"mobile-align-left","12":"first","13":"instock","14":"shipping-taxable","15":"product-type-simple"},"_links":{"self":[{"href":"https:\/\/baijiabags.com\/it\/wp-json\/wp\/v2\/product\/3504","targetHints":{"allow":["GET"]}}],"collection":[{"href":"https:\/\/baijiabags.com\/it\/wp-json\/wp\/v2\/product"}],"about":[{"href":"https:\/\/baijiabags.com\/it\/wp-json\/wp\/v2\/types\/product"}],"replies":[{"embeddable":true,"href":"https:\/\/baijiabags.com\/it\/wp-json\/wp\/v2\/comments?post=3504"}],"wp:featuredmedia":[{"embeddable":true,"href":"https:\/\/baijiabags.com\/it\/wp-json\/wp\/v2\/media\/3507"}],"wp:attachment":[{"href":"https:\/\/baijiabags.com\/it\/wp-json\/wp\/v2\/media?parent=3504"}],"wp:term":[{"taxonomy":"product_brand","embeddable":true,"href":"https:\/\/baijiabags.com\/it\/wp-json\/wp\/v2\/product_brand?post=3504"},{"taxonomy":"product_cat","embeddable":true,"href":"https:\/\/baijiabags.com\/it\/wp-json\/wp\/v2\/product_cat?post=3504"},{"taxonomy":"product_tag","embeddable":true,"href":"https:\/\/baijiabags.com\/it\/wp-json\/wp\/v2\/product_tag?post=3504"}],"curies":[{"name":"wp","href":"https:\/\/api.w.org\/{rel}","templated":true}]}}