{"id":3393,"date":"2025-10-16T02:14:21","date_gmt":"2025-10-16T02:14:21","guid":{"rendered":"https:\/\/baijiabags.com\/?post_type=product&#038;p=3393"},"modified":"2025-11-01T01:21:34","modified_gmt":"2025-11-01T01:21:34","slug":"factory-wholesale-fashion-high-quality-pu-handbag-custom-logo-women-tote-shoulder-bag","status":"publish","type":"product","link":"https:\/\/baijiabags.com\/it\/prodotto\/factory-wholesale-fashion-high-quality-pu-handbag-custom-logo-women-tote-shoulder-bag\/","title":{"rendered":"Fabbrica all'ingrosso Moda alta qualit\u00e0 PU Handbag Logo personalizzato donne Tote Borsa a tracolla"},"content":{"rendered":"<h2 data-start=\"669\" data-end=\"686\">Caratteristiche principali<\/h2>\n<ol data-start=\"688\" data-end=\"1531\">\n<li data-start=\"688\" data-end=\"798\">\n<p data-start=\"690\" data-end=\"798\"><strong data-start=\"690\" data-end=\"711\">Materiale resistente:<\/strong> Realizzato in PU di prima qualit\u00e0, garantisce un'usura duratura e una resistenza all'uso quotidiano.<\/p>\n<\/li>\n<li data-start=\"799\" data-end=\"896\">\n<p data-start=\"801\" data-end=\"896\"><strong data-start=\"801\" data-end=\"823\">Design impermeabile:<\/strong> Protetto contro l'esposizione all'acqua, adatto a tutte le condizioni atmosferiche.<\/p>\n<\/li>\n<li data-start=\"897\" data-end=\"991\">\n<p data-start=\"899\" data-end=\"991\"><strong data-start=\"899\" data-end=\"924\">Opzioni personalizzabili:<\/strong> Dimensioni, colore e logo possono essere personalizzati in base alle esigenze.<\/p>\n<\/li>\n<li data-start=\"992\" data-end=\"1095\">\n<p data-start=\"994\" data-end=\"1095\"><strong data-start=\"994\" data-end=\"1016\">Stile alla moda:<\/strong> Progettati negli stili Fashion, Lady, Normcore\/Minimalista per soddisfare le tendenze moderne.<\/p>\n<\/li>\n<li data-start=\"1096\" data-end=\"1215\">\n<p data-start=\"1098\" data-end=\"1215\"><strong data-start=\"1098\" data-end=\"1120\">Interni spaziosi:<\/strong> Ampio spazio per riporre gli oggetti di uso quotidiano, come telefoni, portafogli e cosmetici.<\/p>\n<\/li>\n<li data-start=\"1216\" data-end=\"1317\">\n<p data-start=\"1218\" data-end=\"1317\"><strong data-start=\"1218\" data-end=\"1250\">Spallacci confortevoli:<\/strong> Le cinghie regolabili facilitano il trasporto e migliorano il comfort.<\/p>\n<\/li>\n<li data-start=\"1318\" data-end=\"1423\">\n<p data-start=\"1320\" data-end=\"1423\"><strong data-start=\"1320\" data-end=\"1349\">Costruzione leggera:<\/strong> Nonostante le dimensioni, la borsa rimane leggera per un comodo utilizzo quotidiano.<\/p>\n<\/li>\n<li data-start=\"1424\" data-end=\"1531\">\n<p data-start=\"1426\" data-end=\"1531\"><strong data-start=\"1426\" data-end=\"1451\">Elevata flessibilit\u00e0 del MOQ:<\/strong> La quantit\u00e0 minima ordinabile parte da 300 pezzi, per soddisfare le esigenze delle piccole imprese.<\/p>\n<\/li>\n<\/ol>\n<h2 data-start=\"1533\" data-end=\"1552\">Specifiche tecniche<\/h2>\n<div class=\"_tableContainer_1rjym_1\">\n<div class=\"group _tableWrapper_1rjym_13 flex w-fit flex-col-reverse\" tabindex=\"-1\">\n<table class=\"w-fit min-w-(--thread-content-width)\" data-start=\"1554\" data-end=\"2284\">\n<thead data-start=\"1554\" data-end=\"1609\">\n<tr data-start=\"1554\" data-end=\"1609\">\n<th data-start=\"1554\" data-end=\"1573\" data-col-size=\"sm\">Parametro<\/th>\n<th data-start=\"1573\" data-end=\"1609\" data-col-size=\"sm\">Dettagli<\/th>\n<\/tr>\n<\/thead>\n<tbody data-start=\"1664\" data-end=\"2284\">\n<tr data-start=\"1664\" data-end=\"1719\">\n<td data-start=\"1664\" data-end=\"1683\" data-col-size=\"sm\">Nome del prodotto<\/td>\n<td data-col-size=\"sm\" data-start=\"1683\" data-end=\"1719\">Borsetta<\/td>\n<\/tr>\n<tr data-start=\"1720\" data-end=\"1775\">\n<td data-start=\"1720\" data-end=\"1739\" data-col-size=\"sm\">Marchio<\/td>\n<td data-col-size=\"sm\" data-start=\"1739\" data-end=\"1775\">RONEER<\/td>\n<\/tr>\n<tr data-start=\"1776\" data-end=\"1831\">\n<td data-start=\"1776\" data-end=\"1795\" data-col-size=\"sm\">Origine<\/td>\n<td data-col-size=\"sm\" data-start=\"1795\" data-end=\"1831\">Guangdong, Cina<\/td>\n<\/tr>\n<tr data-start=\"1832\" data-end=\"1887\">\n<td data-start=\"1832\" data-end=\"1851\" data-col-size=\"sm\">Modello<\/td>\n<td data-col-size=\"sm\" data-start=\"1851\" data-end=\"1887\">BJ-120<\/td>\n<\/tr>\n<tr data-start=\"1888\" data-end=\"1945\">\n<td data-start=\"1888\" data-end=\"1907\" data-col-size=\"sm\">Stile<\/td>\n<td data-col-size=\"sm\" data-start=\"1907\" data-end=\"1945\">Moda, Signora, Normcore\/Minimalista<\/td>\n<\/tr>\n<tr data-start=\"1946\" data-end=\"2001\">\n<td data-start=\"1946\" data-end=\"1965\" data-col-size=\"sm\">Materiale<\/td>\n<td data-col-size=\"sm\" data-start=\"1965\" data-end=\"2001\">PU<\/td>\n<\/tr>\n<tr data-start=\"2002\" data-end=\"2057\">\n<td data-start=\"2002\" data-end=\"2021\" data-col-size=\"sm\">Dimensioni<\/td>\n<td data-col-size=\"sm\" data-start=\"2021\" data-end=\"2057\">Personalizzabile<\/td>\n<\/tr>\n<tr data-start=\"2058\" data-end=\"2113\">\n<td data-start=\"2058\" data-end=\"2077\" data-col-size=\"sm\">Colore<\/td>\n<td data-col-size=\"sm\" data-start=\"2077\" data-end=\"2113\">Personalizzabile<\/td>\n<\/tr>\n<tr data-start=\"2114\" data-end=\"2169\">\n<td data-start=\"2114\" data-end=\"2133\" data-col-size=\"sm\">Caratteristica<\/td>\n<td data-col-size=\"sm\" data-start=\"2133\" data-end=\"2169\">Impermeabile<\/td>\n<\/tr>\n<tr data-start=\"2170\" data-end=\"2226\">\n<td data-start=\"2170\" data-end=\"2189\" data-col-size=\"sm\">MOQ<\/td>\n<td data-col-size=\"sm\" data-start=\"2189\" data-end=\"2226\">300<\/td>\n<\/tr>\n<tr data-start=\"2227\" data-end=\"2284\">\n<td data-start=\"2227\" data-end=\"2246\" data-col-size=\"sm\">Applicazione<\/td>\n<td data-col-size=\"sm\" data-start=\"2246\" data-end=\"2284\">Viaggi, vita quotidiana<\/td>\n<\/tr>\n<\/tbody>\n<\/table>\n<\/div>\n<\/div>\n<h2 data-start=\"2286\" data-end=\"2303\">Applicazioni<\/h2>\n<ul data-start=\"2305\" data-end=\"2638\">\n<li data-start=\"2305\" data-end=\"2393\">\n<p data-start=\"2307\" data-end=\"2393\"><strong data-start=\"2307\" data-end=\"2318\">Viaggio:<\/strong> Perfetto per trasportare gli elementi essenziali del viaggio e per tenere organizzati gli effetti personali.<\/p>\n<\/li>\n<li data-start=\"2394\" data-end=\"2461\">\n<p data-start=\"2396\" data-end=\"2461\"><strong data-start=\"2396\" data-end=\"2411\">Vita quotidiana:<\/strong> Adatto per il lavoro, lo shopping o le uscite casual.<\/p>\n<\/li>\n<li data-start=\"2462\" data-end=\"2547\">\n<p data-start=\"2464\" data-end=\"2547\"><strong data-start=\"2464\" data-end=\"2474\">Regali:<\/strong> Ideale per i regali grazie alle sue caratteristiche personalizzabili e al design elegante.<\/p>\n<\/li>\n<li data-start=\"2548\" data-end=\"2638\">\n<p data-start=\"2550\" data-end=\"2638\"><strong data-start=\"2550\" data-end=\"2568\">Uso aziendale:<\/strong> \u00c8 possibile aggiungere loghi personalizzati per la promozione del marchio o per gli omaggi aziendali.<\/p>\n<\/li>\n<\/ul>\n<p data-start=\"2640\" data-end=\"2824\">Se siete interessati a questa borsa, contattateci per ricevere dei campioni. RONEER offre servizi ODM e OEM, consentendo una personalizzazione completa per soddisfare le vostre esigenze aziendali e personali.<\/p>","protected":false},"excerpt":{"rendered":"<p>La borsa RONEER \u00e8 progettata con un'attenzione particolare alla moda e alla funzionalit\u00e0. Realizzata in materiale PU di alta qualit\u00e0, questa borsa a tracolla unisce lo stile moderno alla praticit\u00e0 quotidiana. Il suo design versatile la rende adatta ai viaggi, alla vita quotidiana e a varie occasioni sociali. La borsa \u00e8 prodotta nel Guangdong, in Cina, e offre opzioni di personalizzazione per logo, colore e dimensioni, rendendola una scelta ideale per le aziende o per uso personale.<\/p>","protected":false},"featured_media":3395,"comment_status":"open","ping_status":"closed","template":"","meta":{"site-sidebar-layout":"default","site-content-layout":"","ast-site-content-layout":"default","site-content-style":"default","site-sidebar-style":"default","ast-global-header-display":"","ast-banner-title-visibility":"","ast-main-header-display":"","ast-hfb-above-header-display":"","ast-hfb-below-header-display":"","ast-hfb-mobile-header-display":"","site-post-title":"","ast-breadcrumbs-content":"","ast-featured-img":"","footer-sml-layout":"","ast-disable-related-posts":"","theme-transparent-header-meta":"default","adv-header-id-meta":"","stick-header-meta":"","header-above-stick-meta":"","header-main-stick-meta":"","header-below-stick-meta":"","astra-migrate-meta-layouts":"set","ast-page-background-enabled":"default","ast-page-background-meta":{"desktop":{"background-color":"var(--ast-global-color-5)","background-image":"","background-repeat":"repeat","background-position":"center center","background-size":"auto","background-attachment":"scroll","background-type":"","background-media":"","overlay-type":"","overlay-color":"","overlay-opacity":"","overlay-gradient":""},"tablet":{"background-color":"","background-image":"","background-repeat":"repeat","background-position":"center center","background-size":"auto","background-attachment":"scroll","background-type":"","background-media":"","overlay-type":"","overlay-color":"","overlay-opacity":"","overlay-gradient":""},"mobile":{"background-color":"","background-image":"","background-repeat":"repeat","background-position":"center center","background-size":"auto","background-attachment":"scroll","background-type":"","background-media":"","overlay-type":"","overlay-color":"","overlay-opacity":"","overlay-gradient":""}},"ast-content-background-meta":{"desktop":{"background-color":"var(--ast-global-color-4)","background-image":"","background-repeat":"repeat","background-position":"center center","background-size":"auto","background-attachment":"scroll","background-type":"","background-media":"","overlay-type":"","overlay-color":"","overlay-opacity":"","overlay-gradient":""},"tablet":{"background-color":"var(--ast-global-color-4)","background-image":"","background-repeat":"repeat","background-position":"center center","background-size":"auto","background-attachment":"scroll","background-type":"","background-media":"","overlay-type":"","overlay-color":"","overlay-opacity":"","overlay-gradient":""},"mobile":{"background-color":"var(--ast-global-color-4)","background-image":"","background-repeat":"repeat","background-position":"center center","background-size":"auto","background-attachment":"scroll","background-type":"","background-media":"","overlay-type":"","overlay-color":"","overlay-opacity":"","overlay-gradient":""}}},"product_brand":[],"product_cat":[42,54],"product_tag":[],"class_list":{"0":"post-3393","1":"product","2":"type-product","3":"status-publish","4":"has-post-thumbnail","6":"product_cat-hand-bag","7":"product_cat-womens-bag","8":"desktop-align-left","9":"tablet-align-left","10":"mobile-align-left","12":"first","13":"instock","14":"shipping-taxable","15":"product-type-simple"},"_links":{"self":[{"href":"https:\/\/baijiabags.com\/it\/wp-json\/wp\/v2\/product\/3393","targetHints":{"allow":["GET"]}}],"collection":[{"href":"https:\/\/baijiabags.com\/it\/wp-json\/wp\/v2\/product"}],"about":[{"href":"https:\/\/baijiabags.com\/it\/wp-json\/wp\/v2\/types\/product"}],"replies":[{"embeddable":true,"href":"https:\/\/baijiabags.com\/it\/wp-json\/wp\/v2\/comments?post=3393"}],"wp:featuredmedia":[{"embeddable":true,"href":"https:\/\/baijiabags.com\/it\/wp-json\/wp\/v2\/media\/3395"}],"wp:attachment":[{"href":"https:\/\/baijiabags.com\/it\/wp-json\/wp\/v2\/media?parent=3393"}],"wp:term":[{"taxonomy":"product_brand","embeddable":true,"href":"https:\/\/baijiabags.com\/it\/wp-json\/wp\/v2\/product_brand?post=3393"},{"taxonomy":"product_cat","embeddable":true,"href":"https:\/\/baijiabags.com\/it\/wp-json\/wp\/v2\/product_cat?post=3393"},{"taxonomy":"product_tag","embeddable":true,"href":"https:\/\/baijiabags.com\/it\/wp-json\/wp\/v2\/product_tag?post=3393"}],"curies":[{"name":"wp","href":"https:\/\/api.w.org\/{rel}","templated":true}]}}