{"id":3335,"date":"2025-10-16T01:16:49","date_gmt":"2025-10-16T01:16:49","guid":{"rendered":"https:\/\/baijiabags.com\/?post_type=product&#038;p=3335"},"modified":"2025-10-16T01:16:49","modified_gmt":"2025-10-16T01:16:49","slug":"mens-waterproof-oxford-cloth-tactical-waist-bag-outdoor-fishing-camping-vintage-fanny-pack","status":"publish","type":"product","link":"https:\/\/baijiabags.com\/it\/prodotto\/mens-waterproof-oxford-cloth-tactical-waist-bag-outdoor-fishing-camping-vintage-fanny-pack\/","title":{"rendered":"Uomo impermeabile Oxford panno tattico Waist Bag pesca all'aperto campeggio vintage marsupio"},"content":{"rendered":"<h2 data-start=\"745\" data-end=\"762\">Caratteristiche principali<\/h2>\n<ol data-start=\"764\" data-end=\"1907\">\n<li data-start=\"764\" data-end=\"920\">\n<p data-start=\"767\" data-end=\"920\"><strong data-start=\"767\" data-end=\"792\">Protezione impermeabile: <\/strong>Il materiale in tessuto Oxford \u00e8 stato trattato per garantire la resistenza all'acqua, assicurando che gli articoli siano protetti dall'umidit\u00e0.<\/p>\n<\/li>\n<li data-start=\"922\" data-end=\"1057\">\n<p data-start=\"925\" data-end=\"1057\"><strong data-start=\"925\" data-end=\"939\">Durata: <\/strong>\u00c8 stato utilizzato un tessuto robusto e resistente all'usura, che consente alla borsa di resistere alle condizioni esterne pi\u00f9 difficili.<\/p>\n<\/li>\n<li data-start=\"1059\" data-end=\"1186\">\n<p data-start=\"1062\" data-end=\"1186\"><strong data-start=\"1062\" data-end=\"1080\">Design vintage:<\/strong>Il look d'ispirazione retr\u00f2 \u00e8 stato incorporato, rendendo la borsa a vita sia alla moda che funzionale.<\/p>\n<\/li>\n<li data-start=\"1188\" data-end=\"1342\">\n<p data-start=\"1191\" data-end=\"1342\"><strong data-start=\"1191\" data-end=\"1209\">Grande capacit\u00e0:<\/strong>La dimensione di <strong data-start=\"1227\" data-end=\"1252\">38 cm \u00d7 14 cm \u00d7 19 cm<\/strong> \u00e8 stato progettato per offrire un ampio spazio per gli oggetti di uso quotidiano e per l'attrezzatura da esterno.<\/p>\n<\/li>\n<li data-start=\"1344\" data-end=\"1475\">\n<p data-start=\"1347\" data-end=\"1475\"><strong data-start=\"1347\" data-end=\"1367\">Cinghia regolabile:<\/strong>La cintura in vita \u00e8 stata costruita in modo da poter essere regolata, per garantire il comfort e una vestibilit\u00e0 sicura agli utenti.<\/p>\n<\/li>\n<li data-start=\"1477\" data-end=\"1611\">\n<p data-start=\"1480\" data-end=\"1611\"><strong data-start=\"1480\" data-end=\"1508\">Costruzione leggera:<\/strong>La borsa \u00e8 stata realizzata in modo da rimanere leggera, riducendo lo sforzo durante il trasporto a lungo termine.<\/p>\n<\/li>\n<li data-start=\"1613\" data-end=\"1735\">\n<p data-start=\"1616\" data-end=\"1735\"><strong data-start=\"1616\" data-end=\"1640\">Opzioni personalizzabili:<\/strong>Il prodotto \u00e8 stato reso disponibile in colori personalizzabili per soddisfare le varie preferenze.<\/p>\n<\/li>\n<li data-start=\"1737\" data-end=\"1907\">\n<p data-start=\"1740\" data-end=\"1907\"><strong data-start=\"1740\" data-end=\"1761\">Uso multiuso:<\/strong>Il design \u00e8 stato adattato alle avventure all'aperto, all'arrampicata, ai viaggi, alla pesca e al campeggio, rendendolo versatile per molteplici applicazioni.<\/p>\n<\/li>\n<\/ol>\n<h2 data-start=\"1914\" data-end=\"1933\">Specifiche tecniche<\/h2>\n<div class=\"_tableContainer_1rjym_1\">\n<div class=\"group _tableWrapper_1rjym_13 flex w-fit flex-col-reverse\" tabindex=\"-1\">\n<table class=\"w-fit min-w-(--thread-content-width)\" data-start=\"1935\" data-end=\"2746\">\n<thead data-start=\"1935\" data-end=\"1994\">\n<tr data-start=\"1935\" data-end=\"1994\">\n<th data-start=\"1935\" data-end=\"1957\" data-col-size=\"sm\"><strong data-start=\"1937\" data-end=\"1945\">Articolo<\/strong><\/th>\n<th data-start=\"1957\" data-end=\"1994\" data-col-size=\"md\"><strong data-start=\"1959\" data-end=\"1970\">Dettagli<\/strong><\/th>\n<\/tr>\n<\/thead>\n<tbody data-start=\"2056\" data-end=\"2746\">\n<tr data-start=\"2056\" data-end=\"2116\">\n<td data-start=\"2056\" data-end=\"2079\" data-col-size=\"sm\">Nome del prodotto<\/td>\n<td data-col-size=\"md\" data-start=\"2079\" data-end=\"2116\">Marsupio da esterno<\/td>\n<\/tr>\n<tr data-start=\"2117\" data-end=\"2177\">\n<td data-start=\"2117\" data-end=\"2140\" data-col-size=\"sm\">Marchio<\/td>\n<td data-col-size=\"md\" data-start=\"2140\" data-end=\"2177\">RONEER<\/td>\n<\/tr>\n<tr data-start=\"2178\" data-end=\"2238\">\n<td data-start=\"2178\" data-end=\"2201\" data-col-size=\"sm\">Numero di modello<\/td>\n<td data-col-size=\"md\" data-start=\"2201\" data-end=\"2238\">AL-2342<\/td>\n<\/tr>\n<tr data-start=\"2239\" data-end=\"2299\">\n<td data-start=\"2239\" data-end=\"2262\" data-col-size=\"sm\">Origine<\/td>\n<td data-col-size=\"md\" data-start=\"2262\" data-end=\"2299\">Guangdong, Cina<\/td>\n<\/tr>\n<tr data-start=\"2300\" data-end=\"2360\">\n<td data-start=\"2300\" data-end=\"2323\" data-col-size=\"sm\">Stile<\/td>\n<td data-col-size=\"md\" data-start=\"2323\" data-end=\"2360\">Vintage<\/td>\n<\/tr>\n<tr data-start=\"2361\" data-end=\"2421\">\n<td data-start=\"2361\" data-end=\"2384\" data-col-size=\"sm\">Materiale principale<\/td>\n<td data-col-size=\"md\" data-start=\"2384\" data-end=\"2421\">Tessuto Oxford<\/td>\n<\/tr>\n<tr data-start=\"2422\" data-end=\"2482\">\n<td data-start=\"2422\" data-end=\"2445\" data-col-size=\"sm\">Dimensione<\/td>\n<td data-start=\"2445\" data-end=\"2482\" data-col-size=\"md\">38 cm \u00d7 14 cm \u00d7 19 cm<\/td>\n<\/tr>\n<tr data-start=\"2483\" data-end=\"2543\">\n<td data-start=\"2483\" data-end=\"2506\" data-col-size=\"sm\">Colore<\/td>\n<td data-col-size=\"md\" data-start=\"2506\" data-end=\"2543\">Personalizzabile<\/td>\n<\/tr>\n<tr data-start=\"2544\" data-end=\"2604\">\n<td data-start=\"2544\" data-end=\"2567\" data-col-size=\"sm\">Caratteristiche<\/td>\n<td data-start=\"2567\" data-end=\"2604\" data-col-size=\"md\">Impermeabile, resistente<\/td>\n<\/tr>\n<tr data-start=\"2605\" data-end=\"2665\">\n<td data-start=\"2605\" data-end=\"2628\" data-col-size=\"sm\">Quantit\u00e0 minima d'ordine<\/td>\n<td data-col-size=\"md\" data-start=\"2628\" data-end=\"2665\">300<\/td>\n<\/tr>\n<tr data-start=\"2666\" data-end=\"2746\">\n<td data-start=\"2666\" data-end=\"2689\" data-col-size=\"sm\">Applicazione<\/td>\n<td data-col-size=\"md\" data-start=\"2689\" data-end=\"2746\">Outdoor, arrampicata, escursionismo, viaggi, pesca, campeggio<\/td>\n<\/tr>\n<\/tbody>\n<\/table>\n<\/div>\n<\/div>\n<h2 data-start=\"2753\" data-end=\"2770\">Applicazioni<\/h2>\n<ul data-start=\"2771\" data-end=\"3048\">\n<li data-start=\"2771\" data-end=\"2822\">\n<p data-start=\"2773\" data-end=\"2822\">Avventure all'aria aperta come il campeggio e il trekking<\/p>\n<\/li>\n<li data-start=\"2823\" data-end=\"2879\">\n<p data-start=\"2825\" data-end=\"2879\">Le battute di pesca richiedono una pratica custodia impermeabile<\/p>\n<\/li>\n<li data-start=\"2880\" data-end=\"2929\">\n<p data-start=\"2882\" data-end=\"2929\">Viaggi e spostamenti quotidiani con uno stile retr\u00f2<\/p>\n<\/li>\n<\/ul>\n<p data-start=\"3055\" data-end=\"3225\">Se si \u00e8 sviluppato un interesse per questo marsupio, \u00e8 possibile richiedere dei campioni. <strong data-start=\"3138\" data-end=\"3174\">Sono supportati i servizi ODM e OEM<\/strong> per la personalizzazione del marchio e lo sviluppo dei prodotti.<\/p>","protected":false},"excerpt":{"rendered":"<p>Il <strong data-start=\"210\" data-end=\"261\">Marsupio tattico impermeabile in tessuto Oxford da uomo<\/strong> \u00e8 stato progettato da <strong data-start=\"283\" data-end=\"293\">RONEER<\/strong> per soddisfare le esigenze degli appassionati di outdoor. Realizzata in pregiato tessuto Oxford, la borsa \u00e8 stata progettata per resistere a diverse condizioni atmosferiche e ad ambienti difficili. Lo stile di ispirazione vintage \u00e8 stato incorporato, mentre la durata e la funzionalit\u00e0 moderne sono state assicurate. Grazie alla protezione impermeabile e agli scomparti multipli, \u00e8 possibile riporre in modo affidabile la propria attrezzatura per la pesca, il campeggio, l'escursionismo e le attivit\u00e0 di viaggio.<\/p>","protected":false},"featured_media":3339,"comment_status":"open","ping_status":"closed","template":"","meta":{"site-sidebar-layout":"default","site-content-layout":"","ast-site-content-layout":"default","site-content-style":"default","site-sidebar-style":"default","ast-global-header-display":"","ast-banner-title-visibility":"","ast-main-header-display":"","ast-hfb-above-header-display":"","ast-hfb-below-header-display":"","ast-hfb-mobile-header-display":"","site-post-title":"","ast-breadcrumbs-content":"","ast-featured-img":"","footer-sml-layout":"","ast-disable-related-posts":"","theme-transparent-header-meta":"default","adv-header-id-meta":"","stick-header-meta":"","header-above-stick-meta":"","header-main-stick-meta":"","header-below-stick-meta":"","astra-migrate-meta-layouts":"set","ast-page-background-enabled":"default","ast-page-background-meta":{"desktop":{"background-color":"var(--ast-global-color-5)","background-image":"","background-repeat":"repeat","background-position":"center center","background-size":"auto","background-attachment":"scroll","background-type":"","background-media":"","overlay-type":"","overlay-color":"","overlay-opacity":"","overlay-gradient":""},"tablet":{"background-color":"","background-image":"","background-repeat":"repeat","background-position":"center center","background-size":"auto","background-attachment":"scroll","background-type":"","background-media":"","overlay-type":"","overlay-color":"","overlay-opacity":"","overlay-gradient":""},"mobile":{"background-color":"","background-image":"","background-repeat":"repeat","background-position":"center center","background-size":"auto","background-attachment":"scroll","background-type":"","background-media":"","overlay-type":"","overlay-color":"","overlay-opacity":"","overlay-gradient":""}},"ast-content-background-meta":{"desktop":{"background-color":"var(--ast-global-color-4)","background-image":"","background-repeat":"repeat","background-position":"center center","background-size":"auto","background-attachment":"scroll","background-type":"","background-media":"","overlay-type":"","overlay-color":"","overlay-opacity":"","overlay-gradient":""},"tablet":{"background-color":"var(--ast-global-color-4)","background-image":"","background-repeat":"repeat","background-position":"center center","background-size":"auto","background-attachment":"scroll","background-type":"","background-media":"","overlay-type":"","overlay-color":"","overlay-opacity":"","overlay-gradient":""},"mobile":{"background-color":"var(--ast-global-color-4)","background-image":"","background-repeat":"repeat","background-position":"center center","background-size":"auto","background-attachment":"scroll","background-type":"","background-media":"","overlay-type":"","overlay-color":"","overlay-opacity":"","overlay-gradient":""}}},"product_brand":[],"product_cat":[58],"product_tag":[],"class_list":{"0":"post-3335","1":"product","2":"type-product","3":"status-publish","4":"has-post-thumbnail","6":"product_cat-outdoor-bag","7":"desktop-align-left","8":"tablet-align-left","9":"mobile-align-left","11":"first","12":"instock","13":"shipping-taxable","14":"product-type-simple"},"_links":{"self":[{"href":"https:\/\/baijiabags.com\/it\/wp-json\/wp\/v2\/product\/3335","targetHints":{"allow":["GET"]}}],"collection":[{"href":"https:\/\/baijiabags.com\/it\/wp-json\/wp\/v2\/product"}],"about":[{"href":"https:\/\/baijiabags.com\/it\/wp-json\/wp\/v2\/types\/product"}],"replies":[{"embeddable":true,"href":"https:\/\/baijiabags.com\/it\/wp-json\/wp\/v2\/comments?post=3335"}],"wp:featuredmedia":[{"embeddable":true,"href":"https:\/\/baijiabags.com\/it\/wp-json\/wp\/v2\/media\/3339"}],"wp:attachment":[{"href":"https:\/\/baijiabags.com\/it\/wp-json\/wp\/v2\/media?parent=3335"}],"wp:term":[{"taxonomy":"product_brand","embeddable":true,"href":"https:\/\/baijiabags.com\/it\/wp-json\/wp\/v2\/product_brand?post=3335"},{"taxonomy":"product_cat","embeddable":true,"href":"https:\/\/baijiabags.com\/it\/wp-json\/wp\/v2\/product_cat?post=3335"},{"taxonomy":"product_tag","embeddable":true,"href":"https:\/\/baijiabags.com\/it\/wp-json\/wp\/v2\/product_tag?post=3335"}],"curies":[{"name":"wp","href":"https:\/\/api.w.org\/{rel}","templated":true}]}}