{"id":2765,"date":"2025-10-07T02:07:03","date_gmt":"2025-10-07T02:07:03","guid":{"rendered":"https:\/\/baijiabags.com\/?post_type=product&#038;p=2765"},"modified":"2025-10-07T02:07:03","modified_gmt":"2025-10-07T02:07:03","slug":"new-womens-handmade-woven-tote-bag-metal-rope-buckle-shoulder-crossbody-handbag","status":"publish","type":"product","link":"https:\/\/baijiabags.com\/it\/prodotto\/new-womens-handmade-woven-tote-bag-metal-rope-buckle-shoulder-crossbody-handbag\/","title":{"rendered":"Nuova borsa a mano da donna in tessuto - Borsa a tracolla con fibbia in corda metallica"},"content":{"rendered":"<h2 data-start=\"960\" data-end=\"981\"><strong data-start=\"964\" data-end=\"981\">Caratteristiche principali<\/strong><\/h2>\n<ol data-start=\"983\" data-end=\"1909\">\n<li data-start=\"983\" data-end=\"1106\">\n<p data-start=\"986\" data-end=\"1106\"><strong data-start=\"986\" data-end=\"1013\">Artigianato tessuto a mano<\/strong> - Ogni borsa \u00e8 meticolosamente tessuta a mano, per garantire una consistenza e un disegno unici.<\/p>\n<\/li>\n<li data-start=\"1107\" data-end=\"1227\">\n<p data-start=\"1110\" data-end=\"1227\"><strong data-start=\"1110\" data-end=\"1132\">Pelle PU resistente<\/strong> - Il materiale PU premium garantisce un'eccellente durata, resistenza all'acqua e facilit\u00e0 di manutenzione.<\/p>\n<\/li>\n<li data-start=\"1228\" data-end=\"1341\">\n<p data-start=\"1231\" data-end=\"1341\"><strong data-start=\"1231\" data-end=\"1260\">Elegante fibbia in corda di metallo<\/strong> - Un'elegante fibbia in corda metallica fissa la borsa, combinando funzionalit\u00e0 e moda.<\/p>\n<\/li>\n<li data-start=\"1342\" data-end=\"1465\">\n<p data-start=\"1345\" data-end=\"1465\"><strong data-start=\"1345\" data-end=\"1366\">Interni spaziosi<\/strong> - Progettato con cura e dotato di una tasca nascosta con cerniera per tenere i piccoli oggetti essenziali al sicuro e organizzati.<\/p>\n<\/li>\n<li data-start=\"1466\" data-end=\"1559\">\n<p data-start=\"1469\" data-end=\"1559\"><strong data-start=\"1469\" data-end=\"1494\">Morbida fodera in poliestere<\/strong> - La fodera interna liscia aumenta il comfort e protegge gli oggetti di valore.<\/p>\n<\/li>\n<li data-start=\"1560\" data-end=\"1690\">\n<p data-start=\"1563\" data-end=\"1690\"><strong data-start=\"1563\" data-end=\"1593\">Opzioni di trasporto versatili<\/strong> - La tracolla singola regolabile permette di indossare la borsa a spalla o a tracolla.<\/p>\n<\/li>\n<li data-start=\"1691\" data-end=\"1813\">\n<p data-start=\"1694\" data-end=\"1813\"><strong data-start=\"1694\" data-end=\"1726\">Disponibile in pi\u00f9 colori<\/strong> - L'ampia scelta di colori consente un facile coordinamento con abiti e stagioni diverse.<\/p>\n<\/li>\n<li data-start=\"1814\" data-end=\"1909\">\n<p data-start=\"1817\" data-end=\"1909\"><strong data-start=\"1817\" data-end=\"1840\">OEM e ODM supportati<\/strong> - Per gli ordini di grandi quantit\u00e0 sono disponibili design personalizzati e opzioni di branding.<\/p>\n<\/li>\n<\/ol>\n<h2 data-start=\"1916\" data-end=\"1938\"><strong data-start=\"1920\" data-end=\"1938\">Specifiche tecniche<\/strong><\/h2>\n<div class=\"_tableContainer_1rjym_1\">\n<div class=\"group _tableWrapper_1rjym_13 flex w-fit flex-col-reverse\" tabindex=\"-1\">\n<table class=\"w-fit min-w-(--thread-content-width)\" data-start=\"1940\" data-end=\"2904\">\n<thead data-start=\"1940\" data-end=\"1983\">\n<tr data-start=\"1940\" data-end=\"1983\">\n<th data-start=\"1940\" data-end=\"1968\" data-col-size=\"sm\"><strong data-start=\"1942\" data-end=\"1955\">Parametro<\/strong><\/th>\n<th data-start=\"1968\" data-end=\"1983\" data-col-size=\"lg\"><strong data-start=\"1970\" data-end=\"1981\">Dettagli<\/strong><\/th>\n<\/tr>\n<\/thead>\n<tbody data-start=\"2030\" data-end=\"2904\">\n<tr data-start=\"2030\" data-end=\"2086\">\n<td data-start=\"2030\" data-end=\"2059\" data-col-size=\"sm\"><strong data-start=\"2032\" data-end=\"2048\">Nome del prodotto<\/strong><\/td>\n<td data-start=\"2059\" data-end=\"2086\" data-col-size=\"lg\">Borsa a mano intrecciata<\/td>\n<\/tr>\n<tr data-start=\"2087\" data-end=\"2126\">\n<td data-start=\"2087\" data-end=\"2116\" data-col-size=\"sm\"><strong data-start=\"2089\" data-end=\"2098\">Marchio<\/strong><\/td>\n<td data-start=\"2116\" data-end=\"2126\" data-col-size=\"lg\">RONEER<\/td>\n<\/tr>\n<tr data-start=\"2127\" data-end=\"2179\">\n<td data-start=\"2127\" data-end=\"2157\" data-col-size=\"sm\"><strong data-start=\"2129\" data-end=\"2141\">Materiale<\/strong><\/td>\n<td data-start=\"2157\" data-end=\"2179\" data-col-size=\"lg\">Pelle PU premium<\/td>\n<\/tr>\n<tr data-start=\"2180\" data-end=\"2223\">\n<td data-start=\"2180\" data-end=\"2210\" data-col-size=\"sm\"><strong data-start=\"2182\" data-end=\"2201\">Materiale della fodera<\/strong><\/td>\n<td data-start=\"2210\" data-end=\"2223\" data-col-size=\"lg\">Poliestere<\/td>\n<\/tr>\n<tr data-start=\"2224\" data-end=\"2370\">\n<td data-start=\"2224\" data-end=\"2254\" data-col-size=\"sm\"><strong data-start=\"2226\" data-end=\"2246\">Colori disponibili<\/strong><\/td>\n<td data-start=\"2254\" data-end=\"2370\" data-col-size=\"lg\">Nero, oro, argento, marrone, borgogna, caff\u00e8, pietra verde, pietra arenaria, smeraldo, avorio, grigio onice, blu nebbia, cachi<\/td>\n<\/tr>\n<tr data-start=\"2371\" data-end=\"2421\">\n<td data-start=\"2371\" data-end=\"2401\" data-col-size=\"sm\"><strong data-start=\"2373\" data-end=\"2382\">Stile<\/strong><\/td>\n<td data-start=\"2401\" data-end=\"2421\" data-col-size=\"lg\">Minimalista urbano<\/td>\n<\/tr>\n<tr data-start=\"2422\" data-end=\"2476\">\n<td data-start=\"2422\" data-end=\"2452\" data-col-size=\"sm\"><strong data-start=\"2424\" data-end=\"2437\">Forma della borsa<\/strong><\/td>\n<td data-start=\"2452\" data-end=\"2476\" data-col-size=\"lg\">Rettangolo orizzontale<\/td>\n<\/tr>\n<tr data-start=\"2477\" data-end=\"2558\">\n<td data-start=\"2477\" data-end=\"2507\" data-col-size=\"sm\"><strong data-start=\"2479\" data-end=\"2493\">Dimensioni<\/strong><\/td>\n<td data-start=\"2507\" data-end=\"2558\" data-col-size=\"lg\">Piccolo: 25 \u00d7 19 \u00d7 9 cm \/ Medio: 30 \u00d7 24 \u00d7 14 cm<\/td>\n<\/tr>\n<tr data-start=\"2559\" data-end=\"2613\">\n<td data-start=\"2559\" data-end=\"2589\" data-col-size=\"sm\"><strong data-start=\"2561\" data-end=\"2583\">Struttura interna<\/strong><\/td>\n<td data-start=\"2589\" data-end=\"2613\" data-col-size=\"lg\">Tasca con cerniera nascosta<\/td>\n<\/tr>\n<tr data-start=\"2614\" data-end=\"2669\">\n<td data-start=\"2614\" data-end=\"2644\" data-col-size=\"sm\"><strong data-start=\"2616\" data-end=\"2636\">Numero di cinghie<\/strong><\/td>\n<td data-start=\"2644\" data-end=\"2669\" data-col-size=\"lg\">Tracolla singola<\/td>\n<\/tr>\n<tr data-start=\"2670\" data-end=\"2710\">\n<td data-start=\"2670\" data-end=\"2700\" data-col-size=\"sm\"><strong data-start=\"2672\" data-end=\"2689\">Categoria di dimensioni<\/strong><\/td>\n<td data-start=\"2700\" data-end=\"2710\" data-col-size=\"lg\">Medio<\/td>\n<\/tr>\n<tr data-start=\"2711\" data-end=\"2757\">\n<td data-start=\"2711\" data-end=\"2746\" data-col-size=\"sm\"><strong data-start=\"2713\" data-end=\"2745\">MOQ (quantit\u00e0 minima d'ordine)<\/strong><\/td>\n<td data-start=\"2746\" data-end=\"2757\" data-col-size=\"lg\">300 pezzi<\/td>\n<\/tr>\n<tr data-start=\"2758\" data-end=\"2795\">\n<td data-start=\"2758\" data-end=\"2788\" data-col-size=\"sm\"><strong data-start=\"2760\" data-end=\"2783\">Disponibilit\u00e0 del campione<\/strong><\/td>\n<td data-start=\"2788\" data-end=\"2795\" data-col-size=\"lg\">S\u00ec<\/td>\n<\/tr>\n<tr data-start=\"2796\" data-end=\"2847\">\n<td data-start=\"2796\" data-end=\"2826\" data-col-size=\"sm\"><strong data-start=\"2798\" data-end=\"2814\">Tipo di chiusura<\/strong><\/td>\n<td data-start=\"2826\" data-end=\"2847\" data-col-size=\"lg\">Fibbia a corda in metallo<\/td>\n<\/tr>\n<tr data-start=\"2848\" data-end=\"2904\">\n<td data-start=\"2848\" data-end=\"2878\" data-col-size=\"sm\"><strong data-start=\"2850\" data-end=\"2866\">Tipo di tessitura<\/strong><\/td>\n<td data-start=\"2878\" data-end=\"2904\" data-col-size=\"lg\">Modello tessuto a mano<\/td>\n<\/tr>\n<\/tbody>\n<\/table>\n<\/div>\n<\/div>\n<h2 data-start=\"2911\" data-end=\"2931\"><strong data-start=\"2915\" data-end=\"2931\">Applicazioni<\/strong><\/h2>\n<ul data-start=\"3037\" data-end=\"3444\">\n<li data-start=\"3037\" data-end=\"3109\">\n<p data-start=\"3039\" data-end=\"3109\"><strong data-start=\"3039\" data-end=\"3057\">Uscite giornaliere:<\/strong> Perfetta per il pendolarismo, lo shopping o le passeggiate occasionali.<\/p>\n<\/li>\n<li data-start=\"3110\" data-end=\"3205\">\n<p data-start=\"3112\" data-end=\"3205\"><strong data-start=\"3112\" data-end=\"3127\">Uso ufficio:<\/strong> Design elegante adatto a trasportare piccoli oggetti personali o l'essenziale per il lavoro.<\/p>\n<\/li>\n<li data-start=\"3206\" data-end=\"3286\">\n<p data-start=\"3208\" data-end=\"3286\"><strong data-start=\"3208\" data-end=\"3229\">Compagno di viaggio:<\/strong> Leggero e sufficientemente compatto per essere portato in viaggio.<\/p>\n<\/li>\n<li data-start=\"3287\" data-end=\"3367\">\n<p data-start=\"3289\" data-end=\"3367\"><strong data-start=\"3289\" data-end=\"3307\">Eventi sociali:<\/strong> L'aspetto elegante valorizza sia i look casual che quelli eleganti.<\/p>\n<\/li>\n<li data-start=\"3368\" data-end=\"3444\">\n<p data-start=\"3370\" data-end=\"3444\"><strong data-start=\"3370\" data-end=\"3386\">Scelta del regalo:<\/strong> Ideale per le donne attente alla moda e per un regalo premuroso.<\/p>\n<\/li>\n<\/ul>\n<p data-start=\"3451\" data-end=\"3611\" data-is-last-node=\"\" data-is-only-node=\"\">Se siete interessati a questo <strong data-start=\"3481\" data-end=\"3515\">RONEER Borsa da viaggio intrecciata a mano<\/strong>, per favore <strong data-start=\"3524\" data-end=\"3538\">contattateci<\/strong> per richiedere un <strong data-start=\"3552\" data-end=\"3562\">campione<\/strong> o discutere <strong data-start=\"3574\" data-end=\"3610\">Servizi di personalizzazione OEM e ODM<\/strong>.<\/p>","protected":false},"excerpt":{"rendered":"<p>Il <strong data-start=\"121\" data-end=\"160\">Nuova borsa da donna fatta a mano in tessuto <\/strong>\u00e8 pensato per le donne che apprezzano lo stile senza tempo unito alla praticit\u00e0. Realizzato con materiali di alta qualit\u00e0 <strong data-start=\"280\" data-end=\"294\">Pelle PU<\/strong> e intrecciata con precisione, questa tote incarna un'estetica moderna e naturale. L'elegante <strong data-start=\"384\" data-end=\"405\">fibbia in corda metallica<\/strong> aggiunge un tocco di raffinatezza, rendendolo adatto sia alle occasioni casual che a quelle semi-formali. Con la sua <strong data-start=\"509\" data-end=\"535\">motivo tessuto a mano<\/strong>Questa borsa combina arte, resistenza e comfort per l'uso quotidiano.<\/p>","protected":false},"featured_media":2766,"comment_status":"open","ping_status":"closed","template":"","meta":{"site-sidebar-layout":"default","site-content-layout":"","ast-site-content-layout":"default","site-content-style":"default","site-sidebar-style":"default","ast-global-header-display":"","ast-banner-title-visibility":"","ast-main-header-display":"","ast-hfb-above-header-display":"","ast-hfb-below-header-display":"","ast-hfb-mobile-header-display":"","site-post-title":"","ast-breadcrumbs-content":"","ast-featured-img":"","footer-sml-layout":"","ast-disable-related-posts":"","theme-transparent-header-meta":"default","adv-header-id-meta":"","stick-header-meta":"","header-above-stick-meta":"","header-main-stick-meta":"","header-below-stick-meta":"","astra-migrate-meta-layouts":"set","ast-page-background-enabled":"default","ast-page-background-meta":{"desktop":{"background-color":"var(--ast-global-color-5)","background-image":"","background-repeat":"repeat","background-position":"center center","background-size":"auto","background-attachment":"scroll","background-type":"","background-media":"","overlay-type":"","overlay-color":"","overlay-opacity":"","overlay-gradient":""},"tablet":{"background-color":"","background-image":"","background-repeat":"repeat","background-position":"center center","background-size":"auto","background-attachment":"scroll","background-type":"","background-media":"","overlay-type":"","overlay-color":"","overlay-opacity":"","overlay-gradient":""},"mobile":{"background-color":"","background-image":"","background-repeat":"repeat","background-position":"center center","background-size":"auto","background-attachment":"scroll","background-type":"","background-media":"","overlay-type":"","overlay-color":"","overlay-opacity":"","overlay-gradient":""}},"ast-content-background-meta":{"desktop":{"background-color":"var(--ast-global-color-4)","background-image":"","background-repeat":"repeat","background-position":"center center","background-size":"auto","background-attachment":"scroll","background-type":"","background-media":"","overlay-type":"","overlay-color":"","overlay-opacity":"","overlay-gradient":""},"tablet":{"background-color":"var(--ast-global-color-4)","background-image":"","background-repeat":"repeat","background-position":"center center","background-size":"auto","background-attachment":"scroll","background-type":"","background-media":"","overlay-type":"","overlay-color":"","overlay-opacity":"","overlay-gradient":""},"mobile":{"background-color":"var(--ast-global-color-4)","background-image":"","background-repeat":"repeat","background-position":"center center","background-size":"auto","background-attachment":"scroll","background-type":"","background-media":"","overlay-type":"","overlay-color":"","overlay-opacity":"","overlay-gradient":""}}},"product_brand":[],"product_cat":[56],"product_tag":[],"class_list":{"0":"post-2765","1":"product","2":"type-product","3":"status-publish","4":"has-post-thumbnail","6":"product_cat-tote-bag","7":"desktop-align-left","8":"tablet-align-left","9":"mobile-align-left","11":"first","12":"instock","13":"shipping-taxable","14":"product-type-simple"},"_links":{"self":[{"href":"https:\/\/baijiabags.com\/it\/wp-json\/wp\/v2\/product\/2765","targetHints":{"allow":["GET"]}}],"collection":[{"href":"https:\/\/baijiabags.com\/it\/wp-json\/wp\/v2\/product"}],"about":[{"href":"https:\/\/baijiabags.com\/it\/wp-json\/wp\/v2\/types\/product"}],"replies":[{"embeddable":true,"href":"https:\/\/baijiabags.com\/it\/wp-json\/wp\/v2\/comments?post=2765"}],"wp:featuredmedia":[{"embeddable":true,"href":"https:\/\/baijiabags.com\/it\/wp-json\/wp\/v2\/media\/2766"}],"wp:attachment":[{"href":"https:\/\/baijiabags.com\/it\/wp-json\/wp\/v2\/media?parent=2765"}],"wp:term":[{"taxonomy":"product_brand","embeddable":true,"href":"https:\/\/baijiabags.com\/it\/wp-json\/wp\/v2\/product_brand?post=2765"},{"taxonomy":"product_cat","embeddable":true,"href":"https:\/\/baijiabags.com\/it\/wp-json\/wp\/v2\/product_cat?post=2765"},{"taxonomy":"product_tag","embeddable":true,"href":"https:\/\/baijiabags.com\/it\/wp-json\/wp\/v2\/product_tag?post=2765"}],"curies":[{"name":"wp","href":"https:\/\/api.w.org\/{rel}","templated":true}]}}