{"id":2672,"date":"2025-09-29T08:10:08","date_gmt":"2025-09-29T08:10:08","guid":{"rendered":"https:\/\/baijiabags.com\/?post_type=product&#038;p=2672"},"modified":"2025-09-29T08:10:08","modified_gmt":"2025-09-29T08:10:08","slug":"custom-luxury-waterproof-smart-led-backpack-with-diy-dynamic-screen-advertising-bag","status":"publish","type":"product","link":"https:\/\/baijiabags.com\/it\/prodotto\/custom-luxury-waterproof-smart-led-backpack-with-diy-dynamic-screen-advertising-bag\/","title":{"rendered":"Zaino impermeabile di lusso su ordinazione del LED intelligente con la borsa di pubblicit\u00e0 dello schermo dinamico di DIY"},"content":{"rendered":"<h2 data-start=\"1290\" data-end=\"1306\">Caratteristiche principali<\/h2>\n<ol data-start=\"1307\" data-end=\"1994\">\n<li data-start=\"1307\" data-end=\"1391\">\n<p data-start=\"1310\" data-end=\"1391\"><strong data-start=\"1310\" data-end=\"1333\">Materiale impermeabile<\/strong> - Offre una protezione affidabile contro la pioggia e le fuoriuscite.<\/p>\n<\/li>\n<li data-start=\"1392\" data-end=\"1480\">\n<p data-start=\"1395\" data-end=\"1480\"><strong data-start=\"1395\" data-end=\"1417\">Schermo LED dinamico<\/strong> - Visualizza immagini, testo e animazioni, completamente personalizzabili.<\/p>\n<\/li>\n<li data-start=\"1481\" data-end=\"1560\">\n<p data-start=\"1484\" data-end=\"1560\"><strong data-start=\"1484\" data-end=\"1505\">Porta di ricarica USB<\/strong> - Consente di ricaricare comodamente i dispositivi elettronici.<\/p>\n<\/li>\n<li data-start=\"1561\" data-end=\"1640\">\n<p data-start=\"1564\" data-end=\"1640\"><strong data-start=\"1564\" data-end=\"1585\">Design antifurto<\/strong> - Scomparti nascosti e cerniere sicure per la sicurezza.<\/p>\n<\/li>\n<li data-start=\"1641\" data-end=\"1721\">\n<p data-start=\"1644\" data-end=\"1721\"><strong data-start=\"1644\" data-end=\"1666\">Maniglie con cinturino morbido<\/strong> - Assicura un trasporto confortevole durante l'uso prolungato.<\/p>\n<\/li>\n<li data-start=\"1722\" data-end=\"1814\">\n<p data-start=\"1725\" data-end=\"1814\"><strong data-start=\"1725\" data-end=\"1747\">Design alla moda<\/strong> - Aspetto moderno ed elegante, adatto a molteplici occasioni.<\/p>\n<\/li>\n<li data-start=\"1815\" data-end=\"1892\">\n<p data-start=\"1818\" data-end=\"1892\"><strong data-start=\"1818\" data-end=\"1837\">Manicotto per computer<\/strong> - Scomparto interno imbottito per computer portatili.<\/p>\n<\/li>\n<li data-start=\"1893\" data-end=\"1994\">\n<p data-start=\"1896\" data-end=\"1994\"><strong data-start=\"1896\" data-end=\"1920\">Uso multifunzionale<\/strong> - Perfetto per le attivit\u00e0 all'aperto, la vita quotidiana e la pubblicit\u00e0.<\/p>\n<\/li>\n<\/ol>\n<p><img fetchpriority=\"high\" decoding=\"async\" class=\"aligncenter wp-image-2677 size-full\" src=\"https:\/\/baijiabags.com\/wp-content\/uploads\/2025\/09\/1-6-16.png\" alt=\"Custom Luxury Waterproof Smart LED Backpack with DIY Dynamic Screen Advertising Bag\" width=\"800\" height=\"800\" srcset=\"https:\/\/baijiabags.com\/wp-content\/uploads\/2025\/09\/1-6-16.png 800w, https:\/\/baijiabags.com\/wp-content\/uploads\/2025\/09\/1-6-16-300x300.png 300w, https:\/\/baijiabags.com\/wp-content\/uploads\/2025\/09\/1-6-16-150x150.png 150w, https:\/\/baijiabags.com\/wp-content\/uploads\/2025\/09\/1-6-16-768x768.png 768w, https:\/\/baijiabags.com\/wp-content\/uploads\/2025\/09\/1-6-16-12x12.png 12w, https:\/\/baijiabags.com\/wp-content\/uploads\/2025\/09\/1-6-16-600x600.png 600w, https:\/\/baijiabags.com\/wp-content\/uploads\/2025\/09\/1-6-16-100x100.png 100w\" sizes=\"(max-width: 800px) 100vw, 800px\" \/><\/p>\n<h2 data-start=\"1996\" data-end=\"2014\">Specifiche tecniche<\/h2>\n<div class=\"_tableContainer_1rjym_1\">\n<div class=\"group _tableWrapper_1rjym_13 flex w-fit flex-col-reverse\" tabindex=\"-1\">\n<table class=\"w-fit min-w-(--thread-content-width)\" data-start=\"2016\" data-end=\"3325\">\n<thead data-start=\"2016\" data-end=\"2097\">\n<tr data-start=\"2016\" data-end=\"2097\">\n<th data-start=\"2016\" data-end=\"2045\" data-col-size=\"sm\">Parametro<\/th>\n<th data-start=\"2045\" data-end=\"2097\" data-col-size=\"md\">Descrizione<\/th>\n<\/tr>\n<\/thead>\n<tbody data-start=\"2180\" data-end=\"3325\">\n<tr data-start=\"2180\" data-end=\"2262\">\n<td data-start=\"2180\" data-end=\"2209\" data-col-size=\"sm\">Nome del prodotto<\/td>\n<td data-start=\"2209\" data-end=\"2262\" data-col-size=\"md\">Zaino LED personalizzato<\/td>\n<\/tr>\n<tr data-start=\"2263\" data-end=\"2344\">\n<td data-start=\"2263\" data-end=\"2292\" data-col-size=\"sm\">Marchio<\/td>\n<td data-start=\"2292\" data-end=\"2344\" data-col-size=\"md\">RONEER<\/td>\n<\/tr>\n<tr data-start=\"2345\" data-end=\"2426\">\n<td data-start=\"2345\" data-end=\"2374\" data-col-size=\"sm\">Modello<\/td>\n<td data-start=\"2374\" data-end=\"2426\" data-col-size=\"md\">AL-76<\/td>\n<\/tr>\n<tr data-start=\"2427\" data-end=\"2507\">\n<td data-start=\"2427\" data-end=\"2456\" data-col-size=\"sm\">Caratteristiche<\/td>\n<td data-start=\"2456\" data-end=\"2507\" data-col-size=\"md\">Impermeabile, ricarica USB, antifurto<\/td>\n<\/tr>\n<tr data-start=\"2508\" data-end=\"2589\">\n<td data-start=\"2508\" data-end=\"2537\" data-col-size=\"sm\">Tipo di cinturino<\/td>\n<td data-start=\"2537\" data-end=\"2589\" data-col-size=\"md\">Maniglie morbide<\/td>\n<\/tr>\n<tr data-start=\"2590\" data-end=\"2671\">\n<td data-start=\"2590\" data-end=\"2619\" data-col-size=\"sm\">Tipo di chiusura<\/td>\n<td data-start=\"2619\" data-end=\"2671\" data-col-size=\"md\">Cerniera<\/td>\n<\/tr>\n<tr data-start=\"2672\" data-end=\"2753\">\n<td data-start=\"2672\" data-end=\"2701\" data-col-size=\"sm\">Stile<\/td>\n<td data-start=\"2701\" data-end=\"2753\" data-col-size=\"md\">Alla moda<\/td>\n<\/tr>\n<tr data-start=\"2754\" data-end=\"2835\">\n<td data-start=\"2754\" data-end=\"2783\" data-col-size=\"sm\">Scomparti interni<\/td>\n<td data-start=\"2783\" data-end=\"2835\" data-col-size=\"md\">Manicotto per computer<\/td>\n<\/tr>\n<tr data-start=\"2836\" data-end=\"2917\">\n<td data-start=\"2836\" data-end=\"2865\" data-col-size=\"sm\">Luogo di origine<\/td>\n<td data-start=\"2865\" data-end=\"2917\" data-col-size=\"md\">Guangdong, Cina<\/td>\n<\/tr>\n<tr data-start=\"2918\" data-end=\"2999\">\n<td data-start=\"2918\" data-end=\"2947\" data-col-size=\"sm\">Tensione<\/td>\n<td data-start=\"2947\" data-end=\"2999\" data-col-size=\"md\">5V \/ 2A<\/td>\n<\/tr>\n<tr data-start=\"3000\" data-end=\"3080\">\n<td data-start=\"3000\" data-end=\"3029\" data-col-size=\"sm\">Colore<\/td>\n<td data-start=\"3029\" data-end=\"3080\" data-col-size=\"md\">Personalizzabile<\/td>\n<\/tr>\n<tr data-start=\"3081\" data-end=\"3162\">\n<td data-start=\"3081\" data-end=\"3110\" data-col-size=\"sm\">Disponibilit\u00e0 del campione<\/td>\n<td data-start=\"3110\" data-end=\"3162\" data-col-size=\"md\">S\u00ec<\/td>\n<\/tr>\n<tr data-start=\"3163\" data-end=\"3244\">\n<td data-start=\"3163\" data-end=\"3192\" data-col-size=\"sm\">Quantit\u00e0 minima d'ordine<\/td>\n<td data-start=\"3192\" data-end=\"3244\" data-col-size=\"md\">300<\/td>\n<\/tr>\n<tr data-start=\"3245\" data-end=\"3325\">\n<td data-start=\"3245\" data-end=\"3274\" data-col-size=\"sm\">Applicazione<\/td>\n<td data-start=\"3274\" data-end=\"3325\" data-col-size=\"md\">Attivit\u00e0 all'aperto, vita quotidiana, pubblicit\u00e0<\/td>\n<\/tr>\n<\/tbody>\n<\/table>\n<\/div>\n<\/div>\n<h2 data-start=\"3327\" data-end=\"3343\">Applicazioni<\/h2>\n<ul data-start=\"3344\" data-end=\"3557\">\n<li data-start=\"3344\" data-end=\"3400\">\n<p data-start=\"3346\" data-end=\"3400\">Avventure all'aria aperta come escursioni a piedi, in bicicletta o in viaggio<\/p>\n<\/li>\n<li data-start=\"3401\" data-end=\"3433\">\n<p data-start=\"3403\" data-end=\"3433\">Pendolarismo quotidiano o uso urbano<\/p>\n<\/li>\n<li data-start=\"3434\" data-end=\"3499\">\n<p data-start=\"3436\" data-end=\"3499\">Campagne promozionali o pubblicitarie con contenuti LED dinamici<\/p>\n<\/li>\n<li data-start=\"3500\" data-end=\"3557\">\n<p data-start=\"3502\" data-end=\"3557\">Eventi o mostre che richiedono un marchio personalizzato<\/p>\n<\/li>\n<\/ul>\n<p data-start=\"3559\" data-end=\"3781\">Se siete interessati a questo zaino, contattateci per richiedere un campione. <strong data-start=\"3638\" data-end=\"3674\">Sono disponibili servizi ODM e OEM<\/strong>che consente la completa personalizzazione del design e della funzionalit\u00e0 dei LED per soddisfare le esigenze specifiche del vostro marchio.<\/p>","protected":false},"excerpt":{"rendered":"<p>Il <strong data-start=\"177\" data-end=\"231\">RONEER Zaino di lusso impermeabile intelligente a LED personalizzato<\/strong> \u00e8 stato progettato per combinare stile, tecnologia e praticit\u00e0. Questo zaino innovativo \u00e8 dotato di uno schermo LED dinamico che consente di visualizzare immagini, testi o animazioni, rendendolo ideale per la pubblicit\u00e0, l'espressione personale o la personalizzazione. La durevolezza e la funzionalit\u00e0 sono prioritarie grazie ai materiali impermeabili e alle caratteristiche di design.<\/p>","protected":false},"featured_media":2673,"comment_status":"open","ping_status":"closed","template":"","meta":{"site-sidebar-layout":"default","site-content-layout":"","ast-site-content-layout":"default","site-content-style":"default","site-sidebar-style":"default","ast-global-header-display":"","ast-banner-title-visibility":"","ast-main-header-display":"","ast-hfb-above-header-display":"","ast-hfb-below-header-display":"","ast-hfb-mobile-header-display":"","site-post-title":"","ast-breadcrumbs-content":"","ast-featured-img":"","footer-sml-layout":"","ast-disable-related-posts":"","theme-transparent-header-meta":"default","adv-header-id-meta":"","stick-header-meta":"","header-above-stick-meta":"","header-main-stick-meta":"","header-below-stick-meta":"","astra-migrate-meta-layouts":"set","ast-page-background-enabled":"default","ast-page-background-meta":{"desktop":{"background-color":"var(--ast-global-color-5)","background-image":"","background-repeat":"repeat","background-position":"center center","background-size":"auto","background-attachment":"scroll","background-type":"","background-media":"","overlay-type":"","overlay-color":"","overlay-opacity":"","overlay-gradient":""},"tablet":{"background-color":"","background-image":"","background-repeat":"repeat","background-position":"center center","background-size":"auto","background-attachment":"scroll","background-type":"","background-media":"","overlay-type":"","overlay-color":"","overlay-opacity":"","overlay-gradient":""},"mobile":{"background-color":"","background-image":"","background-repeat":"repeat","background-position":"center center","background-size":"auto","background-attachment":"scroll","background-type":"","background-media":"","overlay-type":"","overlay-color":"","overlay-opacity":"","overlay-gradient":""}},"ast-content-background-meta":{"desktop":{"background-color":"var(--ast-global-color-4)","background-image":"","background-repeat":"repeat","background-position":"center center","background-size":"auto","background-attachment":"scroll","background-type":"","background-media":"","overlay-type":"","overlay-color":"","overlay-opacity":"","overlay-gradient":""},"tablet":{"background-color":"var(--ast-global-color-4)","background-image":"","background-repeat":"repeat","background-position":"center center","background-size":"auto","background-attachment":"scroll","background-type":"","background-media":"","overlay-type":"","overlay-color":"","overlay-opacity":"","overlay-gradient":""},"mobile":{"background-color":"var(--ast-global-color-4)","background-image":"","background-repeat":"repeat","background-position":"center center","background-size":"auto","background-attachment":"scroll","background-type":"","background-media":"","overlay-type":"","overlay-color":"","overlay-opacity":"","overlay-gradient":""}}},"product_brand":[],"product_cat":[21],"product_tag":[],"class_list":{"0":"post-2672","1":"product","2":"type-product","3":"status-publish","4":"has-post-thumbnail","6":"product_cat-backpack","7":"desktop-align-left","8":"tablet-align-left","9":"mobile-align-left","11":"first","12":"instock","13":"shipping-taxable","14":"product-type-simple"},"_links":{"self":[{"href":"https:\/\/baijiabags.com\/it\/wp-json\/wp\/v2\/product\/2672","targetHints":{"allow":["GET"]}}],"collection":[{"href":"https:\/\/baijiabags.com\/it\/wp-json\/wp\/v2\/product"}],"about":[{"href":"https:\/\/baijiabags.com\/it\/wp-json\/wp\/v2\/types\/product"}],"replies":[{"embeddable":true,"href":"https:\/\/baijiabags.com\/it\/wp-json\/wp\/v2\/comments?post=2672"}],"wp:featuredmedia":[{"embeddable":true,"href":"https:\/\/baijiabags.com\/it\/wp-json\/wp\/v2\/media\/2673"}],"wp:attachment":[{"href":"https:\/\/baijiabags.com\/it\/wp-json\/wp\/v2\/media?parent=2672"}],"wp:term":[{"taxonomy":"product_brand","embeddable":true,"href":"https:\/\/baijiabags.com\/it\/wp-json\/wp\/v2\/product_brand?post=2672"},{"taxonomy":"product_cat","embeddable":true,"href":"https:\/\/baijiabags.com\/it\/wp-json\/wp\/v2\/product_cat?post=2672"},{"taxonomy":"product_tag","embeddable":true,"href":"https:\/\/baijiabags.com\/it\/wp-json\/wp\/v2\/product_tag?post=2672"}],"curies":[{"name":"wp","href":"https:\/\/api.w.org\/{rel}","templated":true}]}}