{"id":2645,"date":"2025-09-29T01:21:47","date_gmt":"2025-09-29T01:21:47","guid":{"rendered":"https:\/\/baijiabags.com\/?post_type=product&#038;p=2645"},"modified":"2025-11-01T01:21:36","modified_gmt":"2025-11-01T01:21:36","slug":"wholesale-elegant-womens-leather-handbag-genuine-leather-tote-crossbody-style","status":"publish","type":"product","link":"https:\/\/baijiabags.com\/it\/prodotto\/wholesale-elegant-womens-leather-handbag-genuine-leather-tote-crossbody-style\/","title":{"rendered":"Commercio all'ingrosso Elegante Donna Borsa in pelle Vera pelle Tote stile Crossbody"},"content":{"rendered":"<h2 data-start=\"982\" data-end=\"999\">Caratteristiche principali<\/h2>\n<ul data-start=\"1000\" data-end=\"1713\">\n<li data-start=\"1000\" data-end=\"1069\">\n<p data-start=\"1002\" data-end=\"1069\">\u00c8 stata utilizzata vera pelle per garantire la massima durata e consistenza.<\/p>\n<\/li>\n<li data-start=\"1070\" data-end=\"1150\">\n<p data-start=\"1072\" data-end=\"1150\">Il design versatile \u00e8 stato adottato sia per l'uso crossbody che per quello a mano.<\/p>\n<\/li>\n<li data-start=\"1151\" data-end=\"1236\">\n<p data-start=\"1153\" data-end=\"1236\">Per una maggiore protezione negli ambienti quotidiani, \u00e8 stata applicata una superficie impermeabile.<\/p>\n<\/li>\n<li data-start=\"1237\" data-end=\"1371\">\n<p data-start=\"1239\" data-end=\"1371\">\u00c8 stata prevista un'ampia capienza per inserire oggetti come un <strong data-start=\"1299\" data-end=\"1368\">Rivista A5, iPad, telefono cellulare, ombrello pieghevole e cosmetici.<\/strong>.<\/p>\n<\/li>\n<li data-start=\"1372\" data-end=\"1453\">\n<p data-start=\"1374\" data-end=\"1453\">Gli scomparti organizzati sono stati disposti in modo da facilitare la conservazione e l'accesso.<\/p>\n<\/li>\n<li data-start=\"1454\" data-end=\"1536\">\n<p data-start=\"1456\" data-end=\"1536\">La struttura leggera (0,65 kg) \u00e8 stata realizzata per garantire un trasporto confortevole.<\/p>\n<\/li>\n<li data-start=\"1537\" data-end=\"1630\">\n<p data-start=\"1539\" data-end=\"1630\">Sono stati offerti colori personalizzabili per soddisfare i diversi mercati e le preferenze personali.<\/p>\n<\/li>\n<li data-start=\"1631\" data-end=\"1713\">\n<p data-start=\"1633\" data-end=\"1713\">La produzione ODM e OEM \u00e8 stata supportata per la personalizzazione all'ingrosso e del marchio.<\/p>\n<\/li>\n<\/ul>\n<h2 data-start=\"1720\" data-end=\"1739\">Specifiche tecniche<\/h2>\n<div class=\"_tableContainer_1rjym_1\">\n<div class=\"group _tableWrapper_1rjym_13 flex w-fit flex-col-reverse\" tabindex=\"-1\">\n<table class=\"w-fit min-w-(--thread-content-width)\" data-start=\"1741\" data-end=\"3318\">\n<thead data-start=\"1741\" data-end=\"1845\">\n<tr data-start=\"1741\" data-end=\"1845\">\n<th data-start=\"1741\" data-end=\"1766\" data-col-size=\"sm\">Parametro<\/th>\n<th data-start=\"1766\" data-end=\"1845\" data-col-size=\"md\">Descrizione<\/th>\n<\/tr>\n<\/thead>\n<tbody data-start=\"1952\" data-end=\"3318\">\n<tr data-start=\"1952\" data-end=\"2056\">\n<td data-start=\"1952\" data-end=\"1977\" data-col-size=\"sm\">Nome del prodotto<\/td>\n<td data-start=\"1977\" data-end=\"2056\" data-col-size=\"md\">Borsa da donna<\/td>\n<\/tr>\n<tr data-start=\"2057\" data-end=\"2161\">\n<td data-start=\"2057\" data-end=\"2082\" data-col-size=\"sm\">Marchio<\/td>\n<td data-start=\"2082\" data-end=\"2161\" data-col-size=\"md\">RONEER<\/td>\n<\/tr>\n<tr data-start=\"2162\" data-end=\"2266\">\n<td data-start=\"2162\" data-end=\"2187\" data-col-size=\"sm\">Modello<\/td>\n<td data-start=\"2187\" data-end=\"2266\" data-col-size=\"md\">GB-0437<\/td>\n<\/tr>\n<tr data-start=\"2267\" data-end=\"2371\">\n<td data-start=\"2267\" data-end=\"2292\" data-col-size=\"sm\">Luogo di origine<\/td>\n<td data-start=\"2292\" data-end=\"2371\" data-col-size=\"md\">Guangdong, Cina<\/td>\n<\/tr>\n<tr data-start=\"2372\" data-end=\"2476\">\n<td data-start=\"2372\" data-end=\"2397\" data-col-size=\"sm\">Stile<\/td>\n<td data-start=\"2397\" data-end=\"2476\" data-col-size=\"md\">Moda<\/td>\n<\/tr>\n<tr data-start=\"2477\" data-end=\"2581\">\n<td data-start=\"2477\" data-end=\"2502\" data-col-size=\"sm\">Materiale<\/td>\n<td data-start=\"2502\" data-end=\"2581\" data-col-size=\"md\">Vera pelle<\/td>\n<\/tr>\n<tr data-start=\"2582\" data-end=\"2686\">\n<td data-start=\"2582\" data-end=\"2607\" data-col-size=\"sm\">Peso<\/td>\n<td data-start=\"2607\" data-end=\"2686\" data-col-size=\"md\">0,65 kg<\/td>\n<\/tr>\n<tr data-start=\"2687\" data-end=\"2792\">\n<td data-start=\"2687\" data-end=\"2712\" data-col-size=\"sm\">Struttura<\/td>\n<td data-start=\"2712\" data-end=\"2792\" data-col-size=\"md\">Tasca interna con cerniera \u00d72 \/ Scomparto principale \/ Tasca interna<\/td>\n<\/tr>\n<tr data-start=\"2793\" data-end=\"2897\">\n<td data-start=\"2793\" data-end=\"2818\" data-col-size=\"sm\">Colore<\/td>\n<td data-start=\"2818\" data-end=\"2897\" data-col-size=\"md\">Personalizzabile<\/td>\n<\/tr>\n<tr data-start=\"2898\" data-end=\"3002\">\n<td data-start=\"2898\" data-end=\"2923\" data-col-size=\"sm\">Modalit\u00e0 di utilizzo<\/td>\n<td data-start=\"2923\" data-end=\"3002\" data-col-size=\"md\">Crossbody \/ Portabile a mano<\/td>\n<\/tr>\n<tr data-start=\"3003\" data-end=\"3107\">\n<td data-start=\"3003\" data-end=\"3028\" data-col-size=\"sm\">Caratteristica<\/td>\n<td data-start=\"3028\" data-end=\"3107\" data-col-size=\"md\">Impermeabile<\/td>\n<\/tr>\n<tr data-start=\"3108\" data-end=\"3213\">\n<td data-start=\"3108\" data-end=\"3133\" data-col-size=\"sm\">Capacit\u00e0<\/td>\n<td data-start=\"3133\" data-end=\"3213\" data-col-size=\"md\">Rivista A5, iPad, telefono cellulare, ombrello, cosmetici e oggetti di uso quotidiano.<\/td>\n<\/tr>\n<tr data-start=\"3214\" data-end=\"3318\">\n<td data-start=\"3214\" data-end=\"3239\" data-col-size=\"sm\">MOQ<\/td>\n<td data-start=\"3239\" data-end=\"3318\" data-col-size=\"md\">300 pezzi<\/td>\n<\/tr>\n<\/tbody>\n<\/table>\n<\/div>\n<\/div>\n<h2>Applicazioni<\/h2>\n<ul data-start=\"3416\" data-end=\"3624\">\n<li data-start=\"3416\" data-end=\"3450\">\n<p data-start=\"3418\" data-end=\"3450\">Pendolarismo quotidiano e uso in ufficio<\/p>\n<\/li>\n<li data-start=\"3451\" data-end=\"3482\">\n<p data-start=\"3453\" data-end=\"3482\">Shopping e gite occasionali<\/p>\n<\/li>\n<li data-start=\"3483\" data-end=\"3519\">\n<p data-start=\"3485\" data-end=\"3519\">Viaggi e attivit\u00e0 di svago<\/p>\n<\/li>\n<li data-start=\"3520\" data-end=\"3552\">\n<p data-start=\"3522\" data-end=\"3552\">Incontri sociali ed eventi<\/p>\n<\/li>\n<li data-start=\"3553\" data-end=\"3590\">\n<p data-start=\"3555\" data-end=\"3590\">Stile aziendale e professionale<\/p>\n<\/li>\n<li data-start=\"3591\" data-end=\"3624\">\n<p data-start=\"3593\" data-end=\"3624\">Regali e scopi promozionali<\/p>\n<\/li>\n<\/ul>\n<p data-start=\"3631\" data-end=\"3820\">Se siete interessati a questa elegante borsa in pelle, contattateci per richiedere dei campioni. <strong data-start=\"3724\" data-end=\"3760\">Sono disponibili servizi ODM e OEM<\/strong> per supportare la personalizzazione del commercio all'ingrosso e lo sviluppo del marchio.<\/p>","protected":false},"excerpt":{"rendered":"<p>La borsa in pelle da donna Wholesale Elegant \u00e8 stata progettata per combinare praticit\u00e0 ed eleganza senza tempo. Realizzata in vera pelle, la tote \u00e8 offerta da <strong data-start=\"335\" data-end=\"345\">RONEER<\/strong> come modello <strong data-start=\"355\" data-end=\"366\">GB-0437<\/strong>e viene prodotto nel Guangdong, in Cina. Un peso di <strong data-start=\"424\" data-end=\"435\">0,65 kg<\/strong> \u00e8 stata curata per garantire un utilizzo confortevole. La borsa \u00e8 stata creata con uno stile alla moda e strutturata in modo da supportare un utilizzo versatile sia in modalit\u00e0 crossbody che hand-carry.<\/p>","protected":false},"featured_media":2655,"comment_status":"open","ping_status":"closed","template":"","meta":{"site-sidebar-layout":"default","site-content-layout":"","ast-site-content-layout":"default","site-content-style":"default","site-sidebar-style":"default","ast-global-header-display":"","ast-banner-title-visibility":"","ast-main-header-display":"","ast-hfb-above-header-display":"","ast-hfb-below-header-display":"","ast-hfb-mobile-header-display":"","site-post-title":"","ast-breadcrumbs-content":"","ast-featured-img":"","footer-sml-layout":"","ast-disable-related-posts":"","theme-transparent-header-meta":"default","adv-header-id-meta":"","stick-header-meta":"","header-above-stick-meta":"","header-main-stick-meta":"","header-below-stick-meta":"","astra-migrate-meta-layouts":"set","ast-page-background-enabled":"default","ast-page-background-meta":{"desktop":{"background-color":"var(--ast-global-color-5)","background-image":"","background-repeat":"repeat","background-position":"center center","background-size":"auto","background-attachment":"scroll","background-type":"","background-media":"","overlay-type":"","overlay-color":"","overlay-opacity":"","overlay-gradient":""},"tablet":{"background-color":"","background-image":"","background-repeat":"repeat","background-position":"center center","background-size":"auto","background-attachment":"scroll","background-type":"","background-media":"","overlay-type":"","overlay-color":"","overlay-opacity":"","overlay-gradient":""},"mobile":{"background-color":"","background-image":"","background-repeat":"repeat","background-position":"center center","background-size":"auto","background-attachment":"scroll","background-type":"","background-media":"","overlay-type":"","overlay-color":"","overlay-opacity":"","overlay-gradient":""}},"ast-content-background-meta":{"desktop":{"background-color":"var(--ast-global-color-4)","background-image":"","background-repeat":"repeat","background-position":"center center","background-size":"auto","background-attachment":"scroll","background-type":"","background-media":"","overlay-type":"","overlay-color":"","overlay-opacity":"","overlay-gradient":""},"tablet":{"background-color":"var(--ast-global-color-4)","background-image":"","background-repeat":"repeat","background-position":"center center","background-size":"auto","background-attachment":"scroll","background-type":"","background-media":"","overlay-type":"","overlay-color":"","overlay-opacity":"","overlay-gradient":""},"mobile":{"background-color":"var(--ast-global-color-4)","background-image":"","background-repeat":"repeat","background-position":"center center","background-size":"auto","background-attachment":"scroll","background-type":"","background-media":"","overlay-type":"","overlay-color":"","overlay-opacity":"","overlay-gradient":""}}},"product_brand":[],"product_cat":[42,54],"product_tag":[],"class_list":{"0":"post-2645","1":"product","2":"type-product","3":"status-publish","4":"has-post-thumbnail","6":"product_cat-hand-bag","7":"product_cat-womens-bag","8":"desktop-align-left","9":"tablet-align-left","10":"mobile-align-left","12":"first","13":"instock","14":"shipping-taxable","15":"product-type-simple"},"_links":{"self":[{"href":"https:\/\/baijiabags.com\/it\/wp-json\/wp\/v2\/product\/2645","targetHints":{"allow":["GET"]}}],"collection":[{"href":"https:\/\/baijiabags.com\/it\/wp-json\/wp\/v2\/product"}],"about":[{"href":"https:\/\/baijiabags.com\/it\/wp-json\/wp\/v2\/types\/product"}],"replies":[{"embeddable":true,"href":"https:\/\/baijiabags.com\/it\/wp-json\/wp\/v2\/comments?post=2645"}],"wp:featuredmedia":[{"embeddable":true,"href":"https:\/\/baijiabags.com\/it\/wp-json\/wp\/v2\/media\/2655"}],"wp:attachment":[{"href":"https:\/\/baijiabags.com\/it\/wp-json\/wp\/v2\/media?parent=2645"}],"wp:term":[{"taxonomy":"product_brand","embeddable":true,"href":"https:\/\/baijiabags.com\/it\/wp-json\/wp\/v2\/product_brand?post=2645"},{"taxonomy":"product_cat","embeddable":true,"href":"https:\/\/baijiabags.com\/it\/wp-json\/wp\/v2\/product_cat?post=2645"},{"taxonomy":"product_tag","embeddable":true,"href":"https:\/\/baijiabags.com\/it\/wp-json\/wp\/v2\/product_tag?post=2645"}],"curies":[{"name":"wp","href":"https:\/\/api.w.org\/{rel}","templated":true}]}}