{"id":2571,"date":"2025-09-27T03:39:07","date_gmt":"2025-09-27T03:39:07","guid":{"rendered":"https:\/\/baijiabags.com\/?post_type=product&#038;p=2571"},"modified":"2025-11-01T01:21:57","modified_gmt":"2025-11-01T01:21:57","slug":"wholesale-genuine-leather-womens-tote-bag-custom-shoulder-handbag-waterproof-office-use","status":"publish","type":"product","link":"https:\/\/baijiabags.com\/it\/prodotto\/wholesale-genuine-leather-womens-tote-bag-custom-shoulder-handbag-waterproof-office-use\/","title":{"rendered":"Commercio all'ingrosso Vera pelle Womens Tote Bag Borsa a tracolla personalizzata Uso ufficio impermeabile"},"content":{"rendered":"<h2 data-start=\"725\" data-end=\"742\">Caratteristiche principali<\/h2>\n<ol data-start=\"743\" data-end=\"1803\">\n<li data-start=\"743\" data-end=\"883\">\n<p data-start=\"746\" data-end=\"883\"><strong data-start=\"746\" data-end=\"778\">Costruzione in pelle premium<\/strong> - \u00c8 stata utilizzata vera pelle di alta qualit\u00e0 per garantire resistenza, durata e un aspetto raffinato.<\/p>\n<\/li>\n<li data-start=\"884\" data-end=\"1021\">\n<p data-start=\"887\" data-end=\"1021\"><strong data-start=\"887\" data-end=\"912\">Protezione impermeabile<\/strong> - La superficie \u00e8 stata trattata per resistere all'acqua, consentendo di tenere al sicuro gli effetti personali in condizioni variabili.<\/p>\n<\/li>\n<li data-start=\"1022\" data-end=\"1196\">\n<p data-start=\"1025\" data-end=\"1196\"><strong data-start=\"1025\" data-end=\"1046\">Interni spaziosi<\/strong> - \u00c8 stato incluso uno scomparto principale con diverse tasche interne per ospitare oggetti essenziali come iPad, documenti A4, cosmetici e altro ancora.<\/p>\n<\/li>\n<li data-start=\"1197\" data-end=\"1288\">\n<p data-start=\"1200\" data-end=\"1288\"><strong data-start=\"1200\" data-end=\"1224\">Opzioni personalizzabili<\/strong> - I colori possono essere personalizzati per soddisfare le diverse preferenze di stile.<\/p>\n<\/li>\n<li data-start=\"1289\" data-end=\"1410\">\n<p data-start=\"1292\" data-end=\"1410\"><strong data-start=\"1292\" data-end=\"1322\">Metodi di trasporto versatili<\/strong> - La tote \u00e8 stata progettata per essere portata a mano o indossata crossbody per una maggiore flessibilit\u00e0.<\/p>\n<\/li>\n<li data-start=\"1411\" data-end=\"1533\">\n<p data-start=\"1414\" data-end=\"1533\"><strong data-start=\"1414\" data-end=\"1435\">Struttura leggera<\/strong> - Con un peso di soli 0,64 kg, la borsa \u00e8 stata resa facile da trasportare per tutta la giornata senza ulteriori oneri.<\/p>\n<\/li>\n<li data-start=\"1534\" data-end=\"1663\">\n<p data-start=\"1537\" data-end=\"1663\"><strong data-start=\"1537\" data-end=\"1555\">Conservazione sicura<\/strong> - Le tasche con cerniera e le tasche a scorrimento sono state disposte in modo tale da garantire una custodia organizzata e sicura per i piccoli oggetti di valore.<\/p>\n<\/li>\n<li data-start=\"1664\" data-end=\"1803\">\n<p data-start=\"1667\" data-end=\"1803\"><strong data-start=\"1667\" data-end=\"1698\">Uso professionale e informale<\/strong> - Lo stile senza tempo \u00e8 stato incorporato, rendendo la borsa adatta sia al lavoro che al tempo libero.<\/p>\n<\/li>\n<\/ol>\n<h2 data-start=\"1805\" data-end=\"1824\">Specifiche tecniche<\/h2>\n<div class=\"_tableContainer_1rjym_1\">\n<div class=\"group _tableWrapper_1rjym_13 flex w-fit flex-col-reverse\" tabindex=\"-1\">\n<table class=\"w-fit min-w-(--thread-content-width)\" data-start=\"1826\" data-end=\"2374\">\n<thead data-start=\"1826\" data-end=\"1863\">\n<tr data-start=\"1826\" data-end=\"1863\">\n<th data-start=\"1826\" data-end=\"1846\" data-col-size=\"sm\"><strong data-start=\"1828\" data-end=\"1845\">Specifiche<\/strong><\/th>\n<th data-start=\"1846\" data-end=\"1863\" data-col-size=\"md\"><strong data-start=\"1848\" data-end=\"1859\">Dettagli<\/strong><\/th>\n<\/tr>\n<\/thead>\n<tbody data-start=\"1902\" data-end=\"2374\">\n<tr data-start=\"1902\" data-end=\"1937\">\n<td data-start=\"1902\" data-end=\"1917\" data-col-size=\"sm\">Nome del prodotto<\/td>\n<td data-start=\"1917\" data-end=\"1937\" data-col-size=\"md\">Borsa da donna<\/td>\n<\/tr>\n<tr data-start=\"1938\" data-end=\"1958\">\n<td data-start=\"1938\" data-end=\"1946\" data-col-size=\"sm\">Marchio<\/td>\n<td data-start=\"1946\" data-end=\"1958\" data-col-size=\"md\">RONEER<\/td>\n<\/tr>\n<tr data-start=\"1959\" data-end=\"1980\">\n<td data-start=\"1959\" data-end=\"1967\" data-col-size=\"sm\">Modello<\/td>\n<td data-start=\"1967\" data-end=\"1980\" data-col-size=\"md\">GB-0434<\/td>\n<\/tr>\n<tr data-start=\"1981\" data-end=\"2012\">\n<td data-start=\"1981\" data-end=\"1990\" data-col-size=\"sm\">Origine<\/td>\n<td data-start=\"1990\" data-end=\"2012\" data-col-size=\"md\">Guangdong, Cina<\/td>\n<\/tr>\n<tr data-start=\"2013\" data-end=\"2041\">\n<td data-start=\"2013\" data-end=\"2021\" data-col-size=\"sm\">Stile<\/td>\n<td data-start=\"2021\" data-end=\"2041\" data-col-size=\"md\">Moda, Retr\u00f2<\/td>\n<\/tr>\n<tr data-start=\"2042\" data-end=\"2074\">\n<td data-start=\"2042\" data-end=\"2053\" data-col-size=\"sm\">Materiale<\/td>\n<td data-start=\"2053\" data-end=\"2074\" data-col-size=\"md\">Vera pelle<\/td>\n<\/tr>\n<tr data-start=\"2075\" data-end=\"2097\">\n<td data-start=\"2075\" data-end=\"2084\" data-col-size=\"sm\">Peso<\/td>\n<td data-start=\"2084\" data-end=\"2097\" data-col-size=\"md\">0,64 kg<\/td>\n<\/tr>\n<tr data-start=\"2098\" data-end=\"2124\">\n<td data-start=\"2098\" data-end=\"2106\" data-col-size=\"sm\">Colore<\/td>\n<td data-start=\"2106\" data-end=\"2124\" data-col-size=\"md\">Personalizzabile<\/td>\n<\/tr>\n<tr data-start=\"2125\" data-end=\"2192\">\n<td data-start=\"2125\" data-end=\"2140\" data-col-size=\"sm\">Scomparti<\/td>\n<td data-start=\"2140\" data-end=\"2192\" data-col-size=\"md\">Scomparto principale, 1 tasca con cerniera, 2 tasche portaoggetti<\/td>\n<\/tr>\n<tr data-start=\"2193\" data-end=\"2240\">\n<td data-start=\"2193\" data-end=\"2212\" data-col-size=\"sm\">Opzioni di trasporto<\/td>\n<td data-start=\"2212\" data-end=\"2240\" data-col-size=\"md\">Crossbody \/ Portabile a mano<\/td>\n<\/tr>\n<tr data-start=\"2241\" data-end=\"2268\">\n<td data-start=\"2241\" data-end=\"2252\" data-col-size=\"sm\">Caratteristiche<\/td>\n<td data-start=\"2252\" data-end=\"2268\" data-col-size=\"md\">Impermeabile<\/td>\n<\/tr>\n<tr data-start=\"2269\" data-end=\"2354\">\n<td data-start=\"2269\" data-end=\"2280\" data-col-size=\"sm\">Capacit\u00e0<\/td>\n<td data-start=\"2280\" data-end=\"2354\" data-col-size=\"md\">Adatto a riviste A4, iPad, telefono, ombrello pieghevole, cosmetici e altro ancora.<\/td>\n<\/tr>\n<tr data-start=\"2355\" data-end=\"2374\">\n<td data-start=\"2355\" data-end=\"2361\" data-col-size=\"sm\">MOQ<\/td>\n<td data-start=\"2361\" data-end=\"2374\" data-col-size=\"md\">300 pezzi<\/td>\n<\/tr>\n<\/tbody>\n<\/table>\n<\/div>\n<\/div>\n<h2 data-start=\"2376\" data-end=\"2393\">Applicazioni<\/h2>\n<p data-start=\"2394\" data-end=\"2472\">Questa borsa \u00e8 stata progettata per adattarsi a un'ampia gamma di utilizzi, tra cui:<\/p>\n<ul data-start=\"2474\" data-end=\"3011\">\n<li data-start=\"2474\" data-end=\"2572\">\n<p data-start=\"2476\" data-end=\"2572\"><strong data-start=\"2476\" data-end=\"2490\">Uso ufficio<\/strong> - Documenti, tablet e oggetti di lavoro quotidiani possono essere trasportati comodamente.<\/p>\n<\/li>\n<li data-start=\"2573\" data-end=\"2673\">\n<p data-start=\"2575\" data-end=\"2673\"><strong data-start=\"2575\" data-end=\"2592\">Uscite giornaliere<\/strong> - Gli oggetti personali possono essere organizzati in modo efficiente per lo shopping o per gli incontri occasionali.<\/p>\n<\/li>\n<li data-start=\"2674\" data-end=\"2776\">\n<p data-start=\"2676\" data-end=\"2776\"><strong data-start=\"2676\" data-end=\"2686\">Viaggi<\/strong> - Gli oggetti compatti come documenti di viaggio, ombrelli e trucchi possono essere conservati in modo sicuro.<\/p>\n<\/li>\n<li data-start=\"2777\" data-end=\"2895\">\n<p data-start=\"2779\" data-end=\"2895\"><strong data-start=\"2779\" data-end=\"2800\">Riunioni di lavoro<\/strong> - Il look professionale ottenuto rende la borsa adatta agli ambienti aziendali.<\/p>\n<\/li>\n<li data-start=\"2896\" data-end=\"3011\">\n<p data-start=\"2898\" data-end=\"3011\"><strong data-start=\"2898\" data-end=\"2920\">Attivit\u00e0 del fine settimana<\/strong> - Il design versatile ha permesso alla borsa di adattarsi a contesti sia rilassati che semi-formali.<\/p>\n<\/li>\n<\/ul>\n<p data-start=\"3020\" data-end=\"3166\">Se siete interessati a questa borsa, contattateci per richiedere dei campioni. <strong data-start=\"3097\" data-end=\"3119\">Servizi ODM e OEM<\/strong> sono forniti per supportare i requisiti personalizzati.<\/p>","protected":false},"excerpt":{"rendered":"<p>Una borsa da donna \u00e8 stata disegnata da <strong data-start=\"333\" data-end=\"343\">RONEER<\/strong> con particolare attenzione allo stile, alla durata e alla praticit\u00e0. La vera pelle \u00e8 stata scelta come materiale principale per garantire eleganza e lunga durata. La tote bag \u00e8 stata realizzata con caratteristiche di impermeabilit\u00e0 che la rendono particolarmente adatta all'ufficio, ai viaggi e all'uso quotidiano. Con un peso di soli 0,64 kg, la borsa \u00e8 stata strutturata per offrire leggerezza e funzionalit\u00e0.<\/p>","protected":false},"featured_media":2581,"comment_status":"open","ping_status":"closed","template":"","meta":{"site-sidebar-layout":"default","site-content-layout":"","ast-site-content-layout":"default","site-content-style":"default","site-sidebar-style":"default","ast-global-header-display":"","ast-banner-title-visibility":"","ast-main-header-display":"","ast-hfb-above-header-display":"","ast-hfb-below-header-display":"","ast-hfb-mobile-header-display":"","site-post-title":"","ast-breadcrumbs-content":"","ast-featured-img":"","footer-sml-layout":"","ast-disable-related-posts":"","theme-transparent-header-meta":"default","adv-header-id-meta":"","stick-header-meta":"","header-above-stick-meta":"","header-main-stick-meta":"","header-below-stick-meta":"","astra-migrate-meta-layouts":"set","ast-page-background-enabled":"default","ast-page-background-meta":{"desktop":{"background-color":"var(--ast-global-color-5)","background-image":"","background-repeat":"repeat","background-position":"center center","background-size":"auto","background-attachment":"scroll","background-type":"","background-media":"","overlay-type":"","overlay-color":"","overlay-opacity":"","overlay-gradient":""},"tablet":{"background-color":"","background-image":"","background-repeat":"repeat","background-position":"center center","background-size":"auto","background-attachment":"scroll","background-type":"","background-media":"","overlay-type":"","overlay-color":"","overlay-opacity":"","overlay-gradient":""},"mobile":{"background-color":"","background-image":"","background-repeat":"repeat","background-position":"center center","background-size":"auto","background-attachment":"scroll","background-type":"","background-media":"","overlay-type":"","overlay-color":"","overlay-opacity":"","overlay-gradient":""}},"ast-content-background-meta":{"desktop":{"background-color":"var(--ast-global-color-4)","background-image":"","background-repeat":"repeat","background-position":"center center","background-size":"auto","background-attachment":"scroll","background-type":"","background-media":"","overlay-type":"","overlay-color":"","overlay-opacity":"","overlay-gradient":""},"tablet":{"background-color":"var(--ast-global-color-4)","background-image":"","background-repeat":"repeat","background-position":"center center","background-size":"auto","background-attachment":"scroll","background-type":"","background-media":"","overlay-type":"","overlay-color":"","overlay-opacity":"","overlay-gradient":""},"mobile":{"background-color":"var(--ast-global-color-4)","background-image":"","background-repeat":"repeat","background-position":"center center","background-size":"auto","background-attachment":"scroll","background-type":"","background-media":"","overlay-type":"","overlay-color":"","overlay-opacity":"","overlay-gradient":""}}},"product_brand":[],"product_cat":[42,54],"product_tag":[],"class_list":{"0":"post-2571","1":"product","2":"type-product","3":"status-publish","4":"has-post-thumbnail","6":"product_cat-hand-bag","7":"product_cat-womens-bag","8":"desktop-align-left","9":"tablet-align-left","10":"mobile-align-left","12":"first","13":"instock","14":"shipping-taxable","15":"product-type-simple"},"_links":{"self":[{"href":"https:\/\/baijiabags.com\/it\/wp-json\/wp\/v2\/product\/2571","targetHints":{"allow":["GET"]}}],"collection":[{"href":"https:\/\/baijiabags.com\/it\/wp-json\/wp\/v2\/product"}],"about":[{"href":"https:\/\/baijiabags.com\/it\/wp-json\/wp\/v2\/types\/product"}],"replies":[{"embeddable":true,"href":"https:\/\/baijiabags.com\/it\/wp-json\/wp\/v2\/comments?post=2571"}],"wp:featuredmedia":[{"embeddable":true,"href":"https:\/\/baijiabags.com\/it\/wp-json\/wp\/v2\/media\/2581"}],"wp:attachment":[{"href":"https:\/\/baijiabags.com\/it\/wp-json\/wp\/v2\/media?parent=2571"}],"wp:term":[{"taxonomy":"product_brand","embeddable":true,"href":"https:\/\/baijiabags.com\/it\/wp-json\/wp\/v2\/product_brand?post=2571"},{"taxonomy":"product_cat","embeddable":true,"href":"https:\/\/baijiabags.com\/it\/wp-json\/wp\/v2\/product_cat?post=2571"},{"taxonomy":"product_tag","embeddable":true,"href":"https:\/\/baijiabags.com\/it\/wp-json\/wp\/v2\/product_tag?post=2571"}],"curies":[{"name":"wp","href":"https:\/\/api.w.org\/{rel}","templated":true}]}}