{"id":2512,"date":"2025-09-27T01:28:41","date_gmt":"2025-09-27T01:28:41","guid":{"rendered":"https:\/\/baijiabags.com\/?post_type=product&#038;p=2512"},"modified":"2025-09-27T01:28:41","modified_gmt":"2025-09-27T01:28:41","slug":"custom-luxury-business-bag-wholesale-genuine-leather-alloy-top-quality","status":"publish","type":"product","link":"https:\/\/baijiabags.com\/it\/prodotto\/custom-luxury-business-bag-wholesale-genuine-leather-alloy-top-quality\/","title":{"rendered":"Borsa da lavoro di lusso personalizzata all'ingrosso in vera pelle lega di alta qualit\u00e0"},"content":{"rendered":"<h2 data-start=\"857\" data-end=\"874\">Caratteristiche principali<\/h2>\n<ol data-start=\"876\" data-end=\"1830\">\n<li data-start=\"876\" data-end=\"1005\">\n<p data-start=\"879\" data-end=\"1005\"><strong data-start=\"879\" data-end=\"900\">Materiali pregiati<\/strong> - Gli accenti in vera pelle e in lega resistente sono stati selezionati per garantire longevit\u00e0 e raffinatezza.<\/p>\n<\/li>\n<li data-start=\"1006\" data-end=\"1104\">\n<p data-start=\"1009\" data-end=\"1104\"><strong data-start=\"1009\" data-end=\"1027\">Design elegante<\/strong> - Uno stile aziendale minimalista \u00e8 stato realizzato per riflettere la professionalit\u00e0.<\/p>\n<\/li>\n<li data-start=\"1105\" data-end=\"1202\">\n<p data-start=\"1108\" data-end=\"1202\"><strong data-start=\"1108\" data-end=\"1128\">Appello universale<\/strong> - La borsa \u00e8 stata progettata come unisex, adatta sia a uomini che a donne.<\/p>\n<\/li>\n<li data-start=\"1203\" data-end=\"1324\">\n<p data-start=\"1206\" data-end=\"1324\"><strong data-start=\"1206\" data-end=\"1231\">Marchio personalizzabile<\/strong> - Le opzioni di serigrafia sono state rese disponibili per loghi o disegni personalizzati.<\/p>\n<\/li>\n<li data-start=\"1325\" data-end=\"1430\">\n<p data-start=\"1328\" data-end=\"1430\"><strong data-start=\"1328\" data-end=\"1353\">Compatto e leggero<\/strong> - Con un peso di soli 0,22 kg, la borsa \u00e8 stata progettata per essere facilmente trasportabile.<\/p>\n<\/li>\n<li data-start=\"1431\" data-end=\"1565\">\n<p data-start=\"1434\" data-end=\"1565\"><strong data-start=\"1434\" data-end=\"1450\">Dimensione ottimale<\/strong> - Le dimensioni di 24,8 \u00d7 22 \u00d7 3,5 cm sono state strutturate per documenti essenziali, tablet e piccoli accessori.<\/p>\n<\/li>\n<li data-start=\"1566\" data-end=\"1699\">\n<p data-start=\"1569\" data-end=\"1699\"><strong data-start=\"1569\" data-end=\"1595\">Applicazioni versatili<\/strong> - La borsa \u00e8 stata creata per essere adatta a festival, eventi aziendali e campagne promozionali.<\/p>\n<\/li>\n<li data-start=\"1700\" data-end=\"1830\">\n<p data-start=\"1703\" data-end=\"1830\"><strong data-start=\"1703\" data-end=\"1729\">Disponibilit\u00e0 OEM e ODM<\/strong> - Sono stati supportati progetti su misura e produzione in serie per soddisfare le diverse esigenze dei clienti.<\/p>\n<\/li>\n<\/ol>\n<h2 data-start=\"1837\" data-end=\"1856\">Specifiche tecniche<span style=\"font-size: 16px;\">\u00a0<\/span><\/h2>\n<div class=\"_tableContainer_1rjym_1\">\n<div class=\"group _tableWrapper_1rjym_13 flex w-fit flex-col-reverse\" tabindex=\"-1\">\n<table class=\"w-fit min-w-(--thread-content-width)\" data-start=\"1858\" data-end=\"3155\">\n<thead data-start=\"1858\" data-end=\"1938\">\n<tr data-start=\"1858\" data-end=\"1938\">\n<th data-start=\"1858\" data-end=\"1887\" data-col-size=\"sm\"><strong data-start=\"1860\" data-end=\"1873\">Parametro<\/strong><\/th>\n<th data-start=\"1887\" data-end=\"1938\" data-col-size=\"md\"><strong data-start=\"1889\" data-end=\"1900\">Dettagli<\/strong><\/th>\n<\/tr>\n<\/thead>\n<tbody data-start=\"2021\" data-end=\"3155\">\n<tr data-start=\"2021\" data-end=\"2101\">\n<td data-start=\"2021\" data-end=\"2050\" data-col-size=\"sm\">Nome del prodotto<\/td>\n<td data-start=\"2050\" data-end=\"2101\" data-col-size=\"md\">Set da lavoro in vera pelle e lega<\/td>\n<\/tr>\n<tr data-start=\"2102\" data-end=\"2182\">\n<td data-start=\"2102\" data-end=\"2131\" data-col-size=\"sm\">Marchio<\/td>\n<td data-start=\"2131\" data-end=\"2182\" data-col-size=\"md\">RONEER<\/td>\n<\/tr>\n<tr data-start=\"2183\" data-end=\"2263\">\n<td data-start=\"2183\" data-end=\"2212\" data-col-size=\"sm\">Numero di modello<\/td>\n<td data-start=\"2212\" data-end=\"2263\" data-col-size=\"md\">AL-67<\/td>\n<\/tr>\n<tr data-start=\"2264\" data-end=\"2344\">\n<td data-start=\"2264\" data-end=\"2293\" data-col-size=\"sm\">Origine<\/td>\n<td data-start=\"2293\" data-end=\"2344\" data-col-size=\"md\">Guangdong, Cina<\/td>\n<\/tr>\n<tr data-start=\"2345\" data-end=\"2425\">\n<td data-start=\"2345\" data-end=\"2374\" data-col-size=\"sm\">Materiale<\/td>\n<td data-start=\"2374\" data-end=\"2425\" data-col-size=\"md\">Vera pelle e lega<\/td>\n<\/tr>\n<tr data-start=\"2426\" data-end=\"2506\">\n<td data-start=\"2426\" data-end=\"2455\" data-col-size=\"sm\">Stampa<\/td>\n<td data-start=\"2455\" data-end=\"2506\" data-col-size=\"md\">Serigrafia<\/td>\n<\/tr>\n<tr data-start=\"2507\" data-end=\"2587\">\n<td data-start=\"2507\" data-end=\"2536\" data-col-size=\"sm\">Tipo<\/td>\n<td data-start=\"2536\" data-end=\"2587\" data-col-size=\"md\">Prodotto promozionale per ufficio<\/td>\n<\/tr>\n<tr data-start=\"2588\" data-end=\"2668\">\n<td data-start=\"2588\" data-end=\"2617\" data-col-size=\"sm\">Genere<\/td>\n<td data-start=\"2617\" data-end=\"2668\" data-col-size=\"md\">Unisex<\/td>\n<\/tr>\n<tr data-start=\"2669\" data-end=\"2749\">\n<td data-start=\"2669\" data-end=\"2698\" data-col-size=\"sm\">Dimensioni<\/td>\n<td data-start=\"2698\" data-end=\"2749\" data-col-size=\"md\">24,8 \u00d7 22 \u00d7 3,5 cm<\/td>\n<\/tr>\n<tr data-start=\"2750\" data-end=\"2830\">\n<td data-start=\"2750\" data-end=\"2779\" data-col-size=\"sm\">Peso<\/td>\n<td data-start=\"2779\" data-end=\"2830\" data-col-size=\"md\">0,22 kg<\/td>\n<\/tr>\n<tr data-start=\"2831\" data-end=\"2911\">\n<td data-start=\"2831\" data-end=\"2860\" data-col-size=\"sm\">Caratteristiche<\/td>\n<td data-start=\"2860\" data-end=\"2911\" data-col-size=\"md\">Alta qualit\u00e0, durevole, elegante<\/td>\n<\/tr>\n<tr data-start=\"2912\" data-end=\"2992\">\n<td data-start=\"2912\" data-end=\"2941\" data-col-size=\"sm\">MOQ<\/td>\n<td data-start=\"2941\" data-end=\"2992\" data-col-size=\"md\">300 unit\u00e0<\/td>\n<\/tr>\n<tr data-start=\"2993\" data-end=\"3073\">\n<td data-start=\"2993\" data-end=\"3022\" data-col-size=\"sm\">Disponibilit\u00e0 del campione<\/td>\n<td data-start=\"3022\" data-end=\"3073\" data-col-size=\"md\">S\u00ec<\/td>\n<\/tr>\n<tr data-start=\"3074\" data-end=\"3155\">\n<td data-start=\"3074\" data-end=\"3104\" data-col-size=\"sm\">Occasioni adatte<\/td>\n<td data-start=\"3104\" data-end=\"3155\" data-col-size=\"md\">Natale, Festa del pap\u00e0, Ringraziamento, Eventi<\/td>\n<\/tr>\n<\/tbody>\n<\/table>\n<h2 data-start=\"91\" data-end=\"113\">Applicazione<\/h2>\n<ul data-start=\"115\" data-end=\"1387\">\n<li data-start=\"115\" data-end=\"292\">\n<p data-start=\"117\" data-end=\"292\"><strong data-start=\"117\" data-end=\"138\">Regali aziendali<\/strong> - La borsa \u00e8 stata scelta come opzione ideale per dirigenti, dipendenti o partner commerciali, per migliorare la reputazione del marchio attraverso regali di qualit\u00e0.<\/p>\n<\/li>\n<li data-start=\"293\" data-end=\"445\">\n<p data-start=\"295\" data-end=\"445\"><strong data-start=\"295\" data-end=\"320\">Campagne promozionali<\/strong> - \u00c8 stato ampiamente utilizzato dalle aziende per promuovere i loro prodotti e servizi durante le attivit\u00e0 di marketing e le fiere.<\/p>\n<\/li>\n<li data-start=\"446\" data-end=\"603\">\n<p data-start=\"448\" data-end=\"603\"><strong data-start=\"448\" data-end=\"469\">Occasioni di festa<\/strong> - Adatto per essere regalato durante il Natale, la Festa del Pap\u00e0 e il Giorno del Ringraziamento, per dare un tocco professionale ed elegante alle celebrazioni.<\/p>\n<\/li>\n<\/ul>\n<\/div>\n<\/div>","protected":false},"excerpt":{"rendered":"<p>Il <strong data-start=\"161\" data-end=\"191\">Borsa business di lusso personalizzata<\/strong> da <strong data-start=\"195\" data-end=\"205\">RONEER<\/strong> \u00e8 stata progettata con elementi in vera pelle e lega di prima qualit\u00e0 per offrire un accessorio resistente, elegante e professionale. La borsa \u00e8 stata realizzata su misura per soddisfare le esigenze dei moderni professionisti del business, in cui funzionalit\u00e0 ed eleganza sono ugualmente apprezzate. Con una silhouette elegante e pratici scomparti, \u00e8 stata creata sia per l'uso quotidiano in ufficio che per i regali aziendali.<\/p>","protected":false},"featured_media":2517,"comment_status":"open","ping_status":"closed","template":"","meta":{"site-sidebar-layout":"default","site-content-layout":"","ast-site-content-layout":"default","site-content-style":"default","site-sidebar-style":"default","ast-global-header-display":"","ast-banner-title-visibility":"","ast-main-header-display":"","ast-hfb-above-header-display":"","ast-hfb-below-header-display":"","ast-hfb-mobile-header-display":"","site-post-title":"","ast-breadcrumbs-content":"","ast-featured-img":"","footer-sml-layout":"","ast-disable-related-posts":"","theme-transparent-header-meta":"default","adv-header-id-meta":"","stick-header-meta":"","header-above-stick-meta":"","header-main-stick-meta":"","header-below-stick-meta":"","astra-migrate-meta-layouts":"set","ast-page-background-enabled":"default","ast-page-background-meta":{"desktop":{"background-color":"var(--ast-global-color-5)","background-image":"","background-repeat":"repeat","background-position":"center center","background-size":"auto","background-attachment":"scroll","background-type":"","background-media":"","overlay-type":"","overlay-color":"","overlay-opacity":"","overlay-gradient":""},"tablet":{"background-color":"","background-image":"","background-repeat":"repeat","background-position":"center center","background-size":"auto","background-attachment":"scroll","background-type":"","background-media":"","overlay-type":"","overlay-color":"","overlay-opacity":"","overlay-gradient":""},"mobile":{"background-color":"","background-image":"","background-repeat":"repeat","background-position":"center center","background-size":"auto","background-attachment":"scroll","background-type":"","background-media":"","overlay-type":"","overlay-color":"","overlay-opacity":"","overlay-gradient":""}},"ast-content-background-meta":{"desktop":{"background-color":"var(--ast-global-color-4)","background-image":"","background-repeat":"repeat","background-position":"center center","background-size":"auto","background-attachment":"scroll","background-type":"","background-media":"","overlay-type":"","overlay-color":"","overlay-opacity":"","overlay-gradient":""},"tablet":{"background-color":"var(--ast-global-color-4)","background-image":"","background-repeat":"repeat","background-position":"center center","background-size":"auto","background-attachment":"scroll","background-type":"","background-media":"","overlay-type":"","overlay-color":"","overlay-opacity":"","overlay-gradient":""},"mobile":{"background-color":"var(--ast-global-color-4)","background-image":"","background-repeat":"repeat","background-position":"center center","background-size":"auto","background-attachment":"scroll","background-type":"","background-media":"","overlay-type":"","overlay-color":"","overlay-opacity":"","overlay-gradient":""}}},"product_brand":[],"product_cat":[55],"product_tag":[],"class_list":{"0":"post-2512","1":"product","2":"type-product","3":"status-publish","4":"has-post-thumbnail","6":"product_cat-wallets-card-holder","7":"desktop-align-left","8":"tablet-align-left","9":"mobile-align-left","11":"first","12":"instock","13":"shipping-taxable","14":"product-type-simple"},"_links":{"self":[{"href":"https:\/\/baijiabags.com\/it\/wp-json\/wp\/v2\/product\/2512","targetHints":{"allow":["GET"]}}],"collection":[{"href":"https:\/\/baijiabags.com\/it\/wp-json\/wp\/v2\/product"}],"about":[{"href":"https:\/\/baijiabags.com\/it\/wp-json\/wp\/v2\/types\/product"}],"replies":[{"embeddable":true,"href":"https:\/\/baijiabags.com\/it\/wp-json\/wp\/v2\/comments?post=2512"}],"wp:featuredmedia":[{"embeddable":true,"href":"https:\/\/baijiabags.com\/it\/wp-json\/wp\/v2\/media\/2517"}],"wp:attachment":[{"href":"https:\/\/baijiabags.com\/it\/wp-json\/wp\/v2\/media?parent=2512"}],"wp:term":[{"taxonomy":"product_brand","embeddable":true,"href":"https:\/\/baijiabags.com\/it\/wp-json\/wp\/v2\/product_brand?post=2512"},{"taxonomy":"product_cat","embeddable":true,"href":"https:\/\/baijiabags.com\/it\/wp-json\/wp\/v2\/product_cat?post=2512"},{"taxonomy":"product_tag","embeddable":true,"href":"https:\/\/baijiabags.com\/it\/wp-json\/wp\/v2\/product_tag?post=2512"}],"curies":[{"name":"wp","href":"https:\/\/api.w.org\/{rel}","templated":true}]}}