{"id":2311,"date":"2025-09-25T01:50:25","date_gmt":"2025-09-25T01:50:25","guid":{"rendered":"https:\/\/baijiabags.com\/?post_type=product&#038;p=2311"},"modified":"2025-11-01T01:25:19","modified_gmt":"2025-11-01T01:25:19","slug":"intage-mens-leather-briefcase-14-inch-laptop-bag-top-layer-cowhide-genuine-leather-handbag","status":"publish","type":"product","link":"https:\/\/baijiabags.com\/it\/prodotto\/intage-mens-leather-briefcase-14-inch-laptop-bag-top-layer-cowhide-genuine-leather-handbag\/","title":{"rendered":"intage Mens Leather Briefcase 14 Inch Laptop Bag Top Layer Cowhide Genuine Leather Handbag"},"content":{"rendered":"<h2 data-start=\"899\" data-end=\"916\">Caratteristiche principali<\/h2>\n<ol data-start=\"917\" data-end=\"1746\">\n<li data-start=\"917\" data-end=\"1045\">\n<p data-start=\"920\" data-end=\"1045\"><strong data-start=\"920\" data-end=\"950\">Materiale in pelle autentica<\/strong> - La borsa \u00e8 realizzata in vera pelle di vacchetta a strato superiore per garantire resistenza e durata.<\/p>\n<\/li>\n<li data-start=\"1046\" data-end=\"1157\">\n<p data-start=\"1049\" data-end=\"1157\"><strong data-start=\"1049\" data-end=\"1068\">Estetica retr\u00f2<\/strong> - Uno stile vintage europeo e americano senza tempo viene applicato per esaltarne l'aspetto.<\/p>\n<\/li>\n<li data-start=\"1158\" data-end=\"1273\">\n<p data-start=\"1161\" data-end=\"1273\"><strong data-start=\"1161\" data-end=\"1187\">Molteplici scelte di colore<\/strong> - Le tonalit\u00e0 del caff\u00e8, del marrone e del marrone rossiccio sono disponibili per soddisfare le diverse preferenze.<\/p>\n<\/li>\n<li data-start=\"1274\" data-end=\"1352\">\n<p data-start=\"1277\" data-end=\"1352\"><strong data-start=\"1277\" data-end=\"1301\">Compatibilit\u00e0 con i computer portatili<\/strong> - Sono supportati dispositivi di dimensioni fino a 14 pollici.<\/p>\n<\/li>\n<li data-start=\"1353\" data-end=\"1460\">\n<p data-start=\"1356\" data-end=\"1460\"><strong data-start=\"1356\" data-end=\"1379\">Interno rinforzato<\/strong> - Una fodera in poliestere-cotone \u00e8 utilizzata per migliorare la struttura interna e il comfort.<\/p>\n<\/li>\n<li data-start=\"1461\" data-end=\"1562\">\n<p data-start=\"1464\" data-end=\"1562\"><strong data-start=\"1464\" data-end=\"1483\">Resistenza all'usura<\/strong> - L'uso a lungo termine \u00e8 supportato da propriet\u00e0 del materiale resistenti all'abrasione.<\/p>\n<\/li>\n<li data-start=\"1563\" data-end=\"1656\">\n<p data-start=\"1566\" data-end=\"1656\"><strong data-start=\"1566\" data-end=\"1592\">Funzionalit\u00e0 aziendale<\/strong> - Ideale per il lavoro d'ufficio, i viaggi d'affari e il pendolarismo quotidiano.<\/p>\n<\/li>\n<li data-start=\"1657\" data-end=\"1746\">\n<p data-start=\"1660\" data-end=\"1746\"><strong data-start=\"1660\" data-end=\"1683\">Disponibilit\u00e0 del campione<\/strong> - I campioni vengono forniti per soddisfare le richieste di servizio ODM e OEM.<\/p>\n<\/li>\n<\/ol>\n<h2 data-start=\"1748\" data-end=\"1767\">Specifiche tecniche<\/h2>\n<div class=\"_tableContainer_1rjym_1\">\n<div class=\"group _tableWrapper_1rjym_13 flex w-fit flex-col-reverse\" tabindex=\"-1\">\n<table class=\"w-fit min-w-(--thread-content-width)\" data-start=\"1769\" data-end=\"2844\">\n<thead data-start=\"1769\" data-end=\"1844\">\n<tr data-start=\"1769\" data-end=\"1844\">\n<th data-start=\"1769\" data-end=\"1793\" data-col-size=\"sm\">Parametro<\/th>\n<th data-start=\"1793\" data-end=\"1844\" data-col-size=\"md\">Descrizione<\/th>\n<\/tr>\n<\/thead>\n<tbody data-start=\"1922\" data-end=\"2844\">\n<tr data-start=\"1922\" data-end=\"1998\">\n<td data-start=\"1922\" data-end=\"1947\" data-col-size=\"sm\">Nome del prodotto<\/td>\n<td data-start=\"1947\" data-end=\"1998\" data-col-size=\"md\">Cartella in pelle da uomo vintage (14 pollici)<\/td>\n<\/tr>\n<tr data-start=\"1999\" data-end=\"2075\">\n<td data-start=\"1999\" data-end=\"2024\" data-col-size=\"sm\">Marchio<\/td>\n<td data-start=\"2024\" data-end=\"2075\" data-col-size=\"md\">RONEER<\/td>\n<\/tr>\n<tr data-start=\"2076\" data-end=\"2152\">\n<td data-start=\"2076\" data-end=\"2101\" data-col-size=\"sm\">Origine<\/td>\n<td data-start=\"2101\" data-end=\"2152\" data-col-size=\"md\">Guangdong, Cina<\/td>\n<\/tr>\n<tr data-start=\"2153\" data-end=\"2229\">\n<td data-start=\"2153\" data-end=\"2178\" data-col-size=\"sm\">Stile<\/td>\n<td data-start=\"2178\" data-end=\"2229\" data-col-size=\"md\">Vintage europeo e americano<\/td>\n<\/tr>\n<tr data-start=\"2230\" data-end=\"2306\">\n<td data-start=\"2230\" data-end=\"2255\" data-col-size=\"sm\">Materiale<\/td>\n<td data-start=\"2255\" data-end=\"2306\" data-col-size=\"md\">Strato superiore in vera pelle di vacchetta<\/td>\n<\/tr>\n<tr data-start=\"2307\" data-end=\"2382\">\n<td data-start=\"2307\" data-end=\"2332\" data-col-size=\"sm\">Fodera<\/td>\n<td data-start=\"2332\" data-end=\"2382\" data-col-size=\"md\">Poliestere-Cotone<\/td>\n<\/tr>\n<tr data-start=\"2383\" data-end=\"2459\">\n<td data-start=\"2383\" data-end=\"2408\" data-col-size=\"sm\">Opzioni di colore<\/td>\n<td data-start=\"2408\" data-end=\"2459\" data-col-size=\"md\">Caff\u00e8, Marrone, Marrone rossastro<\/td>\n<\/tr>\n<tr data-start=\"2460\" data-end=\"2536\">\n<td data-start=\"2460\" data-end=\"2485\" data-col-size=\"sm\">Dimensioni del laptop adatte<\/td>\n<td data-start=\"2485\" data-end=\"2536\" data-col-size=\"md\">14 pollici<\/td>\n<\/tr>\n<tr data-start=\"2537\" data-end=\"2613\">\n<td data-start=\"2537\" data-end=\"2562\" data-col-size=\"sm\">Funzione<\/td>\n<td data-start=\"2562\" data-end=\"2613\" data-col-size=\"md\">Resistente all'usura e di lunga durata<\/td>\n<\/tr>\n<tr data-start=\"2614\" data-end=\"2690\">\n<td data-start=\"2614\" data-end=\"2639\" data-col-size=\"sm\">Scenari di applicazione<\/td>\n<td data-start=\"2639\" data-end=\"2690\" data-col-size=\"md\">Affari, uso quotidiano, lavoro d'ufficio<\/td>\n<\/tr>\n<tr data-start=\"2691\" data-end=\"2767\">\n<td data-start=\"2691\" data-end=\"2716\" data-col-size=\"sm\">MOQ<\/td>\n<td data-start=\"2716\" data-end=\"2767\" data-col-size=\"md\">300 pezzi<\/td>\n<\/tr>\n<tr data-start=\"2768\" data-end=\"2844\">\n<td data-start=\"2768\" data-end=\"2793\" data-col-size=\"sm\">Servizio campione<\/td>\n<td data-start=\"2793\" data-end=\"2844\" data-col-size=\"md\">Disponibile<\/td>\n<\/tr>\n<\/tbody>\n<\/table>\n<\/div>\n<\/div>\n<h2 data-start=\"2846\" data-end=\"2862\">Applicazione<\/h2>\n<ul>\n<li data-start=\"156\" data-end=\"238\">\n<p data-start=\"158\" data-end=\"238\"><strong data-start=\"158\" data-end=\"173\">Lavoro d'ufficio<\/strong> - La borsa viene trasportata per uso professionale e per il pendolarismo quotidiano.<\/p>\n<\/li>\n<li data-start=\"239\" data-end=\"325\">\n<p data-start=\"241\" data-end=\"325\"><strong data-start=\"241\" data-end=\"260\">Viaggi d'affari<\/strong> - Documenti, computer portatili e beni di prima necessit\u00e0 vengono trasportati in modo sicuro.<\/p>\n<\/li>\n<li data-start=\"326\" data-end=\"411\">\n<p data-start=\"328\" data-end=\"411\"><strong data-start=\"328\" data-end=\"341\">Uso quotidiano<\/strong> - Un design versatile per le attivit\u00e0 casual e di routine.<\/p>\n<\/li>\n<li data-start=\"412\" data-end=\"501\">\n<p data-start=\"414\" data-end=\"501\"><strong data-start=\"414\" data-end=\"440\">Riunioni e conferenze<\/strong> - Un'immagine professionale \u00e8 supportata da uno stile elegante.<\/p>\n<\/li>\n<\/ul>\n<p data-start=\"3199\" data-end=\"3356\">In caso di interesse per questa borsa in pelle RONEER, \u00e8 possibile contattare l'azienda per richiedere dei campioni. I servizi ODM e OEM vengono forniti per soddisfare le diverse esigenze aziendali.<\/p>","protected":false},"excerpt":{"rendered":"<p>Il marchio presenta una valigetta vintage da uomo in pelle di 14 pollici. <strong data-start=\"400\" data-end=\"410\">RONEER<\/strong>. \u00c8 realizzata in vera pelle bovina di primo livello ed \u00e8 disegnata in uno stile retr\u00f2 europeo e americano. Questa borsa in pelle \u00e8 disponibile in tonalit\u00e0 classiche come caff\u00e8, marrone e marrone rossiccio. La fodera in poliestere-cotone garantisce una maggiore resistenza interna e la texture raffinata si adatta a un aspetto professionale ed elegante. La borsa \u00e8 strutturata in modo da poter trasportare agevolmente un computer portatile da 14 pollici e la sua lunga durata \u00e8 garantita da una struttura resistente all'usura.<\/p>","protected":false},"featured_media":2313,"comment_status":"open","ping_status":"closed","template":"","meta":{"site-sidebar-layout":"default","site-content-layout":"","ast-site-content-layout":"default","site-content-style":"default","site-sidebar-style":"default","ast-global-header-display":"","ast-banner-title-visibility":"","ast-main-header-display":"","ast-hfb-above-header-display":"","ast-hfb-below-header-display":"","ast-hfb-mobile-header-display":"","site-post-title":"","ast-breadcrumbs-content":"","ast-featured-img":"","footer-sml-layout":"","ast-disable-related-posts":"","theme-transparent-header-meta":"default","adv-header-id-meta":"","stick-header-meta":"","header-above-stick-meta":"","header-main-stick-meta":"","header-below-stick-meta":"","astra-migrate-meta-layouts":"set","ast-page-background-enabled":"default","ast-page-background-meta":{"desktop":{"background-color":"var(--ast-global-color-5)","background-image":"","background-repeat":"repeat","background-position":"center center","background-size":"auto","background-attachment":"scroll","background-type":"","background-media":"","overlay-type":"","overlay-color":"","overlay-opacity":"","overlay-gradient":""},"tablet":{"background-color":"","background-image":"","background-repeat":"repeat","background-position":"center center","background-size":"auto","background-attachment":"scroll","background-type":"","background-media":"","overlay-type":"","overlay-color":"","overlay-opacity":"","overlay-gradient":""},"mobile":{"background-color":"","background-image":"","background-repeat":"repeat","background-position":"center center","background-size":"auto","background-attachment":"scroll","background-type":"","background-media":"","overlay-type":"","overlay-color":"","overlay-opacity":"","overlay-gradient":""}},"ast-content-background-meta":{"desktop":{"background-color":"var(--ast-global-color-4)","background-image":"","background-repeat":"repeat","background-position":"center center","background-size":"auto","background-attachment":"scroll","background-type":"","background-media":"","overlay-type":"","overlay-color":"","overlay-opacity":"","overlay-gradient":""},"tablet":{"background-color":"var(--ast-global-color-4)","background-image":"","background-repeat":"repeat","background-position":"center center","background-size":"auto","background-attachment":"scroll","background-type":"","background-media":"","overlay-type":"","overlay-color":"","overlay-opacity":"","overlay-gradient":""},"mobile":{"background-color":"var(--ast-global-color-4)","background-image":"","background-repeat":"repeat","background-position":"center center","background-size":"auto","background-attachment":"scroll","background-type":"","background-media":"","overlay-type":"","overlay-color":"","overlay-opacity":"","overlay-gradient":""}}},"product_brand":[],"product_cat":[40,53],"product_tag":[],"class_list":{"0":"post-2311","1":"product","2":"type-product","3":"status-publish","4":"has-post-thumbnail","6":"product_cat-briefcase-bag","7":"product_cat-mens-bag","8":"desktop-align-left","9":"tablet-align-left","10":"mobile-align-left","12":"first","13":"instock","14":"shipping-taxable","15":"product-type-simple"},"_links":{"self":[{"href":"https:\/\/baijiabags.com\/it\/wp-json\/wp\/v2\/product\/2311","targetHints":{"allow":["GET"]}}],"collection":[{"href":"https:\/\/baijiabags.com\/it\/wp-json\/wp\/v2\/product"}],"about":[{"href":"https:\/\/baijiabags.com\/it\/wp-json\/wp\/v2\/types\/product"}],"replies":[{"embeddable":true,"href":"https:\/\/baijiabags.com\/it\/wp-json\/wp\/v2\/comments?post=2311"}],"wp:featuredmedia":[{"embeddable":true,"href":"https:\/\/baijiabags.com\/it\/wp-json\/wp\/v2\/media\/2313"}],"wp:attachment":[{"href":"https:\/\/baijiabags.com\/it\/wp-json\/wp\/v2\/media?parent=2311"}],"wp:term":[{"taxonomy":"product_brand","embeddable":true,"href":"https:\/\/baijiabags.com\/it\/wp-json\/wp\/v2\/product_brand?post=2311"},{"taxonomy":"product_cat","embeddable":true,"href":"https:\/\/baijiabags.com\/it\/wp-json\/wp\/v2\/product_cat?post=2311"},{"taxonomy":"product_tag","embeddable":true,"href":"https:\/\/baijiabags.com\/it\/wp-json\/wp\/v2\/product_tag?post=2311"}],"curies":[{"name":"wp","href":"https:\/\/api.w.org\/{rel}","templated":true}]}}