{"id":2133,"date":"2025-09-23T01:47:21","date_gmt":"2025-09-23T01:47:21","guid":{"rendered":"https:\/\/baijiabags.com\/?post_type=product&#038;p=2133"},"modified":"2025-11-01T01:24:32","modified_gmt":"2025-11-01T01:24:32","slug":"factory-direct-mens-business-casual-leather-shoulder-crossbody-bag-large-capacity-clutch","status":"publish","type":"product","link":"https:\/\/baijiabags.com\/it\/prodotto\/factory-direct-mens-business-casual-leather-shoulder-crossbody-bag-large-capacity-clutch\/","title":{"rendered":"Fabbrica diretta Mens Business Casual pelle spalla Crossbody Borsa grande capacit\u00e0 frizione"},"content":{"rendered":"<h2 data-start=\"765\" data-end=\"782\">Caratteristiche principali<\/h2>\n<ol data-start=\"784\" data-end=\"1745\">\n<li data-start=\"784\" data-end=\"890\">\n<p data-start=\"787\" data-end=\"890\"><strong data-start=\"787\" data-end=\"815\">Materiale in pelle resistente<\/strong> - La vera pelle \u00e8 utilizzata per garantire una robustezza e una resistenza all'usura di lunga durata.<\/p>\n<\/li>\n<li data-start=\"891\" data-end=\"1016\">\n<p data-start=\"894\" data-end=\"1016\"><strong data-start=\"894\" data-end=\"915\">Capacit\u00e0 spaziosa<\/strong> - Progettato con un ampio scomparto per contenere gli elementi essenziali, tra cui un tablet da 8 pollici o un piccolo computer portatile.<\/p>\n<\/li>\n<li data-start=\"1017\" data-end=\"1139\">\n<p data-start=\"1020\" data-end=\"1139\"><strong data-start=\"1020\" data-end=\"1047\">Stile business casual<\/strong> - Un'estetica retr\u00f2 europea e americana esalta la versatilit\u00e0 per l'ufficio o l'abbigliamento casual.<\/p>\n<\/li>\n<li data-start=\"1140\" data-end=\"1255\">\n<p data-start=\"1143\" data-end=\"1255\"><strong data-start=\"1143\" data-end=\"1167\">Opzioni personalizzabili<\/strong> - La stampa del logo e la personalizzazione del colore sono offerte per il branding e la personalizzazione.<\/p>\n<\/li>\n<li data-start=\"1256\" data-end=\"1373\">\n<p data-start=\"1259\" data-end=\"1373\"><strong data-start=\"1259\" data-end=\"1283\">Trasporto confortevole<\/strong> - \u00c8 inclusa una tracolla per una maggiore comodit\u00e0 a mani libere e una distribuzione uniforme del peso.<\/p>\n<\/li>\n<li data-start=\"1374\" data-end=\"1487\">\n<p data-start=\"1377\" data-end=\"1487\"><strong data-start=\"1377\" data-end=\"1401\">Uso multifunzionale<\/strong> - Adatto per il lavoro, i viaggi e le attivit\u00e0 quotidiane con pratiche soluzioni di archiviazione.<\/p>\n<\/li>\n<li data-start=\"1488\" data-end=\"1605\">\n<p data-start=\"1491\" data-end=\"1605\"><strong data-start=\"1491\" data-end=\"1522\">Resistenza ai graffi e all'usura<\/strong> - La maggiore durata garantisce un utilizzo affidabile nel tempo, in ambienti quotidiani e impegnativi.<\/p>\n<\/li>\n<li data-start=\"1606\" data-end=\"1745\">\n<p data-start=\"1609\" data-end=\"1745\"><strong data-start=\"1609\" data-end=\"1634\">Fornitura diretta dalla fabbrica<\/strong> - Offerti direttamente dalla fonte nel Guangdong, in Cina, assicurano una qualit\u00e0 costante e prezzi competitivi.<\/p>\n<\/li>\n<\/ol>\n<p><img fetchpriority=\"high\" decoding=\"async\" class=\"aligncenter wp-image-2138\" src=\"https:\/\/baijiabags.com\/wp-content\/uploads\/2025\/09\/1-5-15-300x300.png\" alt=\"Factory Direct Mens Business Casual Leather Shoulder Crossbody Bag Large Capacity Clutch\" width=\"800\" height=\"800\" srcset=\"https:\/\/baijiabags.com\/wp-content\/uploads\/2025\/09\/1-5-15-300x300.png 300w, https:\/\/baijiabags.com\/wp-content\/uploads\/2025\/09\/1-5-15-1024x1024.png 1024w, https:\/\/baijiabags.com\/wp-content\/uploads\/2025\/09\/1-5-15-150x150.png 150w, https:\/\/baijiabags.com\/wp-content\/uploads\/2025\/09\/1-5-15-768x768.png 768w, https:\/\/baijiabags.com\/wp-content\/uploads\/2025\/09\/1-5-15-1536x1536.png 1536w, https:\/\/baijiabags.com\/wp-content\/uploads\/2025\/09\/1-5-15-12x12.png 12w, https:\/\/baijiabags.com\/wp-content\/uploads\/2025\/09\/1-5-15-600x600.png 600w, https:\/\/baijiabags.com\/wp-content\/uploads\/2025\/09\/1-5-15-100x100.png 100w, https:\/\/baijiabags.com\/wp-content\/uploads\/2025\/09\/1-5-15.png 1600w\" sizes=\"(max-width: 800px) 100vw, 800px\" \/><\/p>\n<h2 data-start=\"1752\" data-end=\"1771\">Specifiche tecniche<\/h2>\n<div class=\"_tableContainer_1rjym_1\">\n<div class=\"group _tableWrapper_1rjym_13 flex w-fit flex-col-reverse\" tabindex=\"-1\">\n<table class=\"w-fit min-w-(--thread-content-width)\" data-start=\"1773\" data-end=\"2677\">\n<thead data-start=\"1773\" data-end=\"1832\">\n<tr data-start=\"1773\" data-end=\"1832\">\n<th data-start=\"1773\" data-end=\"1799\" data-col-size=\"sm\"><strong data-start=\"1775\" data-end=\"1788\">Parametro<\/strong><\/th>\n<th data-start=\"1799\" data-end=\"1832\" data-col-size=\"sm\"><strong data-start=\"1801\" data-end=\"1812\">Dettagli<\/strong><\/th>\n<\/tr>\n<\/thead>\n<tbody data-start=\"1894\" data-end=\"2677\">\n<tr data-start=\"1894\" data-end=\"1957\">\n<td data-start=\"1894\" data-end=\"1921\" data-col-size=\"sm\">Nome del prodotto<\/td>\n<td data-start=\"1921\" data-end=\"1957\" data-col-size=\"sm\">Borsa a tracolla in pelle<\/td>\n<\/tr>\n<tr data-start=\"1958\" data-end=\"2017\">\n<td data-start=\"1958\" data-end=\"1985\" data-col-size=\"sm\">Marchio<\/td>\n<td data-start=\"1985\" data-end=\"2017\" data-col-size=\"sm\">RONEER<\/td>\n<\/tr>\n<tr data-start=\"2018\" data-end=\"2077\">\n<td data-start=\"2018\" data-end=\"2045\" data-col-size=\"sm\">Origine<\/td>\n<td data-start=\"2045\" data-end=\"2077\" data-col-size=\"sm\">Guangdong, Cina<\/td>\n<\/tr>\n<tr data-start=\"2078\" data-end=\"2137\">\n<td data-start=\"2078\" data-end=\"2105\" data-col-size=\"sm\">Stile<\/td>\n<td data-start=\"2105\" data-end=\"2137\" data-col-size=\"sm\">Retro europeo e americano<\/td>\n<\/tr>\n<tr data-start=\"2138\" data-end=\"2197\">\n<td data-start=\"2138\" data-end=\"2165\" data-col-size=\"sm\">Materiale<\/td>\n<td data-start=\"2165\" data-end=\"2197\" data-col-size=\"sm\">Vera pelle<\/td>\n<\/tr>\n<tr data-start=\"2198\" data-end=\"2257\">\n<td data-start=\"2198\" data-end=\"2225\" data-col-size=\"sm\">Funzione<\/td>\n<td data-start=\"2225\" data-end=\"2257\" data-col-size=\"sm\">Resistente all'usura<\/td>\n<\/tr>\n<tr data-start=\"2258\" data-end=\"2317\">\n<td data-start=\"2258\" data-end=\"2285\" data-col-size=\"sm\">Modello<\/td>\n<td data-start=\"2285\" data-end=\"2317\" data-col-size=\"sm\">Colore solido<\/td>\n<\/tr>\n<tr data-start=\"2318\" data-end=\"2377\">\n<td data-start=\"2318\" data-end=\"2345\" data-col-size=\"sm\">Colore<\/td>\n<td data-start=\"2345\" data-end=\"2377\" data-col-size=\"sm\">Personalizzabile<\/td>\n<\/tr>\n<tr data-start=\"2378\" data-end=\"2437\">\n<td data-start=\"2378\" data-end=\"2405\" data-col-size=\"sm\">Fodera<\/td>\n<td data-start=\"2405\" data-end=\"2437\" data-col-size=\"sm\">Miscela di poliestere e cotone<\/td>\n<\/tr>\n<tr data-start=\"2438\" data-end=\"2497\">\n<td data-start=\"2438\" data-end=\"2465\" data-col-size=\"sm\">Scenario applicabile<\/td>\n<td data-start=\"2465\" data-end=\"2497\" data-col-size=\"sm\">Abbigliamento quotidiano, Lavoro, Viaggio<\/td>\n<\/tr>\n<tr data-start=\"2498\" data-end=\"2557\">\n<td data-start=\"2498\" data-end=\"2525\" data-col-size=\"sm\">Capacit\u00e0 laptop\/tablet<\/td>\n<td data-start=\"2525\" data-end=\"2557\" data-col-size=\"sm\">Fino a 8 pollici<\/td>\n<\/tr>\n<tr data-start=\"2558\" data-end=\"2617\">\n<td data-start=\"2558\" data-end=\"2585\" data-col-size=\"sm\">Logo<\/td>\n<td data-start=\"2585\" data-end=\"2617\" data-col-size=\"sm\">Personalizzabile<\/td>\n<\/tr>\n<tr data-start=\"2618\" data-end=\"2677\">\n<td data-start=\"2618\" data-end=\"2645\" data-col-size=\"sm\">MOQ<\/td>\n<td data-start=\"2645\" data-end=\"2677\" data-col-size=\"sm\">300 pezzi<\/td>\n<\/tr>\n<\/tbody>\n<\/table>\n<\/div>\n<\/div>\n<hr data-start=\"2679\" data-end=\"2682\" \/>\n<h2 data-start=\"2684\" data-end=\"2701\">Applicazioni<\/h2>\n<ul data-start=\"2703\" data-end=\"3121\">\n<li data-start=\"2703\" data-end=\"2783\">\n<p data-start=\"2705\" data-end=\"2783\">Ideale per <strong data-start=\"2715\" data-end=\"2739\">professionisti dell'ufficio<\/strong> che hanno bisogno di una borsa elegante ma funzionale.<\/p>\n<\/li>\n<li data-start=\"2784\" data-end=\"2868\">\n<p data-start=\"2786\" data-end=\"2868\">Conveniente per <strong data-start=\"2801\" data-end=\"2814\">uso quotidiano<\/strong>che offre uno spazio affidabile per riporre gli oggetti personali.<\/p>\n<\/li>\n<li data-start=\"2869\" data-end=\"2948\">\n<p data-start=\"2871\" data-end=\"2948\">Consigliato per <strong data-start=\"2887\" data-end=\"2900\">pendolari<\/strong> che hanno bisogno di una borsa resistente con una capacit\u00e0 compatta.<\/p>\n<\/li>\n<li data-start=\"2949\" data-end=\"3037\">\n<p data-start=\"2951\" data-end=\"3037\">Adatto per <strong data-start=\"2964\" data-end=\"2983\">viaggi d'affari<\/strong>, mantenendo organizzati i documenti e i piccoli oggetti elettronici.<\/p>\n<\/li>\n<li data-start=\"3038\" data-end=\"3121\">\n<p data-start=\"3040\" data-end=\"3121\">Efficace per <strong data-start=\"3054\" data-end=\"3074\">occasioni casual<\/strong>, che si abbinano bene ad abiti moderni o retr\u00f2.<\/p>\n<\/li>\n<\/ul>\n<p data-start=\"3128\" data-end=\"3285\">Se siete interessati a questa borsa in pelle, contattateci per ricevere dei campioni. <strong data-start=\"3212\" data-end=\"3234\">Servizi ODM e OEM<\/strong> sono disponibili per soddisfare le esigenze uniche del vostro marchio.<\/p>","protected":false},"excerpt":{"rendered":"<p>Il <strong data-start=\"241\" data-end=\"312\">Fabbrica diretta di uomini Business Casual pelle spalla Crossbody Bag<\/strong> \u00e8 presentato da <strong data-start=\"329\" data-end=\"339\">RONEER<\/strong> come un accessorio raffinato pensato sia per il lavoro che per la vita di tutti i giorni. Realizzata in vera pelle resistente, la borsa \u00e8 creata con uno stile retr\u00f2 europeo e americano senza tempo. Una struttura di grande capacit\u00e0 \u00e8 integrata per garantire la praticit\u00e0, mentre la finitura liscia esalta il look premium. Grazie alle opzioni personalizzabili per colore e logo, la borsa \u00e8 adatta a una variet\u00e0 di esigenze di branding personale o aziendale.<\/p>","protected":false},"featured_media":2136,"comment_status":"open","ping_status":"closed","template":"","meta":{"site-sidebar-layout":"default","site-content-layout":"","ast-site-content-layout":"default","site-content-style":"default","site-sidebar-style":"default","ast-global-header-display":"","ast-banner-title-visibility":"","ast-main-header-display":"","ast-hfb-above-header-display":"","ast-hfb-below-header-display":"","ast-hfb-mobile-header-display":"","site-post-title":"","ast-breadcrumbs-content":"","ast-featured-img":"","footer-sml-layout":"","ast-disable-related-posts":"","theme-transparent-header-meta":"default","adv-header-id-meta":"","stick-header-meta":"","header-above-stick-meta":"","header-main-stick-meta":"","header-below-stick-meta":"","astra-migrate-meta-layouts":"set","ast-page-background-enabled":"default","ast-page-background-meta":{"desktop":{"background-color":"var(--ast-global-color-5)","background-image":"","background-repeat":"repeat","background-position":"center center","background-size":"auto","background-attachment":"scroll","background-type":"","background-media":"","overlay-type":"","overlay-color":"","overlay-opacity":"","overlay-gradient":""},"tablet":{"background-color":"","background-image":"","background-repeat":"repeat","background-position":"center center","background-size":"auto","background-attachment":"scroll","background-type":"","background-media":"","overlay-type":"","overlay-color":"","overlay-opacity":"","overlay-gradient":""},"mobile":{"background-color":"","background-image":"","background-repeat":"repeat","background-position":"center center","background-size":"auto","background-attachment":"scroll","background-type":"","background-media":"","overlay-type":"","overlay-color":"","overlay-opacity":"","overlay-gradient":""}},"ast-content-background-meta":{"desktop":{"background-color":"var(--ast-global-color-4)","background-image":"","background-repeat":"repeat","background-position":"center center","background-size":"auto","background-attachment":"scroll","background-type":"","background-media":"","overlay-type":"","overlay-color":"","overlay-opacity":"","overlay-gradient":""},"tablet":{"background-color":"var(--ast-global-color-4)","background-image":"","background-repeat":"repeat","background-position":"center center","background-size":"auto","background-attachment":"scroll","background-type":"","background-media":"","overlay-type":"","overlay-color":"","overlay-opacity":"","overlay-gradient":""},"mobile":{"background-color":"var(--ast-global-color-4)","background-image":"","background-repeat":"repeat","background-position":"center center","background-size":"auto","background-attachment":"scroll","background-type":"","background-media":"","overlay-type":"","overlay-color":"","overlay-opacity":"","overlay-gradient":""}}},"product_brand":[],"product_cat":[39,53],"product_tag":[],"class_list":{"0":"post-2133","1":"product","2":"type-product","3":"status-publish","4":"has-post-thumbnail","6":"product_cat-crossbody-bag","7":"product_cat-mens-bag","8":"desktop-align-left","9":"tablet-align-left","10":"mobile-align-left","12":"first","13":"instock","14":"shipping-taxable","15":"product-type-simple"},"_links":{"self":[{"href":"https:\/\/baijiabags.com\/it\/wp-json\/wp\/v2\/product\/2133","targetHints":{"allow":["GET"]}}],"collection":[{"href":"https:\/\/baijiabags.com\/it\/wp-json\/wp\/v2\/product"}],"about":[{"href":"https:\/\/baijiabags.com\/it\/wp-json\/wp\/v2\/types\/product"}],"replies":[{"embeddable":true,"href":"https:\/\/baijiabags.com\/it\/wp-json\/wp\/v2\/comments?post=2133"}],"wp:featuredmedia":[{"embeddable":true,"href":"https:\/\/baijiabags.com\/it\/wp-json\/wp\/v2\/media\/2136"}],"wp:attachment":[{"href":"https:\/\/baijiabags.com\/it\/wp-json\/wp\/v2\/media?parent=2133"}],"wp:term":[{"taxonomy":"product_brand","embeddable":true,"href":"https:\/\/baijiabags.com\/it\/wp-json\/wp\/v2\/product_brand?post=2133"},{"taxonomy":"product_cat","embeddable":true,"href":"https:\/\/baijiabags.com\/it\/wp-json\/wp\/v2\/product_cat?post=2133"},{"taxonomy":"product_tag","embeddable":true,"href":"https:\/\/baijiabags.com\/it\/wp-json\/wp\/v2\/product_tag?post=2133"}],"curies":[{"name":"wp","href":"https:\/\/api.w.org\/{rel}","templated":true}]}}