{"id":2119,"date":"2025-09-22T09:24:15","date_gmt":"2025-09-22T09:24:15","guid":{"rendered":"https:\/\/baijiabags.com\/?post_type=product&#038;p=2119"},"modified":"2025-09-22T09:24:15","modified_gmt":"2025-09-22T09:24:15","slug":"mens-outdoor-travel-backpack-waterproof-16-inch-laptop-bag-large-capacity-school-bag","status":"publish","type":"product","link":"https:\/\/baijiabags.com\/it\/prodotto\/mens-outdoor-travel-backpack-waterproof-16-inch-laptop-bag-large-capacity-school-bag\/","title":{"rendered":"Uomo Zaino da viaggio all'aperto impermeabile da 16 pollici Borsa per computer portatile Borsa scolastica di grande capacit\u00e0"},"content":{"rendered":"<h2 data-start=\"744\" data-end=\"759\">Caratteristiche principali<\/h2>\n<ol data-start=\"761\" data-end=\"1950\">\n<li data-start=\"761\" data-end=\"938\">\n<p data-start=\"764\" data-end=\"938\"><strong data-start=\"764\" data-end=\"789\">Protezione impermeabile<\/strong> - L'esterno \u00e8 stato realizzato in tessuto Oxford resistente all'acqua per salvaguardare gli effetti personali durante i viaggi all'aperto o in caso di condizioni meteorologiche impreviste.<\/p>\n<\/li>\n<li data-start=\"939\" data-end=\"1099\">\n<p data-start=\"942\" data-end=\"1099\"><strong data-start=\"942\" data-end=\"960\">Grande capacit\u00e0<\/strong> - Con una capacit\u00e0 che varia da 20 a 35 litri, lo zaino \u00e8 stato attrezzato per trasportare computer portatili, libri, vestiti e oggetti essenziali per il viaggio.<\/p>\n<\/li>\n<li data-start=\"1100\" data-end=\"1220\">\n<p data-start=\"1103\" data-end=\"1220\"><strong data-start=\"1103\" data-end=\"1133\">Scomparto per laptop da 16 pollici<\/strong> - \u00c8 stato integrato uno scomparto imbottito per proteggere i computer portatili fino a 16 pollici.<\/p>\n<\/li>\n<li data-start=\"1221\" data-end=\"1359\">\n<p data-start=\"1224\" data-end=\"1359\"><strong data-start=\"1224\" data-end=\"1244\">Materiale resistente<\/strong> - La fodera in poliestere di alta qualit\u00e0 \u00e8 stata utilizzata per rinforzare l'interno, migliorando la durata e la resistenza all'usura.<\/p>\n<\/li>\n<li data-start=\"1360\" data-end=\"1494\">\n<p data-start=\"1363\" data-end=\"1494\"><strong data-start=\"1363\" data-end=\"1383\">Design ergonomico<\/strong> - Gli spallacci imbottiti d'aria sono stati inclusi per garantire il comfort e ridurre la tensione durante l'uso prolungato.<\/p>\n<\/li>\n<li data-start=\"1495\" data-end=\"1648\">\n<p data-start=\"1498\" data-end=\"1648\"><strong data-start=\"1498\" data-end=\"1519\">Logo personalizzabile<\/strong> - Lo zaino \u00e8 stato progettato per consentire la personalizzazione del logo, rendendolo adatto al branding aziendale o ai regali personalizzati.<\/p>\n<\/li>\n<li data-start=\"1649\" data-end=\"1794\">\n<p data-start=\"1652\" data-end=\"1794\"><strong data-start=\"1652\" data-end=\"1681\">Stile di lavoro e di viaggio<\/strong> - Il design minimalista e le linee morbide sono stati applicati per soddisfare le esigenze dei pendolari e dei viaggiatori d'affari.<\/p>\n<\/li>\n<li data-start=\"1795\" data-end=\"1950\">\n<p data-start=\"1798\" data-end=\"1950\"><strong data-start=\"1798\" data-end=\"1827\">Tasche portaoggetti versatili<\/strong> - Gli scomparti multipli sono stati organizzati per facilitare la conservazione di piccoli accessori, documenti e oggetti personali.<\/p>\n<\/li>\n<\/ol>\n<h2 data-start=\"1952\" data-end=\"1969\">Specifiche tecniche<\/h2>\n<div class=\"_tableContainer_1rjym_1\">\n<div class=\"group _tableWrapper_1rjym_13 flex w-fit flex-col-reverse\" tabindex=\"-1\">\n<table class=\"w-fit min-w-(--thread-content-width)\" data-start=\"1971\" data-end=\"2433\">\n<thead data-start=\"1971\" data-end=\"1994\">\n<tr data-start=\"1971\" data-end=\"1994\">\n<th data-start=\"1971\" data-end=\"1983\" data-col-size=\"sm\">Parametro<\/th>\n<th data-start=\"1983\" data-end=\"1994\" data-col-size=\"sm\">Dettagli<\/th>\n<\/tr>\n<\/thead>\n<tbody data-start=\"2019\" data-end=\"2433\">\n<tr data-start=\"2019\" data-end=\"2046\">\n<td data-start=\"2019\" data-end=\"2034\" data-col-size=\"sm\">Nome del prodotto<\/td>\n<td data-start=\"2034\" data-end=\"2046\" data-col-size=\"sm\">Zaino<\/td>\n<\/tr>\n<tr data-start=\"2047\" data-end=\"2065\">\n<td data-start=\"2047\" data-end=\"2055\" data-col-size=\"sm\">Marchio<\/td>\n<td data-start=\"2055\" data-end=\"2065\" data-col-size=\"sm\">RONEER<\/td>\n<\/tr>\n<tr data-start=\"2066\" data-end=\"2095\">\n<td data-start=\"2066\" data-end=\"2075\" data-col-size=\"sm\">Origine<\/td>\n<td data-start=\"2075\" data-end=\"2095\" data-col-size=\"sm\">Guangdong, Cina<\/td>\n<\/tr>\n<tr data-start=\"2096\" data-end=\"2113\">\n<td data-start=\"2096\" data-end=\"2104\" data-col-size=\"sm\">Colore<\/td>\n<td data-start=\"2104\" data-end=\"2113\" data-col-size=\"sm\">Nero<\/td>\n<\/tr>\n<tr data-start=\"2114\" data-end=\"2130\">\n<td data-start=\"2114\" data-end=\"2123\" data-col-size=\"sm\">Genere<\/td>\n<td data-start=\"2123\" data-end=\"2130\" data-col-size=\"sm\">Uomini<\/td>\n<\/tr>\n<tr data-start=\"2131\" data-end=\"2159\">\n<td data-start=\"2131\" data-end=\"2142\" data-col-size=\"sm\">Materiale<\/td>\n<td data-start=\"2142\" data-end=\"2159\" data-col-size=\"sm\">Tessuto Oxford<\/td>\n<\/tr>\n<tr data-start=\"2160\" data-end=\"2191\">\n<td data-start=\"2160\" data-end=\"2178\" data-col-size=\"sm\">Materiale della fodera<\/td>\n<td data-start=\"2178\" data-end=\"2191\" data-col-size=\"sm\">Poliestere<\/td>\n<\/tr>\n<tr data-start=\"2192\" data-end=\"2222\">\n<td data-start=\"2192\" data-end=\"2200\" data-col-size=\"sm\">Stile<\/td>\n<td data-start=\"2200\" data-end=\"2222\" data-col-size=\"sm\">Pendolarismo d'affari<\/td>\n<\/tr>\n<tr data-start=\"2223\" data-end=\"2244\">\n<td data-start=\"2223\" data-end=\"2234\" data-col-size=\"sm\">Capacit\u00e0<\/td>\n<td data-start=\"2234\" data-end=\"2244\" data-col-size=\"sm\">20-35L<\/td>\n<\/tr>\n<tr data-start=\"2245\" data-end=\"2272\">\n<td data-start=\"2245\" data-end=\"2259\" data-col-size=\"sm\">Dimensioni del computer portatile<\/td>\n<td data-start=\"2259\" data-end=\"2272\" data-col-size=\"sm\">16 pollici<\/td>\n<\/tr>\n<tr data-start=\"2273\" data-end=\"2298\">\n<td data-start=\"2273\" data-end=\"2284\" data-col-size=\"sm\">Funzione<\/td>\n<td data-start=\"2284\" data-end=\"2298\" data-col-size=\"sm\">Impermeabile<\/td>\n<\/tr>\n<tr data-start=\"2299\" data-end=\"2350\">\n<td data-start=\"2299\" data-end=\"2317\" data-col-size=\"sm\">Sistema di trasporto<\/td>\n<td data-start=\"2317\" data-end=\"2350\" data-col-size=\"sm\">Spallacci ammortizzati<\/td>\n<\/tr>\n<tr data-start=\"2351\" data-end=\"2376\">\n<td data-start=\"2351\" data-end=\"2361\" data-col-size=\"sm\">Modello<\/td>\n<td data-start=\"2361\" data-end=\"2376\" data-col-size=\"sm\">Colore solido<\/td>\n<\/tr>\n<tr data-start=\"2377\" data-end=\"2400\">\n<td data-start=\"2377\" data-end=\"2384\" data-col-size=\"sm\">Logo<\/td>\n<td data-start=\"2384\" data-end=\"2400\" data-col-size=\"sm\">Personalizzabile<\/td>\n<\/tr>\n<tr data-start=\"2401\" data-end=\"2433\">\n<td data-start=\"2401\" data-end=\"2426\" data-col-size=\"sm\">Quantit\u00e0 minima d'ordine<\/td>\n<td data-start=\"2426\" data-end=\"2433\" data-col-size=\"sm\">300<\/td>\n<\/tr>\n<\/tbody>\n<\/table>\n<\/div>\n<\/div>\n<h2 data-start=\"2435\" data-end=\"2450\">Applicazioni<\/h2>\n<ul data-start=\"2452\" data-end=\"2638\">\n<li data-start=\"2452\" data-end=\"2481\">\n<p data-start=\"2454\" data-end=\"2481\">Viaggi ed escursioni all'aperto<\/p>\n<\/li>\n<li data-start=\"2482\" data-end=\"2520\">\n<p data-start=\"2484\" data-end=\"2520\">Viaggi di lavoro e pendolarismo quotidiano<\/p>\n<\/li>\n<li data-start=\"2521\" data-end=\"2550\">\n<p data-start=\"2523\" data-end=\"2550\">Uso scolastico e universitario<\/p>\n<\/li>\n<li data-start=\"2551\" data-end=\"2583\">\n<p data-start=\"2553\" data-end=\"2583\">Attivit\u00e0 quotidiane occasionali<\/p>\n<\/li>\n<li data-start=\"2584\" data-end=\"2638\">\n<p data-start=\"2586\" data-end=\"2638\">Regali aziendali promozionali con logo personalizzabile<\/p>\n<\/li>\n<\/ul>\n<p data-start=\"2640\" data-end=\"2807\">Se siete interessati a questo zaino, contattateci per avere un campione. <strong data-start=\"2712\" data-end=\"2747\">Vengono forniti servizi ODM e OEM<\/strong>che consentono soluzioni di design e di branding personalizzate.<\/p>","protected":false},"excerpt":{"rendered":"<p>Il <strong data-start=\"173\" data-end=\"212\">Zaino da viaggio all'aperto RONEER Uomo<\/strong> \u00e8 stato progettato per offrire una funzionalit\u00e0 versatile agli uomini moderni che richiedono stile e praticit\u00e0. Realizzato in tessuto Oxford di alta qualit\u00e0, questo zaino \u00e8 stato creato pensando alla durata e alla resistenza all'acqua. L'elegante colore nero e il design minimalista consentono di portarlo sia in ambienti professionali che casual. Lo zaino \u00e8 stato adattato per ospitare un computer portatile da 16 pollici, offrendo ampio spazio per gli oggetti essenziali e mantenendo una vestibilit\u00e0 comoda ed ergonomica per i lunghi viaggi.<\/p>","protected":false},"featured_media":2120,"comment_status":"open","ping_status":"closed","template":"","meta":{"site-sidebar-layout":"default","site-content-layout":"","ast-site-content-layout":"default","site-content-style":"default","site-sidebar-style":"default","ast-global-header-display":"","ast-banner-title-visibility":"","ast-main-header-display":"","ast-hfb-above-header-display":"","ast-hfb-below-header-display":"","ast-hfb-mobile-header-display":"","site-post-title":"","ast-breadcrumbs-content":"","ast-featured-img":"","footer-sml-layout":"","ast-disable-related-posts":"","theme-transparent-header-meta":"default","adv-header-id-meta":"","stick-header-meta":"","header-above-stick-meta":"","header-main-stick-meta":"","header-below-stick-meta":"","astra-migrate-meta-layouts":"set","ast-page-background-enabled":"default","ast-page-background-meta":{"desktop":{"background-color":"var(--ast-global-color-5)","background-image":"","background-repeat":"repeat","background-position":"center center","background-size":"auto","background-attachment":"scroll","background-type":"","background-media":"","overlay-type":"","overlay-color":"","overlay-opacity":"","overlay-gradient":""},"tablet":{"background-color":"","background-image":"","background-repeat":"repeat","background-position":"center center","background-size":"auto","background-attachment":"scroll","background-type":"","background-media":"","overlay-type":"","overlay-color":"","overlay-opacity":"","overlay-gradient":""},"mobile":{"background-color":"","background-image":"","background-repeat":"repeat","background-position":"center center","background-size":"auto","background-attachment":"scroll","background-type":"","background-media":"","overlay-type":"","overlay-color":"","overlay-opacity":"","overlay-gradient":""}},"ast-content-background-meta":{"desktop":{"background-color":"var(--ast-global-color-4)","background-image":"","background-repeat":"repeat","background-position":"center center","background-size":"auto","background-attachment":"scroll","background-type":"","background-media":"","overlay-type":"","overlay-color":"","overlay-opacity":"","overlay-gradient":""},"tablet":{"background-color":"var(--ast-global-color-4)","background-image":"","background-repeat":"repeat","background-position":"center center","background-size":"auto","background-attachment":"scroll","background-type":"","background-media":"","overlay-type":"","overlay-color":"","overlay-opacity":"","overlay-gradient":""},"mobile":{"background-color":"var(--ast-global-color-4)","background-image":"","background-repeat":"repeat","background-position":"center center","background-size":"auto","background-attachment":"scroll","background-type":"","background-media":"","overlay-type":"","overlay-color":"","overlay-opacity":"","overlay-gradient":""}}},"product_brand":[],"product_cat":[21],"product_tag":[],"class_list":{"0":"post-2119","1":"product","2":"type-product","3":"status-publish","4":"has-post-thumbnail","6":"product_cat-backpack","7":"desktop-align-left","8":"tablet-align-left","9":"mobile-align-left","11":"first","12":"instock","13":"shipping-taxable","14":"product-type-simple"},"_links":{"self":[{"href":"https:\/\/baijiabags.com\/it\/wp-json\/wp\/v2\/product\/2119","targetHints":{"allow":["GET"]}}],"collection":[{"href":"https:\/\/baijiabags.com\/it\/wp-json\/wp\/v2\/product"}],"about":[{"href":"https:\/\/baijiabags.com\/it\/wp-json\/wp\/v2\/types\/product"}],"replies":[{"embeddable":true,"href":"https:\/\/baijiabags.com\/it\/wp-json\/wp\/v2\/comments?post=2119"}],"wp:featuredmedia":[{"embeddable":true,"href":"https:\/\/baijiabags.com\/it\/wp-json\/wp\/v2\/media\/2120"}],"wp:attachment":[{"href":"https:\/\/baijiabags.com\/it\/wp-json\/wp\/v2\/media?parent=2119"}],"wp:term":[{"taxonomy":"product_brand","embeddable":true,"href":"https:\/\/baijiabags.com\/it\/wp-json\/wp\/v2\/product_brand?post=2119"},{"taxonomy":"product_cat","embeddable":true,"href":"https:\/\/baijiabags.com\/it\/wp-json\/wp\/v2\/product_cat?post=2119"},{"taxonomy":"product_tag","embeddable":true,"href":"https:\/\/baijiabags.com\/it\/wp-json\/wp\/v2\/product_tag?post=2119"}],"curies":[{"name":"wp","href":"https:\/\/api.w.org\/{rel}","templated":true}]}}