{"id":2115,"date":"2025-09-22T08:57:07","date_gmt":"2025-09-22T08:57:07","guid":{"rendered":"https:\/\/baijiabags.com\/?post_type=product&#038;p=2115"},"modified":"2025-11-01T01:24:32","modified_gmt":"2025-11-01T01:24:32","slug":"factory-custom-mens-business-casual-crossbody-waist-shoulder-chest-bag-durable-high-quality","status":"publish","type":"product","link":"https:\/\/baijiabags.com\/it\/prodotto\/factory-custom-mens-business-casual-crossbody-waist-shoulder-chest-bag-durable-high-quality\/","title":{"rendered":"Fabbrica Uomo Custom Business Casual Crossbody Waist Shoulder Chest Bag durevole di alta qualit\u00e0"},"content":{"rendered":"<h2 data-start=\"786\" data-end=\"802\">Caratteristiche principali<\/h2>\n<ol data-start=\"803\" data-end=\"1548\">\n<li data-start=\"803\" data-end=\"883\">\n<p data-start=\"806\" data-end=\"883\"><strong data-start=\"806\" data-end=\"830\">Costruzione resistente<\/strong> - Il tessuto Oxford premium garantisce un'usura duratura.<\/p>\n<\/li>\n<li data-start=\"884\" data-end=\"967\">\n<p data-start=\"887\" data-end=\"967\"><strong data-start=\"887\" data-end=\"915\">Materiale resistente all'acqua<\/strong> - Protegge gli effetti personali dalla pioggia leggera e dalle fuoriuscite.<\/p>\n<\/li>\n<li data-start=\"968\" data-end=\"1054\">\n<p data-start=\"971\" data-end=\"1054\"><strong data-start=\"971\" data-end=\"993\">Design leggero<\/strong> - Confortevole per un uso prolungato durante il pendolarismo o i viaggi.<\/p>\n<\/li>\n<li data-start=\"1055\" data-end=\"1163\">\n<p data-start=\"1058\" data-end=\"1163\"><strong data-start=\"1058\" data-end=\"1079\">Cinghie regolabili<\/strong> - Pu\u00f2 essere indossata come borsa a tracolla, in vita o sul petto, per offrire una vasta gamma di opzioni di trasporto.<\/p>\n<\/li>\n<li data-start=\"1164\" data-end=\"1281\">\n<p data-start=\"1167\" data-end=\"1281\"><strong data-start=\"1167\" data-end=\"1192\">Scomparti spaziosi<\/strong> - Le tasche multiple ospitano oggetti essenziali come un tablet da 8 pollici, un portafoglio e un telefono.<\/p>\n<\/li>\n<li data-start=\"1282\" data-end=\"1366\">\n<p data-start=\"1285\" data-end=\"1366\"><strong data-start=\"1285\" data-end=\"1306\">Logo personalizzabile<\/strong> - Il marchio pu\u00f2 essere personalizzato per soddisfare le esigenze di OEM e ODM.<\/p>\n<\/li>\n<li data-start=\"1367\" data-end=\"1455\">\n<p data-start=\"1370\" data-end=\"1455\"><strong data-start=\"1370\" data-end=\"1391\">Dettagli eleganti<\/strong> - Le cuciture sottili conferiscono un aspetto professionale e raffinato.<\/p>\n<\/li>\n<li data-start=\"1456\" data-end=\"1548\">\n<p data-start=\"1459\" data-end=\"1548\"><strong data-start=\"1459\" data-end=\"1486\">Fodera interna traspirante<\/strong> - La fodera in nylon migliora il comfort e il flusso d'aria all'interno della borsa.<\/p>\n<\/li>\n<\/ol>\n<h2 data-start=\"1550\" data-end=\"1568\">Specifiche tecniche<\/h2>\n<div class=\"_tableContainer_1rjym_1\">\n<div class=\"group _tableWrapper_1rjym_13 flex w-fit flex-col-reverse\" tabindex=\"-1\">\n<table class=\"w-fit min-w-(--thread-content-width)\" data-start=\"1569\" data-end=\"2044\">\n<thead data-start=\"1569\" data-end=\"1596\">\n<tr data-start=\"1569\" data-end=\"1596\">\n<th data-start=\"1569\" data-end=\"1581\" data-col-size=\"sm\">Parametro<\/th>\n<th data-start=\"1581\" data-end=\"1596\" data-col-size=\"sm\">Descrizione<\/th>\n<\/tr>\n<\/thead>\n<tbody data-start=\"1625\" data-end=\"2044\">\n<tr data-start=\"1625\" data-end=\"1652\">\n<td data-start=\"1625\" data-end=\"1640\" data-col-size=\"sm\">Nome del prodotto<\/td>\n<td data-start=\"1640\" data-end=\"1652\" data-col-size=\"sm\">Zaino<\/td>\n<\/tr>\n<tr data-start=\"1653\" data-end=\"1671\">\n<td data-start=\"1653\" data-end=\"1661\" data-col-size=\"sm\">Marchio<\/td>\n<td data-start=\"1661\" data-end=\"1671\" data-col-size=\"sm\">RONEER<\/td>\n<\/tr>\n<tr data-start=\"1672\" data-end=\"1701\">\n<td data-start=\"1672\" data-end=\"1681\" data-col-size=\"sm\">Origine<\/td>\n<td data-start=\"1681\" data-end=\"1701\" data-col-size=\"sm\">Guangdong, Cina<\/td>\n<\/tr>\n<tr data-start=\"1702\" data-end=\"1729\">\n<td data-start=\"1702\" data-end=\"1710\" data-col-size=\"sm\">Stile<\/td>\n<td data-start=\"1710\" data-end=\"1729\" data-col-size=\"sm\">Business Casual<\/td>\n<\/tr>\n<tr data-start=\"1730\" data-end=\"1758\">\n<td data-start=\"1730\" data-end=\"1741\" data-col-size=\"sm\">Materiale<\/td>\n<td data-start=\"1741\" data-end=\"1758\" data-col-size=\"sm\">Tessuto Oxford<\/td>\n<\/tr>\n<tr data-start=\"1759\" data-end=\"1814\">\n<td data-start=\"1759\" data-end=\"1770\" data-col-size=\"sm\">Funzione<\/td>\n<td data-start=\"1770\" data-end=\"1814\" data-col-size=\"sm\">Traspirante, resistente all'acqua, ultraleggero<\/td>\n<\/tr>\n<tr data-start=\"1815\" data-end=\"1840\">\n<td data-start=\"1815\" data-end=\"1825\" data-col-size=\"sm\">Modello<\/td>\n<td data-start=\"1825\" data-end=\"1840\" data-col-size=\"sm\">Colore solido<\/td>\n<\/tr>\n<tr data-start=\"1841\" data-end=\"1879\">\n<td data-start=\"1841\" data-end=\"1859\" data-col-size=\"sm\">Elemento popolare<\/td>\n<td data-start=\"1859\" data-end=\"1879\" data-col-size=\"sm\">Dettaglio cuciture<\/td>\n<\/tr>\n<tr data-start=\"1880\" data-end=\"1897\">\n<td data-start=\"1880\" data-end=\"1888\" data-col-size=\"sm\">Colore<\/td>\n<td data-start=\"1888\" data-end=\"1897\" data-col-size=\"sm\">Nero<\/td>\n<\/tr>\n<tr data-start=\"1898\" data-end=\"1916\">\n<td data-start=\"1898\" data-end=\"1907\" data-col-size=\"sm\">Fodera<\/td>\n<td data-start=\"1907\" data-end=\"1916\" data-col-size=\"sm\">Nylon<\/td>\n<\/tr>\n<tr data-start=\"1917\" data-end=\"1953\">\n<td data-start=\"1917\" data-end=\"1934\" data-col-size=\"sm\">Scena adatta<\/td>\n<td data-start=\"1934\" data-end=\"1953\" data-col-size=\"sm\">Viaggi d'affari<\/td>\n<\/tr>\n<tr data-start=\"1954\" data-end=\"2002\">\n<td data-start=\"1954\" data-end=\"1979\" data-col-size=\"sm\">Dimensioni del dispositivo compatibile<\/td>\n<td data-start=\"1979\" data-end=\"2002\" data-col-size=\"sm\">Tablet fino a 8 pollici<\/td>\n<\/tr>\n<tr data-start=\"2003\" data-end=\"2026\">\n<td data-start=\"2003\" data-end=\"2010\" data-col-size=\"sm\">Logo<\/td>\n<td data-start=\"2010\" data-end=\"2026\" data-col-size=\"sm\">Personalizzabile<\/td>\n<\/tr>\n<tr data-start=\"2027\" data-end=\"2044\">\n<td data-start=\"2027\" data-end=\"2033\" data-col-size=\"sm\">MOQ<\/td>\n<td data-start=\"2033\" data-end=\"2044\" data-col-size=\"sm\">300 pezzi<\/td>\n<\/tr>\n<\/tbody>\n<\/table>\n<\/div>\n<\/div>\n<h2 data-start=\"2046\" data-end=\"2062\">Applicazioni<\/h2>\n<ul data-start=\"2063\" data-end=\"2178\">\n<li data-start=\"2063\" data-end=\"2089\">\n<p data-start=\"2065\" data-end=\"2089\">Pendolarismo quotidiano in ufficio<\/p>\n<\/li>\n<li data-start=\"2090\" data-end=\"2122\">\n<p data-start=\"2092\" data-end=\"2122\">Viaggi e riunioni di lavoro<\/p>\n<\/li>\n<li data-start=\"2123\" data-end=\"2152\">\n<p data-start=\"2125\" data-end=\"2152\">Attivit\u00e0 casual all'aperto<\/p>\n<\/li>\n<li data-start=\"2153\" data-end=\"2178\">\n<p data-start=\"2155\" data-end=\"2178\">Uso personale quotidiano<\/p>\n<\/li>\n<\/ul>\n<p data-start=\"2180\" data-end=\"2414\">La borsa RONEER Crossbody Waist Shoulder Chest \u00e8 stata progettata per combinare praticit\u00e0 e stile per gli uomini professionisti. Il suo design compatto ma spazioso assicura che gli oggetti essenziali siano conservati in modo sicuro, mantenendo un look elegante.<\/p>\n<p data-start=\"2416\" data-end=\"2574\">Se siete interessati a questa borsa, contattateci per richiedere un campione. I servizi ODM e OEM sono disponibili per supportare le vostre esigenze di personalizzazione del marchio e del design.<\/p>","protected":false},"excerpt":{"rendered":"<p>La borsa RONEER Business Casual Crossbody Waist Shoulder Chest \u00e8 stata progettata per i professionisti moderni che cercano un compagno pratico ed elegante per tutti i giorni. Realizzata in tessuto Oxford di alta qualit\u00e0, questa borsa offre resistenza e una struttura leggera, adatta al pendolarismo quotidiano o ai viaggi di lavoro. L'elegante design in tinta unita nera \u00e8 impreziosito da cuciture precise che le conferiscono un aspetto raffinato e contemporaneo. Le caratteristiche di traspirabilit\u00e0, impermeabilit\u00e0 e leggerezza sono state integrate per garantire comfort e funzionalit\u00e0 durante tutta la giornata.<\/p>","protected":false},"featured_media":2117,"comment_status":"open","ping_status":"closed","template":"","meta":{"site-sidebar-layout":"default","site-content-layout":"","ast-site-content-layout":"default","site-content-style":"default","site-sidebar-style":"default","ast-global-header-display":"","ast-banner-title-visibility":"","ast-main-header-display":"","ast-hfb-above-header-display":"","ast-hfb-below-header-display":"","ast-hfb-mobile-header-display":"","site-post-title":"","ast-breadcrumbs-content":"","ast-featured-img":"","footer-sml-layout":"","ast-disable-related-posts":"","theme-transparent-header-meta":"default","adv-header-id-meta":"","stick-header-meta":"","header-above-stick-meta":"","header-main-stick-meta":"","header-below-stick-meta":"","astra-migrate-meta-layouts":"set","ast-page-background-enabled":"default","ast-page-background-meta":{"desktop":{"background-color":"var(--ast-global-color-5)","background-image":"","background-repeat":"repeat","background-position":"center center","background-size":"auto","background-attachment":"scroll","background-type":"","background-media":"","overlay-type":"","overlay-color":"","overlay-opacity":"","overlay-gradient":""},"tablet":{"background-color":"","background-image":"","background-repeat":"repeat","background-position":"center center","background-size":"auto","background-attachment":"scroll","background-type":"","background-media":"","overlay-type":"","overlay-color":"","overlay-opacity":"","overlay-gradient":""},"mobile":{"background-color":"","background-image":"","background-repeat":"repeat","background-position":"center center","background-size":"auto","background-attachment":"scroll","background-type":"","background-media":"","overlay-type":"","overlay-color":"","overlay-opacity":"","overlay-gradient":""}},"ast-content-background-meta":{"desktop":{"background-color":"var(--ast-global-color-4)","background-image":"","background-repeat":"repeat","background-position":"center center","background-size":"auto","background-attachment":"scroll","background-type":"","background-media":"","overlay-type":"","overlay-color":"","overlay-opacity":"","overlay-gradient":""},"tablet":{"background-color":"var(--ast-global-color-4)","background-image":"","background-repeat":"repeat","background-position":"center center","background-size":"auto","background-attachment":"scroll","background-type":"","background-media":"","overlay-type":"","overlay-color":"","overlay-opacity":"","overlay-gradient":""},"mobile":{"background-color":"var(--ast-global-color-4)","background-image":"","background-repeat":"repeat","background-position":"center center","background-size":"auto","background-attachment":"scroll","background-type":"","background-media":"","overlay-type":"","overlay-color":"","overlay-opacity":"","overlay-gradient":""}}},"product_brand":[],"product_cat":[39,53],"product_tag":[],"class_list":{"0":"post-2115","1":"product","2":"type-product","3":"status-publish","4":"has-post-thumbnail","6":"product_cat-crossbody-bag","7":"product_cat-mens-bag","8":"desktop-align-left","9":"tablet-align-left","10":"mobile-align-left","12":"first","13":"instock","14":"shipping-taxable","15":"product-type-simple"},"_links":{"self":[{"href":"https:\/\/baijiabags.com\/it\/wp-json\/wp\/v2\/product\/2115","targetHints":{"allow":["GET"]}}],"collection":[{"href":"https:\/\/baijiabags.com\/it\/wp-json\/wp\/v2\/product"}],"about":[{"href":"https:\/\/baijiabags.com\/it\/wp-json\/wp\/v2\/types\/product"}],"replies":[{"embeddable":true,"href":"https:\/\/baijiabags.com\/it\/wp-json\/wp\/v2\/comments?post=2115"}],"wp:featuredmedia":[{"embeddable":true,"href":"https:\/\/baijiabags.com\/it\/wp-json\/wp\/v2\/media\/2117"}],"wp:attachment":[{"href":"https:\/\/baijiabags.com\/it\/wp-json\/wp\/v2\/media?parent=2115"}],"wp:term":[{"taxonomy":"product_brand","embeddable":true,"href":"https:\/\/baijiabags.com\/it\/wp-json\/wp\/v2\/product_brand?post=2115"},{"taxonomy":"product_cat","embeddable":true,"href":"https:\/\/baijiabags.com\/it\/wp-json\/wp\/v2\/product_cat?post=2115"},{"taxonomy":"product_tag","embeddable":true,"href":"https:\/\/baijiabags.com\/it\/wp-json\/wp\/v2\/product_tag?post=2115"}],"curies":[{"name":"wp","href":"https:\/\/api.w.org\/{rel}","templated":true}]}}