{"id":2101,"date":"2025-09-22T08:01:43","date_gmt":"2025-09-22T08:01:43","guid":{"rendered":"https:\/\/baijiabags.com\/?post_type=product&#038;p=2101"},"modified":"2025-09-22T08:47:10","modified_gmt":"2025-09-22T08:47:10","slug":"new-black-mens-business-laptop-bag-16-inch-large-capacity-waterproof-briefcase-shoulder-crossbody","status":"publish","type":"product","link":"https:\/\/baijiabags.com\/it\/prodotto\/new-black-mens-business-laptop-bag-16-inch-large-capacity-waterproof-briefcase-shoulder-crossbody\/","title":{"rendered":"Nuova borsa nera da uomo per computer portatile da 16 pollici di grande capacit\u00e0 impermeabile, valigetta a tracolla Crossbody"},"content":{"rendered":"<h2 data-start=\"697\" data-end=\"714\">Caratteristiche principali<\/h2>\n<ul data-start=\"716\" data-end=\"1753\">\n<li data-start=\"716\" data-end=\"872\">\n<p data-start=\"718\" data-end=\"872\"><strong data-start=\"718\" data-end=\"736\">Grande capacit\u00e0<\/strong>: Uno spazioso scomparto principale \u00e8 stato strutturato per accogliere computer portatili fino a 16 pollici, oltre a documenti, gadget e oggetti di uso quotidiano.<\/p>\n<\/li>\n<li data-start=\"873\" data-end=\"1020\">\n<p data-start=\"875\" data-end=\"1020\"><strong data-start=\"875\" data-end=\"900\">Protezione impermeabile<\/strong>: \u00c8 stato utilizzato un tessuto Oxford con trattamento impermeabile, in modo da salvaguardare gli effetti personali dalle intemperie.<\/p>\n<\/li>\n<li data-start=\"1021\" data-end=\"1152\">\n<p data-start=\"1023\" data-end=\"1152\"><strong data-start=\"1023\" data-end=\"1047\">Costruzione resistente<\/strong>: Cuciture rinforzate e cerniere ad alta resistenza sono state utilizzate per garantire prestazioni di lunga durata.<\/p>\n<\/li>\n<li data-start=\"1153\" data-end=\"1287\">\n<p data-start=\"1155\" data-end=\"1287\"><strong data-start=\"1155\" data-end=\"1187\">Opzioni di trasporto confortevoli<\/strong>: La tracolla staccabile e le maniglie imbottite sono state integrate per un trasporto versatile.<\/p>\n<\/li>\n<li data-start=\"1288\" data-end=\"1420\">\n<p data-start=\"1290\" data-end=\"1420\"><strong data-start=\"1290\" data-end=\"1315\">Comodit\u00e0 della tracolla<\/strong>: Le cinghie regolabili consentono di indossare la borsa crossbody durante gli spostamenti o i viaggi.<\/p>\n<\/li>\n<li data-start=\"1421\" data-end=\"1535\">\n<p data-start=\"1423\" data-end=\"1535\"><strong data-start=\"1423\" data-end=\"1441\">Stile aziendale<\/strong>: Una finitura nera pulita con impunture sottili \u00e8 stata applicata per completare l'abbigliamento business.<\/p>\n<\/li>\n<li data-start=\"1536\" data-end=\"1630\">\n<p data-start=\"1538\" data-end=\"1630\"><strong data-start=\"1538\" data-end=\"1559\">Logo personalizzabile<\/strong>: Sono state rese disponibili opzioni per loghi personalizzati o aziendali.<\/p>\n<\/li>\n<li data-start=\"1631\" data-end=\"1753\">\n<p data-start=\"1633\" data-end=\"1753\"><strong data-start=\"1633\" data-end=\"1659\">Design adatto ai viaggi<\/strong>: La struttura leggera \u00e8 stata adattata per l'ufficio, i viaggi di lavoro o il pendolarismo quotidiano.<\/p>\n<\/li>\n<\/ul>\n<h2 data-start=\"1760\" data-end=\"1779\">Specifiche tecniche<\/h2>\n<div class=\"_tableContainer_1rjym_1\">\n<div class=\"group _tableWrapper_1rjym_13 flex w-fit flex-col-reverse\" tabindex=\"-1\">\n<table class=\"w-fit min-w-(--thread-content-width)\" data-start=\"1781\" data-end=\"2673\">\n<thead data-start=\"1781\" data-end=\"1839\">\n<tr data-start=\"1781\" data-end=\"1839\">\n<th data-start=\"1781\" data-end=\"1807\" data-col-size=\"sm\"><strong data-start=\"1783\" data-end=\"1796\">Parametro<\/strong><\/th>\n<th data-start=\"1807\" data-end=\"1839\" data-col-size=\"sm\"><strong data-start=\"1809\" data-end=\"1824\">Descrizione<\/strong><\/th>\n<\/tr>\n<\/thead>\n<tbody data-start=\"1900\" data-end=\"2673\">\n<tr data-start=\"1900\" data-end=\"1959\">\n<td data-start=\"1900\" data-end=\"1926\" data-col-size=\"sm\">Nome del prodotto<\/td>\n<td data-start=\"1926\" data-end=\"1959\" data-col-size=\"sm\">\u00a0Cartella per computer portatile<\/td>\n<\/tr>\n<tr data-start=\"1960\" data-end=\"2018\">\n<td data-start=\"1960\" data-end=\"1986\" data-col-size=\"sm\">Marchio<\/td>\n<td data-start=\"1986\" data-end=\"2018\" data-col-size=\"sm\">RONEER<\/td>\n<\/tr>\n<tr data-start=\"2019\" data-end=\"2077\">\n<td data-start=\"2019\" data-end=\"2045\" data-col-size=\"sm\">Origine<\/td>\n<td data-start=\"2045\" data-end=\"2077\" data-col-size=\"sm\">Guangdong, Cina<\/td>\n<\/tr>\n<tr data-start=\"2078\" data-end=\"2136\">\n<td data-start=\"2078\" data-end=\"2104\" data-col-size=\"sm\">Stile<\/td>\n<td data-start=\"2104\" data-end=\"2136\" data-col-size=\"sm\">Affari \/ Pendolarismo<\/td>\n<\/tr>\n<tr data-start=\"2137\" data-end=\"2195\">\n<td data-start=\"2137\" data-end=\"2163\" data-col-size=\"sm\">Materiale<\/td>\n<td data-start=\"2163\" data-end=\"2195\" data-col-size=\"sm\">Tessuto Oxford<\/td>\n<\/tr>\n<tr data-start=\"2196\" data-end=\"2254\">\n<td data-start=\"2196\" data-end=\"2222\" data-col-size=\"sm\">Fodera<\/td>\n<td data-start=\"2222\" data-end=\"2254\" data-col-size=\"sm\">Nylon<\/td>\n<\/tr>\n<tr data-start=\"2255\" data-end=\"2313\">\n<td data-start=\"2255\" data-end=\"2281\" data-col-size=\"sm\">Colore<\/td>\n<td data-start=\"2281\" data-end=\"2313\" data-col-size=\"sm\">Nero<\/td>\n<\/tr>\n<tr data-start=\"2314\" data-end=\"2372\">\n<td data-start=\"2314\" data-end=\"2340\" data-col-size=\"sm\">Modello<\/td>\n<td data-start=\"2340\" data-end=\"2372\" data-col-size=\"sm\">Tinta unita con impunture<\/td>\n<\/tr>\n<tr data-start=\"2373\" data-end=\"2431\">\n<td data-start=\"2373\" data-end=\"2399\" data-col-size=\"sm\">Dimensioni del laptop adatte<\/td>\n<td data-start=\"2399\" data-end=\"2431\" data-col-size=\"sm\">Fino a 16 pollici<\/td>\n<\/tr>\n<tr data-start=\"2432\" data-end=\"2490\">\n<td data-start=\"2432\" data-end=\"2458\" data-col-size=\"sm\">Funzione<\/td>\n<td data-start=\"2458\" data-end=\"2490\" data-col-size=\"sm\">Impermeabile<\/td>\n<\/tr>\n<tr data-start=\"2491\" data-end=\"2549\">\n<td data-start=\"2491\" data-end=\"2517\" data-col-size=\"sm\">Logo<\/td>\n<td data-start=\"2517\" data-end=\"2549\" data-col-size=\"sm\">Personalizzabile<\/td>\n<\/tr>\n<tr data-start=\"2550\" data-end=\"2608\">\n<td data-start=\"2550\" data-end=\"2576\" data-col-size=\"sm\">MOQ<\/td>\n<td data-start=\"2576\" data-end=\"2608\" data-col-size=\"sm\">300 pezzi<\/td>\n<\/tr>\n<tr data-start=\"2609\" data-end=\"2673\">\n<td data-start=\"2609\" data-end=\"2635\" data-col-size=\"sm\">Scenari di applicazione<\/td>\n<td data-start=\"2635\" data-end=\"2673\" data-col-size=\"sm\">Lavoro, viaggi d'affari, uso quotidiano<\/td>\n<\/tr>\n<\/tbody>\n<\/table>\n<\/div>\n<\/div>\n<h2 data-start=\"2680\" data-end=\"2697\">Applicazioni<\/h2>\n<ul data-start=\"2699\" data-end=\"3171\">\n<li data-start=\"2699\" data-end=\"2798\">\n<p data-start=\"2701\" data-end=\"2798\">La borsa viene utilizzata per <strong data-start=\"2721\" data-end=\"2740\">viaggi d'affari<\/strong>, dove sono richieste caratteristiche di durata e impermeabilit\u00e0.<\/p>\n<\/li>\n<li data-start=\"2799\" data-end=\"2894\">\n<p data-start=\"2801\" data-end=\"2894\">Viene applicato per <strong data-start=\"2819\" data-end=\"2838\">pendolarismo quotidiano<\/strong>, tenendo organizzati in modo sicuro i computer portatili e gli oggetti personali.<\/p>\n<\/li>\n<li data-start=\"2895\" data-end=\"2976\">\n<p data-start=\"2897\" data-end=\"2976\">Il prodotto viene scelto per <strong data-start=\"2923\" data-end=\"2937\">uso ufficio<\/strong>, completando un'immagine professionale.<\/p>\n<\/li>\n<li data-start=\"2977\" data-end=\"3086\">\n<p data-start=\"2979\" data-end=\"3086\">Viene trasportato durante <strong data-start=\"3000\" data-end=\"3027\">riunioni o conferenze<\/strong>dove i documenti e i dispositivi devono essere facilmente accessibili.<\/p>\n<\/li>\n<li data-start=\"3087\" data-end=\"3171\">\n<p data-start=\"3089\" data-end=\"3171\">\u00c8 adatto per <strong data-start=\"3106\" data-end=\"3129\">viaggio urbano casuale<\/strong>dove stile e funzionalit\u00e0 sono bilanciati.<\/p>\n<\/li>\n<\/ul>\n<p data-start=\"3178\" data-end=\"3368\">Se \u00e8 stato suscitato interesse in questo <strong data-start=\"3214\" data-end=\"3244\">Borsa per computer portatile RONEER Business<\/strong>contattateci per richiedere dei campioni. <strong data-start=\"3277\" data-end=\"3299\">Servizi ODM e OEM<\/strong> sono stati forniti per supportare la personalizzazione e i requisiti di massa.<\/p>","protected":false},"excerpt":{"rendered":"<p data-start=\"188\" data-end=\"690\">Il <strong data-start=\"192\" data-end=\"231\">Nuova borsa nera da uomo per computer portatile<\/strong> da <strong data-start=\"235\" data-end=\"245\">RONEER<\/strong> \u00e8 stata progettata all'insegna della professionalit\u00e0, della durata e della funzionalit\u00e0. Realizzata con un tessuto Oxford di prima qualit\u00e0 e una fodera in nylon, la borsa \u00e8 stata progettata per soddisfare le esigenze dei professionisti moderni. Una capacit\u00e0 che ospita fino a <strong data-start=\"487\" data-end=\"506\">Computer portatili da 16 pollici<\/strong> per garantire l'idoneit\u00e0 al lavoro, ai viaggi e all'uso quotidiano. L'elegante tonalit\u00e0 nera e il motivo minimalista delle cuciture sono stati applicati per riflettere un raffinato stile business.<\/p>","protected":false},"featured_media":2105,"comment_status":"open","ping_status":"closed","template":"","meta":{"site-sidebar-layout":"default","site-content-layout":"","ast-site-content-layout":"default","site-content-style":"default","site-sidebar-style":"default","ast-global-header-display":"","ast-banner-title-visibility":"","ast-main-header-display":"","ast-hfb-above-header-display":"","ast-hfb-below-header-display":"","ast-hfb-mobile-header-display":"","site-post-title":"","ast-breadcrumbs-content":"","ast-featured-img":"","footer-sml-layout":"","ast-disable-related-posts":"","theme-transparent-header-meta":"default","adv-header-id-meta":"","stick-header-meta":"","header-above-stick-meta":"","header-main-stick-meta":"","header-below-stick-meta":"","astra-migrate-meta-layouts":"set","ast-page-background-enabled":"default","ast-page-background-meta":{"desktop":{"background-color":"var(--ast-global-color-5)","background-image":"","background-repeat":"repeat","background-position":"center center","background-size":"auto","background-attachment":"scroll","background-type":"","background-media":"","overlay-type":"","overlay-color":"","overlay-opacity":"","overlay-gradient":""},"tablet":{"background-color":"","background-image":"","background-repeat":"repeat","background-position":"center center","background-size":"auto","background-attachment":"scroll","background-type":"","background-media":"","overlay-type":"","overlay-color":"","overlay-opacity":"","overlay-gradient":""},"mobile":{"background-color":"","background-image":"","background-repeat":"repeat","background-position":"center center","background-size":"auto","background-attachment":"scroll","background-type":"","background-media":"","overlay-type":"","overlay-color":"","overlay-opacity":"","overlay-gradient":""}},"ast-content-background-meta":{"desktop":{"background-color":"var(--ast-global-color-4)","background-image":"","background-repeat":"repeat","background-position":"center center","background-size":"auto","background-attachment":"scroll","background-type":"","background-media":"","overlay-type":"","overlay-color":"","overlay-opacity":"","overlay-gradient":""},"tablet":{"background-color":"var(--ast-global-color-4)","background-image":"","background-repeat":"repeat","background-position":"center center","background-size":"auto","background-attachment":"scroll","background-type":"","background-media":"","overlay-type":"","overlay-color":"","overlay-opacity":"","overlay-gradient":""},"mobile":{"background-color":"var(--ast-global-color-4)","background-image":"","background-repeat":"repeat","background-position":"center center","background-size":"auto","background-attachment":"scroll","background-type":"","background-media":"","overlay-type":"","overlay-color":"","overlay-opacity":"","overlay-gradient":""}}},"product_brand":[],"product_cat":[15],"product_tag":[],"class_list":{"0":"post-2101","1":"product","2":"type-product","3":"status-publish","4":"has-post-thumbnail","6":"product_cat-uncategorized","7":"desktop-align-left","8":"tablet-align-left","9":"mobile-align-left","11":"first","12":"instock","13":"shipping-taxable","14":"product-type-simple"},"_links":{"self":[{"href":"https:\/\/baijiabags.com\/it\/wp-json\/wp\/v2\/product\/2101","targetHints":{"allow":["GET"]}}],"collection":[{"href":"https:\/\/baijiabags.com\/it\/wp-json\/wp\/v2\/product"}],"about":[{"href":"https:\/\/baijiabags.com\/it\/wp-json\/wp\/v2\/types\/product"}],"replies":[{"embeddable":true,"href":"https:\/\/baijiabags.com\/it\/wp-json\/wp\/v2\/comments?post=2101"}],"wp:featuredmedia":[{"embeddable":true,"href":"https:\/\/baijiabags.com\/it\/wp-json\/wp\/v2\/media\/2105"}],"wp:attachment":[{"href":"https:\/\/baijiabags.com\/it\/wp-json\/wp\/v2\/media?parent=2101"}],"wp:term":[{"taxonomy":"product_brand","embeddable":true,"href":"https:\/\/baijiabags.com\/it\/wp-json\/wp\/v2\/product_brand?post=2101"},{"taxonomy":"product_cat","embeddable":true,"href":"https:\/\/baijiabags.com\/it\/wp-json\/wp\/v2\/product_cat?post=2101"},{"taxonomy":"product_tag","embeddable":true,"href":"https:\/\/baijiabags.com\/it\/wp-json\/wp\/v2\/product_tag?post=2101"}],"curies":[{"name":"wp","href":"https:\/\/api.w.org\/{rel}","templated":true}]}}