{"id":2087,"date":"2025-09-22T07:31:19","date_gmt":"2025-09-22T07:31:19","guid":{"rendered":"https:\/\/baijiabags.com\/?post_type=product&#038;p=2087"},"modified":"2025-09-22T07:31:19","modified_gmt":"2025-09-22T07:31:19","slug":"large-capacity-mens-nylon-business-backpack-usb-charging-commuter-bag-stylish-gif","status":"publish","type":"product","link":"https:\/\/baijiabags.com\/it\/prodotto\/large-capacity-mens-nylon-business-backpack-usb-charging-commuter-bag-stylish-gif\/","title":{"rendered":"Grande capacit\u00e0 Mens Nylon Business Backpack USB Charging Commuter Bag Elegante Gif"},"content":{"rendered":"<h2 data-start=\"726\" data-end=\"743\">Caratteristiche principali<\/h2>\n<ol data-start=\"745\" data-end=\"1903\">\n<li data-start=\"745\" data-end=\"902\">\n<p data-start=\"748\" data-end=\"902\"><strong data-start=\"748\" data-end=\"774\">Grande capacit\u00e0 di stoccaggio:<\/strong>Il layout a pi\u00f9 scomparti \u00e8 stato creato per ospitare facilmente computer portatili, libri, documenti ed effetti personali.<\/p>\n<\/li>\n<li data-start=\"904\" data-end=\"1040\">\n<p data-start=\"907\" data-end=\"1040\"><strong data-start=\"907\" data-end=\"928\">Porta di ricarica USB:<\/strong>\u00c8 stata integrata un'interfaccia USB esterna che consente di ricaricare comodamente il dispositivo durante gli spostamenti.<\/p>\n<\/li>\n<li data-start=\"1042\" data-end=\"1200\">\n<p data-start=\"1045\" data-end=\"1200\"><strong data-start=\"1045\" data-end=\"1071\">Nylon resistente Materiale:<\/strong>Lo zaino \u00e8 stato prodotto con nylon di alta qualit\u00e0 e rinforzato con inserti in pelle per garantire la resistenza all'abrasione.<\/p>\n<\/li>\n<li data-start=\"1202\" data-end=\"1348\">\n<p data-start=\"1205\" data-end=\"1348\"><strong data-start=\"1205\" data-end=\"1236\">Sistema di trasporto confortevole:<\/strong>Gli spallacci imbottiti e i pannelli posteriori traspiranti sono stati applicati per migliorare il comfort durante l'uso prolungato.<\/p>\n<\/li>\n<li data-start=\"1350\" data-end=\"1482\">\n<p data-start=\"1353\" data-end=\"1482\"><strong data-start=\"1353\" data-end=\"1379\">Resistente all'acqua Finitura: <\/strong>\u00c8 stato aggiunto un rivestimento protettivo per resistere all'acqua e proteggere gli effetti personali in caso di pioggia leggera.<\/p>\n<\/li>\n<li data-start=\"1484\" data-end=\"1628\">\n<p data-start=\"1487\" data-end=\"1628\"><strong data-start=\"1487\" data-end=\"1505\">Design elegante: <\/strong>\u00c8 stata adottata un'estetica retr\u00f2 europea, evidenziata da dettagli di cucitura e da un modello minimalista a tinta unita.<\/p>\n<\/li>\n<li data-start=\"1630\" data-end=\"1758\">\n<p data-start=\"1633\" data-end=\"1758\"><strong data-start=\"1633\" data-end=\"1656\">Unisex Adattabilit\u00e0:<\/strong>Un look versatile \u00e8 stato progettato per adattarsi sia agli uomini che alle donne, per un uso professionale e casual.<\/p>\n<\/li>\n<li data-start=\"1760\" data-end=\"1903\">\n<p data-start=\"1763\" data-end=\"1903\"><strong data-start=\"1763\" data-end=\"1781\">Conservazione sicura: <\/strong>Sono stati inseriti pi\u00f9 scomparti con cerniera e tasche nascoste per garantire un'organizzazione sicura degli oggetti di valore.<\/p>\n<\/li>\n<\/ol>\n<h2 data-start=\"1910\" data-end=\"1929\">Specifiche tecniche<\/h2>\n<div class=\"_tableContainer_1rjym_1\">\n<div class=\"group _tableWrapper_1rjym_13 flex w-fit flex-col-reverse\" tabindex=\"-1\">\n<table class=\"w-fit min-w-(--thread-content-width)\" data-start=\"1931\" data-end=\"2776\">\n<thead data-start=\"1931\" data-end=\"1976\">\n<tr data-start=\"1931\" data-end=\"1976\">\n<th data-start=\"1931\" data-end=\"1957\" data-col-size=\"sm\"><strong data-start=\"1933\" data-end=\"1950\">Specifiche<\/strong><\/th>\n<th data-start=\"1957\" data-end=\"1976\" data-col-size=\"sm\"><strong data-start=\"1959\" data-end=\"1974\">Descrizione<\/strong><\/th>\n<\/tr>\n<\/thead>\n<tbody data-start=\"2024\" data-end=\"2776\">\n<tr data-start=\"2024\" data-end=\"2063\">\n<td data-start=\"2024\" data-end=\"2051\" data-col-size=\"sm\">Nome del prodotto<\/td>\n<td data-start=\"2051\" data-end=\"2063\" data-col-size=\"sm\">Zaino<\/td>\n<\/tr>\n<tr data-start=\"2064\" data-end=\"2101\">\n<td data-start=\"2064\" data-end=\"2091\" data-col-size=\"sm\">Marchio<\/td>\n<td data-start=\"2091\" data-end=\"2101\" data-col-size=\"sm\">RONEER<\/td>\n<\/tr>\n<tr data-start=\"2102\" data-end=\"2149\">\n<td data-start=\"2102\" data-end=\"2129\" data-col-size=\"sm\">Origine<\/td>\n<td data-start=\"2129\" data-end=\"2149\" data-col-size=\"sm\">Guangdong, Cina<\/td>\n<\/tr>\n<tr data-start=\"2150\" data-end=\"2204\">\n<td data-start=\"2150\" data-end=\"2177\" data-col-size=\"sm\">Materiale<\/td>\n<td data-start=\"2177\" data-end=\"2204\" data-col-size=\"sm\">Nylon con finiture in pelle<\/td>\n<\/tr>\n<tr data-start=\"2205\" data-end=\"2271\">\n<td data-start=\"2205\" data-end=\"2232\" data-col-size=\"sm\">Funzione<\/td>\n<td data-start=\"2232\" data-end=\"2271\" data-col-size=\"sm\">Resistente all'abrasione e all'acqua<\/td>\n<\/tr>\n<tr data-start=\"2272\" data-end=\"2323\">\n<td data-start=\"2272\" data-end=\"2299\" data-col-size=\"sm\">Genere adatto<\/td>\n<td data-start=\"2299\" data-end=\"2323\" data-col-size=\"sm\">Unisex (uomo e donna)<\/td>\n<\/tr>\n<tr data-start=\"2324\" data-end=\"2377\">\n<td data-start=\"2324\" data-end=\"2351\" data-col-size=\"sm\">Materiale della fodera<\/td>\n<td data-start=\"2351\" data-end=\"2377\" data-col-size=\"sm\">Miscela di poliestere e cotone<\/td>\n<\/tr>\n<tr data-start=\"2378\" data-end=\"2420\">\n<td data-start=\"2378\" data-end=\"2405\" data-col-size=\"sm\">Modello<\/td>\n<td data-start=\"2405\" data-end=\"2420\" data-col-size=\"sm\">Tinta unita<\/td>\n<\/tr>\n<tr data-start=\"2421\" data-end=\"2466\">\n<td data-start=\"2421\" data-end=\"2448\" data-col-size=\"sm\">Stile<\/td>\n<td data-start=\"2448\" data-end=\"2466\" data-col-size=\"sm\">Retro europeo<\/td>\n<\/tr>\n<tr data-start=\"2467\" data-end=\"2518\">\n<td data-start=\"2467\" data-end=\"2494\" data-col-size=\"sm\">Elementi di design<\/td>\n<td data-start=\"2494\" data-end=\"2518\" data-col-size=\"sm\">Decorazione con cuciture<\/td>\n<\/tr>\n<tr data-start=\"2519\" data-end=\"2568\">\n<td data-start=\"2519\" data-end=\"2546\" data-col-size=\"sm\">Colori disponibili<\/td>\n<td data-start=\"2546\" data-end=\"2568\" data-col-size=\"sm\">Nero, caff\u00e8 scuro<\/td>\n<\/tr>\n<tr data-start=\"2569\" data-end=\"2638\">\n<td data-start=\"2569\" data-end=\"2596\" data-col-size=\"sm\">Capacit\u00e0<\/td>\n<td data-start=\"2596\" data-end=\"2638\" data-col-size=\"sm\">Progettato per computer portatili fino a 15,6 pollici<\/td>\n<\/tr>\n<tr data-start=\"2639\" data-end=\"2676\">\n<td data-start=\"2639\" data-end=\"2666\" data-col-size=\"sm\">Tipo di chiusura<\/td>\n<td data-start=\"2666\" data-end=\"2676\" data-col-size=\"sm\">Cerniera<\/td>\n<\/tr>\n<tr data-start=\"2677\" data-end=\"2718\">\n<td data-start=\"2677\" data-end=\"2704\" data-col-size=\"sm\">Quantit\u00e0 minima d'ordine<\/td>\n<td data-start=\"2704\" data-end=\"2718\" data-col-size=\"sm\">300 pezzi<\/td>\n<\/tr>\n<tr data-start=\"2719\" data-end=\"2776\">\n<td data-start=\"2719\" data-end=\"2746\" data-col-size=\"sm\">Campo di applicazione<\/td>\n<td data-start=\"2746\" data-end=\"2776\" data-col-size=\"sm\">Lavoro, pendolarismo, uso quotidiano<\/td>\n<\/tr>\n<\/tbody>\n<\/table>\n<\/div>\n<\/div>\n<h2 data-start=\"2783\" data-end=\"2800\">Applicazioni<\/h2>\n<ul data-start=\"2802\" data-end=\"3296\">\n<li data-start=\"2802\" data-end=\"2924\">\n<p data-start=\"2804\" data-end=\"2924\">Lo zaino \u00e8 stato progettato per <strong data-start=\"2839\" data-end=\"2865\">professionisti del settore<\/strong> che hanno bisogno di uno spazio organizzato per laptop e documenti.<\/p>\n<\/li>\n<li data-start=\"2925\" data-end=\"3015\">\n<p data-start=\"2927\" data-end=\"3015\">\u00c8 stato prodotto per <strong data-start=\"2956\" data-end=\"2975\">pendolari giornalieri<\/strong> che hanno bisogno di praticit\u00e0 e stile.<\/p>\n<\/li>\n<li data-start=\"3016\" data-end=\"3114\">\n<p data-start=\"3018\" data-end=\"3114\">\u00c8 stato adattato per <strong data-start=\"3042\" data-end=\"3055\">viaggiatori<\/strong> che necessitano di maggiore capacit\u00e0 e sicurezza durante i viaggi.<\/p>\n<\/li>\n<li data-start=\"3115\" data-end=\"3203\">\n<p data-start=\"3117\" data-end=\"3203\">E' stato adatto per <strong data-start=\"3140\" data-end=\"3152\">studenti<\/strong> che portano con s\u00e9 pi\u00f9 libri e dispositivi elettronici.<\/p>\n<\/li>\n<li data-start=\"3204\" data-end=\"3296\">\n<p data-start=\"3206\" data-end=\"3296\">Il prodotto \u00e8 stato posizionato come <strong data-start=\"3243\" data-end=\"3258\">opzione regalo<\/strong> per amici, familiari o colleghi.<\/p>\n<\/li>\n<\/ul>\n<p data-start=\"3303\" data-end=\"3524\">Se si \u00e8 sviluppato un interesse per questo zaino RONEER, \u00e8 possibile richiedere dei campioni contattandoci direttamente. <strong data-start=\"3411\" data-end=\"3433\">Servizi ODM e OEM<\/strong> sono stati offerti per soddisfare le esigenze di personalizzazione del marchio, del design e degli ordini all'ingrosso.<\/p>","protected":false},"excerpt":{"rendered":"<p>A <strong data-start=\"202\" data-end=\"250\">zaino business da uomo in nylon di grande capacit\u00e0<\/strong> \u00e8 stato progettato con il marchio <strong data-start=\"285\" data-end=\"295\">RONEER<\/strong> per soddisfare le esigenze di pendolari, professionisti e viaggiatori. \u00c8 stato adottato uno stile versatile e la borsa \u00e8 stata realizzata con materiali resistenti per garantire un utilizzo a lungo termine. \u00c8 stata integrata una moderna interfaccia di ricarica USB che consente di ricaricare i dispositivi mobili in movimento. Lo zaino \u00e8 adatto sia agli uomini che alle donne, con un appeal unisex creato dal suo design elegante e dalle opzioni di colore classiche.<\/p>","protected":false},"featured_media":2090,"comment_status":"open","ping_status":"closed","template":"","meta":{"site-sidebar-layout":"default","site-content-layout":"","ast-site-content-layout":"default","site-content-style":"default","site-sidebar-style":"default","ast-global-header-display":"","ast-banner-title-visibility":"","ast-main-header-display":"","ast-hfb-above-header-display":"","ast-hfb-below-header-display":"","ast-hfb-mobile-header-display":"","site-post-title":"","ast-breadcrumbs-content":"","ast-featured-img":"","footer-sml-layout":"","ast-disable-related-posts":"","theme-transparent-header-meta":"default","adv-header-id-meta":"","stick-header-meta":"","header-above-stick-meta":"","header-main-stick-meta":"","header-below-stick-meta":"","astra-migrate-meta-layouts":"set","ast-page-background-enabled":"default","ast-page-background-meta":{"desktop":{"background-color":"var(--ast-global-color-5)","background-image":"","background-repeat":"repeat","background-position":"center center","background-size":"auto","background-attachment":"scroll","background-type":"","background-media":"","overlay-type":"","overlay-color":"","overlay-opacity":"","overlay-gradient":""},"tablet":{"background-color":"","background-image":"","background-repeat":"repeat","background-position":"center center","background-size":"auto","background-attachment":"scroll","background-type":"","background-media":"","overlay-type":"","overlay-color":"","overlay-opacity":"","overlay-gradient":""},"mobile":{"background-color":"","background-image":"","background-repeat":"repeat","background-position":"center center","background-size":"auto","background-attachment":"scroll","background-type":"","background-media":"","overlay-type":"","overlay-color":"","overlay-opacity":"","overlay-gradient":""}},"ast-content-background-meta":{"desktop":{"background-color":"var(--ast-global-color-4)","background-image":"","background-repeat":"repeat","background-position":"center center","background-size":"auto","background-attachment":"scroll","background-type":"","background-media":"","overlay-type":"","overlay-color":"","overlay-opacity":"","overlay-gradient":""},"tablet":{"background-color":"var(--ast-global-color-4)","background-image":"","background-repeat":"repeat","background-position":"center center","background-size":"auto","background-attachment":"scroll","background-type":"","background-media":"","overlay-type":"","overlay-color":"","overlay-opacity":"","overlay-gradient":""},"mobile":{"background-color":"var(--ast-global-color-4)","background-image":"","background-repeat":"repeat","background-position":"center center","background-size":"auto","background-attachment":"scroll","background-type":"","background-media":"","overlay-type":"","overlay-color":"","overlay-opacity":"","overlay-gradient":""}}},"product_brand":[],"product_cat":[21],"product_tag":[],"class_list":{"0":"post-2087","1":"product","2":"type-product","3":"status-publish","4":"has-post-thumbnail","6":"product_cat-backpack","7":"desktop-align-left","8":"tablet-align-left","9":"mobile-align-left","11":"first","12":"instock","13":"shipping-taxable","14":"product-type-simple"},"_links":{"self":[{"href":"https:\/\/baijiabags.com\/it\/wp-json\/wp\/v2\/product\/2087","targetHints":{"allow":["GET"]}}],"collection":[{"href":"https:\/\/baijiabags.com\/it\/wp-json\/wp\/v2\/product"}],"about":[{"href":"https:\/\/baijiabags.com\/it\/wp-json\/wp\/v2\/types\/product"}],"replies":[{"embeddable":true,"href":"https:\/\/baijiabags.com\/it\/wp-json\/wp\/v2\/comments?post=2087"}],"wp:featuredmedia":[{"embeddable":true,"href":"https:\/\/baijiabags.com\/it\/wp-json\/wp\/v2\/media\/2090"}],"wp:attachment":[{"href":"https:\/\/baijiabags.com\/it\/wp-json\/wp\/v2\/media?parent=2087"}],"wp:term":[{"taxonomy":"product_brand","embeddable":true,"href":"https:\/\/baijiabags.com\/it\/wp-json\/wp\/v2\/product_brand?post=2087"},{"taxonomy":"product_cat","embeddable":true,"href":"https:\/\/baijiabags.com\/it\/wp-json\/wp\/v2\/product_cat?post=2087"},{"taxonomy":"product_tag","embeddable":true,"href":"https:\/\/baijiabags.com\/it\/wp-json\/wp\/v2\/product_tag?post=2087"}],"curies":[{"name":"wp","href":"https:\/\/api.w.org\/{rel}","templated":true}]}}