{"id":2061,"date":"2025-09-22T06:25:38","date_gmt":"2025-09-22T06:25:38","guid":{"rendered":"https:\/\/baijiabags.com\/?post_type=product&#038;p=2061"},"modified":"2025-09-22T06:25:38","modified_gmt":"2025-09-22T06:25:38","slug":"wholesale-factory-leather-backpack-new-daily-laptop-bag-teen-fashion-womens-mens-custom","status":"publish","type":"product","link":"https:\/\/baijiabags.com\/it\/prodotto\/wholesale-factory-leather-backpack-new-daily-laptop-bag-teen-fashion-womens-mens-custom\/","title":{"rendered":"Fabbrica all'ingrosso Zaino in pelle Nuovo Quotidiano Laptop Bag Moda Teen Womens Mens Custom"},"content":{"rendered":"<h2 data-start=\"777\" data-end=\"793\">Caratteristiche principali<\/h2>\n<ol data-start=\"794\" data-end=\"1486\">\n<li data-start=\"794\" data-end=\"891\">\n<p data-start=\"797\" data-end=\"891\"><strong data-start=\"797\" data-end=\"819\">Design alla moda<\/strong> - Uno stile moderno che si adatta sia agli ambienti casual che a quelli professionali.<\/p>\n<\/li>\n<li data-start=\"892\" data-end=\"977\">\n<p data-start=\"895\" data-end=\"977\"><strong data-start=\"895\" data-end=\"915\">Materiale resistente<\/strong> - Realizzato in pelle PU di prima qualit\u00e0 per un uso duraturo.<\/p>\n<\/li>\n<li data-start=\"978\" data-end=\"1057\">\n<p data-start=\"981\" data-end=\"1057\"><strong data-start=\"981\" data-end=\"1003\">Caratteristica impermeabile<\/strong> - Protegge il contenuto dalla pioggia o da fuoriuscite accidentali.<\/p>\n<\/li>\n<li data-start=\"1058\" data-end=\"1132\">\n<p data-start=\"1061\" data-end=\"1132\"><strong data-start=\"1061\" data-end=\"1089\">Portatile e leggero<\/strong> - Facile da trasportare per il pendolarismo o il viaggio.<\/p>\n<\/li>\n<li data-start=\"1133\" data-end=\"1209\">\n<p data-start=\"1136\" data-end=\"1209\"><strong data-start=\"1136\" data-end=\"1159\">Funzione antifurto<\/strong> - Cerniere sicure e tasche nascoste per la sicurezza.<\/p>\n<\/li>\n<li data-start=\"1210\" data-end=\"1311\">\n<p data-start=\"1213\" data-end=\"1311\"><strong data-start=\"1213\" data-end=\"1234\">Interni spaziosi<\/strong> - Include una tasca per il cellulare e diversi scomparti per l'organizzazione.<\/p>\n<\/li>\n<li data-start=\"1312\" data-end=\"1400\">\n<p data-start=\"1315\" data-end=\"1400\"><strong data-start=\"1315\" data-end=\"1338\">Colori personalizzabili<\/strong> - Disponibile in vari colori per soddisfare le preferenze personali.<\/p>\n<\/li>\n<li data-start=\"1401\" data-end=\"1486\">\n<p data-start=\"1404\" data-end=\"1486\"><strong data-start=\"1404\" data-end=\"1421\">Uso versatile<\/strong> - Adatto per il lavoro, la scuola, le commissioni quotidiane o le uscite casual.<\/p>\n<\/li>\n<\/ol>\n<h2 data-start=\"1488\" data-end=\"1506\">Specifiche tecniche<\/h2>\n<div class=\"_tableContainer_1rjym_1\">\n<div class=\"group _tableWrapper_1rjym_13 flex w-fit flex-col-reverse\" tabindex=\"-1\">\n<table class=\"w-fit min-w-(--thread-content-width)\" data-start=\"1508\" data-end=\"2397\">\n<thead data-start=\"1508\" data-end=\"1574\">\n<tr data-start=\"1508\" data-end=\"1574\">\n<th data-start=\"1508\" data-end=\"1533\" data-col-size=\"sm\">Parametro<\/th>\n<th data-start=\"1533\" data-end=\"1574\" data-col-size=\"sm\">Descrizione<\/th>\n<\/tr>\n<\/thead>\n<tbody data-start=\"1642\" data-end=\"2397\">\n<tr data-start=\"1642\" data-end=\"1709\">\n<td data-start=\"1642\" data-end=\"1667\" data-col-size=\"sm\">Nome del prodotto<\/td>\n<td data-start=\"1667\" data-end=\"1709\" data-col-size=\"sm\">Zaino da esterno<\/td>\n<\/tr>\n<tr data-start=\"1710\" data-end=\"1777\">\n<td data-start=\"1710\" data-end=\"1735\" data-col-size=\"sm\">Marchio<\/td>\n<td data-start=\"1735\" data-end=\"1777\" data-col-size=\"sm\">RONEER<\/td>\n<\/tr>\n<tr data-start=\"1778\" data-end=\"1846\">\n<td data-start=\"1778\" data-end=\"1803\" data-col-size=\"sm\">Modello<\/td>\n<td data-start=\"1803\" data-end=\"1846\" data-col-size=\"sm\">GB-4617<\/td>\n<\/tr>\n<tr data-start=\"1847\" data-end=\"1915\">\n<td data-start=\"1847\" data-end=\"1872\" data-col-size=\"sm\">Origine<\/td>\n<td data-start=\"1872\" data-end=\"1915\" data-col-size=\"sm\">Guangdong, Cina<\/td>\n<\/tr>\n<tr data-start=\"1916\" data-end=\"1984\">\n<td data-start=\"1916\" data-end=\"1941\" data-col-size=\"sm\">Stile<\/td>\n<td data-start=\"1941\" data-end=\"1984\" data-col-size=\"sm\">Moda<\/td>\n<\/tr>\n<tr data-start=\"1985\" data-end=\"2053\">\n<td data-start=\"1985\" data-end=\"2010\" data-col-size=\"sm\">Materiale principale<\/td>\n<td data-start=\"2010\" data-end=\"2053\" data-col-size=\"sm\">Pelle PU<\/td>\n<\/tr>\n<tr data-start=\"2054\" data-end=\"2122\">\n<td data-start=\"2054\" data-end=\"2079\" data-col-size=\"sm\">Colore<\/td>\n<td data-start=\"2079\" data-end=\"2122\" data-col-size=\"sm\">Personalizzabile<\/td>\n<\/tr>\n<tr data-start=\"2123\" data-end=\"2191\">\n<td data-start=\"2123\" data-end=\"2148\" data-col-size=\"sm\">Tasca interna<\/td>\n<td data-start=\"2148\" data-end=\"2191\" data-col-size=\"sm\">Tasca per cellulare<\/td>\n<\/tr>\n<tr data-start=\"2192\" data-end=\"2259\">\n<td data-start=\"2192\" data-end=\"2217\" data-col-size=\"sm\">Caratteristiche<\/td>\n<td data-start=\"2217\" data-end=\"2259\" data-col-size=\"sm\">Impermeabile, portatile, antifurto<\/td>\n<\/tr>\n<tr data-start=\"2260\" data-end=\"2328\">\n<td data-start=\"2260\" data-end=\"2285\" data-col-size=\"sm\">Quantit\u00e0 minima d'ordine<\/td>\n<td data-start=\"2285\" data-end=\"2328\" data-col-size=\"sm\">300<\/td>\n<\/tr>\n<tr data-start=\"2329\" data-end=\"2397\">\n<td data-start=\"2329\" data-end=\"2354\" data-col-size=\"sm\">Applicazione<\/td>\n<td data-start=\"2354\" data-end=\"2397\" data-col-size=\"sm\">Lavoro, uso quotidiano<\/td>\n<\/tr>\n<\/tbody>\n<\/table>\n<\/div>\n<\/div>\n<h2 data-start=\"2399\" data-end=\"2415\">Applicazioni<\/h2>\n<ul data-start=\"2416\" data-end=\"2557\">\n<li data-start=\"2416\" data-end=\"2447\">\n<p data-start=\"2418\" data-end=\"2447\">Pendolarismo verso il lavoro o la scuola<\/p>\n<\/li>\n<li data-start=\"2448\" data-end=\"2484\">\n<p data-start=\"2450\" data-end=\"2484\">Commissioni quotidiane e uscite occasionali<\/p>\n<\/li>\n<li data-start=\"2485\" data-end=\"2523\">\n<p data-start=\"2487\" data-end=\"2523\">Viaggi leggeri e brevi spostamenti<\/p>\n<\/li>\n<li data-start=\"2524\" data-end=\"2557\">\n<p data-start=\"2526\" data-end=\"2557\">Moda per adolescenti e uso personale<\/p>\n<\/li>\n<\/ul>\n<p data-start=\"2897\" data-end=\"3059\">Se siete interessati a questo zaino, contattateci per richiedere un campione. I servizi ODM e OEM sono disponibili per soddisfare le vostre specifiche esigenze di design e branding.<\/p>","protected":false},"excerpt":{"rendered":"<p>Lo zaino in pelle RONEER GB-4617 \u00e8 stato progettato per soddisfare le esigenze della vita quotidiana, della scuola e del lavoro. Questo versatile zaino \u00e8 stato realizzato in pelle PU di alta qualit\u00e0, per offrire resistenza e un aspetto alla moda. Con opzioni di colore personalizzabili, questo zaino \u00e8 adatto a ragazzi, uomini e donne che cercano un mix di stile e praticit\u00e0. L'interno \u00e8 dotato di una tasca dedicata al cellulare, per garantire che gli oggetti essenziali rimangano organizzati e facilmente accessibili. La sua struttura leggera consente di trasportarlo comodamente per tutto il giorno, rendendolo una scelta affidabile per l'uso quotidiano.<\/p>","protected":false},"featured_media":2064,"comment_status":"open","ping_status":"closed","template":"","meta":{"site-sidebar-layout":"default","site-content-layout":"","ast-site-content-layout":"default","site-content-style":"default","site-sidebar-style":"default","ast-global-header-display":"","ast-banner-title-visibility":"","ast-main-header-display":"","ast-hfb-above-header-display":"","ast-hfb-below-header-display":"","ast-hfb-mobile-header-display":"","site-post-title":"","ast-breadcrumbs-content":"","ast-featured-img":"","footer-sml-layout":"","ast-disable-related-posts":"","theme-transparent-header-meta":"default","adv-header-id-meta":"","stick-header-meta":"","header-above-stick-meta":"","header-main-stick-meta":"","header-below-stick-meta":"","astra-migrate-meta-layouts":"set","ast-page-background-enabled":"default","ast-page-background-meta":{"desktop":{"background-color":"var(--ast-global-color-5)","background-image":"","background-repeat":"repeat","background-position":"center center","background-size":"auto","background-attachment":"scroll","background-type":"","background-media":"","overlay-type":"","overlay-color":"","overlay-opacity":"","overlay-gradient":""},"tablet":{"background-color":"","background-image":"","background-repeat":"repeat","background-position":"center center","background-size":"auto","background-attachment":"scroll","background-type":"","background-media":"","overlay-type":"","overlay-color":"","overlay-opacity":"","overlay-gradient":""},"mobile":{"background-color":"","background-image":"","background-repeat":"repeat","background-position":"center center","background-size":"auto","background-attachment":"scroll","background-type":"","background-media":"","overlay-type":"","overlay-color":"","overlay-opacity":"","overlay-gradient":""}},"ast-content-background-meta":{"desktop":{"background-color":"var(--ast-global-color-4)","background-image":"","background-repeat":"repeat","background-position":"center center","background-size":"auto","background-attachment":"scroll","background-type":"","background-media":"","overlay-type":"","overlay-color":"","overlay-opacity":"","overlay-gradient":""},"tablet":{"background-color":"var(--ast-global-color-4)","background-image":"","background-repeat":"repeat","background-position":"center center","background-size":"auto","background-attachment":"scroll","background-type":"","background-media":"","overlay-type":"","overlay-color":"","overlay-opacity":"","overlay-gradient":""},"mobile":{"background-color":"var(--ast-global-color-4)","background-image":"","background-repeat":"repeat","background-position":"center center","background-size":"auto","background-attachment":"scroll","background-type":"","background-media":"","overlay-type":"","overlay-color":"","overlay-opacity":"","overlay-gradient":""}}},"product_brand":[],"product_cat":[21],"product_tag":[],"class_list":{"0":"post-2061","1":"product","2":"type-product","3":"status-publish","4":"has-post-thumbnail","6":"product_cat-backpack","7":"desktop-align-left","8":"tablet-align-left","9":"mobile-align-left","11":"first","12":"instock","13":"shipping-taxable","14":"product-type-simple"},"_links":{"self":[{"href":"https:\/\/baijiabags.com\/it\/wp-json\/wp\/v2\/product\/2061","targetHints":{"allow":["GET"]}}],"collection":[{"href":"https:\/\/baijiabags.com\/it\/wp-json\/wp\/v2\/product"}],"about":[{"href":"https:\/\/baijiabags.com\/it\/wp-json\/wp\/v2\/types\/product"}],"replies":[{"embeddable":true,"href":"https:\/\/baijiabags.com\/it\/wp-json\/wp\/v2\/comments?post=2061"}],"wp:featuredmedia":[{"embeddable":true,"href":"https:\/\/baijiabags.com\/it\/wp-json\/wp\/v2\/media\/2064"}],"wp:attachment":[{"href":"https:\/\/baijiabags.com\/it\/wp-json\/wp\/v2\/media?parent=2061"}],"wp:term":[{"taxonomy":"product_brand","embeddable":true,"href":"https:\/\/baijiabags.com\/it\/wp-json\/wp\/v2\/product_brand?post=2061"},{"taxonomy":"product_cat","embeddable":true,"href":"https:\/\/baijiabags.com\/it\/wp-json\/wp\/v2\/product_cat?post=2061"},{"taxonomy":"product_tag","embeddable":true,"href":"https:\/\/baijiabags.com\/it\/wp-json\/wp\/v2\/product_tag?post=2061"}],"curies":[{"name":"wp","href":"https:\/\/api.w.org\/{rel}","templated":true}]}}