{"id":2030,"date":"2025-09-22T03:53:36","date_gmt":"2025-09-22T03:53:36","guid":{"rendered":"https:\/\/baijiabags.com\/?post_type=product&#038;p=2030"},"modified":"2025-11-01T01:21:58","modified_gmt":"2025-11-01T01:21:58","slug":"lightweight-womens-shoulder-bag-wholesale-custom-pu-leather-travel-backpack-multipurpose-commuter-bag","status":"publish","type":"product","link":"https:\/\/baijiabags.com\/it\/prodotto\/lightweight-womens-shoulder-bag-wholesale-custom-pu-leather-travel-backpack-multipurpose-commuter-bag\/","title":{"rendered":"Borsa a tracolla leggera da donna all'ingrosso Zaino da viaggio personalizzato in pelle PU Borsa multiuso per pendolari"},"content":{"rendered":"<h2>Caratteristiche principali<\/h2>\n<ol data-start=\"993\" data-end=\"1835\">\n<li data-start=\"993\" data-end=\"1108\">\n<p data-start=\"996\" data-end=\"1108\"><strong data-start=\"996\" data-end=\"1018\">Design leggero<\/strong> - La borsa \u00e8 stata creata per essere facilmente trasportabile per lunghi periodi di tempo senza alcun disagio.<\/p>\n<\/li>\n<li data-start=\"1109\" data-end=\"1199\">\n<p data-start=\"1112\" data-end=\"1199\"><strong data-start=\"1112\" data-end=\"1137\">Pelle PU impermeabile<\/strong> - Il materiale \u00e8 stato trattato per resistere all'acqua e all'usura quotidiana.<\/p>\n<\/li>\n<li data-start=\"1200\" data-end=\"1299\">\n<p data-start=\"1203\" data-end=\"1299\"><strong data-start=\"1203\" data-end=\"1233\">Funzionalit\u00e0 multiuso<\/strong> - La borsa \u00e8 adatta per i viaggi, il pendolarismo e le uscite quotidiane.<\/p>\n<\/li>\n<li data-start=\"1300\" data-end=\"1405\">\n<p data-start=\"1303\" data-end=\"1405\"><strong data-start=\"1303\" data-end=\"1323\">Cinghia regolabile<\/strong> - Le opzioni a spalla e cross-body sono state previste per un utilizzo flessibile.<\/p>\n<\/li>\n<li data-start=\"1406\" data-end=\"1522\">\n<p data-start=\"1409\" data-end=\"1522\"><strong data-start=\"1409\" data-end=\"1442\">Colori e loghi personalizzabili<\/strong> - Le preferenze di marca e di stile sono state soddisfatte attraverso la personalizzazione.<\/p>\n<\/li>\n<li data-start=\"1523\" data-end=\"1622\">\n<p data-start=\"1526\" data-end=\"1622\"><strong data-start=\"1526\" data-end=\"1551\">Materiale ecologico<\/strong> - La pelle PU utilizzata \u00e8 stata selezionata tenendo conto della sostenibilit\u00e0.<\/p>\n<\/li>\n<li data-start=\"1623\" data-end=\"1732\">\n<p data-start=\"1626\" data-end=\"1732\"><strong data-start=\"1626\" data-end=\"1644\">Conservazione sicura<\/strong> - Gli scomparti e le tasche interne sono stati progettati per organizzare gli oggetti essenziali in modo sicuro.<\/p>\n<\/li>\n<li data-start=\"1733\" data-end=\"1835\">\n<p data-start=\"1736\" data-end=\"1835\"><strong data-start=\"1736\" data-end=\"1758\">Design alla moda<\/strong> - La borsa \u00e8 stata progettata per adattarsi alle tendenze della moda femminile contemporanea.<\/p>\n<\/li>\n<\/ol>\n<h2 data-start=\"1837\" data-end=\"1855\">Specifiche tecniche<\/h2>\n<div class=\"_tableContainer_1rjym_1\">\n<div class=\"group _tableWrapper_1rjym_13 flex w-fit flex-col-reverse\" tabindex=\"-1\">\n<table class=\"w-fit min-w-(--thread-content-width)\" data-start=\"1857\" data-end=\"2231\">\n<thead data-start=\"1857\" data-end=\"1880\">\n<tr data-start=\"1857\" data-end=\"1880\">\n<th data-start=\"1857\" data-end=\"1869\" data-col-size=\"sm\">Parametro<\/th>\n<th data-start=\"1869\" data-end=\"1880\" data-col-size=\"sm\">Dettagli<\/th>\n<\/tr>\n<\/thead>\n<tbody data-start=\"1905\" data-end=\"2231\">\n<tr data-start=\"1905\" data-end=\"1941\">\n<td data-start=\"1905\" data-end=\"1920\" data-col-size=\"sm\">Nome del prodotto<\/td>\n<td data-start=\"1920\" data-end=\"1941\" data-col-size=\"sm\">Borsa a tracolla da donna<\/td>\n<\/tr>\n<tr data-start=\"1942\" data-end=\"1960\">\n<td data-start=\"1942\" data-end=\"1950\" data-col-size=\"sm\">Marchio<\/td>\n<td data-start=\"1950\" data-end=\"1960\" data-col-size=\"sm\">RONEER<\/td>\n<\/tr>\n<tr data-start=\"1961\" data-end=\"1980\">\n<td data-start=\"1961\" data-end=\"1969\" data-col-size=\"sm\">Modello<\/td>\n<td data-start=\"1969\" data-end=\"1980\" data-col-size=\"sm\">MB-9128<\/td>\n<\/tr>\n<tr data-start=\"1981\" data-end=\"2006\">\n<td data-start=\"1981\" data-end=\"1992\" data-col-size=\"sm\">Materiale<\/td>\n<td data-start=\"1992\" data-end=\"2006\" data-col-size=\"sm\">Pelle PU<\/td>\n<\/tr>\n<tr data-start=\"2007\" data-end=\"2031\">\n<td data-start=\"2007\" data-end=\"2015\" data-col-size=\"sm\">Colore<\/td>\n<td data-start=\"2015\" data-end=\"2031\" data-col-size=\"sm\">Personalizzabile<\/td>\n<\/tr>\n<tr data-start=\"2032\" data-end=\"2069\">\n<td data-start=\"2032\" data-end=\"2045\" data-col-size=\"sm\">Tipo di cinturino<\/td>\n<td data-start=\"2045\" data-end=\"2069\" data-col-size=\"sm\">A spalla, a tracolla<\/td>\n<\/tr>\n<tr data-start=\"2070\" data-end=\"2088\">\n<td data-start=\"2070\" data-end=\"2079\" data-col-size=\"sm\">Genere<\/td>\n<td data-start=\"2079\" data-end=\"2088\" data-col-size=\"sm\">Donne<\/td>\n<\/tr>\n<tr data-start=\"2089\" data-end=\"2114\">\n<td data-start=\"2089\" data-end=\"2099\" data-col-size=\"sm\">Modello<\/td>\n<td data-start=\"2099\" data-end=\"2114\" data-col-size=\"sm\">Logo personalizzato<\/td>\n<\/tr>\n<tr data-start=\"2115\" data-end=\"2154\">\n<td data-start=\"2115\" data-end=\"2126\" data-col-size=\"sm\">Caratteristiche<\/td>\n<td data-start=\"2126\" data-end=\"2154\" data-col-size=\"sm\">Impermeabile, ecologico<\/td>\n<\/tr>\n<tr data-start=\"2155\" data-end=\"2184\">\n<td data-start=\"2155\" data-end=\"2164\" data-col-size=\"sm\">Origine<\/td>\n<td data-start=\"2164\" data-end=\"2184\" data-col-size=\"sm\">Guangdong, Cina<\/td>\n<\/tr>\n<tr data-start=\"2185\" data-end=\"2198\">\n<td data-start=\"2185\" data-end=\"2191\" data-col-size=\"sm\">MOQ<\/td>\n<td data-start=\"2191\" data-end=\"2198\" data-col-size=\"sm\">300<\/td>\n<\/tr>\n<tr data-start=\"2199\" data-end=\"2231\">\n<td data-start=\"2199\" data-end=\"2214\" data-col-size=\"sm\">Applicazioni<\/td>\n<td data-start=\"2214\" data-end=\"2231\" data-col-size=\"sm\">Viaggi, Quotidiano<\/td>\n<\/tr>\n<\/tbody>\n<\/table>\n<\/div>\n<\/div>\n<h2 data-start=\"2233\" data-end=\"2249\">Applicazioni<\/h2>\n<ul data-start=\"2250\" data-end=\"2615\">\n<li data-start=\"2250\" data-end=\"2352\">\n<p data-start=\"2252\" data-end=\"2352\">Viaggio: La borsa \u00e8 stata progettata per riporre in modo sicuro gli elementi essenziali del viaggio, pur rimanendo leggera.<\/p>\n<\/li>\n<li data-start=\"2353\" data-end=\"2437\">\n<p data-start=\"2355\" data-end=\"2437\">Uso quotidiano: oggetti come portafogli, telefoni e trucchi trovano facilmente posto.<\/p>\n<\/li>\n<li data-start=\"2438\" data-end=\"2531\">\n<p data-start=\"2440\" data-end=\"2531\">Pendolarismo: Il design versatile della cinghia consente di avere le mani libere durante gli spostamenti pi\u00f9 impegnativi.<\/p>\n<\/li>\n<li data-start=\"2532\" data-end=\"2615\">\n<p data-start=\"2534\" data-end=\"2615\">Attivit\u00e0 multiuso: Adatto per uscite informali, shopping o eventi sociali.<\/p>\n<\/li>\n<\/ul>\n<p data-start=\"2848\" data-end=\"3014\">Se siete interessati a questa borsa, contattateci per richiedere un campione. Sono disponibili servizi ODM e OEM che consentono la personalizzazione di colori, loghi e confezioni.<\/p>","protected":false},"excerpt":{"rendered":"<p>Il <strong data-start=\"534\" data-end=\"554\">Borsa da imbracatura RONEER<\/strong> \u00e8 stata realizzata con un'attenzione particolare alla funzionalit\u00e0 e al design leggero. La borsa \u00e8 stata progettata per offrire molteplici opzioni di trasporto, con cinghie a spalla e incrociate. Il materiale ecologico in pelle PU \u00e8 stato scelto per resistere all'acqua e mantenere un aspetto lucido nel tempo. Ogni dettaglio, dal logo personalizzabile agli interni strutturati, \u00e8 stato pensato per migliorare la praticit\u00e0 e lo stile.<\/p>","protected":false},"featured_media":2032,"comment_status":"open","ping_status":"closed","template":"","meta":{"site-sidebar-layout":"default","site-content-layout":"","ast-site-content-layout":"default","site-content-style":"default","site-sidebar-style":"default","ast-global-header-display":"","ast-banner-title-visibility":"","ast-main-header-display":"","ast-hfb-above-header-display":"","ast-hfb-below-header-display":"","ast-hfb-mobile-header-display":"","site-post-title":"","ast-breadcrumbs-content":"","ast-featured-img":"","footer-sml-layout":"","ast-disable-related-posts":"","theme-transparent-header-meta":"default","adv-header-id-meta":"","stick-header-meta":"","header-above-stick-meta":"","header-main-stick-meta":"","header-below-stick-meta":"","astra-migrate-meta-layouts":"set","ast-page-background-enabled":"default","ast-page-background-meta":{"desktop":{"background-color":"var(--ast-global-color-5)","background-image":"","background-repeat":"repeat","background-position":"center center","background-size":"auto","background-attachment":"scroll","background-type":"","background-media":"","overlay-type":"","overlay-color":"","overlay-opacity":"","overlay-gradient":""},"tablet":{"background-color":"","background-image":"","background-repeat":"repeat","background-position":"center center","background-size":"auto","background-attachment":"scroll","background-type":"","background-media":"","overlay-type":"","overlay-color":"","overlay-opacity":"","overlay-gradient":""},"mobile":{"background-color":"","background-image":"","background-repeat":"repeat","background-position":"center center","background-size":"auto","background-attachment":"scroll","background-type":"","background-media":"","overlay-type":"","overlay-color":"","overlay-opacity":"","overlay-gradient":""}},"ast-content-background-meta":{"desktop":{"background-color":"var(--ast-global-color-4)","background-image":"","background-repeat":"repeat","background-position":"center center","background-size":"auto","background-attachment":"scroll","background-type":"","background-media":"","overlay-type":"","overlay-color":"","overlay-opacity":"","overlay-gradient":""},"tablet":{"background-color":"var(--ast-global-color-4)","background-image":"","background-repeat":"repeat","background-position":"center center","background-size":"auto","background-attachment":"scroll","background-type":"","background-media":"","overlay-type":"","overlay-color":"","overlay-opacity":"","overlay-gradient":""},"mobile":{"background-color":"var(--ast-global-color-4)","background-image":"","background-repeat":"repeat","background-position":"center center","background-size":"auto","background-attachment":"scroll","background-type":"","background-media":"","overlay-type":"","overlay-color":"","overlay-opacity":"","overlay-gradient":""}}},"product_brand":[],"product_cat":[42,54],"product_tag":[],"class_list":{"0":"post-2030","1":"product","2":"type-product","3":"status-publish","4":"has-post-thumbnail","6":"product_cat-hand-bag","7":"product_cat-womens-bag","8":"desktop-align-left","9":"tablet-align-left","10":"mobile-align-left","12":"first","13":"instock","14":"shipping-taxable","15":"product-type-simple"},"_links":{"self":[{"href":"https:\/\/baijiabags.com\/it\/wp-json\/wp\/v2\/product\/2030","targetHints":{"allow":["GET"]}}],"collection":[{"href":"https:\/\/baijiabags.com\/it\/wp-json\/wp\/v2\/product"}],"about":[{"href":"https:\/\/baijiabags.com\/it\/wp-json\/wp\/v2\/types\/product"}],"replies":[{"embeddable":true,"href":"https:\/\/baijiabags.com\/it\/wp-json\/wp\/v2\/comments?post=2030"}],"wp:featuredmedia":[{"embeddable":true,"href":"https:\/\/baijiabags.com\/it\/wp-json\/wp\/v2\/media\/2032"}],"wp:attachment":[{"href":"https:\/\/baijiabags.com\/it\/wp-json\/wp\/v2\/media?parent=2030"}],"wp:term":[{"taxonomy":"product_brand","embeddable":true,"href":"https:\/\/baijiabags.com\/it\/wp-json\/wp\/v2\/product_brand?post=2030"},{"taxonomy":"product_cat","embeddable":true,"href":"https:\/\/baijiabags.com\/it\/wp-json\/wp\/v2\/product_cat?post=2030"},{"taxonomy":"product_tag","embeddable":true,"href":"https:\/\/baijiabags.com\/it\/wp-json\/wp\/v2\/product_tag?post=2030"}],"curies":[{"name":"wp","href":"https:\/\/api.w.org\/{rel}","templated":true}]}}