{"id":1998,"date":"2025-09-22T01:55:32","date_gmt":"2025-09-22T01:55:32","guid":{"rendered":"https:\/\/baijiabags.com\/?post_type=product&#038;p=1998"},"modified":"2025-11-01T01:26:13","modified_gmt":"2025-11-01T01:26:13","slug":"wholesale-customizable-mens-crossbody-bag-pu-leather-shoulder-bag-for-business-casual-travel","status":"publish","type":"product","link":"https:\/\/baijiabags.com\/it\/prodotto\/wholesale-customizable-mens-crossbody-bag-pu-leather-shoulder-bag-for-business-casual-travel\/","title":{"rendered":"Commercio all'ingrosso Personalizzabile Mens Crossbody Borsa Borsa a tracolla in pelle PU per viaggi d'affari Casual"},"content":{"rendered":"<h2 data-start=\"777\" data-end=\"794\">Caratteristiche principali<\/h2>\n<ol data-start=\"796\" data-end=\"1783\">\n<li data-start=\"796\" data-end=\"920\">\n<p data-start=\"799\" data-end=\"920\"><strong data-start=\"799\" data-end=\"821\">Pelle PU resistente<\/strong> - La pelle PU di alta qualit\u00e0 \u00e8 stata selezionata per garantire la resistenza all'usura, ai graffi e all'acqua.<\/p>\n<\/li>\n<li data-start=\"921\" data-end=\"1030\">\n<p data-start=\"924\" data-end=\"1030\"><strong data-start=\"924\" data-end=\"946\">Design leggero<\/strong> - La borsa \u00e8 stata progettata per pesare solo 0,5 kg, garantendo una facile trasportabilit\u00e0.<\/p>\n<\/li>\n<li data-start=\"1031\" data-end=\"1173\">\n<p data-start=\"1034\" data-end=\"1173\"><strong data-start=\"1034\" data-end=\"1059\">Scomparti multipli<\/strong> - Uno scomparto principale, una tasca frontale con cerniera e una tasca posteriore con cerniera sono stati incorporati per una conservazione organizzata.<\/p>\n<\/li>\n<li data-start=\"1174\" data-end=\"1291\">\n<p data-start=\"1177\" data-end=\"1291\"><strong data-start=\"1177\" data-end=\"1202\">Protezione impermeabile<\/strong> - \u00c8 stata aggiunta una superficie impermeabile per proteggere gli oggetti essenziali durante le attivit\u00e0 all'aperto.<\/p>\n<\/li>\n<li data-start=\"1292\" data-end=\"1403\">\n<p data-start=\"1295\" data-end=\"1403\"><strong data-start=\"1295\" data-end=\"1319\">Opzioni personalizzabili<\/strong> - Loghi, motivi e colori possono essere personalizzati per il branding e la personalizzazione.<\/p>\n<\/li>\n<li data-start=\"1404\" data-end=\"1528\">\n<p data-start=\"1407\" data-end=\"1528\"><strong data-start=\"1407\" data-end=\"1435\">Stile di trasporto ergonomico<\/strong> - Il design della fascia toracica \u00e8 stato creato per offrire comfort e prevenire l'affaticamento delle spalle.<\/p>\n<\/li>\n<li data-start=\"1529\" data-end=\"1638\">\n<p data-start=\"1532\" data-end=\"1638\"><strong data-start=\"1532\" data-end=\"1558\">Applicazioni versatili<\/strong> - La borsa \u00e8 stata strutturata per i viaggi, i viaggi di lavoro e gli spostamenti quotidiani.<\/p>\n<\/li>\n<li data-start=\"1639\" data-end=\"1783\">\n<p data-start=\"1642\" data-end=\"1783\"><strong data-start=\"1642\" data-end=\"1663\">Supporto OEM e ODM<\/strong> - La personalizzazione su larga scala e le esigenze di branding possono essere soddisfatte con una quantit\u00e0 minima d'ordine di 300 unit\u00e0.<\/p>\n<\/li>\n<\/ol>\n<h2 data-start=\"1790\" data-end=\"1809\">Specifiche tecniche<\/h2>\n<div class=\"_tableContainer_1rjym_1\">\n<div class=\"group _tableWrapper_1rjym_13 flex w-fit flex-col-reverse\" tabindex=\"-1\">\n<table class=\"w-fit min-w-(--thread-content-width)\" data-start=\"1811\" data-end=\"2873\">\n<thead data-start=\"1811\" data-end=\"1880\">\n<tr data-start=\"1811\" data-end=\"1880\">\n<th data-start=\"1811\" data-end=\"1838\" data-col-size=\"sm\"><strong data-start=\"1813\" data-end=\"1821\">Articolo<\/strong><\/th>\n<th data-start=\"1838\" data-end=\"1880\" data-col-size=\"md\"><strong data-start=\"1840\" data-end=\"1851\">Dettagli<\/strong><\/th>\n<\/tr>\n<\/thead>\n<tbody data-start=\"1952\" data-end=\"2873\">\n<tr data-start=\"1952\" data-end=\"2021\">\n<td data-start=\"1952\" data-end=\"1979\" data-col-size=\"sm\">Nome del prodotto<\/td>\n<td data-start=\"1979\" data-end=\"2021\" data-col-size=\"md\">Borsa da petto<\/td>\n<\/tr>\n<tr data-start=\"2022\" data-end=\"2091\">\n<td data-start=\"2022\" data-end=\"2049\" data-col-size=\"sm\">Marchio<\/td>\n<td data-start=\"2049\" data-end=\"2091\" data-col-size=\"md\">RONEER<\/td>\n<\/tr>\n<tr data-start=\"2092\" data-end=\"2161\">\n<td data-start=\"2092\" data-end=\"2119\" data-col-size=\"sm\">Numero di modello<\/td>\n<td data-start=\"2119\" data-end=\"2161\" data-col-size=\"md\">BJ-119A<\/td>\n<\/tr>\n<tr data-start=\"2162\" data-end=\"2231\">\n<td data-start=\"2162\" data-end=\"2189\" data-col-size=\"sm\">Luogo di origine<\/td>\n<td data-start=\"2189\" data-end=\"2231\" data-col-size=\"md\">Guangdong, Cina<\/td>\n<\/tr>\n<tr data-start=\"2232\" data-end=\"2302\">\n<td data-start=\"2232\" data-end=\"2259\" data-col-size=\"sm\">Stile<\/td>\n<td data-start=\"2259\" data-end=\"2302\" data-col-size=\"md\">Business Casual \/ Moda semplice<\/td>\n<\/tr>\n<tr data-start=\"2303\" data-end=\"2372\">\n<td data-start=\"2303\" data-end=\"2330\" data-col-size=\"sm\">Materiale principale<\/td>\n<td data-start=\"2330\" data-end=\"2372\" data-col-size=\"md\">Pelle PU<\/td>\n<\/tr>\n<tr data-start=\"2373\" data-end=\"2442\">\n<td data-start=\"2373\" data-end=\"2400\" data-col-size=\"sm\">Tipo di modello<\/td>\n<td data-start=\"2400\" data-end=\"2442\" data-col-size=\"md\">Logo personalizzato disponibile<\/td>\n<\/tr>\n<tr data-start=\"2443\" data-end=\"2512\">\n<td data-start=\"2443\" data-end=\"2470\" data-col-size=\"sm\">Peso<\/td>\n<td data-start=\"2470\" data-end=\"2512\" data-col-size=\"md\">0,5 kg<\/td>\n<\/tr>\n<tr data-start=\"2513\" data-end=\"2592\">\n<td data-start=\"2513\" data-end=\"2541\" data-col-size=\"sm\">Struttura<\/td>\n<td data-start=\"2541\" data-end=\"2592\" data-col-size=\"md\">Scomparto principale, tasche anteriori e posteriori con chiusura a zip<\/td>\n<\/tr>\n<tr data-start=\"2593\" data-end=\"2662\">\n<td data-start=\"2593\" data-end=\"2620\" data-col-size=\"sm\">Opzioni di colore<\/td>\n<td data-start=\"2620\" data-end=\"2662\" data-col-size=\"md\">Personalizzabile<\/td>\n<\/tr>\n<tr data-start=\"2663\" data-end=\"2733\">\n<td data-start=\"2663\" data-end=\"2690\" data-col-size=\"sm\">Metodo di trasporto<\/td>\n<td data-start=\"2690\" data-end=\"2733\" data-col-size=\"md\">Tracolla \/ cintura pettorale<\/td>\n<\/tr>\n<tr data-start=\"2734\" data-end=\"2803\">\n<td data-start=\"2734\" data-end=\"2761\" data-col-size=\"sm\">Caratteristica<\/td>\n<td data-start=\"2761\" data-end=\"2803\" data-col-size=\"md\">Impermeabile<\/td>\n<\/tr>\n<tr data-start=\"2804\" data-end=\"2873\">\n<td data-start=\"2804\" data-end=\"2831\" data-col-size=\"sm\">MOQ<\/td>\n<td data-start=\"2831\" data-end=\"2873\" data-col-size=\"md\">300 pezzi<\/td>\n<\/tr>\n<\/tbody>\n<\/table>\n<\/div>\n<\/div>\n<h2 data-start=\"2880\" data-end=\"2897\">Applicazioni<\/h2>\n<ul data-start=\"2899\" data-end=\"3375\">\n<li data-start=\"2899\" data-end=\"3009\">\n<p data-start=\"2901\" data-end=\"3009\"><strong data-start=\"2901\" data-end=\"2914\">In viaggio<\/strong> - Gli oggetti di uso quotidiano possono essere riposti in modo sicuro, pur mantenendo una soluzione di trasporto leggera.<\/p>\n<\/li>\n<li data-start=\"3010\" data-end=\"3127\">\n<p data-start=\"3012\" data-end=\"3127\"><strong data-start=\"3012\" data-end=\"3024\">Affari<\/strong> - Oggetti importanti come telefoni, tablet e documenti possono essere trasportati con uno stile professionale.<\/p>\n<\/li>\n<li data-start=\"3128\" data-end=\"3247\">\n<p data-start=\"3130\" data-end=\"3247\"><strong data-start=\"3130\" data-end=\"3148\">Uscite casuali<\/strong> - L'aspetto alla moda consente di portare la borsa durante le attivit\u00e0 del tempo libero o lo shopping.<\/p>\n<\/li>\n<li data-start=\"3248\" data-end=\"3375\">\n<p data-start=\"3250\" data-end=\"3375\"><strong data-start=\"3250\" data-end=\"3269\">Promozione del marchio<\/strong> - I loghi e i colori personalizzati rendono la borsa adatta ai regali aziendali, al merchandising o al marchio di vendita al dettaglio.<\/p>\n<\/li>\n<\/ul>\n<p data-start=\"3382\" data-end=\"3547\">Se siete interessati a questo <strong data-start=\"3412\" data-end=\"3442\">Borsa a tracolla da uomo RONEER<\/strong>, si prega di mettersi in contatto con noi per ottenere campioni gratuiti. I servizi ODM e OEM sono forniti per soddisfare le vostre esigenze di personalizzazione.<\/p>","protected":false},"excerpt":{"rendered":"<p>Il <strong data-start=\"291\" data-end=\"337\">all'ingrosso Borsa a tracolla da uomo personalizzabile<\/strong> da <strong data-start=\"341\" data-end=\"351\">RONEER<\/strong> \u00e8 stata progettata tenendo conto dell'equilibrio tra moda, praticit\u00e0 e durata. Realizzata in pelle PU di prima qualit\u00e0, la borsa \u00e8 stata creata per resistere all'uso quotidiano e per offrire un aspetto elegante e moderno. La leggerezza di 0,5 kg garantisce il comfort durante i lunghi periodi di trasporto. Con il suo fascino business-casual, la borsa \u00e8 stata realizzata per adattarsi ai viaggi, al lavoro e allo stile di vita urbano di tutti i giorni.<\/p>","protected":false},"featured_media":2002,"comment_status":"open","ping_status":"closed","template":"","meta":{"site-sidebar-layout":"default","site-content-layout":"","ast-site-content-layout":"default","site-content-style":"default","site-sidebar-style":"default","ast-global-header-display":"","ast-banner-title-visibility":"","ast-main-header-display":"","ast-hfb-above-header-display":"","ast-hfb-below-header-display":"","ast-hfb-mobile-header-display":"","site-post-title":"","ast-breadcrumbs-content":"","ast-featured-img":"","footer-sml-layout":"","ast-disable-related-posts":"","theme-transparent-header-meta":"default","adv-header-id-meta":"","stick-header-meta":"","header-above-stick-meta":"","header-main-stick-meta":"","header-below-stick-meta":"","astra-migrate-meta-layouts":"set","ast-page-background-enabled":"default","ast-page-background-meta":{"desktop":{"background-color":"var(--ast-global-color-5)","background-image":"","background-repeat":"repeat","background-position":"center center","background-size":"auto","background-attachment":"scroll","background-type":"","background-media":"","overlay-type":"","overlay-color":"","overlay-opacity":"","overlay-gradient":""},"tablet":{"background-color":"","background-image":"","background-repeat":"repeat","background-position":"center center","background-size":"auto","background-attachment":"scroll","background-type":"","background-media":"","overlay-type":"","overlay-color":"","overlay-opacity":"","overlay-gradient":""},"mobile":{"background-color":"","background-image":"","background-repeat":"repeat","background-position":"center center","background-size":"auto","background-attachment":"scroll","background-type":"","background-media":"","overlay-type":"","overlay-color":"","overlay-opacity":"","overlay-gradient":""}},"ast-content-background-meta":{"desktop":{"background-color":"var(--ast-global-color-4)","background-image":"","background-repeat":"repeat","background-position":"center center","background-size":"auto","background-attachment":"scroll","background-type":"","background-media":"","overlay-type":"","overlay-color":"","overlay-opacity":"","overlay-gradient":""},"tablet":{"background-color":"var(--ast-global-color-4)","background-image":"","background-repeat":"repeat","background-position":"center center","background-size":"auto","background-attachment":"scroll","background-type":"","background-media":"","overlay-type":"","overlay-color":"","overlay-opacity":"","overlay-gradient":""},"mobile":{"background-color":"var(--ast-global-color-4)","background-image":"","background-repeat":"repeat","background-position":"center center","background-size":"auto","background-attachment":"scroll","background-type":"","background-media":"","overlay-type":"","overlay-color":"","overlay-opacity":"","overlay-gradient":""}}},"product_brand":[],"product_cat":[51,53],"product_tag":[],"class_list":{"0":"post-1998","1":"product","2":"type-product","3":"status-publish","4":"has-post-thumbnail","6":"product_cat-chest-bag","7":"product_cat-mens-bag","8":"desktop-align-left","9":"tablet-align-left","10":"mobile-align-left","12":"first","13":"instock","14":"shipping-taxable","15":"product-type-simple"},"_links":{"self":[{"href":"https:\/\/baijiabags.com\/it\/wp-json\/wp\/v2\/product\/1998","targetHints":{"allow":["GET"]}}],"collection":[{"href":"https:\/\/baijiabags.com\/it\/wp-json\/wp\/v2\/product"}],"about":[{"href":"https:\/\/baijiabags.com\/it\/wp-json\/wp\/v2\/types\/product"}],"replies":[{"embeddable":true,"href":"https:\/\/baijiabags.com\/it\/wp-json\/wp\/v2\/comments?post=1998"}],"wp:featuredmedia":[{"embeddable":true,"href":"https:\/\/baijiabags.com\/it\/wp-json\/wp\/v2\/media\/2002"}],"wp:attachment":[{"href":"https:\/\/baijiabags.com\/it\/wp-json\/wp\/v2\/media?parent=1998"}],"wp:term":[{"taxonomy":"product_brand","embeddable":true,"href":"https:\/\/baijiabags.com\/it\/wp-json\/wp\/v2\/product_brand?post=1998"},{"taxonomy":"product_cat","embeddable":true,"href":"https:\/\/baijiabags.com\/it\/wp-json\/wp\/v2\/product_cat?post=1998"},{"taxonomy":"product_tag","embeddable":true,"href":"https:\/\/baijiabags.com\/it\/wp-json\/wp\/v2\/product_tag?post=1998"}],"curies":[{"name":"wp","href":"https:\/\/api.w.org\/{rel}","templated":true}]}}