{"id":1947,"date":"2025-09-20T06:59:36","date_gmt":"2025-09-20T06:59:36","guid":{"rendered":"https:\/\/baijiabags.com\/?post_type=product&#038;p=1947"},"modified":"2025-09-20T07:00:09","modified_gmt":"2025-09-20T07:00:09","slug":"floral-quilted-cotton-cosmetic-bag-large-capacity-portable-handheld-makeup-organizer","status":"publish","type":"product","link":"https:\/\/baijiabags.com\/it\/prodotto\/floral-quilted-cotton-cosmetic-bag-large-capacity-portable-handheld-makeup-organizer\/","title":{"rendered":"Borsa cosmetica in cotone trapuntato floreale Grande capacit\u00e0 Organizzatore portatile di trucco a mano"},"content":{"rendered":"<h2 data-start=\"707\" data-end=\"724\">Caratteristiche principali<\/h2>\n<ol data-start=\"726\" data-end=\"1792\">\n<li data-start=\"726\" data-end=\"880\">\n<p data-start=\"729\" data-end=\"756\"><strong data-start=\"729\" data-end=\"754\">Design a grande capacit\u00e0:<\/strong><span style=\"font-size: 16px;\">L'interno \u00e8 spazioso e consente di ospitare numerosi cosmetici, prodotti per la cura della pelle e strumenti.<\/span><\/p>\n<\/li>\n<li data-start=\"882\" data-end=\"1018\">\n<p data-start=\"885\" data-end=\"912\"><strong data-start=\"885\" data-end=\"910\">Cotone trapuntato Tessuto:<\/strong><span style=\"font-size: 16px;\">Il materiale in morbido cotone \u00e8 stato selezionato e trapuntato per garantire una maggiore durata e una texture elegante.<\/span><\/p>\n<\/li>\n<li data-start=\"1020\" data-end=\"1156\">\n<p data-start=\"1023\" data-end=\"1052\"><strong data-start=\"1023\" data-end=\"1050\">Stile palmare portatile: <\/strong><span style=\"font-size: 16px;\">\u00c8 stato creato un design leggero e portatile per una facile trasportabilit\u00e0 durante i viaggi o l'uso quotidiano.<\/span><\/p>\n<\/li>\n<li data-start=\"1158\" data-end=\"1278\">\n<p data-start=\"1161\" data-end=\"1181\"><strong data-start=\"1161\" data-end=\"1179\">Chiusura a cerniera:<\/strong><span style=\"font-size: 16px;\">\u00c8 stata installata una cerniera di alta qualit\u00e0 per garantire un'apertura e una chiusura sicure e fluide.<\/span><\/p>\n<\/li>\n<li data-start=\"1280\" data-end=\"1416\">\n<p data-start=\"1283\" data-end=\"1306\"><strong data-start=\"1283\" data-end=\"1304\">Logo personalizzabile:<\/strong><span style=\"font-size: 16px;\">La personalizzazione del marchio \u00e8 stata supportata, in quanto i loghi possono essere personalizzati in base alle esigenze del cliente.<\/span><\/p>\n<\/li>\n<li data-start=\"1418\" data-end=\"1536\">\n<p data-start=\"1421\" data-end=\"1437\"><strong data-start=\"1421\" data-end=\"1435\">Durata:<\/strong><span style=\"font-size: 16px;\">L'utilizzo a lungo termine \u00e8 garantito da cuciture rinforzate e da una robusta struttura in cotone.<\/span><\/p>\n<\/li>\n<li data-start=\"1538\" data-end=\"1658\">\n<p data-start=\"1541\" data-end=\"1568\"><strong data-start=\"1541\" data-end=\"1566\">Materiale ecologico:<\/strong><span style=\"font-size: 16px;\">\u00c8 stato utilizzato un tessuto di cotone che rende la borsa ecologica e riutilizzabile.<\/span><\/p>\n<\/li>\n<li data-start=\"1660\" data-end=\"1792\">\n<p data-start=\"1663\" data-end=\"1690\"><strong data-start=\"1663\" data-end=\"1688\">Applicazione versatile:<\/strong><span style=\"font-size: 16px;\">L'organizer \u00e8 stato progettato per cosmetici, articoli da toilette, accessori ed elementi essenziali da viaggio.<\/span><\/p>\n<\/li>\n<\/ol>\n<p><img fetchpriority=\"high\" decoding=\"async\" class=\"aligncenter wp-image-1948 size-full\" src=\"https:\/\/baijiabags.com\/wp-content\/uploads\/2025\/09\/1-2-4.png\" alt=\"Floral Quilted Cotton Cosmetic Bag Large Capacity Portable Handheld Makeup Organizer\" width=\"800\" height=\"800\" srcset=\"https:\/\/baijiabags.com\/wp-content\/uploads\/2025\/09\/1-2-4.png 800w, https:\/\/baijiabags.com\/wp-content\/uploads\/2025\/09\/1-2-4-300x300.png 300w, https:\/\/baijiabags.com\/wp-content\/uploads\/2025\/09\/1-2-4-150x150.png 150w, https:\/\/baijiabags.com\/wp-content\/uploads\/2025\/09\/1-2-4-768x768.png 768w, https:\/\/baijiabags.com\/wp-content\/uploads\/2025\/09\/1-2-4-12x12.png 12w, https:\/\/baijiabags.com\/wp-content\/uploads\/2025\/09\/1-2-4-600x600.png 600w, https:\/\/baijiabags.com\/wp-content\/uploads\/2025\/09\/1-2-4-100x100.png 100w\" sizes=\"(max-width: 800px) 100vw, 800px\" \/><\/p>\n<h2 data-start=\"1799\" data-end=\"1818\">Specifiche tecniche<\/h2>\n<div class=\"_tableContainer_1rjym_1\">\n<div class=\"group _tableWrapper_1rjym_13 flex w-fit flex-col-reverse\" tabindex=\"-1\">\n<table class=\"w-fit min-w-(--thread-content-width)\" data-start=\"1820\" data-end=\"2885\">\n<thead data-start=\"1820\" data-end=\"1889\">\n<tr data-start=\"1820\" data-end=\"1889\">\n<th data-start=\"1820\" data-end=\"1843\" data-col-size=\"sm\"><strong data-start=\"1822\" data-end=\"1835\">Parametro<\/strong><\/th>\n<th data-start=\"1843\" data-end=\"1889\" data-col-size=\"sm\"><strong data-start=\"1845\" data-end=\"1860\">Descrizione<\/strong><\/th>\n<\/tr>\n<\/thead>\n<tbody data-start=\"1961\" data-end=\"2885\">\n<tr data-start=\"1961\" data-end=\"2031\">\n<td data-start=\"1961\" data-end=\"1985\" data-col-size=\"sm\">Nome del prodotto<\/td>\n<td data-start=\"1985\" data-end=\"2031\" data-col-size=\"sm\">Borsa per cosmetici<\/td>\n<\/tr>\n<tr data-start=\"2032\" data-end=\"2102\">\n<td data-start=\"2032\" data-end=\"2056\" data-col-size=\"sm\">Marchio<\/td>\n<td data-start=\"2056\" data-end=\"2102\" data-col-size=\"sm\">RONEER<\/td>\n<\/tr>\n<tr data-start=\"2103\" data-end=\"2173\">\n<td data-start=\"2103\" data-end=\"2127\" data-col-size=\"sm\">Numero di modello<\/td>\n<td data-start=\"2127\" data-end=\"2173\" data-col-size=\"sm\">GB-4947<\/td>\n<\/tr>\n<tr data-start=\"2174\" data-end=\"2244\">\n<td data-start=\"2174\" data-end=\"2198\" data-col-size=\"sm\">Origine<\/td>\n<td data-start=\"2198\" data-end=\"2244\" data-col-size=\"sm\">Guangdong, Cina<\/td>\n<\/tr>\n<tr data-start=\"2245\" data-end=\"2315\">\n<td data-start=\"2245\" data-end=\"2269\" data-col-size=\"sm\">Stile<\/td>\n<td data-start=\"2269\" data-end=\"2315\" data-col-size=\"sm\">Moda<\/td>\n<\/tr>\n<tr data-start=\"2316\" data-end=\"2386\">\n<td data-start=\"2316\" data-end=\"2340\" data-col-size=\"sm\">Materiale<\/td>\n<td data-start=\"2340\" data-end=\"2386\" data-col-size=\"sm\">Cotone<\/td>\n<\/tr>\n<tr data-start=\"2387\" data-end=\"2457\">\n<td data-start=\"2387\" data-end=\"2411\" data-col-size=\"sm\">Tipo di chiusura<\/td>\n<td data-start=\"2411\" data-end=\"2457\" data-col-size=\"sm\">Cerniera<\/td>\n<\/tr>\n<tr data-start=\"2458\" data-end=\"2528\">\n<td data-start=\"2458\" data-end=\"2482\" data-col-size=\"sm\">Logo<\/td>\n<td data-start=\"2482\" data-end=\"2528\" data-col-size=\"sm\">Personalizzabile<\/td>\n<\/tr>\n<tr data-start=\"2529\" data-end=\"2599\">\n<td data-start=\"2529\" data-end=\"2553\" data-col-size=\"sm\">Caratteristica<\/td>\n<td data-start=\"2553\" data-end=\"2599\" data-col-size=\"sm\">Durevole, ecologico<\/td>\n<\/tr>\n<tr data-start=\"2600\" data-end=\"2671\">\n<td data-start=\"2600\" data-end=\"2624\" data-col-size=\"sm\">Utilizzo<\/td>\n<td data-start=\"2624\" data-end=\"2671\" data-col-size=\"sm\">Conservazione dei cosmetici, praticit\u00e0<\/td>\n<\/tr>\n<tr data-start=\"2672\" data-end=\"2742\">\n<td data-start=\"2672\" data-end=\"2696\" data-col-size=\"sm\">MOQ<\/td>\n<td data-start=\"2696\" data-end=\"2742\" data-col-size=\"sm\">300 pezzi<\/td>\n<\/tr>\n<\/tbody>\n<\/table>\n<\/div>\n<\/div>\n<h2 data-start=\"2892\" data-end=\"2909\">Applicazioni<\/h2>\n<ul data-start=\"2911\" data-end=\"3224\">\n<li data-start=\"2911\" data-end=\"2957\">\n<p data-start=\"2913\" data-end=\"2957\">\u00c8 stata supportata l'archiviazione cosmetica giornaliera.<\/p>\n<\/li>\n<li data-start=\"2958\" data-end=\"3013\">\n<p data-start=\"2960\" data-end=\"3013\">Gli oggetti da viaggio sono stati organizzati in modo pratico.<\/p>\n<\/li>\n<li data-start=\"3014\" data-end=\"3074\">\n<p data-start=\"3016\" data-end=\"3074\">Sono stati predisposti articoli da toilette e prodotti per la cura della pelle.<\/p>\n<\/li>\n<li data-start=\"3075\" data-end=\"3152\">\n<p data-start=\"3077\" data-end=\"3152\">Sono stati riposti accessori come spazzole, gioielli o oggetti personali.<\/p>\n<\/li>\n<li data-start=\"3153\" data-end=\"3224\">\n<p data-start=\"3155\" data-end=\"3224\">Regali e articoli promozionali sono stati presentati con personalizzazione.<\/p>\n<\/li>\n<\/ul>\n<p data-start=\"3231\" data-end=\"3430\">Se \u00e8 stato dimostrato interesse per questo <strong data-start=\"3266\" data-end=\"3311\">RONEER Borsa cosmetica in cotone trapuntato floreale<\/strong>\u00c8 possibile richiedere campioni. <strong data-start=\"3339\" data-end=\"3379\">Sono stati offerti servizi ODM e OEM<\/strong> per soddisfare i requisiti di branding e personalizzazione.<\/p>","protected":false},"excerpt":{"rendered":"<p>A <strong data-start=\"189\" data-end=\"227\">Borsa cosmetica in cotone trapuntato floreale<\/strong> La borsa, di grande capacit\u00e0, \u00e8 stata realizzata per offrire una comoda conservazione e portabilit\u00e0. La borsa \u00e8 stata prodotta da <strong data-start=\"352\" data-end=\"362\">RONEER<\/strong> La borsa \u00e8 stata realizzata con un tessuto di cotone di alta qualit\u00e0 ed \u00e8 stato applicato uno stile trapuntato alla moda per migliorare sia la durata che l'aspetto. \u00c8 stata implementata una struttura portatile che consente di trasportare la borsa con facilit\u00e0 durante l'uso quotidiano o in viaggio. \u00c8 stata integrata una chiusura a cerniera per proteggere cosmetici e accessori.<\/p>","protected":false},"featured_media":1951,"comment_status":"open","ping_status":"closed","template":"","meta":{"site-sidebar-layout":"default","site-content-layout":"","ast-site-content-layout":"default","site-content-style":"default","site-sidebar-style":"default","ast-global-header-display":"","ast-banner-title-visibility":"","ast-main-header-display":"","ast-hfb-above-header-display":"","ast-hfb-below-header-display":"","ast-hfb-mobile-header-display":"","site-post-title":"","ast-breadcrumbs-content":"","ast-featured-img":"","footer-sml-layout":"","ast-disable-related-posts":"","theme-transparent-header-meta":"default","adv-header-id-meta":"","stick-header-meta":"","header-above-stick-meta":"","header-main-stick-meta":"","header-below-stick-meta":"","astra-migrate-meta-layouts":"set","ast-page-background-enabled":"default","ast-page-background-meta":{"desktop":{"background-color":"var(--ast-global-color-5)","background-image":"","background-repeat":"repeat","background-position":"center center","background-size":"auto","background-attachment":"scroll","background-type":"","background-media":"","overlay-type":"","overlay-color":"","overlay-opacity":"","overlay-gradient":""},"tablet":{"background-color":"","background-image":"","background-repeat":"repeat","background-position":"center center","background-size":"auto","background-attachment":"scroll","background-type":"","background-media":"","overlay-type":"","overlay-color":"","overlay-opacity":"","overlay-gradient":""},"mobile":{"background-color":"","background-image":"","background-repeat":"repeat","background-position":"center center","background-size":"auto","background-attachment":"scroll","background-type":"","background-media":"","overlay-type":"","overlay-color":"","overlay-opacity":"","overlay-gradient":""}},"ast-content-background-meta":{"desktop":{"background-color":"var(--ast-global-color-4)","background-image":"","background-repeat":"repeat","background-position":"center center","background-size":"auto","background-attachment":"scroll","background-type":"","background-media":"","overlay-type":"","overlay-color":"","overlay-opacity":"","overlay-gradient":""},"tablet":{"background-color":"var(--ast-global-color-4)","background-image":"","background-repeat":"repeat","background-position":"center center","background-size":"auto","background-attachment":"scroll","background-type":"","background-media":"","overlay-type":"","overlay-color":"","overlay-opacity":"","overlay-gradient":""},"mobile":{"background-color":"var(--ast-global-color-4)","background-image":"","background-repeat":"repeat","background-position":"center center","background-size":"auto","background-attachment":"scroll","background-type":"","background-media":"","overlay-type":"","overlay-color":"","overlay-opacity":"","overlay-gradient":""}}},"product_brand":[],"product_cat":[38],"product_tag":[],"class_list":{"0":"post-1947","1":"product","2":"type-product","3":"status-publish","4":"has-post-thumbnail","6":"product_cat-cosmetic-bags","7":"desktop-align-left","8":"tablet-align-left","9":"mobile-align-left","11":"first","12":"instock","13":"shipping-taxable","14":"product-type-simple"},"_links":{"self":[{"href":"https:\/\/baijiabags.com\/it\/wp-json\/wp\/v2\/product\/1947","targetHints":{"allow":["GET"]}}],"collection":[{"href":"https:\/\/baijiabags.com\/it\/wp-json\/wp\/v2\/product"}],"about":[{"href":"https:\/\/baijiabags.com\/it\/wp-json\/wp\/v2\/types\/product"}],"replies":[{"embeddable":true,"href":"https:\/\/baijiabags.com\/it\/wp-json\/wp\/v2\/comments?post=1947"}],"wp:featuredmedia":[{"embeddable":true,"href":"https:\/\/baijiabags.com\/it\/wp-json\/wp\/v2\/media\/1951"}],"wp:attachment":[{"href":"https:\/\/baijiabags.com\/it\/wp-json\/wp\/v2\/media?parent=1947"}],"wp:term":[{"taxonomy":"product_brand","embeddable":true,"href":"https:\/\/baijiabags.com\/it\/wp-json\/wp\/v2\/product_brand?post=1947"},{"taxonomy":"product_cat","embeddable":true,"href":"https:\/\/baijiabags.com\/it\/wp-json\/wp\/v2\/product_cat?post=1947"},{"taxonomy":"product_tag","embeddable":true,"href":"https:\/\/baijiabags.com\/it\/wp-json\/wp\/v2\/product_tag?post=1947"}],"curies":[{"name":"wp","href":"https:\/\/api.w.org\/{rel}","templated":true}]}}