{"id":1941,"date":"2025-09-20T06:49:26","date_gmt":"2025-09-20T06:49:26","guid":{"rendered":"https:\/\/baijiabags.com\/?post_type=product&#038;p=1941"},"modified":"2025-09-20T06:49:26","modified_gmt":"2025-09-20T06:49:26","slug":"factory-direct-large-capacity-portable-travel-makeup-organizer-multifunctional-multi-layer-handheld-cosmetic-case","status":"publish","type":"product","link":"https:\/\/baijiabags.com\/it\/prodotto\/factory-direct-large-capacity-portable-travel-makeup-organizer-multifunctional-multi-layer-handheld-cosmetic-case\/","title":{"rendered":"Fabbrica diretta di grande capacit\u00e0 Organizzatore portatile di trucco di viaggio Multifunzionale Multi strato caso cosmetico palmare"},"content":{"rendered":"<h2 data-start=\"798\" data-end=\"815\">Caratteristiche principali<\/h2>\n<ol data-start=\"816\" data-end=\"1741\">\n<li data-start=\"816\" data-end=\"946\">\n<p data-start=\"819\" data-end=\"946\"><strong data-start=\"819\" data-end=\"837\">Grande capacit\u00e0<\/strong> - \u00c8 stato adottato un design multistrato che consente di memorizzare e separare diverse categorie di cosmetici.<\/p>\n<\/li>\n<li data-start=\"947\" data-end=\"1054\">\n<p data-start=\"950\" data-end=\"1054\"><strong data-start=\"950\" data-end=\"969\">Design portatile<\/strong> - Il corpo leggero \u00e8 stato dotato di un'impugnatura morbida per garantire un facile trasporto.<\/p>\n<\/li>\n<li data-start=\"1055\" data-end=\"1171\">\n<p data-start=\"1058\" data-end=\"1171\"><strong data-start=\"1058\" data-end=\"1078\">Materiale resistente<\/strong> - Il tessuto di alta qualit\u00e0 con cuciture rinforzate \u00e8 stato selezionato per garantire un uso prolungato.<\/p>\n<\/li>\n<li data-start=\"1290\" data-end=\"1390\">\n<p data-start=\"1293\" data-end=\"1390\"><strong data-start=\"1293\" data-end=\"1317\">Opzioni personalizzabili<\/strong> - I colori e i loghi possono essere personalizzati in base alle esigenze del cliente.<\/p>\n<\/li>\n<li data-start=\"1391\" data-end=\"1492\">\n<p data-start=\"1394\" data-end=\"1492\"><strong data-start=\"1394\" data-end=\"1419\">Chiusura a cerniera liscia<\/strong> - \u00c8 stata installata una cerniera affidabile per un'apertura e una chiusura sicure.<\/p>\n<\/li>\n<li data-start=\"1493\" data-end=\"1601\">\n<p data-start=\"1496\" data-end=\"1601\"><strong data-start=\"1496\" data-end=\"1522\">Aspetto alla moda<\/strong> - Un design elegante \u00e8 stato incorporato per abbinarsi ai moderni accessori da viaggio.<\/p>\n<\/li>\n<li data-start=\"1602\" data-end=\"1741\">\n<p data-start=\"1605\" data-end=\"1741\"><strong data-start=\"1605\" data-end=\"1633\">Applicazione ecologica<\/strong> - La custodia \u00e8 stata realizzata secondo pratiche eco-consapevoli ed \u00e8 adatta a stili di vita sostenibili.<\/p>\n<\/li>\n<\/ol>\n<p><img fetchpriority=\"high\" decoding=\"async\" class=\"aligncenter wp-image-1946 size-full\" src=\"https:\/\/baijiabags.com\/wp-content\/uploads\/2025\/09\/1-4-2.png\" alt=\"Factory Direct Large Capacity Portable Travel Makeup Organizer Multifunctional Multi Layer Handheld Cosmetic Case\" width=\"800\" height=\"800\" srcset=\"https:\/\/baijiabags.com\/wp-content\/uploads\/2025\/09\/1-4-2.png 800w, https:\/\/baijiabags.com\/wp-content\/uploads\/2025\/09\/1-4-2-300x300.png 300w, https:\/\/baijiabags.com\/wp-content\/uploads\/2025\/09\/1-4-2-150x150.png 150w, https:\/\/baijiabags.com\/wp-content\/uploads\/2025\/09\/1-4-2-768x768.png 768w, https:\/\/baijiabags.com\/wp-content\/uploads\/2025\/09\/1-4-2-12x12.png 12w, https:\/\/baijiabags.com\/wp-content\/uploads\/2025\/09\/1-4-2-600x600.png 600w, https:\/\/baijiabags.com\/wp-content\/uploads\/2025\/09\/1-4-2-100x100.png 100w\" sizes=\"(max-width: 800px) 100vw, 800px\" \/><\/p>\n<h2 data-start=\"1743\" data-end=\"1762\">Specifiche tecniche<\/h2>\n<div class=\"_tableContainer_1rjym_1\">\n<div class=\"group _tableWrapper_1rjym_13 flex w-fit flex-col-reverse\" tabindex=\"-1\">\n<table class=\"w-fit min-w-(--thread-content-width)\" data-start=\"1764\" data-end=\"2655\">\n<thead data-start=\"1764\" data-end=\"1822\">\n<tr data-start=\"1764\" data-end=\"1822\">\n<th data-start=\"1764\" data-end=\"1783\" data-col-size=\"sm\">Parametro<\/th>\n<th data-start=\"1783\" data-end=\"1822\" data-col-size=\"sm\">Descrizione<\/th>\n<\/tr>\n<\/thead>\n<tbody data-start=\"1882\" data-end=\"2655\">\n<tr data-start=\"1882\" data-end=\"1940\">\n<td data-start=\"1882\" data-end=\"1901\" data-col-size=\"sm\">Nome del prodotto<\/td>\n<td data-start=\"1901\" data-end=\"1940\" data-col-size=\"sm\">Borsa per cosmetici<\/td>\n<\/tr>\n<tr data-start=\"1941\" data-end=\"1999\">\n<td data-start=\"1941\" data-end=\"1960\" data-col-size=\"sm\">Marchio<\/td>\n<td data-start=\"1960\" data-end=\"1999\" data-col-size=\"sm\">RONEER<\/td>\n<\/tr>\n<tr data-start=\"2000\" data-end=\"2058\">\n<td data-start=\"2000\" data-end=\"2019\" data-col-size=\"sm\">Modello<\/td>\n<td data-start=\"2019\" data-end=\"2058\" data-col-size=\"sm\">GB-4951<\/td>\n<\/tr>\n<tr data-start=\"2059\" data-end=\"2117\">\n<td data-start=\"2059\" data-end=\"2078\" data-col-size=\"sm\">Luogo di origine<\/td>\n<td data-start=\"2078\" data-end=\"2117\" data-col-size=\"sm\">Guangdong, Cina<\/td>\n<\/tr>\n<tr data-start=\"2118\" data-end=\"2176\">\n<td data-start=\"2118\" data-end=\"2137\" data-col-size=\"sm\">Stile<\/td>\n<td data-start=\"2137\" data-end=\"2176\" data-col-size=\"sm\">Moda<\/td>\n<\/tr>\n<tr data-start=\"2177\" data-end=\"2235\">\n<td data-start=\"2177\" data-end=\"2196\" data-col-size=\"sm\">Tipo di chiusura<\/td>\n<td data-start=\"2196\" data-end=\"2235\" data-col-size=\"sm\">Cerniera<\/td>\n<\/tr>\n<tr data-start=\"2236\" data-end=\"2294\">\n<td data-start=\"2236\" data-end=\"2255\" data-col-size=\"sm\">Colore<\/td>\n<td data-start=\"2255\" data-end=\"2294\" data-col-size=\"sm\">Personalizzabile<\/td>\n<\/tr>\n<tr data-start=\"2295\" data-end=\"2353\">\n<td data-start=\"2295\" data-end=\"2314\" data-col-size=\"sm\">Logo<\/td>\n<td data-start=\"2314\" data-end=\"2353\" data-col-size=\"sm\">Personalizzabile<\/td>\n<\/tr>\n<tr data-start=\"2354\" data-end=\"2412\">\n<td data-start=\"2354\" data-end=\"2373\" data-col-size=\"sm\">Caratteristiche<\/td>\n<td data-start=\"2373\" data-end=\"2412\" data-col-size=\"sm\">Durevole<\/td>\n<\/tr>\n<tr data-start=\"2413\" data-end=\"2471\">\n<td data-start=\"2413\" data-end=\"2432\" data-col-size=\"sm\">Maniglia<\/td>\n<td data-start=\"2432\" data-end=\"2471\" data-col-size=\"sm\">Impugnatura morbida<\/td>\n<\/tr>\n<tr data-start=\"2472\" data-end=\"2530\">\n<td data-start=\"2472\" data-end=\"2491\" data-col-size=\"sm\">Utilizzo<\/td>\n<td data-start=\"2491\" data-end=\"2530\" data-col-size=\"sm\">Convenienza dei cosmetici<\/td>\n<\/tr>\n<tr data-start=\"2531\" data-end=\"2589\">\n<td data-start=\"2531\" data-end=\"2550\" data-col-size=\"sm\">MOQ<\/td>\n<td data-start=\"2550\" data-end=\"2589\" data-col-size=\"sm\">300 pezzi<\/td>\n<\/tr>\n<tr data-start=\"2590\" data-end=\"2655\">\n<td data-start=\"2590\" data-end=\"2609\" data-col-size=\"sm\">Applicazione<\/td>\n<td data-start=\"2609\" data-end=\"2655\" data-col-size=\"sm\">Viaggi, trucco, ecologico<\/td>\n<\/tr>\n<\/tbody>\n<\/table>\n<\/div>\n<\/div>\n<h2 data-start=\"2657\" data-end=\"2674\">Applicazioni<\/h2>\n<ul data-start=\"2675\" data-end=\"3190\">\n<li data-start=\"2675\" data-end=\"2771\">\n<p data-start=\"2677\" data-end=\"2771\"><strong data-start=\"2677\" data-end=\"2687\">Viaggi<\/strong> - I cosmetici e i prodotti per la cura della persona sono conservati in modo sicuro durante il trasporto.<\/p>\n<\/li>\n<li data-start=\"2772\" data-end=\"2879\">\n<p data-start=\"2774\" data-end=\"2879\"><strong data-start=\"2774\" data-end=\"2803\">Organizzazione del trucco quotidiano<\/strong> - L'astuccio \u00e8 ampiamente utilizzato in casa per sistemare in modo ordinato gli oggetti di bellezza.<\/p>\n<\/li>\n<li data-start=\"2880\" data-end=\"2981\">\n<p data-start=\"2882\" data-end=\"2981\"><strong data-start=\"2882\" data-end=\"2902\">Uso professionale<\/strong> - I truccatori beneficiano degli scomparti multistrato per un accesso rapido.<\/p>\n<\/li>\n<li data-start=\"2982\" data-end=\"3079\">\n<p data-start=\"2984\" data-end=\"3079\"><strong data-start=\"2984\" data-end=\"2999\">Opzione regalo<\/strong> - L'astuccio per cosmetici \u00e8 stato scelto comunemente come regalo elegante e pratico.<\/p>\n<\/li>\n<li data-start=\"3080\" data-end=\"3190\">\n<p data-start=\"3082\" data-end=\"3190\"><strong data-start=\"3082\" data-end=\"3111\">Personalizzazione promozionale<\/strong> - L'opzione del logo personalizzabile \u00e8 stata ampiamente applicata per la promozione del marchio.<\/p>\n<\/li>\n<\/ul>\n<p data-start=\"3197\" data-end=\"3391\">Se siete interessati a questo organizer per cosmetici, contattateci per richiedere dei campioni. <strong data-start=\"3285\" data-end=\"3320\">Vengono forniti servizi ODM e OEM<\/strong> per soddisfare le diverse esigenze del mercato e le necessit\u00e0 di branding personalizzato.<\/p>","protected":false},"excerpt":{"rendered":"<p>Il <strong data-start=\"343\" data-end=\"409\">Organizzatore portatile di trucco da viaggio di grande capacit\u00e0 diretta dalla fabbrica<\/strong> \u00e8 stato progettato da <strong data-start=\"431\" data-end=\"441\">RONEER<\/strong> per conservare in modo efficiente i cosmetici durante i viaggi e l'uso quotidiano. \u00c8 stata adottata una struttura multistrato alla moda e la portabilit\u00e0 \u00e8 stata migliorata grazie all'uso di un design morbido e maneggevole. Con un interno spazioso e opzioni personalizzabili, questa custodia per cosmetici \u00e8 stata realizzata per combinare durata e convenienza.<\/p>","protected":false},"featured_media":1945,"comment_status":"open","ping_status":"closed","template":"","meta":{"site-sidebar-layout":"default","site-content-layout":"","ast-site-content-layout":"default","site-content-style":"default","site-sidebar-style":"default","ast-global-header-display":"","ast-banner-title-visibility":"","ast-main-header-display":"","ast-hfb-above-header-display":"","ast-hfb-below-header-display":"","ast-hfb-mobile-header-display":"","site-post-title":"","ast-breadcrumbs-content":"","ast-featured-img":"","footer-sml-layout":"","ast-disable-related-posts":"","theme-transparent-header-meta":"default","adv-header-id-meta":"","stick-header-meta":"","header-above-stick-meta":"","header-main-stick-meta":"","header-below-stick-meta":"","astra-migrate-meta-layouts":"set","ast-page-background-enabled":"default","ast-page-background-meta":{"desktop":{"background-color":"var(--ast-global-color-5)","background-image":"","background-repeat":"repeat","background-position":"center center","background-size":"auto","background-attachment":"scroll","background-type":"","background-media":"","overlay-type":"","overlay-color":"","overlay-opacity":"","overlay-gradient":""},"tablet":{"background-color":"","background-image":"","background-repeat":"repeat","background-position":"center center","background-size":"auto","background-attachment":"scroll","background-type":"","background-media":"","overlay-type":"","overlay-color":"","overlay-opacity":"","overlay-gradient":""},"mobile":{"background-color":"","background-image":"","background-repeat":"repeat","background-position":"center center","background-size":"auto","background-attachment":"scroll","background-type":"","background-media":"","overlay-type":"","overlay-color":"","overlay-opacity":"","overlay-gradient":""}},"ast-content-background-meta":{"desktop":{"background-color":"var(--ast-global-color-4)","background-image":"","background-repeat":"repeat","background-position":"center center","background-size":"auto","background-attachment":"scroll","background-type":"","background-media":"","overlay-type":"","overlay-color":"","overlay-opacity":"","overlay-gradient":""},"tablet":{"background-color":"var(--ast-global-color-4)","background-image":"","background-repeat":"repeat","background-position":"center center","background-size":"auto","background-attachment":"scroll","background-type":"","background-media":"","overlay-type":"","overlay-color":"","overlay-opacity":"","overlay-gradient":""},"mobile":{"background-color":"var(--ast-global-color-4)","background-image":"","background-repeat":"repeat","background-position":"center center","background-size":"auto","background-attachment":"scroll","background-type":"","background-media":"","overlay-type":"","overlay-color":"","overlay-opacity":"","overlay-gradient":""}}},"product_brand":[],"product_cat":[38],"product_tag":[],"class_list":{"0":"post-1941","1":"product","2":"type-product","3":"status-publish","4":"has-post-thumbnail","6":"product_cat-cosmetic-bags","7":"desktop-align-left","8":"tablet-align-left","9":"mobile-align-left","11":"first","12":"instock","13":"shipping-taxable","14":"product-type-simple"},"_links":{"self":[{"href":"https:\/\/baijiabags.com\/it\/wp-json\/wp\/v2\/product\/1941","targetHints":{"allow":["GET"]}}],"collection":[{"href":"https:\/\/baijiabags.com\/it\/wp-json\/wp\/v2\/product"}],"about":[{"href":"https:\/\/baijiabags.com\/it\/wp-json\/wp\/v2\/types\/product"}],"replies":[{"embeddable":true,"href":"https:\/\/baijiabags.com\/it\/wp-json\/wp\/v2\/comments?post=1941"}],"wp:featuredmedia":[{"embeddable":true,"href":"https:\/\/baijiabags.com\/it\/wp-json\/wp\/v2\/media\/1945"}],"wp:attachment":[{"href":"https:\/\/baijiabags.com\/it\/wp-json\/wp\/v2\/media?parent=1941"}],"wp:term":[{"taxonomy":"product_brand","embeddable":true,"href":"https:\/\/baijiabags.com\/it\/wp-json\/wp\/v2\/product_brand?post=1941"},{"taxonomy":"product_cat","embeddable":true,"href":"https:\/\/baijiabags.com\/it\/wp-json\/wp\/v2\/product_cat?post=1941"},{"taxonomy":"product_tag","embeddable":true,"href":"https:\/\/baijiabags.com\/it\/wp-json\/wp\/v2\/product_tag?post=1941"}],"curies":[{"name":"wp","href":"https:\/\/api.w.org\/{rel}","templated":true}]}}