{"id":1934,"date":"2025-09-20T06:22:26","date_gmt":"2025-09-20T06:22:26","guid":{"rendered":"https:\/\/baijiabags.com\/?post_type=product&#038;p=1934"},"modified":"2025-09-20T06:23:52","modified_gmt":"2025-09-20T06:23:52","slug":"low-price-large-capacity-portable-handheld-makeup-bag-multifunctional-beauty-storage-pouch-factory-direct","status":"publish","type":"product","link":"https:\/\/baijiabags.com\/it\/prodotto\/low-price-large-capacity-portable-handheld-makeup-bag-multifunctional-beauty-storage-pouch-factory-direct\/","title":{"rendered":"Prezzo basso Grande capacit\u00e0 portatile borsa trucco portatile Multifunzionale bellezza Storage Pouch Fabbrica diretta"},"content":{"rendered":"<h2 data-start=\"862\" data-end=\"879\">Caratteristiche principali<\/h2>\n<ol data-start=\"880\" data-end=\"1640\">\n<li data-start=\"880\" data-end=\"991\">\n<p data-start=\"882\" data-end=\"991\"><strong data-start=\"882\" data-end=\"900\">Grande capacit\u00e0<\/strong> - Interni spaziosi che consentono di riporre facilmente prodotti per il trucco, articoli per la cura della pelle e accessori.<\/p>\n<\/li>\n<li data-start=\"992\" data-end=\"1090\">\n<p data-start=\"994\" data-end=\"1090\"><strong data-start=\"994\" data-end=\"1013\">Design portatile<\/strong> - Leggero e facile da trasportare con una cinghia a mano, perfetto per i viaggi.<\/p>\n<\/li>\n<li data-start=\"1091\" data-end=\"1171\">\n<p data-start=\"1093\" data-end=\"1171\"><strong data-start=\"1093\" data-end=\"1113\">Materiale resistente<\/strong> - Realizzato in tessuto di alta qualit\u00e0 per resistere all'uso quotidiano.<\/p>\n<\/li>\n<li data-start=\"1172\" data-end=\"1266\">\n<p data-start=\"1174\" data-end=\"1266\"><strong data-start=\"1174\" data-end=\"1193\">Resistente all'acqua<\/strong> - Protegge i cosmetici e gli oggetti personali dall'umidit\u00e0 e dalle fuoriuscite.<\/p>\n<\/li>\n<li data-start=\"1267\" data-end=\"1364\">\n<p data-start=\"1269\" data-end=\"1364\"><strong data-start=\"1269\" data-end=\"1293\">Opzioni personalizzabili<\/strong> - Le dimensioni, il colore e il logo possono essere personalizzati per il branding o il gifting.<\/p>\n<\/li>\n<li data-start=\"1365\" data-end=\"1461\">\n<p data-start=\"1367\" data-end=\"1461\"><strong data-start=\"1367\" data-end=\"1383\">Ecologico<\/strong> - Progettato secondo criteri di sostenibilit\u00e0, \u00e8 una scelta responsabile.<\/p>\n<\/li>\n<li data-start=\"1462\" data-end=\"1553\">\n<p data-start=\"1464\" data-end=\"1553\"><strong data-start=\"1464\" data-end=\"1485\">Stile alla moda<\/strong> - Aspetto moderno ed elegante, adatto a diverse occasioni.<\/p>\n<\/li>\n<li data-start=\"1554\" data-end=\"1640\">\n<p data-start=\"1556\" data-end=\"1640\"><strong data-start=\"1556\" data-end=\"1581\">Fornitura diretta dalla fabbrica<\/strong> - Prezzi competitivi con servizi ODM e OEM disponibili.<\/p>\n<\/li>\n<\/ol>\n<p><img fetchpriority=\"high\" decoding=\"async\" class=\"aligncenter wp-image-1938\" src=\"https:\/\/baijiabags.com\/wp-content\/uploads\/2025\/09\/1-1-2.png\" alt=\"Low Price Large Capacity Portable Handheld Makeup Bag Multifunctional Beauty Storage Pouch Factory Direct\" width=\"600\" height=\"600\" srcset=\"https:\/\/baijiabags.com\/wp-content\/uploads\/2025\/09\/1-1-2.png 256w, https:\/\/baijiabags.com\/wp-content\/uploads\/2025\/09\/1-1-2-150x150.png 150w, https:\/\/baijiabags.com\/wp-content\/uploads\/2025\/09\/1-1-2-12x12.png 12w, https:\/\/baijiabags.com\/wp-content\/uploads\/2025\/09\/1-1-2-100x100.png 100w\" sizes=\"(max-width: 600px) 100vw, 600px\" \/><\/p>\n<h2 data-start=\"1647\" data-end=\"1666\">Specifiche tecniche<\/h2>\n<div class=\"_tableContainer_1rjym_1\">\n<div class=\"group _tableWrapper_1rjym_13 flex w-fit flex-col-reverse\" tabindex=\"-1\">\n<table class=\"w-fit min-w-(--thread-content-width)\" data-start=\"1668\" data-end=\"2656\">\n<thead data-start=\"1668\" data-end=\"1732\">\n<tr data-start=\"1668\" data-end=\"1732\">\n<th data-start=\"1668\" data-end=\"1690\" data-col-size=\"sm\"><strong data-start=\"1670\" data-end=\"1678\">Articolo<\/strong><\/th>\n<th data-start=\"1690\" data-end=\"1732\" data-col-size=\"sm\"><strong data-start=\"1692\" data-end=\"1703\">Dettagli<\/strong><\/th>\n<\/tr>\n<\/thead>\n<tbody data-start=\"1799\" data-end=\"2656\">\n<tr data-start=\"1799\" data-end=\"1864\">\n<td data-start=\"1799\" data-end=\"1822\" data-col-size=\"sm\">Nome del prodotto<\/td>\n<td data-start=\"1822\" data-end=\"1864\" data-col-size=\"sm\">Borsa per cosmetici<\/td>\n<\/tr>\n<tr data-start=\"1865\" data-end=\"1930\">\n<td data-start=\"1865\" data-end=\"1888\" data-col-size=\"sm\">Marchio<\/td>\n<td data-start=\"1888\" data-end=\"1930\" data-col-size=\"sm\">RONEER<\/td>\n<\/tr>\n<tr data-start=\"1931\" data-end=\"1996\">\n<td data-start=\"1931\" data-end=\"1954\" data-col-size=\"sm\">Numero di modello<\/td>\n<td data-start=\"1954\" data-end=\"1996\" data-col-size=\"sm\">GB-4949<\/td>\n<\/tr>\n<tr data-start=\"1997\" data-end=\"2062\">\n<td data-start=\"1997\" data-end=\"2020\" data-col-size=\"sm\">Origine<\/td>\n<td data-start=\"2020\" data-end=\"2062\" data-col-size=\"sm\">Guangdong, Cina<\/td>\n<\/tr>\n<tr data-start=\"2063\" data-end=\"2128\">\n<td data-start=\"2063\" data-end=\"2086\" data-col-size=\"sm\">Stile<\/td>\n<td data-start=\"2086\" data-end=\"2128\" data-col-size=\"sm\">Moda<\/td>\n<\/tr>\n<tr data-start=\"2129\" data-end=\"2194\">\n<td data-start=\"2129\" data-end=\"2152\" data-col-size=\"sm\">Dimensione<\/td>\n<td data-start=\"2152\" data-end=\"2194\" data-col-size=\"sm\">Dimensione personalizzata<\/td>\n<\/tr>\n<tr data-start=\"2195\" data-end=\"2260\">\n<td data-start=\"2195\" data-end=\"2218\" data-col-size=\"sm\">Colore<\/td>\n<td data-start=\"2218\" data-end=\"2260\" data-col-size=\"sm\">Personalizzabile<\/td>\n<\/tr>\n<tr data-start=\"2261\" data-end=\"2326\">\n<td data-start=\"2261\" data-end=\"2284\" data-col-size=\"sm\">Logo<\/td>\n<td data-start=\"2284\" data-end=\"2326\" data-col-size=\"sm\">Personalizzabile<\/td>\n<\/tr>\n<tr data-start=\"2327\" data-end=\"2392\">\n<td data-start=\"2327\" data-end=\"2350\" data-col-size=\"sm\">Caratteristiche<\/td>\n<td data-start=\"2350\" data-end=\"2392\" data-col-size=\"sm\">Durevole, resistente all'acqua<\/td>\n<\/tr>\n<tr data-start=\"2393\" data-end=\"2458\">\n<td data-start=\"2393\" data-end=\"2416\" data-col-size=\"sm\">Utilizzo<\/td>\n<td data-start=\"2416\" data-end=\"2458\" data-col-size=\"sm\">Cosmetici, Convenienza quotidiana<\/td>\n<\/tr>\n<tr data-start=\"2459\" data-end=\"2524\">\n<td data-start=\"2459\" data-end=\"2482\" data-col-size=\"sm\">MOQ<\/td>\n<td data-start=\"2482\" data-end=\"2524\" data-col-size=\"sm\">300 pezzi<\/td>\n<\/tr>\n<tr data-start=\"2525\" data-end=\"2590\">\n<td data-start=\"2525\" data-end=\"2548\" data-col-size=\"sm\">Applicazione<\/td>\n<td data-start=\"2548\" data-end=\"2590\" data-col-size=\"sm\">Viaggi, professionisti, uso personale<\/td>\n<\/tr>\n<tr data-start=\"2591\" data-end=\"2656\">\n<td data-start=\"2591\" data-end=\"2614\" data-col-size=\"sm\">Ecologico<\/td>\n<td data-start=\"2614\" data-end=\"2656\" data-col-size=\"sm\">S\u00ec<\/td>\n<\/tr>\n<\/tbody>\n<\/table>\n<\/div>\n<\/div>\n<h2 data-start=\"2663\" data-end=\"2680\">Applicazioni<\/h2>\n<ul data-start=\"2681\" data-end=\"3044\">\n<li data-start=\"2681\" data-end=\"2774\">\n<p data-start=\"2683\" data-end=\"2774\"><strong data-start=\"2683\" data-end=\"2703\">Compagno di viaggio<\/strong> - Ideale per portare con s\u00e9 gli elementi essenziali per la cura della pelle e il trucco quando si \u00e8 in viaggio.<\/p>\n<\/li>\n<li data-start=\"2775\" data-end=\"2855\">\n<p data-start=\"2777\" data-end=\"2855\"><strong data-start=\"2777\" data-end=\"2797\">Uso professionale<\/strong> - Adatto a truccatori e professionisti della bellezza.<\/p>\n<\/li>\n<li data-start=\"2856\" data-end=\"2950\">\n<p data-start=\"2858\" data-end=\"2950\"><strong data-start=\"2858\" data-end=\"2875\">Stoccaggio giornaliero<\/strong> - Consente di organizzare i cosmetici e gli oggetti personali a casa o in ufficio.<\/p>\n<\/li>\n<li data-start=\"2951\" data-end=\"3044\">\n<p data-start=\"2953\" data-end=\"3044\"><strong data-start=\"2953\" data-end=\"2968\">Opzione regalo<\/strong> - Il design personalizzabile lo rende un regalo promozionale o personale di grande valore.<\/p>\n<\/li>\n<\/ul>\n<p data-start=\"3051\" data-end=\"3207\">Se siete interessati a questa borsa per il trucco, non esitate a contattarci per ottenere dei campioni. <strong data-start=\"3137\" data-end=\"3173\">Sono disponibili servizi ODM e OEM<\/strong> per supportare le vostre esigenze aziendali.<\/p>","protected":false},"excerpt":{"rendered":"<p>Il <strong data-start=\"387\" data-end=\"432\">RONEER borsa per il trucco portatile di grande capacit\u00e0<\/strong> \u00e8 stato progettato per combinare praticit\u00e0 e moda moderna. Realizzato nel Guangdong, in Cina, questo astuccio multifunzionale per cosmetici \u00e8 ideale per l'uso quotidiano, i viaggi e gli ambienti professionali. La struttura durevole e il materiale resistente all'acqua assicurano che i cosmetici e gli oggetti personali rimangano al sicuro e organizzati. Grazie alle opzioni di dimensioni, colori e logo personalizzabili, pu\u00f2 essere adattato alle esigenze individuali o del marchio.<\/p>","protected":false},"featured_media":1937,"comment_status":"open","ping_status":"closed","template":"","meta":{"site-sidebar-layout":"default","site-content-layout":"","ast-site-content-layout":"default","site-content-style":"default","site-sidebar-style":"default","ast-global-header-display":"","ast-banner-title-visibility":"","ast-main-header-display":"","ast-hfb-above-header-display":"","ast-hfb-below-header-display":"","ast-hfb-mobile-header-display":"","site-post-title":"","ast-breadcrumbs-content":"","ast-featured-img":"","footer-sml-layout":"","ast-disable-related-posts":"","theme-transparent-header-meta":"default","adv-header-id-meta":"","stick-header-meta":"","header-above-stick-meta":"","header-main-stick-meta":"","header-below-stick-meta":"","astra-migrate-meta-layouts":"set","ast-page-background-enabled":"default","ast-page-background-meta":{"desktop":{"background-color":"var(--ast-global-color-5)","background-image":"","background-repeat":"repeat","background-position":"center center","background-size":"auto","background-attachment":"scroll","background-type":"","background-media":"","overlay-type":"","overlay-color":"","overlay-opacity":"","overlay-gradient":""},"tablet":{"background-color":"","background-image":"","background-repeat":"repeat","background-position":"center center","background-size":"auto","background-attachment":"scroll","background-type":"","background-media":"","overlay-type":"","overlay-color":"","overlay-opacity":"","overlay-gradient":""},"mobile":{"background-color":"","background-image":"","background-repeat":"repeat","background-position":"center center","background-size":"auto","background-attachment":"scroll","background-type":"","background-media":"","overlay-type":"","overlay-color":"","overlay-opacity":"","overlay-gradient":""}},"ast-content-background-meta":{"desktop":{"background-color":"var(--ast-global-color-4)","background-image":"","background-repeat":"repeat","background-position":"center center","background-size":"auto","background-attachment":"scroll","background-type":"","background-media":"","overlay-type":"","overlay-color":"","overlay-opacity":"","overlay-gradient":""},"tablet":{"background-color":"var(--ast-global-color-4)","background-image":"","background-repeat":"repeat","background-position":"center center","background-size":"auto","background-attachment":"scroll","background-type":"","background-media":"","overlay-type":"","overlay-color":"","overlay-opacity":"","overlay-gradient":""},"mobile":{"background-color":"var(--ast-global-color-4)","background-image":"","background-repeat":"repeat","background-position":"center center","background-size":"auto","background-attachment":"scroll","background-type":"","background-media":"","overlay-type":"","overlay-color":"","overlay-opacity":"","overlay-gradient":""}}},"product_brand":[],"product_cat":[38],"product_tag":[],"class_list":{"0":"post-1934","1":"product","2":"type-product","3":"status-publish","4":"has-post-thumbnail","6":"product_cat-cosmetic-bags","7":"desktop-align-left","8":"tablet-align-left","9":"mobile-align-left","11":"first","12":"instock","13":"shipping-taxable","14":"product-type-simple"},"_links":{"self":[{"href":"https:\/\/baijiabags.com\/it\/wp-json\/wp\/v2\/product\/1934","targetHints":{"allow":["GET"]}}],"collection":[{"href":"https:\/\/baijiabags.com\/it\/wp-json\/wp\/v2\/product"}],"about":[{"href":"https:\/\/baijiabags.com\/it\/wp-json\/wp\/v2\/types\/product"}],"replies":[{"embeddable":true,"href":"https:\/\/baijiabags.com\/it\/wp-json\/wp\/v2\/comments?post=1934"}],"wp:featuredmedia":[{"embeddable":true,"href":"https:\/\/baijiabags.com\/it\/wp-json\/wp\/v2\/media\/1937"}],"wp:attachment":[{"href":"https:\/\/baijiabags.com\/it\/wp-json\/wp\/v2\/media?parent=1934"}],"wp:term":[{"taxonomy":"product_brand","embeddable":true,"href":"https:\/\/baijiabags.com\/it\/wp-json\/wp\/v2\/product_brand?post=1934"},{"taxonomy":"product_cat","embeddable":true,"href":"https:\/\/baijiabags.com\/it\/wp-json\/wp\/v2\/product_cat?post=1934"},{"taxonomy":"product_tag","embeddable":true,"href":"https:\/\/baijiabags.com\/it\/wp-json\/wp\/v2\/product_tag?post=1934"}],"curies":[{"name":"wp","href":"https:\/\/api.w.org\/{rel}","templated":true}]}}