{"id":1671,"date":"2025-09-18T01:44:25","date_gmt":"2025-09-18T01:44:25","guid":{"rendered":"https:\/\/baijiabags.com\/?post_type=product&#038;p=1671"},"modified":"2025-11-01T01:21:58","modified_gmt":"2025-11-01T01:21:58","slug":"wholesale-womens-pu-messenger-bag-with-custom-logo-factory-price","status":"publish","type":"product","link":"https:\/\/baijiabags.com\/it\/prodotto\/wholesale-womens-pu-messenger-bag-with-custom-logo-factory-price\/","title":{"rendered":"Commercio all'ingrosso Donna PU Messenger Bag con Logo personalizzato - Prezzo di fabbrica"},"content":{"rendered":"<h2 data-start=\"768\" data-end=\"785\">Caratteristiche principali<\/h2>\n<ol data-start=\"787\" data-end=\"1799\">\n<li data-start=\"787\" data-end=\"925\">\n<p data-start=\"790\" data-end=\"925\"><strong data-start=\"790\" data-end=\"813\">Materiale PU resistente<\/strong> - La borsa \u00e8 stata realizzata con pelle PU di alta qualit\u00e0, che garantisce resistenza all'usura e lunga durata.<\/p>\n<\/li>\n<li data-start=\"926\" data-end=\"1051\">\n<p data-start=\"929\" data-end=\"1051\"><strong data-start=\"929\" data-end=\"951\">Design leggero<\/strong> - Un peso netto di soli <strong data-start=\"975\" data-end=\"986\">0,48 kg<\/strong> per un trasporto confortevole durante tutta la giornata.<\/p>\n<\/li>\n<li data-start=\"1052\" data-end=\"1153\">\n<p data-start=\"1055\" data-end=\"1153\"><strong data-start=\"1055\" data-end=\"1078\">Funzione impermeabile<\/strong> - \u00c8 stata prevista una protezione contro le fuoriuscite accidentali e la pioggia leggera.<\/p>\n<\/li>\n<li data-start=\"1154\" data-end=\"1293\">\n<p data-start=\"1157\" data-end=\"1293\"><strong data-start=\"1157\" data-end=\"1178\">Capacit\u00e0 spaziosa<\/strong> - \u00c8 possibile sistemare facilmente un iPad, un telefono cellulare, un ombrello pieghevole, cosmetici e altri oggetti di uso quotidiano.<\/p>\n<\/li>\n<li data-start=\"1294\" data-end=\"1443\">\n<p data-start=\"1297\" data-end=\"1443\"><strong data-start=\"1297\" data-end=\"1324\">Scomparti strutturati<\/strong> - Uno scomparto principale, una tasca interna con cerniera e due tasche interne pi\u00f9 piccole sono state organizzate per una migliore organizzazione.<\/p>\n<\/li>\n<li data-start=\"1444\" data-end=\"1564\">\n<p data-start=\"1447\" data-end=\"1564\"><strong data-start=\"1447\" data-end=\"1477\">Opzioni di trasporto versatili<\/strong> - \u00c8 possibile applicare sia il metodo crossbody che quello a mano, a seconda delle preferenze dell'utente.<\/p>\n<\/li>\n<li data-start=\"1565\" data-end=\"1678\">\n<p data-start=\"1568\" data-end=\"1678\"><strong data-start=\"1568\" data-end=\"1591\">Design personalizzabile<\/strong> - I motivi e i colori del logo possono essere personalizzati per la promozione del marchio o per le esigenze dei regali.<\/p>\n<\/li>\n<li data-start=\"1679\" data-end=\"1799\">\n<p data-start=\"1682\" data-end=\"1799\"><strong data-start=\"1682\" data-end=\"1708\">Aspetto alla moda<\/strong> - Il look moderno adottato lo rende adatto a molteplici occasioni e abbinamenti.<\/p>\n<\/li>\n<\/ol>\n<figure id=\"attachment_1672\" aria-describedby=\"caption-attachment-1672\" style=\"width: 750px\" class=\"wp-caption aligncenter\"><img fetchpriority=\"high\" decoding=\"async\" class=\"wp-image-1672 size-full\" src=\"https:\/\/baijiabags.com\/wp-content\/uploads\/2025\/09\/GB-0424.png\" alt=\"GB 0424\" width=\"750\" height=\"541\" srcset=\"https:\/\/baijiabags.com\/wp-content\/uploads\/2025\/09\/GB-0424.png 750w, https:\/\/baijiabags.com\/wp-content\/uploads\/2025\/09\/GB-0424-300x216.png 300w, https:\/\/baijiabags.com\/wp-content\/uploads\/2025\/09\/GB-0424-600x433.png 600w\" sizes=\"(max-width: 750px) 100vw, 750px\" \/><figcaption id=\"caption-attachment-1672\" class=\"wp-caption-text\">GB 0424<\/figcaption><\/figure>\n<h2 data-start=\"1806\" data-end=\"1825\">Specifiche tecniche<\/h2>\n<div class=\"_tableContainer_1rjym_1\">\n<div class=\"group _tableWrapper_1rjym_13 flex w-fit flex-col-reverse\" tabindex=\"-1\">\n<table class=\"w-fit min-w-(--thread-content-width)\" data-start=\"1827\" data-end=\"3643\">\n<thead data-start=\"1827\" data-end=\"1932\">\n<tr data-start=\"1827\" data-end=\"1932\">\n<th data-start=\"1827\" data-end=\"1853\" data-col-size=\"sm\"><strong data-start=\"1829\" data-end=\"1842\">Parametro<\/strong><\/th>\n<th data-start=\"1853\" data-end=\"1932\" data-col-size=\"md\"><strong data-start=\"1855\" data-end=\"1866\">Dettagli<\/strong><\/th>\n<\/tr>\n<\/thead>\n<tbody data-start=\"2040\" data-end=\"3643\">\n<tr data-start=\"2040\" data-end=\"2145\">\n<td data-start=\"2040\" data-end=\"2067\" data-col-size=\"sm\">Nome del prodotto<\/td>\n<td data-start=\"2067\" data-end=\"2145\" data-col-size=\"md\">Borsa da donna \/ Messenger<\/td>\n<\/tr>\n<tr data-start=\"2146\" data-end=\"2252\">\n<td data-start=\"2146\" data-end=\"2173\" data-col-size=\"sm\">Marchio<\/td>\n<td data-start=\"2173\" data-end=\"2252\" data-col-size=\"md\">RONEER<\/td>\n<\/tr>\n<tr data-start=\"2253\" data-end=\"2359\">\n<td data-start=\"2253\" data-end=\"2280\" data-col-size=\"sm\">Numero di modello<\/td>\n<td data-start=\"2280\" data-end=\"2359\" data-col-size=\"md\">GB-0424<\/td>\n<\/tr>\n<tr data-start=\"2360\" data-end=\"2466\">\n<td data-start=\"2360\" data-end=\"2387\" data-col-size=\"sm\">Luogo di origine<\/td>\n<td data-start=\"2387\" data-end=\"2466\" data-col-size=\"md\">Guangdong, Cina<\/td>\n<\/tr>\n<tr data-start=\"2467\" data-end=\"2573\">\n<td data-start=\"2467\" data-end=\"2494\" data-col-size=\"sm\">Stile<\/td>\n<td data-start=\"2494\" data-end=\"2573\" data-col-size=\"md\">Borsa messenger di moda<\/td>\n<\/tr>\n<tr data-start=\"2574\" data-end=\"2680\">\n<td data-start=\"2574\" data-end=\"2601\" data-col-size=\"sm\">Materiale<\/td>\n<td data-start=\"2601\" data-end=\"2680\" data-col-size=\"md\">PU (pelle di poliuretano)<\/td>\n<\/tr>\n<tr data-start=\"2681\" data-end=\"2787\">\n<td data-start=\"2681\" data-end=\"2708\" data-col-size=\"sm\">Peso<\/td>\n<td data-start=\"2708\" data-end=\"2787\" data-col-size=\"md\">0,48 kg<\/td>\n<\/tr>\n<tr data-start=\"2788\" data-end=\"2894\">\n<td data-start=\"2788\" data-end=\"2815\" data-col-size=\"sm\">Struttura<\/td>\n<td data-start=\"2815\" data-end=\"2894\" data-col-size=\"md\">Scomparto principale + tasca interna con cerniera + 2 tasche interne<\/td>\n<\/tr>\n<tr data-start=\"2895\" data-end=\"3001\">\n<td data-start=\"2895\" data-end=\"2922\" data-col-size=\"sm\">Colore<\/td>\n<td data-start=\"2922\" data-end=\"3001\" data-col-size=\"md\">Personalizzabile<\/td>\n<\/tr>\n<tr data-start=\"3002\" data-end=\"3108\">\n<td data-start=\"3002\" data-end=\"3029\" data-col-size=\"sm\">Modello<\/td>\n<td data-start=\"3029\" data-end=\"3108\" data-col-size=\"md\">Logo personalizzato disponibile<\/td>\n<\/tr>\n<tr data-start=\"3109\" data-end=\"3215\">\n<td data-start=\"3109\" data-end=\"3136\" data-col-size=\"sm\">Metodi di utilizzo<\/td>\n<td data-start=\"3136\" data-end=\"3215\" data-col-size=\"md\">Crossbody \/ Portabile a mano<\/td>\n<\/tr>\n<tr data-start=\"3216\" data-end=\"3322\">\n<td data-start=\"3216\" data-end=\"3243\" data-col-size=\"sm\">Caratteristica<\/td>\n<td data-start=\"3243\" data-end=\"3322\" data-col-size=\"md\">Impermeabile<\/td>\n<\/tr>\n<tr data-start=\"3323\" data-end=\"3429\">\n<td data-start=\"3323\" data-end=\"3350\" data-col-size=\"sm\">Capacit\u00e0<\/td>\n<td data-start=\"3350\" data-end=\"3429\" data-col-size=\"md\">Adatto a iPad, telefono cellulare, ombrello pieghevole, cosmetici e oggetti di uso quotidiano<\/td>\n<\/tr>\n<tr data-start=\"3430\" data-end=\"3536\">\n<td data-start=\"3430\" data-end=\"3457\" data-col-size=\"sm\">MOQ<\/td>\n<td data-start=\"3457\" data-end=\"3536\" data-col-size=\"md\">300 pezzi<\/td>\n<\/tr>\n<tr data-start=\"3537\" data-end=\"3643\">\n<td data-start=\"3537\" data-end=\"3564\" data-col-size=\"sm\">Campo di applicazione<\/td>\n<td data-start=\"3564\" data-end=\"3643\" data-col-size=\"md\">Viaggi, shopping, lavoro, tempo libero e uso quotidiano<\/td>\n<\/tr>\n<\/tbody>\n<\/table>\n<\/div>\n<\/div>\n<h2 data-start=\"3650\" data-end=\"3667\">Applicazioni<\/h2>\n<ul data-start=\"3669\" data-end=\"4149\">\n<li data-start=\"3669\" data-end=\"3785\">\n<p data-start=\"3671\" data-end=\"3785\">La borsa \u00e8 stata ampiamente applicata in <strong data-start=\"3706\" data-end=\"3725\">pendolarismo quotidiano<\/strong>che offre spazio per gli oggetti essenziali, come telefoni e cosmetici.<\/p>\n<\/li>\n<li data-start=\"3786\" data-end=\"3905\">\n<p data-start=\"3788\" data-end=\"3905\">\u00c8 stato utilizzato durante <strong data-start=\"3812\" data-end=\"3822\">viaggio<\/strong>La struttura leggera e la grande capacit\u00e0 sono state combinate per garantire la convenienza.<\/p>\n<\/li>\n<li data-start=\"3906\" data-end=\"4021\">\n<p data-start=\"3908\" data-end=\"4021\">Sono stati selezionati design eleganti per <strong data-start=\"3947\" data-end=\"3977\">shopping o uscite occasionali<\/strong>, garantendo al contempo praticit\u00e0 ed eleganza.<\/p>\n<\/li>\n<li data-start=\"4022\" data-end=\"4149\">\n<p data-start=\"4024\" data-end=\"4149\">Grazie all'opzione del logo personalizzabile, la borsa \u00e8 stata adottata per <strong data-start=\"4102\" data-end=\"4146\">regali aziendali ed eventi promozionali<\/strong>.<\/p>\n<\/li>\n<\/ul>","protected":false},"excerpt":{"rendered":"<p>Il <strong data-start=\"280\" data-end=\"335\">Ingrosso Borsa messenger donna in PU con logo personalizzato<\/strong> \u00e8 stato progettato con il marchio <strong data-start=\"370\" data-end=\"380\">RONEER<\/strong>. Lo stile \u00e8 alla moda e la borsa \u00e8 realizzata in materiale PU di prima qualit\u00e0. Con un corpo leggero di <strong data-start=\"503\" data-end=\"514\">0,48 kg<\/strong>\u00c8 stata assicurata una comoda trasportabilit\u00e0. Durante la sua creazione sono state prese in considerazione diverse occasioni, come la vita quotidiana e i viaggi. \u00c8 possibile supportare loghi e colori personalizzati, in modo da valorizzare efficacemente l'identit\u00e0 del marchio e lo stile personale.<\/p>","protected":false},"featured_media":1680,"comment_status":"open","ping_status":"closed","template":"","meta":{"site-sidebar-layout":"default","site-content-layout":"","ast-site-content-layout":"default","site-content-style":"default","site-sidebar-style":"default","ast-global-header-display":"","ast-banner-title-visibility":"","ast-main-header-display":"","ast-hfb-above-header-display":"","ast-hfb-below-header-display":"","ast-hfb-mobile-header-display":"","site-post-title":"","ast-breadcrumbs-content":"","ast-featured-img":"","footer-sml-layout":"","ast-disable-related-posts":"","theme-transparent-header-meta":"default","adv-header-id-meta":"","stick-header-meta":"","header-above-stick-meta":"","header-main-stick-meta":"","header-below-stick-meta":"","astra-migrate-meta-layouts":"set","ast-page-background-enabled":"default","ast-page-background-meta":{"desktop":{"background-color":"var(--ast-global-color-5)","background-image":"","background-repeat":"repeat","background-position":"center center","background-size":"auto","background-attachment":"scroll","background-type":"","background-media":"","overlay-type":"","overlay-color":"","overlay-opacity":"","overlay-gradient":""},"tablet":{"background-color":"","background-image":"","background-repeat":"repeat","background-position":"center center","background-size":"auto","background-attachment":"scroll","background-type":"","background-media":"","overlay-type":"","overlay-color":"","overlay-opacity":"","overlay-gradient":""},"mobile":{"background-color":"","background-image":"","background-repeat":"repeat","background-position":"center center","background-size":"auto","background-attachment":"scroll","background-type":"","background-media":"","overlay-type":"","overlay-color":"","overlay-opacity":"","overlay-gradient":""}},"ast-content-background-meta":{"desktop":{"background-color":"var(--ast-global-color-4)","background-image":"","background-repeat":"repeat","background-position":"center center","background-size":"auto","background-attachment":"scroll","background-type":"","background-media":"","overlay-type":"","overlay-color":"","overlay-opacity":"","overlay-gradient":""},"tablet":{"background-color":"var(--ast-global-color-4)","background-image":"","background-repeat":"repeat","background-position":"center center","background-size":"auto","background-attachment":"scroll","background-type":"","background-media":"","overlay-type":"","overlay-color":"","overlay-opacity":"","overlay-gradient":""},"mobile":{"background-color":"var(--ast-global-color-4)","background-image":"","background-repeat":"repeat","background-position":"center center","background-size":"auto","background-attachment":"scroll","background-type":"","background-media":"","overlay-type":"","overlay-color":"","overlay-opacity":"","overlay-gradient":""}}},"product_brand":[],"product_cat":[42,54],"product_tag":[],"class_list":{"0":"post-1671","1":"product","2":"type-product","3":"status-publish","4":"has-post-thumbnail","6":"product_cat-hand-bag","7":"product_cat-womens-bag","8":"desktop-align-left","9":"tablet-align-left","10":"mobile-align-left","12":"first","13":"instock","14":"shipping-taxable","15":"product-type-simple"},"_links":{"self":[{"href":"https:\/\/baijiabags.com\/it\/wp-json\/wp\/v2\/product\/1671","targetHints":{"allow":["GET"]}}],"collection":[{"href":"https:\/\/baijiabags.com\/it\/wp-json\/wp\/v2\/product"}],"about":[{"href":"https:\/\/baijiabags.com\/it\/wp-json\/wp\/v2\/types\/product"}],"replies":[{"embeddable":true,"href":"https:\/\/baijiabags.com\/it\/wp-json\/wp\/v2\/comments?post=1671"}],"wp:featuredmedia":[{"embeddable":true,"href":"https:\/\/baijiabags.com\/it\/wp-json\/wp\/v2\/media\/1680"}],"wp:attachment":[{"href":"https:\/\/baijiabags.com\/it\/wp-json\/wp\/v2\/media?parent=1671"}],"wp:term":[{"taxonomy":"product_brand","embeddable":true,"href":"https:\/\/baijiabags.com\/it\/wp-json\/wp\/v2\/product_brand?post=1671"},{"taxonomy":"product_cat","embeddable":true,"href":"https:\/\/baijiabags.com\/it\/wp-json\/wp\/v2\/product_cat?post=1671"},{"taxonomy":"product_tag","embeddable":true,"href":"https:\/\/baijiabags.com\/it\/wp-json\/wp\/v2\/product_tag?post=1671"}],"curies":[{"name":"wp","href":"https:\/\/api.w.org\/{rel}","templated":true}]}}