{"id":1541,"date":"2025-09-16T06:52:35","date_gmt":"2025-09-16T06:52:35","guid":{"rendered":"https:\/\/baijiabags.com\/?post_type=product&#038;p=1541"},"modified":"2025-11-01T01:21:59","modified_gmt":"2025-11-01T01:21:59","slug":"factory-wholesale-custom-women-pvc-leather-shoulder-bag-large-capacity-tote-for-daily-use","status":"publish","type":"product","link":"https:\/\/baijiabags.com\/it\/prodotto\/factory-wholesale-custom-women-pvc-leather-shoulder-bag-large-capacity-tote-for-daily-use\/","title":{"rendered":"Fabbrica all'ingrosso Donne personalizzate in PVC Borsa a tracolla Tote di grande capacit\u00e0 per uso quotidiano"},"content":{"rendered":"<h2 data-start=\"758\" data-end=\"775\">Caratteristiche principali<\/h2>\n<ol data-start=\"777\" data-end=\"1750\">\n<li data-start=\"777\" data-end=\"920\">\n<p data-start=\"780\" data-end=\"920\"><strong data-start=\"780\" data-end=\"798\">Grande capacit\u00e0<\/strong> - Lo spazioso scomparto principale consente di riporre comodamente gli oggetti di uso quotidiano e le cose essenziali per il lavoro.<\/p>\n<\/li>\n<li data-start=\"921\" data-end=\"1021\">\n<p data-start=\"924\" data-end=\"1021\"><strong data-start=\"924\" data-end=\"946\">Design leggero<\/strong> - Il peso di soli 0,36 kg \u00e8 stato mantenuto per un comodo utilizzo quotidiano.<\/p>\n<\/li>\n<li data-start=\"1022\" data-end=\"1141\">\n<p data-start=\"1025\" data-end=\"1141\"><strong data-start=\"1025\" data-end=\"1045\">Materiale resistente<\/strong> - La pelle PU di alta qualit\u00e0 \u00e8 stata applicata per garantire resistenza, impermeabilit\u00e0 e facilit\u00e0 di pulizia.<\/p>\n<\/li>\n<li data-start=\"1142\" data-end=\"1260\">\n<p data-start=\"1145\" data-end=\"1260\"><strong data-start=\"1145\" data-end=\"1169\">Struttura funzionale<\/strong> - Una tasca interna con cerniera e due tasche aperte sono state incluse per una conservazione organizzata.<\/p>\n<\/li>\n<li data-start=\"1261\" data-end=\"1389\">\n<p data-start=\"1264\" data-end=\"1389\"><strong data-start=\"1264\" data-end=\"1294\">Opzioni di colore personalizzabili<\/strong> - \u00c8 possibile selezionare un'ampia gamma di colori per adattarsi a diversi mercati o preferenze personali.<\/p>\n<\/li>\n<li data-start=\"1390\" data-end=\"1504\">\n<p data-start=\"1393\" data-end=\"1504\"><strong data-start=\"1393\" data-end=\"1423\">Metodi di trasporto versatili<\/strong> - I modelli crossbody e hand-carry sono stati supportati per diverse occasioni.<\/p>\n<\/li>\n<li data-start=\"1505\" data-end=\"1631\">\n<p data-start=\"1508\" data-end=\"1631\"><strong data-start=\"1508\" data-end=\"1535\">Impermeabile e portatile<\/strong> - La protezione quotidiana contro le fuoriuscite e le intemperie \u00e8 stata assicurata mantenendo la portabilit\u00e0.<\/p>\n<\/li>\n<li data-start=\"1632\" data-end=\"1750\">\n<p data-start=\"1635\" data-end=\"1750\"><strong data-start=\"1635\" data-end=\"1656\">Stile alla moda<\/strong> - Un look minimalista e moderno \u00e8 stato creato per ambienti casual e professionali.<\/p>\n<\/li>\n<\/ol>\n<figure id=\"attachment_1542\" aria-describedby=\"caption-attachment-1542\" style=\"width: 750px\" class=\"wp-caption aligncenter\"><img fetchpriority=\"high\" decoding=\"async\" class=\"wp-image-1542 size-full\" src=\"https:\/\/baijiabags.com\/wp-content\/uploads\/2025\/09\/GB-0422.png\" alt=\"GB 0422\" width=\"750\" height=\"637\" srcset=\"https:\/\/baijiabags.com\/wp-content\/uploads\/2025\/09\/GB-0422.png 750w, https:\/\/baijiabags.com\/wp-content\/uploads\/2025\/09\/GB-0422-300x255.png 300w, https:\/\/baijiabags.com\/wp-content\/uploads\/2025\/09\/GB-0422-600x510.png 600w\" sizes=\"(max-width: 750px) 100vw, 750px\" \/><figcaption id=\"caption-attachment-1542\" class=\"wp-caption-text\">GB 0422<\/figcaption><\/figure>\n<h2 data-start=\"1757\" data-end=\"1776\">Specifiche tecniche<\/h2>\n<div class=\"_tableContainer_1rjym_1\">\n<div class=\"group _tableWrapper_1rjym_13 flex w-fit flex-col-reverse\" tabindex=\"-1\">\n<table class=\"w-fit min-w-(--thread-content-width)\" data-start=\"1778\" data-end=\"2856\">\n<thead data-start=\"1778\" data-end=\"1845\">\n<tr data-start=\"1778\" data-end=\"1845\">\n<th data-start=\"1778\" data-end=\"1803\" data-col-size=\"sm\"><strong data-start=\"1780\" data-end=\"1797\">Specifiche<\/strong><\/th>\n<th data-start=\"1803\" data-end=\"1845\" data-col-size=\"md\"><strong data-start=\"1805\" data-end=\"1816\">Dettagli<\/strong><\/th>\n<\/tr>\n<\/thead>\n<tbody data-start=\"1915\" data-end=\"2856\">\n<tr data-start=\"1915\" data-end=\"1983\">\n<td data-start=\"1915\" data-end=\"1941\" data-col-size=\"sm\">Nome del prodotto<\/td>\n<td data-start=\"1941\" data-end=\"1983\" data-col-size=\"md\">Borsa da donna<\/td>\n<\/tr>\n<tr data-start=\"1984\" data-end=\"2052\">\n<td data-start=\"1984\" data-end=\"2010\" data-col-size=\"sm\">Marchio<\/td>\n<td data-start=\"2010\" data-end=\"2052\" data-col-size=\"md\">RONEER<\/td>\n<\/tr>\n<tr data-start=\"2053\" data-end=\"2121\">\n<td data-start=\"2053\" data-end=\"2079\" data-col-size=\"sm\">Modello<\/td>\n<td data-start=\"2079\" data-end=\"2121\" data-col-size=\"md\">GB-0422<\/td>\n<\/tr>\n<tr data-start=\"2122\" data-end=\"2190\">\n<td data-start=\"2122\" data-end=\"2148\" data-col-size=\"sm\">Luogo di origine<\/td>\n<td data-start=\"2148\" data-end=\"2190\" data-col-size=\"md\">Guangdong, Cina<\/td>\n<\/tr>\n<tr data-start=\"2191\" data-end=\"2259\">\n<td data-start=\"2191\" data-end=\"2217\" data-col-size=\"sm\">Stile<\/td>\n<td data-start=\"2217\" data-end=\"2259\" data-col-size=\"md\">Moda semplice<\/td>\n<\/tr>\n<tr data-start=\"2260\" data-end=\"2328\">\n<td data-start=\"2260\" data-end=\"2286\" data-col-size=\"sm\">Materiale principale<\/td>\n<td data-start=\"2286\" data-end=\"2328\" data-col-size=\"md\">Pelle PU<\/td>\n<\/tr>\n<tr data-start=\"2329\" data-end=\"2397\">\n<td data-start=\"2329\" data-end=\"2355\" data-col-size=\"sm\">Peso<\/td>\n<td data-start=\"2355\" data-end=\"2397\" data-col-size=\"md\">0,36 kg<\/td>\n<\/tr>\n<tr data-start=\"2398\" data-end=\"2486\">\n<td data-start=\"2398\" data-end=\"2424\" data-col-size=\"sm\">Struttura<\/td>\n<td data-start=\"2424\" data-end=\"2486\" data-col-size=\"md\">1 tasca interna con cerniera, scomparto principale, 2 tasche interne<\/td>\n<\/tr>\n<tr data-start=\"2487\" data-end=\"2555\">\n<td data-start=\"2487\" data-end=\"2513\" data-col-size=\"sm\">Metodi di trasporto<\/td>\n<td data-start=\"2513\" data-end=\"2555\" data-col-size=\"md\">Crossbody \/ Portabile a mano<\/td>\n<\/tr>\n<tr data-start=\"2556\" data-end=\"2624\">\n<td data-start=\"2556\" data-end=\"2582\" data-col-size=\"sm\">Colore<\/td>\n<td data-start=\"2582\" data-end=\"2624\" data-col-size=\"md\">Personalizzabile<\/td>\n<\/tr>\n<tr data-start=\"2625\" data-end=\"2694\">\n<td data-start=\"2625\" data-end=\"2651\" data-col-size=\"sm\">Caratteristiche<\/td>\n<td data-start=\"2651\" data-end=\"2694\" data-col-size=\"md\">Resistente all'acqua, impermeabile, portatile<\/td>\n<\/tr>\n<tr data-start=\"2695\" data-end=\"2787\">\n<td data-start=\"2695\" data-end=\"2721\" data-col-size=\"sm\">Capacit\u00e0<\/td>\n<td data-start=\"2721\" data-end=\"2787\" data-col-size=\"md\">iPad, telefono cellulare, ombrello pieghevole, cosmetici, oggetti essenziali<\/td>\n<\/tr>\n<tr data-start=\"2788\" data-end=\"2856\">\n<td data-start=\"2788\" data-end=\"2814\" data-col-size=\"sm\">MOQ<\/td>\n<td data-start=\"2814\" data-end=\"2856\" data-col-size=\"md\">300 pezzi<\/td>\n<\/tr>\n<\/tbody>\n<\/table>\n<\/div>\n<\/div>\n<h2 data-start=\"2863\" data-end=\"2879\">Applicazione<\/h2>\n<ul data-start=\"2881\" data-end=\"3184\">\n<li data-start=\"2881\" data-end=\"2947\">\n<p data-start=\"2883\" data-end=\"2947\"><strong data-start=\"2883\" data-end=\"2897\">Vita quotidiana<\/strong> - Gli oggetti di uso quotidiano possono essere trasportati con facilit\u00e0.<\/p>\n<\/li>\n<li data-start=\"2948\" data-end=\"3019\">\n<p data-start=\"2950\" data-end=\"3019\"><strong data-start=\"2950\" data-end=\"2960\">Viaggi<\/strong> - Il design compatto consente un comodo utilizzo durante i viaggi.<\/p>\n<\/li>\n<li data-start=\"3020\" data-end=\"3106\">\n<p data-start=\"3022\" data-end=\"3106\"><strong data-start=\"3022\" data-end=\"3034\">Affari<\/strong> - L'aspetto professionale \u00e8 stato creato per soddisfare le esigenze del luogo di lavoro.<\/p>\n<\/li>\n<li data-start=\"3107\" data-end=\"3184\">\n<p data-start=\"3109\" data-end=\"3184\"><strong data-start=\"3109\" data-end=\"3120\">Tempo libero<\/strong> - Le uscite e le attivit\u00e0 occasionali possono essere sostenute comodamente.<\/p>\n<\/li>\n<\/ul>\n<p data-start=\"3191\" data-end=\"3392\">Se si \u00e8 sviluppato un interesse per questo <strong data-start=\"3230\" data-end=\"3273\">RONEER Borsa a tracolla da donna in pelle e PVC<\/strong>, i campioni possono essere forniti su richiesta. <strong data-start=\"3313\" data-end=\"3335\">Servizi ODM e OEM<\/strong> sono supportati per gli ordini di grandi quantit\u00e0 e per la personalizzazione del marchio.<\/p>","protected":false},"excerpt":{"rendered":"<p>Il <strong data-start=\"211\" data-end=\"270\">Fabbrica all'ingrosso Donne personalizzate PVC Borsa a tracolla in pelle<\/strong> da <strong data-start=\"274\" data-end=\"284\">RONEER<\/strong> \u00e8 stata progettata come una borsa di grande capacit\u00e0 adatta all'uso quotidiano. Il prodotto \u00e8 fabbricato nel Guangdong, in Cina, ed \u00e8 stato realizzato per combinare uno stile moderno con una pratica funzionalit\u00e0. Grazie al suo design leggero e alla sua struttura versatile, pu\u00f2 essere portata sia come crossbody che come tote a mano. La sua capacit\u00e0 consente di riporre con facilit\u00e0 oggetti essenziali come iPad, telefono cellulare, ombrello pieghevole, cosmetici e altri oggetti di uso frequente.<\/p>","protected":false},"featured_media":1543,"comment_status":"open","ping_status":"closed","template":"","meta":{"site-sidebar-layout":"default","site-content-layout":"","ast-site-content-layout":"default","site-content-style":"default","site-sidebar-style":"default","ast-global-header-display":"","ast-banner-title-visibility":"","ast-main-header-display":"","ast-hfb-above-header-display":"","ast-hfb-below-header-display":"","ast-hfb-mobile-header-display":"","site-post-title":"","ast-breadcrumbs-content":"","ast-featured-img":"","footer-sml-layout":"","ast-disable-related-posts":"","theme-transparent-header-meta":"default","adv-header-id-meta":"","stick-header-meta":"","header-above-stick-meta":"","header-main-stick-meta":"","header-below-stick-meta":"","astra-migrate-meta-layouts":"set","ast-page-background-enabled":"default","ast-page-background-meta":{"desktop":{"background-color":"var(--ast-global-color-5)","background-image":"","background-repeat":"repeat","background-position":"center center","background-size":"auto","background-attachment":"scroll","background-type":"","background-media":"","overlay-type":"","overlay-color":"","overlay-opacity":"","overlay-gradient":""},"tablet":{"background-color":"","background-image":"","background-repeat":"repeat","background-position":"center center","background-size":"auto","background-attachment":"scroll","background-type":"","background-media":"","overlay-type":"","overlay-color":"","overlay-opacity":"","overlay-gradient":""},"mobile":{"background-color":"","background-image":"","background-repeat":"repeat","background-position":"center center","background-size":"auto","background-attachment":"scroll","background-type":"","background-media":"","overlay-type":"","overlay-color":"","overlay-opacity":"","overlay-gradient":""}},"ast-content-background-meta":{"desktop":{"background-color":"var(--ast-global-color-4)","background-image":"","background-repeat":"repeat","background-position":"center center","background-size":"auto","background-attachment":"scroll","background-type":"","background-media":"","overlay-type":"","overlay-color":"","overlay-opacity":"","overlay-gradient":""},"tablet":{"background-color":"var(--ast-global-color-4)","background-image":"","background-repeat":"repeat","background-position":"center center","background-size":"auto","background-attachment":"scroll","background-type":"","background-media":"","overlay-type":"","overlay-color":"","overlay-opacity":"","overlay-gradient":""},"mobile":{"background-color":"var(--ast-global-color-4)","background-image":"","background-repeat":"repeat","background-position":"center center","background-size":"auto","background-attachment":"scroll","background-type":"","background-media":"","overlay-type":"","overlay-color":"","overlay-opacity":"","overlay-gradient":""}}},"product_brand":[],"product_cat":[42,54],"product_tag":[],"class_list":{"0":"post-1541","1":"product","2":"type-product","3":"status-publish","4":"has-post-thumbnail","6":"product_cat-hand-bag","7":"product_cat-womens-bag","8":"desktop-align-left","9":"tablet-align-left","10":"mobile-align-left","12":"first","13":"instock","14":"shipping-taxable","15":"product-type-simple"},"_links":{"self":[{"href":"https:\/\/baijiabags.com\/it\/wp-json\/wp\/v2\/product\/1541","targetHints":{"allow":["GET"]}}],"collection":[{"href":"https:\/\/baijiabags.com\/it\/wp-json\/wp\/v2\/product"}],"about":[{"href":"https:\/\/baijiabags.com\/it\/wp-json\/wp\/v2\/types\/product"}],"replies":[{"embeddable":true,"href":"https:\/\/baijiabags.com\/it\/wp-json\/wp\/v2\/comments?post=1541"}],"wp:featuredmedia":[{"embeddable":true,"href":"https:\/\/baijiabags.com\/it\/wp-json\/wp\/v2\/media\/1543"}],"wp:attachment":[{"href":"https:\/\/baijiabags.com\/it\/wp-json\/wp\/v2\/media?parent=1541"}],"wp:term":[{"taxonomy":"product_brand","embeddable":true,"href":"https:\/\/baijiabags.com\/it\/wp-json\/wp\/v2\/product_brand?post=1541"},{"taxonomy":"product_cat","embeddable":true,"href":"https:\/\/baijiabags.com\/it\/wp-json\/wp\/v2\/product_cat?post=1541"},{"taxonomy":"product_tag","embeddable":true,"href":"https:\/\/baijiabags.com\/it\/wp-json\/wp\/v2\/product_tag?post=1541"}],"curies":[{"name":"wp","href":"https:\/\/api.w.org\/{rel}","templated":true}]}}