{"id":1129,"date":"2025-09-10T06:04:08","date_gmt":"2025-09-10T06:04:08","guid":{"rendered":"https:\/\/baijiabags.com\/?post_type=product&#038;p=1129"},"modified":"2025-11-01T01:22:00","modified_gmt":"2025-11-01T01:22:00","slug":"womens-pu-leather-tote-bag-waterproof-linen-summer","status":"publish","type":"product","link":"https:\/\/baijiabags.com\/it\/prodotto\/womens-pu-leather-tote-bag-waterproof-linen-summer\/","title":{"rendered":"Womens Lightweight PU Leather Tote Handbag Custom Multi Purpose Waterproof Linen Summer Bag for Daily Commute and Travel (Borsa estiva in lino impermeabile per uso quotidiano)"},"content":{"rendered":"<h2 data-start=\"1003\" data-end=\"1019\">Caratteristiche principali<\/h2>\n<ol data-start=\"1021\" data-end=\"1704\">\n<li data-start=\"1021\" data-end=\"1093\">\n<p data-start=\"1024\" data-end=\"1093\">Il design leggero garantisce un trasporto confortevole per tutta la giornata.<\/p>\n<\/li>\n<li data-start=\"1094\" data-end=\"1168\">\n<p data-start=\"1097\" data-end=\"1168\">Realizzato con materiali resistenti <strong data-start=\"1115\" data-end=\"1129\">Pelle PU<\/strong>, che offre una consistenza morbida e liscia.<\/p>\n<\/li>\n<li data-start=\"1169\" data-end=\"1278\">\n<p data-start=\"1172\" data-end=\"1278\">Interno multifunzionale progettato per riporre <strong data-start=\"1216\" data-end=\"1275\">Riviste, tablet, telefoni, ombrelli e cosmetici in formato A4<\/strong>.<\/p>\n<\/li>\n<li data-start=\"1279\" data-end=\"1356\">\n<p data-start=\"1282\" data-end=\"1356\"><strong data-start=\"1282\" data-end=\"1308\">Fodera resistente all'acqua<\/strong> protegge il contenuto da fuoriuscite e pioggia leggera.<\/p>\n<\/li>\n<li data-start=\"1357\" data-end=\"1442\">\n<p data-start=\"1360\" data-end=\"1442\"><strong data-start=\"1360\" data-end=\"1390\">Opzioni di colore personalizzabili<\/strong> consentono la personalizzazione in base alle preferenze di stile.<\/p>\n<\/li>\n<li data-start=\"1443\" data-end=\"1526\">\n<p data-start=\"1446\" data-end=\"1526\">Maniglie progettate per <strong data-start=\"1467\" data-end=\"1497\">trasporto a mano o con maniglia<\/strong>, che consente un utilizzo flessibile.<\/p>\n<\/li>\n<li data-start=\"1527\" data-end=\"1606\">\n<p data-start=\"1530\" data-end=\"1606\">Design vintage e alla moda, adatto a un'ampia gamma di occasioni.<\/p>\n<\/li>\n<li data-start=\"1607\" data-end=\"1704\">\n<p data-start=\"1610\" data-end=\"1704\">Personalizzazione del logo disponibile, con supporto <strong data-start=\"1651\" data-end=\"1675\">Servizi ODM e OEM<\/strong> per la personalizzazione del marchio.<\/p>\n<\/li>\n<\/ol>\n<p><img fetchpriority=\"high\" decoding=\"async\" class=\"aligncenter wp-image-1136\" src=\"https:\/\/baijiabags.com\/wp-content\/uploads\/2025\/09\/\u8be6\u60c5\u9875\u6a21\u7248-03-2-300x271.png\" alt=\"EBG19728\" width=\"750\" height=\"677\" srcset=\"https:\/\/baijiabags.com\/wp-content\/uploads\/2025\/09\/\u8be6\u60c5\u9875\u6a21\u7248-03-2-300x271.png 300w, https:\/\/baijiabags.com\/wp-content\/uploads\/2025\/09\/\u8be6\u60c5\u9875\u6a21\u7248-03-2-1024x925.png 1024w, https:\/\/baijiabags.com\/wp-content\/uploads\/2025\/09\/\u8be6\u60c5\u9875\u6a21\u7248-03-2-768x694.png 768w, https:\/\/baijiabags.com\/wp-content\/uploads\/2025\/09\/\u8be6\u60c5\u9875\u6a21\u7248-03-2-600x542.png 600w, https:\/\/baijiabags.com\/wp-content\/uploads\/2025\/09\/\u8be6\u60c5\u9875\u6a21\u7248-03-2.png 1031w\" sizes=\"(max-width: 750px) 100vw, 750px\" \/><\/p>\n<h2 data-start=\"1711\" data-end=\"1728\">Specifiche tecniche<\/h2>\n<div class=\"_tableContainer_1rjym_1\">\n<div class=\"_tableWrapper_1rjym_13 group flex w-fit flex-col-reverse\" tabindex=\"-1\">\n<table class=\"w-fit min-w-(--thread-content-width)\" data-start=\"1730\" data-end=\"2177\">\n<thead data-start=\"1730\" data-end=\"1753\">\n<tr data-start=\"1730\" data-end=\"1753\">\n<th data-start=\"1730\" data-end=\"1742\" data-col-size=\"sm\">Parametro<\/th>\n<th data-start=\"1742\" data-end=\"1753\" data-col-size=\"md\">Dettagli<\/th>\n<\/tr>\n<\/thead>\n<tbody data-start=\"1778\" data-end=\"2177\">\n<tr data-start=\"1778\" data-end=\"1811\">\n<td data-start=\"1778\" data-end=\"1793\" data-col-size=\"sm\">Nome del prodotto<\/td>\n<td data-start=\"1793\" data-end=\"1811\" data-col-size=\"md\">Borsa da donna<\/td>\n<\/tr>\n<tr data-start=\"1812\" data-end=\"1830\">\n<td data-start=\"1812\" data-end=\"1820\" data-col-size=\"sm\">Marchio<\/td>\n<td data-start=\"1820\" data-end=\"1830\" data-col-size=\"md\">RONEER<\/td>\n<\/tr>\n<tr data-start=\"1831\" data-end=\"1851\">\n<td data-start=\"1831\" data-end=\"1839\" data-col-size=\"sm\">Modello<\/td>\n<td data-start=\"1839\" data-end=\"1851\" data-col-size=\"md\">EBG19728<\/td>\n<\/tr>\n<tr data-start=\"1852\" data-end=\"1886\">\n<td data-start=\"1852\" data-end=\"1860\" data-col-size=\"sm\">Stile<\/td>\n<td data-start=\"1860\" data-end=\"1886\" data-col-size=\"md\">Moda, Signora, Vintage<\/td>\n<\/tr>\n<tr data-start=\"1887\" data-end=\"1912\">\n<td data-start=\"1887\" data-end=\"1898\" data-col-size=\"sm\">Materiale<\/td>\n<td data-start=\"1898\" data-end=\"1912\" data-col-size=\"md\">PU<\/td>\n<\/tr>\n<tr data-start=\"1913\" data-end=\"1942\">\n<td data-start=\"1913\" data-end=\"1923\" data-col-size=\"sm\">Modello<\/td>\n<td data-start=\"1923\" data-end=\"1942\" data-col-size=\"md\">Logo personalizzato<\/td>\n<\/tr>\n<tr data-start=\"1943\" data-end=\"1963\">\n<td data-start=\"1943\" data-end=\"1952\" data-col-size=\"sm\">Peso<\/td>\n<td data-start=\"1952\" data-end=\"1963\" data-col-size=\"md\">0,38 kg<\/td>\n<\/tr>\n<tr data-start=\"1964\" data-end=\"1988\">\n<td data-start=\"1964\" data-end=\"1972\" data-col-size=\"sm\">Colore<\/td>\n<td data-start=\"1972\" data-end=\"1988\" data-col-size=\"md\">Personalizzabile<\/td>\n<\/tr>\n<tr data-start=\"1989\" data-end=\"2036\">\n<td data-start=\"1989\" data-end=\"2007\" data-col-size=\"sm\">Metodo di trasporto<\/td>\n<td data-start=\"2007\" data-end=\"2036\" data-col-size=\"md\">Trasporto a mano \/ Trasporto a mano<\/td>\n<\/tr>\n<tr data-start=\"2037\" data-end=\"2117\">\n<td data-start=\"2037\" data-end=\"2048\" data-col-size=\"sm\">Capacit\u00e0<\/td>\n<td data-start=\"2048\" data-end=\"2117\" data-col-size=\"md\">Rivista A4 \/ iPad \/ cellulare \/ ombrello pieghevole \/ cosmetici<\/td>\n<\/tr>\n<tr data-start=\"2118\" data-end=\"2138\">\n<td data-start=\"2118\" data-end=\"2124\" data-col-size=\"sm\">MOQ<\/td>\n<td data-start=\"2124\" data-end=\"2138\" data-col-size=\"md\">300 pezzi<\/td>\n<\/tr>\n<tr data-start=\"2139\" data-end=\"2177\">\n<td data-start=\"2139\" data-end=\"2157\" data-col-size=\"sm\">Luogo di origine<\/td>\n<td data-start=\"2157\" data-end=\"2177\" data-col-size=\"md\">Guangdong, Cina<\/td>\n<\/tr>\n<\/tbody>\n<\/table>\n<\/div>\n<\/div>\n<h2>Applicazioni<\/h2>\n<ul data-start=\"2201\" data-end=\"2558\">\n<li data-start=\"2201\" data-end=\"2267\">\n<p data-start=\"2203\" data-end=\"2267\"><strong data-start=\"2203\" data-end=\"2216\">Uso quotidiano<\/strong>: Perfetto per l'ufficio, la scuola e le uscite casual.<\/p>\n<\/li>\n<li data-start=\"2268\" data-end=\"2353\">\n<p data-start=\"2270\" data-end=\"2353\"><strong data-start=\"2270\" data-end=\"2280\">Viaggi<\/strong>: Leggero e spazioso, ideale per trasportare gli oggetti essenziali durante i viaggi.<\/p>\n<\/li>\n<li data-start=\"2354\" data-end=\"2450\">\n<p data-start=\"2356\" data-end=\"2450\"><strong data-start=\"2356\" data-end=\"2368\">Shopping<\/strong>: Il design confortevole consente di trasportare facilmente gli oggetti personali e i piccoli acquisti.<\/p>\n<\/li>\n<li data-start=\"2451\" data-end=\"2558\">\n<p data-start=\"2453\" data-end=\"2558\"><strong data-start=\"2453\" data-end=\"2484\">Spiaggia o attivit\u00e0 ricreative<\/strong>: Pu\u00f2 contenere comodamente crema solare, occhiali da sole e altri oggetti personali.<\/p>\n<\/li>\n<\/ul>\n<p data-start=\"2565\" data-end=\"2748\">Se siete interessati a questa borsa, contattateci per richiedere un campione. <strong data-start=\"2639\" data-end=\"2663\">Servizi ODM e OEM<\/strong> sono disponibili a personalizzare design, colori e loghi per soddisfare le vostre esigenze di branding.<\/p>","protected":false},"excerpt":{"rendered":"<p>Il <strong data-start=\"328\" data-end=\"382\">RONEER Borsetta leggera da donna in pelle PU Tote<\/strong> \u00e8 progettata per l'uso quotidiano, i viaggi e le uscite informali. Realizzata in pelle PU di alta qualit\u00e0, questa borsa \u00e8 leggera ma resistente, pesando solo <strong data-start=\"531\" data-end=\"542\">0,38 kg<\/strong>che la rende ideale per le lunghe ore di utilizzo. La borsa \u00e8 stata progettata all'insegna della versatilit\u00e0, consentendo di trasportare oggetti essenziali quali <strong data-start=\"674\" data-end=\"742\">Riviste A4, iPad, telefoni cellulari, ombrelli pieghevoli, cosmetici.<\/strong>e altri oggetti di uso frequente. Il suo design vintage e alla moda fa s\u00ec che si abbini a diversi outfit e occasioni. La borsa \u00e8 prodotta in <strong data-start=\"894\" data-end=\"914\">Guangdong, Cina<\/strong>, secondo il modello <strong data-start=\"932\" data-end=\"944\">EBG19728<\/strong>con colori e modelli di logo personalizzabili.<\/p>","protected":false},"featured_media":1131,"comment_status":"open","ping_status":"closed","template":"","meta":{"site-sidebar-layout":"default","site-content-layout":"","ast-site-content-layout":"default","site-content-style":"default","site-sidebar-style":"default","ast-global-header-display":"","ast-banner-title-visibility":"","ast-main-header-display":"","ast-hfb-above-header-display":"","ast-hfb-below-header-display":"","ast-hfb-mobile-header-display":"","site-post-title":"","ast-breadcrumbs-content":"","ast-featured-img":"","footer-sml-layout":"","ast-disable-related-posts":"","theme-transparent-header-meta":"default","adv-header-id-meta":"","stick-header-meta":"","header-above-stick-meta":"","header-main-stick-meta":"","header-below-stick-meta":"","astra-migrate-meta-layouts":"set","ast-page-background-enabled":"default","ast-page-background-meta":{"desktop":{"background-color":"var(--ast-global-color-5)","background-image":"","background-repeat":"repeat","background-position":"center center","background-size":"auto","background-attachment":"scroll","background-type":"","background-media":"","overlay-type":"","overlay-color":"","overlay-opacity":"","overlay-gradient":""},"tablet":{"background-color":"","background-image":"","background-repeat":"repeat","background-position":"center center","background-size":"auto","background-attachment":"scroll","background-type":"","background-media":"","overlay-type":"","overlay-color":"","overlay-opacity":"","overlay-gradient":""},"mobile":{"background-color":"","background-image":"","background-repeat":"repeat","background-position":"center center","background-size":"auto","background-attachment":"scroll","background-type":"","background-media":"","overlay-type":"","overlay-color":"","overlay-opacity":"","overlay-gradient":""}},"ast-content-background-meta":{"desktop":{"background-color":"var(--ast-global-color-4)","background-image":"","background-repeat":"repeat","background-position":"center center","background-size":"auto","background-attachment":"scroll","background-type":"","background-media":"","overlay-type":"","overlay-color":"","overlay-opacity":"","overlay-gradient":""},"tablet":{"background-color":"var(--ast-global-color-4)","background-image":"","background-repeat":"repeat","background-position":"center center","background-size":"auto","background-attachment":"scroll","background-type":"","background-media":"","overlay-type":"","overlay-color":"","overlay-opacity":"","overlay-gradient":""},"mobile":{"background-color":"var(--ast-global-color-4)","background-image":"","background-repeat":"repeat","background-position":"center center","background-size":"auto","background-attachment":"scroll","background-type":"","background-media":"","overlay-type":"","overlay-color":"","overlay-opacity":"","overlay-gradient":""}}},"product_brand":[],"product_cat":[42,54],"product_tag":[],"class_list":{"0":"post-1129","1":"product","2":"type-product","3":"status-publish","4":"has-post-thumbnail","6":"product_cat-hand-bag","7":"product_cat-womens-bag","8":"desktop-align-left","9":"tablet-align-left","10":"mobile-align-left","12":"first","13":"instock","14":"shipping-taxable","15":"product-type-simple"},"_links":{"self":[{"href":"https:\/\/baijiabags.com\/it\/wp-json\/wp\/v2\/product\/1129","targetHints":{"allow":["GET"]}}],"collection":[{"href":"https:\/\/baijiabags.com\/it\/wp-json\/wp\/v2\/product"}],"about":[{"href":"https:\/\/baijiabags.com\/it\/wp-json\/wp\/v2\/types\/product"}],"replies":[{"embeddable":true,"href":"https:\/\/baijiabags.com\/it\/wp-json\/wp\/v2\/comments?post=1129"}],"wp:featuredmedia":[{"embeddable":true,"href":"https:\/\/baijiabags.com\/it\/wp-json\/wp\/v2\/media\/1131"}],"wp:attachment":[{"href":"https:\/\/baijiabags.com\/it\/wp-json\/wp\/v2\/media?parent=1129"}],"wp:term":[{"taxonomy":"product_brand","embeddable":true,"href":"https:\/\/baijiabags.com\/it\/wp-json\/wp\/v2\/product_brand?post=1129"},{"taxonomy":"product_cat","embeddable":true,"href":"https:\/\/baijiabags.com\/it\/wp-json\/wp\/v2\/product_cat?post=1129"},{"taxonomy":"product_tag","embeddable":true,"href":"https:\/\/baijiabags.com\/it\/wp-json\/wp\/v2\/product_tag?post=1129"}],"curies":[{"name":"wp","href":"https:\/\/api.w.org\/{rel}","templated":true}]}}