{"id":1024,"date":"2025-09-10T02:59:31","date_gmt":"2025-09-10T02:59:31","guid":{"rendered":"https:\/\/baijiabags.com\/?post_type=product&#038;p=1024"},"modified":"2025-11-01T01:22:37","modified_gmt":"2025-11-01T01:22:37","slug":"vintage-2025-womens-pu-leather-shoulder-bag-waterproof-fashion-handbag","status":"publish","type":"product","link":"https:\/\/baijiabags.com\/it\/prodotto\/vintage-2025-womens-pu-leather-shoulder-bag-waterproof-fashion-handbag\/","title":{"rendered":"Borsa a tracolla in pelle PU da donna vintage 2025 - Borsa moda impermeabile"},"content":{"rendered":"<h2 data-start=\"523\" data-end=\"540\">Caratteristiche principali<\/h2>\n<ol data-start=\"542\" data-end=\"1568\">\n<li data-start=\"542\" data-end=\"676\">\n<p data-start=\"545\" data-end=\"676\"><strong data-start=\"545\" data-end=\"576\">Materiale in pelle PU premium<\/strong> - Realizzata in pelle PU di alta qualit\u00e0, la borsa \u00e8 resistente, morbida al tatto e di facile manutenzione.<\/p>\n<\/li>\n<li data-start=\"677\" data-end=\"815\">\n<p data-start=\"680\" data-end=\"815\"><strong data-start=\"680\" data-end=\"701\">Design impermeabile<\/strong> - La borsa \u00e8 stata trattata per resistere all'acqua, mantenendo gli oggetti personali al sicuro da spruzzi imprevisti o da una leggera pioggia.<\/p>\n<\/li>\n<li data-start=\"816\" data-end=\"923\">\n<p data-start=\"819\" data-end=\"923\"><strong data-start=\"819\" data-end=\"847\">Costruzione leggera<\/strong> - Con un peso di soli 0,44 kg, la borsa offre comfort durante l'uso prolungato.<\/p>\n<\/li>\n<li data-start=\"924\" data-end=\"1055\">\n<p data-start=\"927\" data-end=\"1055\"><strong data-start=\"927\" data-end=\"952\">Scomparti multipli<\/strong> - Include uno scomparto principale, una tasca interna con cerniera e tasche interne per riporre le cose in modo organizzato.<\/p>\n<\/li>\n<li data-start=\"1056\" data-end=\"1192\">\n<p data-start=\"1059\" data-end=\"1192\"><strong data-start=\"1059\" data-end=\"1080\">Capacit\u00e0 spaziosa<\/strong> - Abbastanza grande da contenere una rivista A4, un iPad, un telefono cellulare, un ombrello pieghevole, cosmetici e altri oggetti essenziali.<\/p>\n<\/li>\n<li data-start=\"1193\" data-end=\"1312\">\n<p data-start=\"1196\" data-end=\"1312\"><strong data-start=\"1196\" data-end=\"1226\">Opzioni di trasporto versatili<\/strong> - Pu\u00f2 essere utilizzata come borsa a tracolla o a mano per adattarsi a diverse occasioni.<\/p>\n<\/li>\n<li data-start=\"1313\" data-end=\"1424\">\n<p data-start=\"1316\" data-end=\"1424\"><strong data-start=\"1316\" data-end=\"1346\">Opzioni di colore personalizzabili<\/strong> - Disponibile in bianco e in altri colori personalizzabili per adattarsi allo stile personale.<\/p>\n<\/li>\n<li data-start=\"1425\" data-end=\"1568\">\n<p data-start=\"1428\" data-end=\"1568\"><strong data-start=\"1428\" data-end=\"1460\">Stile minimalista alla moda<\/strong> - Il design moderno e semplice si abbina a molteplici outfit, rendendolo adatto ai viaggi e all'uso quotidiano.<\/p>\n<\/li>\n<\/ol>\n<p><img fetchpriority=\"high\" decoding=\"async\" class=\"aligncenter wp-image-1031 size-full\" src=\"https:\/\/baijiabags.com\/wp-content\/uploads\/2025\/09\/\u8be6\u60c5\u9875\u6a21\u7248-03.png\" alt=\"\" width=\"750\" height=\"596\" srcset=\"https:\/\/baijiabags.com\/wp-content\/uploads\/2025\/09\/\u8be6\u60c5\u9875\u6a21\u7248-03.png 750w, https:\/\/baijiabags.com\/wp-content\/uploads\/2025\/09\/\u8be6\u60c5\u9875\u6a21\u7248-03-300x238.png 300w, https:\/\/baijiabags.com\/wp-content\/uploads\/2025\/09\/\u8be6\u60c5\u9875\u6a21\u7248-03-600x477.png 600w\" sizes=\"(max-width: 750px) 100vw, 750px\" \/><\/p>\n<h2 data-start=\"1575\" data-end=\"1594\">Specifiche tecniche<\/h2>\n<div class=\"_tableContainer_1rjym_1\">\n<div class=\"_tableWrapper_1rjym_13 group flex w-fit flex-col-reverse\" tabindex=\"-1\">\n<table class=\"w-fit min-w-(--thread-content-width)\" data-start=\"1596\" data-end=\"3227\">\n<thead data-start=\"1596\" data-end=\"1697\">\n<tr data-start=\"1596\" data-end=\"1697\">\n<th data-start=\"1596\" data-end=\"1622\" data-col-size=\"sm\">Parametro<\/th>\n<th data-start=\"1622\" data-end=\"1697\" data-col-size=\"md\">Dettagli<\/th>\n<\/tr>\n<\/thead>\n<tbody data-start=\"1800\" data-end=\"3227\">\n<tr data-start=\"1800\" data-end=\"1901\">\n<td data-start=\"1800\" data-end=\"1826\" data-col-size=\"sm\">Nome del prodotto<\/td>\n<td data-start=\"1826\" data-end=\"1901\" data-col-size=\"md\">Borsa da donna<\/td>\n<\/tr>\n<tr data-start=\"1902\" data-end=\"2003\">\n<td data-start=\"1902\" data-end=\"1928\" data-col-size=\"sm\">Marchio<\/td>\n<td data-start=\"1928\" data-end=\"2003\" data-col-size=\"md\">RONEER<\/td>\n<\/tr>\n<tr data-start=\"2004\" data-end=\"2105\">\n<td data-start=\"2004\" data-end=\"2030\" data-col-size=\"sm\">Origine<\/td>\n<td data-start=\"2030\" data-end=\"2105\" data-col-size=\"md\">Guangdong, Cina<\/td>\n<\/tr>\n<tr data-start=\"2106\" data-end=\"2207\">\n<td data-start=\"2106\" data-end=\"2132\" data-col-size=\"sm\">Modello<\/td>\n<td data-start=\"2132\" data-end=\"2207\" data-col-size=\"md\">EBG19726<\/td>\n<\/tr>\n<tr data-start=\"2208\" data-end=\"2309\">\n<td data-start=\"2208\" data-end=\"2234\" data-col-size=\"sm\">Stile<\/td>\n<td data-start=\"2234\" data-end=\"2309\" data-col-size=\"md\">Moda minimalista<\/td>\n<\/tr>\n<tr data-start=\"2310\" data-end=\"2411\">\n<td data-start=\"2310\" data-end=\"2336\" data-col-size=\"sm\">Materiale principale<\/td>\n<td data-start=\"2336\" data-end=\"2411\" data-col-size=\"md\">Pelle PU<\/td>\n<\/tr>\n<tr data-start=\"2412\" data-end=\"2513\">\n<td data-start=\"2412\" data-end=\"2438\" data-col-size=\"sm\">Peso<\/td>\n<td data-start=\"2438\" data-end=\"2513\" data-col-size=\"md\">0,44 kg<\/td>\n<\/tr>\n<tr data-start=\"2514\" data-end=\"2614\">\n<td data-start=\"2514\" data-end=\"2540\" data-col-size=\"sm\">Interno<\/td>\n<td data-start=\"2540\" data-end=\"2614\" data-col-size=\"md\">Scomparto principale, tasca interna con cerniera, tasche interne portaoggetti<\/td>\n<\/tr>\n<tr data-start=\"2615\" data-end=\"2716\">\n<td data-start=\"2615\" data-end=\"2641\" data-col-size=\"sm\">Colore<\/td>\n<td data-start=\"2641\" data-end=\"2716\" data-col-size=\"md\">Bianco (personalizzabile)<\/td>\n<\/tr>\n<tr data-start=\"2717\" data-end=\"2818\">\n<td data-start=\"2717\" data-end=\"2743\" data-col-size=\"sm\">Utilizzo<\/td>\n<td data-start=\"2743\" data-end=\"2818\" data-col-size=\"md\">Crossbody \/ Portabile a mano<\/td>\n<\/tr>\n<tr data-start=\"2819\" data-end=\"2920\">\n<td data-start=\"2819\" data-end=\"2845\" data-col-size=\"sm\">Caratteristica<\/td>\n<td data-start=\"2845\" data-end=\"2920\" data-col-size=\"md\">Impermeabile<\/td>\n<\/tr>\n<tr data-start=\"2921\" data-end=\"3023\">\n<td data-start=\"2921\" data-end=\"2947\" data-col-size=\"sm\">Capacit\u00e0<\/td>\n<td data-start=\"2947\" data-end=\"3023\" data-col-size=\"md\">Pu\u00f2 contenere riviste A4, iPad, telefono cellulare, ombrello pieghevole, cosmetici, ecc.<\/td>\n<\/tr>\n<tr data-start=\"3024\" data-end=\"3125\">\n<td data-start=\"3024\" data-end=\"3050\" data-col-size=\"sm\">MOQ<\/td>\n<td data-start=\"3050\" data-end=\"3125\" data-col-size=\"md\">300<\/td>\n<\/tr>\n<tr data-start=\"3126\" data-end=\"3227\">\n<td data-start=\"3126\" data-end=\"3152\" data-col-size=\"sm\">Applicazione<\/td>\n<td data-start=\"3152\" data-end=\"3227\" data-col-size=\"md\">Viaggi, vita quotidiana<\/td>\n<\/tr>\n<\/tbody>\n<\/table>\n<\/div>\n<\/div>\n<h2 data-start=\"3234\" data-end=\"3251\">Applicazioni<\/h2>\n<ul data-start=\"3253\" data-end=\"3736\">\n<li data-start=\"3253\" data-end=\"3361\">\n<p data-start=\"3255\" data-end=\"3361\"><strong data-start=\"3255\" data-end=\"3265\">Viaggi<\/strong>: Ideale per trasportare gli elementi essenziali del viaggio come tablet, telefono, portafoglio e piccoli accessori.<\/p>\n<\/li>\n<li data-start=\"3362\" data-end=\"3490\">\n<p data-start=\"3364\" data-end=\"3490\"><strong data-start=\"3364\" data-end=\"3378\">Vita quotidiana<\/strong>: Perfetto per le attivit\u00e0 di tutti i giorni, dallo shopping agli spostamenti, offre una sistemazione organizzata per gli oggetti personali.<\/p>\n<\/li>\n<li data-start=\"3491\" data-end=\"3605\">\n<p data-start=\"3493\" data-end=\"3605\"><strong data-start=\"3493\" data-end=\"3507\">Uso ufficio<\/strong>: Elegante per completare l'abbigliamento da lavoro e per tenere in ordine documenti e gadget.<\/p>\n<\/li>\n<li data-start=\"3606\" data-end=\"3736\">\n<p data-start=\"3608\" data-end=\"3736\"><strong data-start=\"3608\" data-end=\"3626\">Uscite casuali<\/strong>: Adatto per incontrare gli amici, partecipare a eventi o a viaggi nel fine settimana, offre sia moda che funzionalit\u00e0.<\/p>\n<\/li>\n<\/ul>\n<p data-start=\"3743\" data-end=\"3894\">Se siete interessati a questa borsa, contattateci per avere un campione. I servizi ODM e OEM sono disponibili per ordini personalizzati per soddisfare le esigenze del vostro marchio.<\/p>","protected":false},"excerpt":{"rendered":"<p>Borsa a tracolla in pelle PU da donna Vintage 2025 di <strong data-start=\"166\" data-end=\"176\">RONEER<\/strong> \u00e8 stata progettata per combinare moda e praticit\u00e0. Realizzata in pregiata pelle PU, questa borsa \u00e8 un'opzione elegante e resistente per l'uso quotidiano. Leggera e versatile, \u00e8 stata scelta dalle donne per i viaggi, il lavoro e la vita quotidiana. La sua caratteristica di impermeabilit\u00e0 garantisce una protezione contro la pioggia leggera, mantenendo gli effetti personali al sicuro e all'asciutto.<\/p>","protected":false},"featured_media":1025,"comment_status":"open","ping_status":"closed","template":"","meta":{"site-sidebar-layout":"default","site-content-layout":"","ast-site-content-layout":"default","site-content-style":"default","site-sidebar-style":"default","ast-global-header-display":"","ast-banner-title-visibility":"","ast-main-header-display":"","ast-hfb-above-header-display":"","ast-hfb-below-header-display":"","ast-hfb-mobile-header-display":"","site-post-title":"","ast-breadcrumbs-content":"","ast-featured-img":"","footer-sml-layout":"","ast-disable-related-posts":"","theme-transparent-header-meta":"default","adv-header-id-meta":"","stick-header-meta":"","header-above-stick-meta":"","header-main-stick-meta":"","header-below-stick-meta":"","astra-migrate-meta-layouts":"set","ast-page-background-enabled":"default","ast-page-background-meta":{"desktop":{"background-color":"var(--ast-global-color-5)","background-image":"","background-repeat":"repeat","background-position":"center center","background-size":"auto","background-attachment":"scroll","background-type":"","background-media":"","overlay-type":"","overlay-color":"","overlay-opacity":"","overlay-gradient":""},"tablet":{"background-color":"","background-image":"","background-repeat":"repeat","background-position":"center center","background-size":"auto","background-attachment":"scroll","background-type":"","background-media":"","overlay-type":"","overlay-color":"","overlay-opacity":"","overlay-gradient":""},"mobile":{"background-color":"","background-image":"","background-repeat":"repeat","background-position":"center center","background-size":"auto","background-attachment":"scroll","background-type":"","background-media":"","overlay-type":"","overlay-color":"","overlay-opacity":"","overlay-gradient":""}},"ast-content-background-meta":{"desktop":{"background-color":"var(--ast-global-color-4)","background-image":"","background-repeat":"repeat","background-position":"center center","background-size":"auto","background-attachment":"scroll","background-type":"","background-media":"","overlay-type":"","overlay-color":"","overlay-opacity":"","overlay-gradient":""},"tablet":{"background-color":"var(--ast-global-color-4)","background-image":"","background-repeat":"repeat","background-position":"center center","background-size":"auto","background-attachment":"scroll","background-type":"","background-media":"","overlay-type":"","overlay-color":"","overlay-opacity":"","overlay-gradient":""},"mobile":{"background-color":"var(--ast-global-color-4)","background-image":"","background-repeat":"repeat","background-position":"center center","background-size":"auto","background-attachment":"scroll","background-type":"","background-media":"","overlay-type":"","overlay-color":"","overlay-opacity":"","overlay-gradient":""}}},"product_brand":[],"product_cat":[42,54],"product_tag":[],"class_list":{"0":"post-1024","1":"product","2":"type-product","3":"status-publish","4":"has-post-thumbnail","6":"product_cat-hand-bag","7":"product_cat-womens-bag","8":"desktop-align-left","9":"tablet-align-left","10":"mobile-align-left","12":"first","13":"instock","14":"shipping-taxable","15":"product-type-simple"},"_links":{"self":[{"href":"https:\/\/baijiabags.com\/it\/wp-json\/wp\/v2\/product\/1024","targetHints":{"allow":["GET"]}}],"collection":[{"href":"https:\/\/baijiabags.com\/it\/wp-json\/wp\/v2\/product"}],"about":[{"href":"https:\/\/baijiabags.com\/it\/wp-json\/wp\/v2\/types\/product"}],"replies":[{"embeddable":true,"href":"https:\/\/baijiabags.com\/it\/wp-json\/wp\/v2\/comments?post=1024"}],"wp:featuredmedia":[{"embeddable":true,"href":"https:\/\/baijiabags.com\/it\/wp-json\/wp\/v2\/media\/1025"}],"wp:attachment":[{"href":"https:\/\/baijiabags.com\/it\/wp-json\/wp\/v2\/media?parent=1024"}],"wp:term":[{"taxonomy":"product_brand","embeddable":true,"href":"https:\/\/baijiabags.com\/it\/wp-json\/wp\/v2\/product_brand?post=1024"},{"taxonomy":"product_cat","embeddable":true,"href":"https:\/\/baijiabags.com\/it\/wp-json\/wp\/v2\/product_cat?post=1024"},{"taxonomy":"product_tag","embeddable":true,"href":"https:\/\/baijiabags.com\/it\/wp-json\/wp\/v2\/product_tag?post=1024"}],"curies":[{"name":"wp","href":"https:\/\/api.w.org\/{rel}","templated":true}]}}