{"id":1003,"date":"2025-09-09T07:21:38","date_gmt":"2025-09-09T07:21:38","guid":{"rendered":"https:\/\/baijiabags.com\/?post_type=product&#038;p=1003"},"modified":"2025-11-01T01:22:37","modified_gmt":"2025-11-01T01:22:37","slug":"roneer-ladies-handbag-fashion-simple-style-pu-tote-bag","status":"publish","type":"product","link":"https:\/\/baijiabags.com\/it\/prodotto\/roneer-ladies-handbag-fashion-simple-style-pu-tote-bag\/","title":{"rendered":"RONEER Borsa da donna moda stile semplice PU Tote Bag"},"content":{"rendered":"<h2 data-start=\"807\" data-end=\"824\">Caratteristiche principali<\/h2>\n<ol data-start=\"825\" data-end=\"1803\">\n<li data-start=\"825\" data-end=\"943\">\n<p data-start=\"828\" data-end=\"943\"><strong data-start=\"828\" data-end=\"857\">Design di moda minimalista<\/strong> - L'aspetto pulito ed elegante \u00e8 stato enfatizzato per completare vari outfit.<\/p>\n<\/li>\n<li data-start=\"944\" data-end=\"1071\">\n<p data-start=\"947\" data-end=\"1071\"><strong data-start=\"947\" data-end=\"970\">Materiale PU resistente<\/strong> - La pelle sintetica di alta qualit\u00e0 \u00e8 stata scelta per garantire la resistenza all'usura e il mantenimento della forma.<\/p>\n<\/li>\n<li data-start=\"1072\" data-end=\"1188\">\n<p data-start=\"1075\" data-end=\"1188\"><strong data-start=\"1075\" data-end=\"1103\">Costruzione leggera<\/strong> - A solo <strong data-start=\"1114\" data-end=\"1125\">0,72 kg<\/strong>La borsa \u00e8 stata resa facile da trasportare durante la giornata.<\/p>\n<\/li>\n<li data-start=\"1189\" data-end=\"1323\">\n<p data-start=\"1192\" data-end=\"1323\"><strong data-start=\"1192\" data-end=\"1212\">Ampio spazio di archiviazione<\/strong> - \u00c8 stato incluso un ampio scomparto per riporre gli oggetti di uso quotidiano, tra cui dispositivi elettronici e riviste.<\/p>\n<\/li>\n<li data-start=\"1324\" data-end=\"1425\">\n<p data-start=\"1327\" data-end=\"1425\"><strong data-start=\"1327\" data-end=\"1354\">Opzioni di trasporto versatili<\/strong> - La borsa \u00e8 stata attrezzata per essere portata sia a mano che a braccio.<\/p>\n<\/li>\n<li data-start=\"1426\" data-end=\"1566\">\n<p data-start=\"1429\" data-end=\"1566\"><strong data-start=\"1429\" data-end=\"1453\">Dimensioni pratiche<\/strong> - Con una dimensione di <strong data-start=\"1471\" data-end=\"1490\">13,5 cm \u00d7 35 cm<\/strong>La borsa \u00e8 stata proporzionata per garantire la praticit\u00e0 quotidiana senza essere ingombrante.<\/p>\n<\/li>\n<li data-start=\"1567\" data-end=\"1683\">\n<p data-start=\"1570\" data-end=\"1683\"><strong data-start=\"1570\" data-end=\"1587\">Colore neutro<\/strong> - \u00c8 stato scelto un classico colore bianco a tinta unita per abbinarlo senza problemi agli stili di abbigliamento.<\/p>\n<\/li>\n<li data-start=\"1684\" data-end=\"1803\">\n<p data-start=\"1687\" data-end=\"1803\"><strong data-start=\"1687\" data-end=\"1707\">Imballaggio sicuro<\/strong> - Ogni sacchetto \u00e8 stato confezionato singolarmente in un cartone protettivo di misura. <strong data-start=\"1781\" data-end=\"1800\">45 \u00d7 32 \u00d7 15 cm<\/strong>.<\/p>\n<\/li>\n<\/ol>\n<figure id=\"attachment_1098\" aria-describedby=\"caption-attachment-1098\" style=\"width: 750px\" class=\"wp-caption aligncenter\"><img fetchpriority=\"high\" decoding=\"async\" class=\"wp-image-1098 size-full\" src=\"https:\/\/baijiabags.com\/wp-content\/uploads\/2025\/09\/EBG19723-4.png\" alt=\"EBG19723 \" width=\"750\" height=\"668\" srcset=\"https:\/\/baijiabags.com\/wp-content\/uploads\/2025\/09\/EBG19723-4.png 750w, https:\/\/baijiabags.com\/wp-content\/uploads\/2025\/09\/EBG19723-4-300x267.png 300w, https:\/\/baijiabags.com\/wp-content\/uploads\/2025\/09\/EBG19723-4-600x534.png 600w\" sizes=\"(max-width: 750px) 100vw, 750px\" \/><figcaption id=\"caption-attachment-1098\" class=\"wp-caption-text\">EBG19723<\/figcaption><\/figure>\n<h2 data-start=\"1805\" data-end=\"1824\">Specifiche tecniche<\/h2>\n<div class=\"_tableContainer_1rjym_1\">\n<div class=\"_tableWrapper_1rjym_13 group flex w-fit flex-col-reverse\" tabindex=\"-1\">\n<table class=\"w-fit min-w-(--thread-content-width)\" data-start=\"1826\" data-end=\"2819\">\n<thead data-start=\"1826\" data-end=\"1890\">\n<tr data-start=\"1826\" data-end=\"1890\">\n<th data-start=\"1826\" data-end=\"1851\" data-col-size=\"sm\"><strong data-start=\"1828\" data-end=\"1841\">Parametro<\/strong><\/th>\n<th data-start=\"1851\" data-end=\"1890\" data-col-size=\"md\"><strong data-start=\"1853\" data-end=\"1868\">Descrizione<\/strong><\/th>\n<\/tr>\n<\/thead>\n<tbody data-start=\"1957\" data-end=\"2819\">\n<tr data-start=\"1957\" data-end=\"2021\">\n<td data-start=\"1957\" data-end=\"1983\" data-col-size=\"sm\">Nome del prodotto<\/td>\n<td data-start=\"1983\" data-end=\"2021\" data-col-size=\"md\">Borsa da donna<\/td>\n<\/tr>\n<tr data-start=\"2022\" data-end=\"2086\">\n<td data-start=\"2022\" data-end=\"2048\" data-col-size=\"sm\">Marchio<\/td>\n<td data-start=\"2048\" data-end=\"2086\" data-col-size=\"md\">RONEER<\/td>\n<\/tr>\n<tr data-start=\"2087\" data-end=\"2151\">\n<td data-start=\"2087\" data-end=\"2113\" data-col-size=\"sm\">Modello<\/td>\n<td data-start=\"2113\" data-end=\"2151\" data-col-size=\"md\">EBG19723<\/td>\n<\/tr>\n<tr data-start=\"2152\" data-end=\"2216\">\n<td data-start=\"2152\" data-end=\"2178\" data-col-size=\"sm\">Stile<\/td>\n<td data-start=\"2178\" data-end=\"2216\" data-col-size=\"md\">Moda semplice<\/td>\n<\/tr>\n<tr data-start=\"2217\" data-end=\"2281\">\n<td data-start=\"2217\" data-end=\"2243\" data-col-size=\"sm\">Dimensioni<\/td>\n<td data-start=\"2243\" data-end=\"2281\" data-col-size=\"md\">13,5 cm \u00d7 35 cm<\/td>\n<\/tr>\n<tr data-start=\"2282\" data-end=\"2346\">\n<td data-start=\"2282\" data-end=\"2308\" data-col-size=\"sm\">Peso<\/td>\n<td data-start=\"2308\" data-end=\"2346\" data-col-size=\"md\">0,72 kg<\/td>\n<\/tr>\n<tr data-start=\"2347\" data-end=\"2411\">\n<td data-start=\"2347\" data-end=\"2373\" data-col-size=\"sm\">Materiale<\/td>\n<td data-start=\"2373\" data-end=\"2411\" data-col-size=\"md\">PU (poliuretano)<\/td>\n<\/tr>\n<tr data-start=\"2412\" data-end=\"2476\">\n<td data-start=\"2412\" data-end=\"2438\" data-col-size=\"sm\">Origine<\/td>\n<td data-start=\"2438\" data-end=\"2476\" data-col-size=\"md\">Guangdong, Cina<\/td>\n<\/tr>\n<tr data-start=\"2477\" data-end=\"2541\">\n<td data-start=\"2477\" data-end=\"2503\" data-col-size=\"sm\">Colore<\/td>\n<td data-start=\"2503\" data-end=\"2541\" data-col-size=\"md\">Bianco, solido<\/td>\n<\/tr>\n<tr data-start=\"2542\" data-end=\"2606\">\n<td data-start=\"2542\" data-end=\"2568\" data-col-size=\"sm\">Metodo di trasporto<\/td>\n<td data-start=\"2568\" data-end=\"2606\" data-col-size=\"md\">Portata a mano\/braccio<\/td>\n<\/tr>\n<tr data-start=\"2607\" data-end=\"2689\">\n<td data-start=\"2607\" data-end=\"2633\" data-col-size=\"sm\">Capacit\u00e0<\/td>\n<td data-start=\"2633\" data-end=\"2689\" data-col-size=\"md\">Adatto a riviste A4, iPad, ombrelli, cosmetici e telefoni.<\/td>\n<\/tr>\n<tr data-start=\"2690\" data-end=\"2754\">\n<td data-start=\"2690\" data-end=\"2716\" data-col-size=\"sm\">MOQ<\/td>\n<td data-start=\"2716\" data-end=\"2754\" data-col-size=\"md\">300<\/td>\n<\/tr>\n<\/tbody>\n<\/table>\n<\/div>\n<\/div>\n<h2 data-start=\"2821\" data-end=\"2838\">Applicazioni<\/h2>\n<ul data-start=\"2905\" data-end=\"3265\">\n<li data-start=\"2905\" data-end=\"2990\">\n<p data-start=\"2907\" data-end=\"2990\"><strong data-start=\"2907\" data-end=\"2919\">Shopping<\/strong> - Abbastanza spazioso da contenere gli oggetti personali durante le uscite informali.<\/p>\n<\/li>\n<li data-start=\"2991\" data-end=\"3080\">\n<p data-start=\"2993\" data-end=\"3080\"><strong data-start=\"2993\" data-end=\"3001\">Lavoro<\/strong> - Adatto per trasportare oggetti da ufficio come tablet, quaderni e documenti.<\/p>\n<\/li>\n<li data-start=\"3081\" data-end=\"3180\">\n<p data-start=\"3083\" data-end=\"3180\"><strong data-start=\"3083\" data-end=\"3093\">Viaggi<\/strong> - Comodo per i viaggi brevi, offre spazio per documenti e accessori di viaggio.<\/p>\n<\/li>\n<li data-start=\"3181\" data-end=\"3265\">\n<p data-start=\"3183\" data-end=\"3265\"><strong data-start=\"3183\" data-end=\"3196\">Uso quotidiano<\/strong> - Ideale per uno stile di vita urbano, che unisce moda e praticit\u00e0.<\/p>\n<\/li>\n<\/ul>\n<p>Se siete interessati a questa borsetta, vi preghiamo di <strong data-start=\"3637\" data-end=\"3671\">contattateci per richiedere un campione<\/strong>. <strong data-start=\"3673\" data-end=\"3708\">Vengono forniti servizi ODM e OEM<\/strong>permettendo la personalizzazione per soddisfare le esigenze specifiche del marchio e del mercato.<\/p>","protected":false},"excerpt":{"rendered":"<p>La borsetta della signora di <strong data-start=\"299\" data-end=\"309\">RONEER<\/strong> \u00e8 stato progettato con uno stile moderno e minimalista che esalta sia la praticit\u00e0 che il fascino della moda. Il modello <strong data-start=\"425\" data-end=\"437\">EBG19723<\/strong> \u00e8 realizzata in materiale PU di alta qualit\u00e0 per garantire durata e leggerezza. Grazie alla sua ampia capacit\u00e0, la borsa \u00e8 stata strutturata per ospitare gli oggetti essenziali di uso quotidiano, come una rivista A4, un iPad, uno smartphone, un ombrello pieghevole, cosmetici e altro ancora. \u00c8 stato previsto un metodo di trasporto versatile, che consente di portare la borsa a mano o a braccio.<\/p>","protected":false},"featured_media":1004,"comment_status":"open","ping_status":"closed","template":"","meta":{"site-sidebar-layout":"default","site-content-layout":"","ast-site-content-layout":"default","site-content-style":"default","site-sidebar-style":"default","ast-global-header-display":"","ast-banner-title-visibility":"","ast-main-header-display":"","ast-hfb-above-header-display":"","ast-hfb-below-header-display":"","ast-hfb-mobile-header-display":"","site-post-title":"","ast-breadcrumbs-content":"","ast-featured-img":"","footer-sml-layout":"","ast-disable-related-posts":"","theme-transparent-header-meta":"default","adv-header-id-meta":"","stick-header-meta":"","header-above-stick-meta":"","header-main-stick-meta":"","header-below-stick-meta":"","astra-migrate-meta-layouts":"set","ast-page-background-enabled":"default","ast-page-background-meta":{"desktop":{"background-color":"var(--ast-global-color-5)","background-image":"","background-repeat":"repeat","background-position":"center center","background-size":"auto","background-attachment":"scroll","background-type":"","background-media":"","overlay-type":"","overlay-color":"","overlay-opacity":"","overlay-gradient":""},"tablet":{"background-color":"","background-image":"","background-repeat":"repeat","background-position":"center center","background-size":"auto","background-attachment":"scroll","background-type":"","background-media":"","overlay-type":"","overlay-color":"","overlay-opacity":"","overlay-gradient":""},"mobile":{"background-color":"","background-image":"","background-repeat":"repeat","background-position":"center center","background-size":"auto","background-attachment":"scroll","background-type":"","background-media":"","overlay-type":"","overlay-color":"","overlay-opacity":"","overlay-gradient":""}},"ast-content-background-meta":{"desktop":{"background-color":"var(--ast-global-color-4)","background-image":"","background-repeat":"repeat","background-position":"center center","background-size":"auto","background-attachment":"scroll","background-type":"","background-media":"","overlay-type":"","overlay-color":"","overlay-opacity":"","overlay-gradient":""},"tablet":{"background-color":"var(--ast-global-color-4)","background-image":"","background-repeat":"repeat","background-position":"center center","background-size":"auto","background-attachment":"scroll","background-type":"","background-media":"","overlay-type":"","overlay-color":"","overlay-opacity":"","overlay-gradient":""},"mobile":{"background-color":"var(--ast-global-color-4)","background-image":"","background-repeat":"repeat","background-position":"center center","background-size":"auto","background-attachment":"scroll","background-type":"","background-media":"","overlay-type":"","overlay-color":"","overlay-opacity":"","overlay-gradient":""}}},"product_brand":[],"product_cat":[42,54],"product_tag":[],"class_list":{"0":"post-1003","1":"product","2":"type-product","3":"status-publish","4":"has-post-thumbnail","6":"product_cat-hand-bag","7":"product_cat-womens-bag","8":"desktop-align-left","9":"tablet-align-left","10":"mobile-align-left","12":"first","13":"instock","14":"shipping-taxable","15":"product-type-simple"},"_links":{"self":[{"href":"https:\/\/baijiabags.com\/it\/wp-json\/wp\/v2\/product\/1003","targetHints":{"allow":["GET"]}}],"collection":[{"href":"https:\/\/baijiabags.com\/it\/wp-json\/wp\/v2\/product"}],"about":[{"href":"https:\/\/baijiabags.com\/it\/wp-json\/wp\/v2\/types\/product"}],"replies":[{"embeddable":true,"href":"https:\/\/baijiabags.com\/it\/wp-json\/wp\/v2\/comments?post=1003"}],"wp:featuredmedia":[{"embeddable":true,"href":"https:\/\/baijiabags.com\/it\/wp-json\/wp\/v2\/media\/1004"}],"wp:attachment":[{"href":"https:\/\/baijiabags.com\/it\/wp-json\/wp\/v2\/media?parent=1003"}],"wp:term":[{"taxonomy":"product_brand","embeddable":true,"href":"https:\/\/baijiabags.com\/it\/wp-json\/wp\/v2\/product_brand?post=1003"},{"taxonomy":"product_cat","embeddable":true,"href":"https:\/\/baijiabags.com\/it\/wp-json\/wp\/v2\/product_cat?post=1003"},{"taxonomy":"product_tag","embeddable":true,"href":"https:\/\/baijiabags.com\/it\/wp-json\/wp\/v2\/product_tag?post=1003"}],"curies":[{"name":"wp","href":"https:\/\/api.w.org\/{rel}","templated":true}]}}