{"id":5445,"date":"2026-01-21T02:11:51","date_gmt":"2026-01-21T02:11:51","guid":{"rendered":"https:\/\/baijiabags.com\/?post_type=product&#038;p=5445"},"modified":"2026-01-21T02:11:51","modified_gmt":"2026-01-21T02:11:51","slug":"china-bag-factory-ostrich-pearl-waterproof-custom-handbags-for-brand-use","status":"publish","type":"product","link":"https:\/\/baijiabags.com\/fr\/produit\/china-bag-factory-ostrich-pearl-waterproof-custom-handbags-for-brand-use\/","title":{"rendered":"China Bag Factory Ostrich Pearl Waterproof Custom Handbags for Brand Use"},"content":{"rendered":"<h2 data-start=\"849\" data-end=\"864\">Caract\u00e9ristiques principales<\/h2>\n<ol data-start=\"866\" data-end=\"1403\">\n<li data-start=\"866\" data-end=\"939\">\n<p data-start=\"868\" data-end=\"939\">Sac \u00e0 main \u00e0 la mode convenant \u00e0 de nombreux groupes de consommateurs<\/p>\n<\/li>\n<li data-start=\"940\" data-end=\"997\">\n<p data-start=\"942\" data-end=\"997\">Mati\u00e8re en cuir PU avec traitement de surface imperm\u00e9able<\/p>\n<\/li>\n<li data-start=\"998\" data-end=\"1073\">\n<p data-start=\"1000\" data-end=\"1073\">La texture des perles d'autruche renforce la profondeur visuelle et la diff\u00e9renciation des produits.<\/p>\n<\/li>\n<li data-start=\"1074\" data-end=\"1143\">\n<p data-start=\"1076\" data-end=\"1143\">Le logo personnalisable favorise l'\u00e9tiquetage priv\u00e9 et la reconnaissance de la marque.<\/p>\n<\/li>\n<li data-start=\"1144\" data-end=\"1202\">\n<p data-start=\"1146\" data-end=\"1202\">Les options de taille flexibles s'adaptent aux diff\u00e9rents besoins de stockage<\/p>\n<\/li>\n<li data-start=\"1203\" data-end=\"1260\">\n<p data-start=\"1205\" data-end=\"1260\">La structure l\u00e9g\u00e8re am\u00e9liore le confort de transport au quotidien<\/p>\n<\/li>\n<li data-start=\"1261\" data-end=\"1327\">\n<p data-start=\"1263\" data-end=\"1327\">Les coutures durables et les poign\u00e9es renforc\u00e9es augmentent la dur\u00e9e de vie.<\/p>\n<\/li>\n<li data-start=\"1328\" data-end=\"1403\">\n<p data-start=\"1330\" data-end=\"1403\">Des gammes de capacit\u00e9s multiples pour r\u00e9pondre aux exigences du shopping, des voyages et de l'usage quotidien<\/p>\n<\/li>\n<\/ol>\n<h2 data-start=\"1410\" data-end=\"1427\">Sp\u00e9cifications<\/h2>\n<div class=\"TyagGW_tableContainer\">\n<div class=\"group TyagGW_tableWrapper flex flex-col-reverse w-fit\" tabindex=\"-1\">\n<table class=\"w-fit min-w-(--thread-content-width)\" data-start=\"1429\" data-end=\"1829\">\n<thead data-start=\"1429\" data-end=\"1452\">\n<tr data-start=\"1429\" data-end=\"1452\">\n<th data-start=\"1429\" data-end=\"1441\" data-col-size=\"sm\">Param\u00e8tres<\/th>\n<th data-start=\"1441\" data-end=\"1452\" data-col-size=\"sm\">D\u00e9tails<\/th>\n<\/tr>\n<\/thead>\n<tbody data-start=\"1474\" data-end=\"1829\">\n<tr data-start=\"1474\" data-end=\"1500\">\n<td data-start=\"1474\" data-end=\"1489\" data-col-size=\"sm\">Nom du produit<\/td>\n<td data-start=\"1489\" data-end=\"1500\" data-col-size=\"sm\">Sac \u00e0 main<\/td>\n<\/tr>\n<tr data-start=\"1501\" data-end=\"1519\">\n<td data-start=\"1501\" data-end=\"1509\" data-col-size=\"sm\">Marque<\/td>\n<td data-start=\"1509\" data-end=\"1519\" data-col-size=\"sm\">RONEER<\/td>\n<\/tr>\n<tr data-start=\"1520\" data-end=\"1546\">\n<td data-start=\"1520\" data-end=\"1535\" data-col-size=\"sm\">Num\u00e9ro de mod\u00e8le<\/td>\n<td data-start=\"1535\" data-end=\"1546\" data-col-size=\"sm\">GB-6100<\/td>\n<\/tr>\n<tr data-start=\"1547\" data-end=\"1585\">\n<td data-start=\"1547\" data-end=\"1565\" data-col-size=\"sm\">Lieu d'origine<\/td>\n<td data-start=\"1565\" data-end=\"1585\" data-col-size=\"sm\">Guangdong, Chine<\/td>\n<\/tr>\n<tr data-start=\"1586\" data-end=\"1605\">\n<td data-start=\"1586\" data-end=\"1594\" data-col-size=\"sm\">Style<\/td>\n<td data-start=\"1594\" data-end=\"1605\" data-col-size=\"sm\">La mode<\/td>\n<\/tr>\n<tr data-start=\"1606\" data-end=\"1631\">\n<td data-start=\"1606\" data-end=\"1617\" data-col-size=\"sm\">Mat\u00e9riau<\/td>\n<td data-start=\"1617\" data-end=\"1631\" data-col-size=\"sm\">Cuir PU<\/td>\n<\/tr>\n<tr data-start=\"1632\" data-end=\"1693\">\n<td data-start=\"1632\" data-end=\"1651\" data-col-size=\"sm\">Options de capacit\u00e9<\/td>\n<td data-start=\"1651\" data-end=\"1693\" data-col-size=\"sm\">Jusqu'\u00e0 1L, 1-1.9L, 2-2.9L, 3L et plus<\/td>\n<\/tr>\n<tr data-start=\"1694\" data-end=\"1711\">\n<td data-start=\"1694\" data-end=\"1701\" data-col-size=\"sm\">Taille<\/td>\n<td data-start=\"1701\" data-end=\"1711\" data-col-size=\"sm\">Sur mesure<\/td>\n<\/tr>\n<tr data-start=\"1712\" data-end=\"1730\">\n<td data-start=\"1712\" data-end=\"1720\" data-col-size=\"sm\">Couleur<\/td>\n<td data-start=\"1720\" data-end=\"1730\" data-col-size=\"sm\">Sur mesure<\/td>\n<\/tr>\n<tr data-start=\"1731\" data-end=\"1754\">\n<td data-start=\"1731\" data-end=\"1738\" data-col-size=\"sm\">Logo<\/td>\n<td data-start=\"1738\" data-end=\"1754\" data-col-size=\"sm\">Personnalisable<\/td>\n<\/tr>\n<tr data-start=\"1755\" data-end=\"1808\">\n<td data-start=\"1755\" data-end=\"1766\" data-col-size=\"sm\">Caract\u00e9ristiques<\/td>\n<td data-start=\"1766\" data-end=\"1808\" data-col-size=\"sm\">Design esth\u00e9tique, construction durable<\/td>\n<\/tr>\n<tr data-start=\"1809\" data-end=\"1829\">\n<td data-start=\"1809\" data-end=\"1815\" data-col-size=\"sm\">MOQ<\/td>\n<td data-start=\"1815\" data-end=\"1829\" data-col-size=\"sm\">N\u00e9gociable<\/td>\n<\/tr>\n<\/tbody>\n<\/table>\n<\/div>\n<\/div>\n<h2 data-start=\"2389\" data-end=\"2413\">Application<\/h2>\n<ul data-start=\"2415\" data-end=\"2653\">\n<li data-start=\"2415\" data-end=\"2490\">\n<p data-start=\"2417\" data-end=\"2490\"><strong data-start=\"2417\" data-end=\"2431\">Vie quotidienne<\/strong>: Convient pour les d\u00e9placements quotidiens, les sorties d\u00e9contract\u00e9es et l'utilisation courante.<\/p>\n<\/li>\n<li data-start=\"2491\" data-end=\"2574\">\n<p data-start=\"2493\" data-end=\"2574\"><strong data-start=\"2493\" data-end=\"2505\">Achats<\/strong>: Offre une capacit\u00e9 suffisante pour les articles personnels et les petits achats.<\/p>\n<\/li>\n<li data-start=\"2575\" data-end=\"2653\">\n<p data-start=\"2577\" data-end=\"2653\"><strong data-start=\"2577\" data-end=\"2587\">Voyage<\/strong>: Permet un transport compact pour les courts trajets ou les d\u00e9placements en ville.<\/p>\n<\/li>\n<\/ul>\n<p data-start=\"3079\" data-end=\"3273\" data-is-last-node=\"\" data-is-only-node=\"\">Si vous \u00eates int\u00e9ress\u00e9 par ce sac \u00e0 main, veuillez nous contacter pour demander des \u00e9chantillons et discuter des d\u00e9tails de la personnalisation. Les services ODM et OEM sont disponibles pour r\u00e9pondre aux besoins de d\u00e9veloppement des produits de votre marque.<\/p>","protected":false},"excerpt":{"rendered":"<p>Les\u00a0<strong data-start=\"25\" data-end=\"101\">China Bag Factory Ostrich Pearl Waterproof Custom Handbags for Brand Use<\/strong>\u00a0sont con\u00e7us pour les marques qui accordent de l'importance \u00e0 l'attrait de la mode, \u00e0 la durabilit\u00e9 et \u00e0 la flexibilit\u00e9 de la personnalisation. Ce sac \u00e0 main allie une silhouette moderne \u00e0 une structure pratique, ce qui le rend adapt\u00e9 aux sc\u00e9narios quotidiens et aux voyages l\u00e9gers. Inspir\u00e9 par l'esth\u00e9tique de la texture perl\u00e9e de l'autruche, l'ext\u00e9rieur pr\u00e9sente un style visuel raffin\u00e9 tout en conservant des performances d'imperm\u00e9abilit\u00e9 pour un usage quotidien.<\/p>","protected":false},"featured_media":5450,"comment_status":"open","ping_status":"closed","template":"","meta":{"site-sidebar-layout":"default","site-content-layout":"","ast-site-content-layout":"default","site-content-style":"default","site-sidebar-style":"default","ast-global-header-display":"","ast-banner-title-visibility":"","ast-main-header-display":"","ast-hfb-above-header-display":"","ast-hfb-below-header-display":"","ast-hfb-mobile-header-display":"","site-post-title":"","ast-breadcrumbs-content":"","ast-featured-img":"","footer-sml-layout":"","ast-disable-related-posts":"","theme-transparent-header-meta":"default","adv-header-id-meta":"","stick-header-meta":"","header-above-stick-meta":"","header-main-stick-meta":"","header-below-stick-meta":"","astra-migrate-meta-layouts":"set","ast-page-background-enabled":"default","ast-page-background-meta":{"desktop":{"background-color":"var(--ast-global-color-5)","background-image":"","background-repeat":"repeat","background-position":"center center","background-size":"auto","background-attachment":"scroll","background-type":"","background-media":"","overlay-type":"","overlay-color":"","overlay-opacity":"","overlay-gradient":""},"tablet":{"background-color":"","background-image":"","background-repeat":"repeat","background-position":"center center","background-size":"auto","background-attachment":"scroll","background-type":"","background-media":"","overlay-type":"","overlay-color":"","overlay-opacity":"","overlay-gradient":""},"mobile":{"background-color":"","background-image":"","background-repeat":"repeat","background-position":"center center","background-size":"auto","background-attachment":"scroll","background-type":"","background-media":"","overlay-type":"","overlay-color":"","overlay-opacity":"","overlay-gradient":""}},"ast-content-background-meta":{"desktop":{"background-color":"var(--ast-global-color-4)","background-image":"","background-repeat":"repeat","background-position":"center center","background-size":"auto","background-attachment":"scroll","background-type":"","background-media":"","overlay-type":"","overlay-color":"","overlay-opacity":"","overlay-gradient":""},"tablet":{"background-color":"var(--ast-global-color-4)","background-image":"","background-repeat":"repeat","background-position":"center center","background-size":"auto","background-attachment":"scroll","background-type":"","background-media":"","overlay-type":"","overlay-color":"","overlay-opacity":"","overlay-gradient":""},"mobile":{"background-color":"var(--ast-global-color-4)","background-image":"","background-repeat":"repeat","background-position":"center center","background-size":"auto","background-attachment":"scroll","background-type":"","background-media":"","overlay-type":"","overlay-color":"","overlay-opacity":"","overlay-gradient":""}}},"product_brand":[],"product_cat":[42],"product_tag":[],"class_list":{"0":"post-5445","1":"product","2":"type-product","3":"status-publish","4":"has-post-thumbnail","6":"product_cat-hand-bag","7":"desktop-align-left","8":"tablet-align-left","9":"mobile-align-left","11":"first","12":"instock","13":"shipping-taxable","14":"product-type-simple"},"_links":{"self":[{"href":"https:\/\/baijiabags.com\/fr\/wp-json\/wp\/v2\/product\/5445","targetHints":{"allow":["GET"]}}],"collection":[{"href":"https:\/\/baijiabags.com\/fr\/wp-json\/wp\/v2\/product"}],"about":[{"href":"https:\/\/baijiabags.com\/fr\/wp-json\/wp\/v2\/types\/product"}],"replies":[{"embeddable":true,"href":"https:\/\/baijiabags.com\/fr\/wp-json\/wp\/v2\/comments?post=5445"}],"wp:featuredmedia":[{"embeddable":true,"href":"https:\/\/baijiabags.com\/fr\/wp-json\/wp\/v2\/media\/5450"}],"wp:attachment":[{"href":"https:\/\/baijiabags.com\/fr\/wp-json\/wp\/v2\/media?parent=5445"}],"wp:term":[{"taxonomy":"product_brand","embeddable":true,"href":"https:\/\/baijiabags.com\/fr\/wp-json\/wp\/v2\/product_brand?post=5445"},{"taxonomy":"product_cat","embeddable":true,"href":"https:\/\/baijiabags.com\/fr\/wp-json\/wp\/v2\/product_cat?post=5445"},{"taxonomy":"product_tag","embeddable":true,"href":"https:\/\/baijiabags.com\/fr\/wp-json\/wp\/v2\/product_tag?post=5445"}],"curies":[{"name":"wp","href":"https:\/\/api.w.org\/{rel}","templated":true}]}}