{"id":5281,"date":"2025-12-31T02:06:51","date_gmt":"2025-12-31T02:06:51","guid":{"rendered":"https:\/\/baijiabags.com\/?post_type=product&#038;p=5281"},"modified":"2025-12-31T02:06:51","modified_gmt":"2025-12-31T02:06:51","slug":"luxury-fashion-handbag-with-custom-logo-color-material-for-bulk-orders","status":"publish","type":"product","link":"https:\/\/baijiabags.com\/fr\/produit\/luxury-fashion-handbag-with-custom-logo-color-material-for-bulk-orders\/","title":{"rendered":"Sac \u00e0 main de luxe \u00e0 la mode avec logo, couleur et mat\u00e9riau personnalis\u00e9s pour les commandes en gros"},"content":{"rendered":"<h2 data-start=\"735\" data-end=\"752\">Caract\u00e9ristiques principales<\/h2>\n<ul data-start=\"753\" data-end=\"1758\">\n<li data-start=\"753\" data-end=\"893\">\n<p data-start=\"755\" data-end=\"893\"><strong data-start=\"755\" data-end=\"782\">Options de marquage personnalis\u00e9<\/strong>: Le sac \u00e0 main peut recevoir des logos personnalis\u00e9s au moyen de plaques m\u00e9talliques, d'un gaufrage ou d'une impression afin d'am\u00e9liorer la visibilit\u00e9 de la marque.<\/p>\n<\/li>\n<li data-start=\"894\" data-end=\"1018\">\n<p data-start=\"896\" data-end=\"1018\"><strong data-start=\"896\" data-end=\"927\">Configuration flexible de la taille<\/strong>: Les dimensions personnalis\u00e9es permettent de s'adapter aux diff\u00e9rentes pr\u00e9f\u00e9rences du march\u00e9 et aux sc\u00e9narios d'utilisation.<\/p>\n<\/li>\n<li data-start=\"1019\" data-end=\"1174\">\n<p data-start=\"1021\" data-end=\"1174\"><strong data-start=\"1021\" data-end=\"1047\">Personnalisation des mat\u00e9riaux<\/strong>: Les options comprennent le cuir PU, le cuir v\u00e9ritable, le cuir microfibre ou d'autres mat\u00e9riaux approuv\u00e9s en fonction des exigences du projet.<\/p>\n<\/li>\n<li data-start=\"1175\" data-end=\"1302\">\n<p data-start=\"1177\" data-end=\"1302\"><strong data-start=\"1177\" data-end=\"1200\">Personnalisation des couleurs<\/strong>: Une large gamme de couleurs permet de s'aligner sur les collections saisonni\u00e8res ou sur l'identit\u00e9 de la marque.<\/p>\n<\/li>\n<li data-start=\"1303\" data-end=\"1418\">\n<p data-start=\"1305\" data-end=\"1418\"><strong data-start=\"1305\" data-end=\"1326\">Structure durable<\/strong>: Les coutures renforc\u00e9es et les panneaux structur\u00e9s am\u00e9liorent le maintien de la forme lors d'une utilisation \u00e0 long terme.<\/p>\n<\/li>\n<li data-start=\"1419\" data-end=\"1525\">\n<p data-start=\"1421\" data-end=\"1525\"><strong data-start=\"1421\" data-end=\"1452\">Conception de portage confortable<\/strong>: Les bretelles r\u00e9glables garantissent le confort lors d'une utilisation quotidienne prolong\u00e9e.<\/p>\n<\/li>\n<li data-start=\"1526\" data-end=\"1645\">\n<p data-start=\"1528\" data-end=\"1645\"><strong data-start=\"1528\" data-end=\"1556\">Stylisme orient\u00e9 vers la mode<\/strong>: Une silhouette \u00e9pur\u00e9e et des proportions \u00e9quilibr\u00e9es conviennent aux tenues d\u00e9contract\u00e9es et semi-formelles.<\/p>\n<\/li>\n<li data-start=\"1646\" data-end=\"1758\">\n<p data-start=\"1648\" data-end=\"1758\"><strong data-start=\"1648\" data-end=\"1675\">Adaptabilit\u00e9 des commandes en vrac<\/strong>: MOQ n\u00e9gociable et production modulable : soutien au commerce de gros et coop\u00e9ration OEM\/ODM.<\/p>\n<\/li>\n<\/ul>\n<h2 data-start=\"1760\" data-end=\"1779\">Sp\u00e9cifications<\/h2>\n<div class=\"TyagGW_tableContainer\">\n<div class=\"group TyagGW_tableWrapper flex w-fit flex-col-reverse\" tabindex=\"-1\">\n<table class=\"w-fit min-w-(--thread-content-width)\" data-start=\"1780\" data-end=\"2230\">\n<thead data-start=\"1780\" data-end=\"1812\">\n<tr data-start=\"1780\" data-end=\"1812\">\n<th data-start=\"1780\" data-end=\"1801\" data-col-size=\"sm\">\u00c9l\u00e9ment de sp\u00e9cification<\/th>\n<th data-start=\"1801\" data-end=\"1812\" data-col-size=\"sm\">D\u00e9tails<\/th>\n<\/tr>\n<\/thead>\n<tbody data-start=\"1823\" data-end=\"2230\">\n<tr data-start=\"1823\" data-end=\"1859\">\n<td data-start=\"1823\" data-end=\"1838\" data-col-size=\"sm\">Nom du produit<\/td>\n<td data-start=\"1838\" data-end=\"1859\" data-col-size=\"sm\">Sac \u00e0 main \u00e0 bandouli\u00e8re<\/td>\n<\/tr>\n<tr data-start=\"1860\" data-end=\"1878\">\n<td data-start=\"1860\" data-end=\"1868\" data-col-size=\"sm\">Marque<\/td>\n<td data-start=\"1868\" data-end=\"1878\" data-col-size=\"sm\">RONEER<\/td>\n<\/tr>\n<tr data-start=\"1879\" data-end=\"1908\">\n<td data-start=\"1879\" data-end=\"1888\" data-col-size=\"sm\">Origine<\/td>\n<td data-start=\"1888\" data-end=\"1908\" data-col-size=\"sm\">Guangdong, Chine<\/td>\n<\/tr>\n<tr data-start=\"1909\" data-end=\"1928\">\n<td data-start=\"1909\" data-end=\"1917\" data-col-size=\"sm\">Style<\/td>\n<td data-start=\"1917\" data-end=\"1928\" data-col-size=\"sm\">La mode<\/td>\n<\/tr>\n<tr data-start=\"1929\" data-end=\"1952\">\n<td data-start=\"1929\" data-end=\"1936\" data-col-size=\"sm\">Taille<\/td>\n<td data-start=\"1936\" data-end=\"1952\" data-col-size=\"sm\">Personnalisable<\/td>\n<\/tr>\n<tr data-start=\"1953\" data-end=\"1977\">\n<td data-start=\"1953\" data-end=\"1961\" data-col-size=\"sm\">Couleur<\/td>\n<td data-start=\"1961\" data-end=\"1977\" data-col-size=\"sm\">Personnalisable<\/td>\n<\/tr>\n<tr data-start=\"1978\" data-end=\"2001\">\n<td data-start=\"1978\" data-end=\"1985\" data-col-size=\"sm\">Logo<\/td>\n<td data-start=\"1985\" data-end=\"2001\" data-col-size=\"sm\">Personnalisable<\/td>\n<\/tr>\n<tr data-start=\"2002\" data-end=\"2061\">\n<td data-start=\"2002\" data-end=\"2018\" data-col-size=\"sm\">Mat\u00e9riau principal<\/td>\n<td data-start=\"2018\" data-end=\"2061\" data-col-size=\"sm\">Cuir PU \/ cuir v\u00e9ritable (en option)<\/td>\n<\/tr>\n<tr data-start=\"2062\" data-end=\"2103\">\n<td data-start=\"2062\" data-end=\"2080\" data-col-size=\"sm\">Mat\u00e9riau de la doublure<\/td>\n<td data-start=\"2080\" data-end=\"2103\" data-col-size=\"sm\">Polyester ou sur mesure<\/td>\n<\/tr>\n<tr data-start=\"2104\" data-end=\"2158\">\n<td data-start=\"2104\" data-end=\"2119\" data-col-size=\"sm\">Type de fermeture<\/td>\n<td data-start=\"2119\" data-end=\"2158\" data-col-size=\"sm\">Fermeture \u00e0 glissi\u00e8re \/ bouton magn\u00e9tique (en option)<\/td>\n<\/tr>\n<tr data-start=\"2159\" data-end=\"2209\">\n<td data-start=\"2159\" data-end=\"2170\" data-col-size=\"sm\">Caract\u00e9ristiques<\/td>\n<td data-start=\"2170\" data-end=\"2209\" data-col-size=\"sm\">Design esth\u00e9tique, structure durable<\/td>\n<\/tr>\n<tr data-start=\"2210\" data-end=\"2230\">\n<td data-start=\"2210\" data-end=\"2216\" data-col-size=\"sm\">MOQ<\/td>\n<td data-start=\"2216\" data-end=\"2230\" data-col-size=\"sm\">N\u00e9gociable<\/td>\n<\/tr>\n<\/tbody>\n<\/table>\n<\/div>\n<\/div>\n<h2 data-start=\"2232\" data-end=\"2248\">Application<\/h2>\n<ul data-start=\"2249\" data-end=\"2743\">\n<li data-start=\"2249\" data-end=\"2334\">\n<p data-start=\"2251\" data-end=\"2334\"><strong data-start=\"2251\" data-end=\"2265\">Vie quotidienne<\/strong>: Convient pour les d\u00e9placements quotidiens, les sorties d\u00e9contract\u00e9es et l'utilisation courante.<\/p>\n<\/li>\n<li data-start=\"2335\" data-end=\"2436\">\n<p data-start=\"2337\" data-end=\"2436\"><strong data-start=\"2337\" data-end=\"2347\">Voyage<\/strong>: Offre un espace de rangement pratique pour les objets personnels essentiels lors de courts trajets ou de d\u00e9placements en ville.<\/p>\n<\/li>\n<li data-start=\"2437\" data-end=\"2534\">\n<p data-start=\"2439\" data-end=\"2534\"><strong data-start=\"2439\" data-end=\"2451\">Achats<\/strong>: La structure l\u00e9g\u00e8re et les compartiments faciles d'acc\u00e8s facilitent les activit\u00e9s de shopping.<\/p>\n<\/li>\n<li data-start=\"2535\" data-end=\"2638\">\n<p data-start=\"2537\" data-end=\"2638\"><strong data-start=\"2537\" data-end=\"2555\">Commerce de d\u00e9tail de la mode<\/strong>: Convient parfaitement comme sac \u00e0 main saisonnier pour les magasins de mode et les plates-formes de vente en ligne.<\/p>\n<\/li>\n<li data-start=\"2639\" data-end=\"2743\">\n<p data-start=\"2641\" data-end=\"2743\"><strong data-start=\"2641\" data-end=\"2667\">Programmes de marques priv\u00e9es<\/strong>: Id\u00e9al pour les marques qui d\u00e9veloppent des collections exclusives avec des designs personnalis\u00e9s.<\/p>\n<\/li>\n<\/ul>\n<p data-start=\"3012\" data-end=\"3175\" data-is-last-node=\"\" data-is-only-node=\"\">Si vous \u00eates int\u00e9ress\u00e9 par ce sac \u00e0 main, veuillez nous contacter pour demander des \u00e9chantillons, discuter des options de personnalisation et \u00e9tudier la possibilit\u00e9 d'une coop\u00e9ration ODM et OEM pour vos commandes en gros.<\/p>","protected":false},"excerpt":{"rendered":"<p>Le sac \u00e0 main de luxe avec logo, couleur et mat\u00e9riau personnalis\u00e9s pour les commandes en gros est con\u00e7u pour r\u00e9pondre aux besoins des marques de mode, des grossistes et des distributeurs \u00e0 la recherche d'une solution d'accessoires flexible et haut de gamme. Ce sac \u00e0 main allie l'esth\u00e9tique de la mode moderne \u00e0 une fonctionnalit\u00e9 pratique au quotidien. La structure g\u00e9n\u00e9rale permet une utilisation \u00e0 long terme, tandis que les \u00e9l\u00e9ments personnalisables aident les marques \u00e0 cr\u00e9er des produits diff\u00e9renci\u00e9s pour divers march\u00e9s cibles.<\/p>","protected":false},"featured_media":5283,"comment_status":"open","ping_status":"closed","template":"","meta":{"site-sidebar-layout":"default","site-content-layout":"","ast-site-content-layout":"default","site-content-style":"default","site-sidebar-style":"default","ast-global-header-display":"","ast-banner-title-visibility":"","ast-main-header-display":"","ast-hfb-above-header-display":"","ast-hfb-below-header-display":"","ast-hfb-mobile-header-display":"","site-post-title":"","ast-breadcrumbs-content":"","ast-featured-img":"","footer-sml-layout":"","ast-disable-related-posts":"","theme-transparent-header-meta":"default","adv-header-id-meta":"","stick-header-meta":"","header-above-stick-meta":"","header-main-stick-meta":"","header-below-stick-meta":"","astra-migrate-meta-layouts":"set","ast-page-background-enabled":"default","ast-page-background-meta":{"desktop":{"background-color":"var(--ast-global-color-5)","background-image":"","background-repeat":"repeat","background-position":"center center","background-size":"auto","background-attachment":"scroll","background-type":"","background-media":"","overlay-type":"","overlay-color":"","overlay-opacity":"","overlay-gradient":""},"tablet":{"background-color":"","background-image":"","background-repeat":"repeat","background-position":"center center","background-size":"auto","background-attachment":"scroll","background-type":"","background-media":"","overlay-type":"","overlay-color":"","overlay-opacity":"","overlay-gradient":""},"mobile":{"background-color":"","background-image":"","background-repeat":"repeat","background-position":"center center","background-size":"auto","background-attachment":"scroll","background-type":"","background-media":"","overlay-type":"","overlay-color":"","overlay-opacity":"","overlay-gradient":""}},"ast-content-background-meta":{"desktop":{"background-color":"var(--ast-global-color-4)","background-image":"","background-repeat":"repeat","background-position":"center center","background-size":"auto","background-attachment":"scroll","background-type":"","background-media":"","overlay-type":"","overlay-color":"","overlay-opacity":"","overlay-gradient":""},"tablet":{"background-color":"var(--ast-global-color-4)","background-image":"","background-repeat":"repeat","background-position":"center center","background-size":"auto","background-attachment":"scroll","background-type":"","background-media":"","overlay-type":"","overlay-color":"","overlay-opacity":"","overlay-gradient":""},"mobile":{"background-color":"var(--ast-global-color-4)","background-image":"","background-repeat":"repeat","background-position":"center center","background-size":"auto","background-attachment":"scroll","background-type":"","background-media":"","overlay-type":"","overlay-color":"","overlay-opacity":"","overlay-gradient":""}}},"product_brand":[],"product_cat":[42],"product_tag":[],"class_list":{"0":"post-5281","1":"product","2":"type-product","3":"status-publish","4":"has-post-thumbnail","6":"product_cat-hand-bag","7":"desktop-align-left","8":"tablet-align-left","9":"mobile-align-left","11":"first","12":"instock","13":"shipping-taxable","14":"product-type-simple"},"_links":{"self":[{"href":"https:\/\/baijiabags.com\/fr\/wp-json\/wp\/v2\/product\/5281","targetHints":{"allow":["GET"]}}],"collection":[{"href":"https:\/\/baijiabags.com\/fr\/wp-json\/wp\/v2\/product"}],"about":[{"href":"https:\/\/baijiabags.com\/fr\/wp-json\/wp\/v2\/types\/product"}],"replies":[{"embeddable":true,"href":"https:\/\/baijiabags.com\/fr\/wp-json\/wp\/v2\/comments?post=5281"}],"wp:featuredmedia":[{"embeddable":true,"href":"https:\/\/baijiabags.com\/fr\/wp-json\/wp\/v2\/media\/5283"}],"wp:attachment":[{"href":"https:\/\/baijiabags.com\/fr\/wp-json\/wp\/v2\/media?parent=5281"}],"wp:term":[{"taxonomy":"product_brand","embeddable":true,"href":"https:\/\/baijiabags.com\/fr\/wp-json\/wp\/v2\/product_brand?post=5281"},{"taxonomy":"product_cat","embeddable":true,"href":"https:\/\/baijiabags.com\/fr\/wp-json\/wp\/v2\/product_cat?post=5281"},{"taxonomy":"product_tag","embeddable":true,"href":"https:\/\/baijiabags.com\/fr\/wp-json\/wp\/v2\/product_tag?post=5281"}],"curies":[{"name":"wp","href":"https:\/\/api.w.org\/{rel}","templated":true}]}}