{"id":5236,"date":"2025-12-29T06:29:46","date_gmt":"2025-12-29T06:29:46","guid":{"rendered":"https:\/\/baijiabags.com\/?post_type=product&#038;p=5236"},"modified":"2025-12-29T06:29:46","modified_gmt":"2025-12-29T06:29:46","slug":"wholesale-new-fashion-womens-large-capacity-leather-shoulder-crossbody-bag","status":"publish","type":"product","link":"https:\/\/baijiabags.com\/fr\/produit\/wholesale-new-fashion-womens-large-capacity-leather-shoulder-crossbody-bag\/","title":{"rendered":"Wholesale New Fashion Women's Large Capacity Leather Shoulder &amp; Crossbody Bag"},"content":{"rendered":"<h2 data-start=\"953\" data-end=\"968\">Caract\u00e9ristiques principales<\/h2>\n<ol data-start=\"970\" data-end=\"1607\">\n<li data-start=\"970\" data-end=\"1075\">\n<p data-start=\"972\" data-end=\"1075\">Int\u00e9rieur de grande capacit\u00e9 avec un volume approximatif de <strong data-start=\"1026\" data-end=\"1042\">2-2,9 litres<\/strong>La ligne d'alimentation, adapt\u00e9e \u00e0 l'usage quotidien.<\/p>\n<\/li>\n<li data-start=\"1076\" data-end=\"1156\">\n<p data-start=\"1078\" data-end=\"1156\">Cuir PU durable, r\u00e9sistant \u00e0 l'eau et \u00e0 l'usure<\/p>\n<\/li>\n<li data-start=\"1157\" data-end=\"1226\">\n<p data-start=\"1159\" data-end=\"1226\">Forme de sac \u00e0 main structur\u00e9e qui conserve sa forme lors d'une utilisation prolong\u00e9e<\/p>\n<\/li>\n<li data-start=\"1227\" data-end=\"1307\">\n<p data-start=\"1229\" data-end=\"1307\">Sangle d'\u00e9paule r\u00e9glable pour un portage \u00e0 l'\u00e9paule ou en bandouli\u00e8re<\/p>\n<\/li>\n<li data-start=\"1308\" data-end=\"1377\">\n<p data-start=\"1310\" data-end=\"1377\">Fermeture \u00e0 glissi\u00e8re lisse qui am\u00e9liore la s\u00e9curit\u00e9 de l'article pendant le mouvement<\/p>\n<\/li>\n<li data-start=\"1378\" data-end=\"1445\">\n<p data-start=\"1380\" data-end=\"1445\">Options de logos personnalisables pour les marques priv\u00e9es et la promotion de la marque<\/p>\n<\/li>\n<li data-start=\"1446\" data-end=\"1524\">\n<p data-start=\"1448\" data-end=\"1524\">Plusieurs choix de personnalisation des couleurs pour r\u00e9pondre aux diff\u00e9rentes pr\u00e9f\u00e9rences du march\u00e9<\/p>\n<\/li>\n<li data-start=\"1525\" data-end=\"1607\">\n<p data-start=\"1527\" data-end=\"1607\">Construction l\u00e9g\u00e8re qui r\u00e9duit la fatigue du portage lors des activit\u00e9s quotidiennes<\/p>\n<\/li>\n<\/ol>\n<h2 data-start=\"1614\" data-end=\"1631\">Sp\u00e9cifications<\/h2>\n<div class=\"TyagGW_tableContainer\">\n<div class=\"group TyagGW_tableWrapper flex w-fit flex-col-reverse\" tabindex=\"-1\">\n<table class=\"w-fit min-w-(--thread-content-width)\" data-start=\"1633\" data-end=\"1980\">\n<thead data-start=\"1633\" data-end=\"1651\">\n<tr data-start=\"1633\" data-end=\"1651\">\n<th data-start=\"1633\" data-end=\"1640\" data-col-size=\"sm\">Objet<\/th>\n<th data-start=\"1640\" data-end=\"1651\" data-col-size=\"sm\">D\u00e9tails<\/th>\n<\/tr>\n<\/thead>\n<tbody data-start=\"1662\" data-end=\"1980\">\n<tr data-start=\"1662\" data-end=\"1688\">\n<td data-start=\"1662\" data-end=\"1677\" data-col-size=\"sm\">Nom du produit<\/td>\n<td data-col-size=\"sm\" data-start=\"1677\" data-end=\"1688\">Sac \u00e0 main<\/td>\n<\/tr>\n<tr data-start=\"1689\" data-end=\"1707\">\n<td data-start=\"1689\" data-end=\"1697\" data-col-size=\"sm\">Marque<\/td>\n<td data-col-size=\"sm\" data-start=\"1697\" data-end=\"1707\">RONEER<\/td>\n<\/tr>\n<tr data-start=\"1708\" data-end=\"1731\">\n<td data-start=\"1708\" data-end=\"1723\" data-col-size=\"sm\">Num\u00e9ro de mod\u00e8le<\/td>\n<td data-col-size=\"sm\" data-start=\"1723\" data-end=\"1731\">5843<\/td>\n<\/tr>\n<tr data-start=\"1732\" data-end=\"1757\">\n<td data-start=\"1732\" data-end=\"1743\" data-col-size=\"sm\">Mat\u00e9riau<\/td>\n<td data-start=\"1743\" data-end=\"1757\" data-col-size=\"sm\">Cuir PU<\/td>\n<\/tr>\n<tr data-start=\"1758\" data-end=\"1777\">\n<td data-start=\"1758\" data-end=\"1766\" data-col-size=\"sm\">Style<\/td>\n<td data-start=\"1766\" data-end=\"1777\" data-col-size=\"sm\">La mode<\/td>\n<\/tr>\n<tr data-start=\"1778\" data-end=\"1807\">\n<td data-start=\"1778\" data-end=\"1787\" data-col-size=\"sm\">Origine<\/td>\n<td data-start=\"1787\" data-end=\"1807\" data-col-size=\"sm\">Guangdong, Chine<\/td>\n<\/tr>\n<tr data-start=\"1808\" data-end=\"1835\">\n<td data-start=\"1808\" data-end=\"1819\" data-col-size=\"sm\">Capacit\u00e9<\/td>\n<td data-start=\"1819\" data-end=\"1835\" data-col-size=\"sm\">2-2,9 litres<\/td>\n<\/tr>\n<tr data-start=\"1836\" data-end=\"1859\">\n<td data-start=\"1836\" data-end=\"1843\" data-col-size=\"sm\">Taille<\/td>\n<td data-start=\"1843\" data-end=\"1859\" data-col-size=\"sm\">Personnalisable<\/td>\n<\/tr>\n<tr data-start=\"1860\" data-end=\"1884\">\n<td data-start=\"1860\" data-end=\"1868\" data-col-size=\"sm\">Couleur<\/td>\n<td data-start=\"1868\" data-end=\"1884\" data-col-size=\"sm\">Personnalisable<\/td>\n<\/tr>\n<tr data-start=\"1885\" data-end=\"1908\">\n<td data-start=\"1885\" data-end=\"1892\" data-col-size=\"sm\">Logo<\/td>\n<td data-start=\"1892\" data-end=\"1908\" data-col-size=\"sm\">Personnalisable<\/td>\n<\/tr>\n<tr data-start=\"1909\" data-end=\"1959\">\n<td data-start=\"1909\" data-end=\"1920\" data-col-size=\"sm\">Caract\u00e9ristiques<\/td>\n<td data-start=\"1920\" data-end=\"1959\" data-col-size=\"sm\">R\u00e9sistant \u00e0 l'eau, durable, esth\u00e9tique<\/td>\n<\/tr>\n<tr data-start=\"1960\" data-end=\"1980\">\n<td data-start=\"1960\" data-end=\"1966\" data-col-size=\"sm\">MOQ<\/td>\n<td data-start=\"1966\" data-end=\"1980\" data-col-size=\"sm\">N\u00e9gociable<\/td>\n<\/tr>\n<\/tbody>\n<\/table>\n<\/div>\n<\/div>\n<h2 data-start=\"2553\" data-end=\"2568\">Applications<\/h2>\n<ul data-start=\"2654\" data-end=\"2838\">\n<li data-start=\"2654\" data-end=\"2688\">\n<p data-start=\"2656\" data-end=\"2688\">Trajets quotidiens et utilisation du bureau<\/p>\n<\/li>\n<li data-start=\"2689\" data-end=\"2720\">\n<p data-start=\"2691\" data-end=\"2720\">Shopping et sorties d\u00e9contract\u00e9es<\/p>\n<\/li>\n<li data-start=\"2721\" data-end=\"2752\">\n<p data-start=\"2723\" data-end=\"2752\">Voyages de courte dur\u00e9e et d\u00e9placements en ville<\/p>\n<\/li>\n<li data-start=\"2753\" data-end=\"2785\">\n<p data-start=\"2755\" data-end=\"2785\">Collections de vente au d\u00e9tail de style de vie<\/p>\n<\/li>\n<li data-start=\"2786\" data-end=\"2838\">\n<p data-start=\"2788\" data-end=\"2838\">Distribution de mode en gros et de marques priv\u00e9es<\/p>\n<\/li>\n<\/ul>\n<p data-start=\"2845\" data-end=\"3113\" data-is-last-node=\"\" data-is-only-node=\"\">Si vous \u00eates int\u00e9ress\u00e9 par ce sac \u00e0 main pour femmes de grande capacit\u00e9, veuillez nous contacter pour demander des \u00e9chantillons et des devis d\u00e9taill\u00e9s.<br data-start=\"2968\" data-end=\"2971\" \/><strong data-start=\"2971\" data-end=\"3009\">Les services ODM et OEM sont disponibles<\/strong>Nous vous proposons une gamme compl\u00e8te de services, y compris la personnalisation de votre logo, le d\u00e9veloppement des couleurs et des solutions d'emballage pour soutenir la croissance de votre marque.<\/p>","protected":false},"excerpt":{"rendered":"<p>Les <strong data-start=\"198\" data-end=\"279\">Wholesale New Fashion Women's Large Capacity Leather Shoulder &amp; Crossbody Bag<\/strong> est con\u00e7u pour les femmes modernes qui recherchent \u00e0 la fois le style et la praticit\u00e9 au quotidien. Ce sac \u00e0 main allie une esth\u00e9tique de mode \u00e9pur\u00e9e \u00e0 un int\u00e9rieur spacieux, ce qui le rend adapt\u00e9 aux d\u00e9placements quotidiens, au shopping et aux voyages sur de courtes distances.<\/p>","protected":false},"featured_media":5237,"comment_status":"open","ping_status":"closed","template":"","meta":{"site-sidebar-layout":"default","site-content-layout":"","ast-site-content-layout":"default","site-content-style":"default","site-sidebar-style":"default","ast-global-header-display":"","ast-banner-title-visibility":"","ast-main-header-display":"","ast-hfb-above-header-display":"","ast-hfb-below-header-display":"","ast-hfb-mobile-header-display":"","site-post-title":"","ast-breadcrumbs-content":"","ast-featured-img":"","footer-sml-layout":"","ast-disable-related-posts":"","theme-transparent-header-meta":"default","adv-header-id-meta":"","stick-header-meta":"","header-above-stick-meta":"","header-main-stick-meta":"","header-below-stick-meta":"","astra-migrate-meta-layouts":"set","ast-page-background-enabled":"default","ast-page-background-meta":{"desktop":{"background-color":"var(--ast-global-color-5)","background-image":"","background-repeat":"repeat","background-position":"center center","background-size":"auto","background-attachment":"scroll","background-type":"","background-media":"","overlay-type":"","overlay-color":"","overlay-opacity":"","overlay-gradient":""},"tablet":{"background-color":"","background-image":"","background-repeat":"repeat","background-position":"center center","background-size":"auto","background-attachment":"scroll","background-type":"","background-media":"","overlay-type":"","overlay-color":"","overlay-opacity":"","overlay-gradient":""},"mobile":{"background-color":"","background-image":"","background-repeat":"repeat","background-position":"center center","background-size":"auto","background-attachment":"scroll","background-type":"","background-media":"","overlay-type":"","overlay-color":"","overlay-opacity":"","overlay-gradient":""}},"ast-content-background-meta":{"desktop":{"background-color":"var(--ast-global-color-4)","background-image":"","background-repeat":"repeat","background-position":"center center","background-size":"auto","background-attachment":"scroll","background-type":"","background-media":"","overlay-type":"","overlay-color":"","overlay-opacity":"","overlay-gradient":""},"tablet":{"background-color":"var(--ast-global-color-4)","background-image":"","background-repeat":"repeat","background-position":"center center","background-size":"auto","background-attachment":"scroll","background-type":"","background-media":"","overlay-type":"","overlay-color":"","overlay-opacity":"","overlay-gradient":""},"mobile":{"background-color":"var(--ast-global-color-4)","background-image":"","background-repeat":"repeat","background-position":"center center","background-size":"auto","background-attachment":"scroll","background-type":"","background-media":"","overlay-type":"","overlay-color":"","overlay-opacity":"","overlay-gradient":""}}},"product_brand":[],"product_cat":[42,54],"product_tag":[],"class_list":{"0":"post-5236","1":"product","2":"type-product","3":"status-publish","4":"has-post-thumbnail","6":"product_cat-hand-bag","7":"product_cat-womens-bag","8":"desktop-align-left","9":"tablet-align-left","10":"mobile-align-left","12":"first","13":"instock","14":"shipping-taxable","15":"product-type-simple"},"_links":{"self":[{"href":"https:\/\/baijiabags.com\/fr\/wp-json\/wp\/v2\/product\/5236","targetHints":{"allow":["GET"]}}],"collection":[{"href":"https:\/\/baijiabags.com\/fr\/wp-json\/wp\/v2\/product"}],"about":[{"href":"https:\/\/baijiabags.com\/fr\/wp-json\/wp\/v2\/types\/product"}],"replies":[{"embeddable":true,"href":"https:\/\/baijiabags.com\/fr\/wp-json\/wp\/v2\/comments?post=5236"}],"wp:featuredmedia":[{"embeddable":true,"href":"https:\/\/baijiabags.com\/fr\/wp-json\/wp\/v2\/media\/5237"}],"wp:attachment":[{"href":"https:\/\/baijiabags.com\/fr\/wp-json\/wp\/v2\/media?parent=5236"}],"wp:term":[{"taxonomy":"product_brand","embeddable":true,"href":"https:\/\/baijiabags.com\/fr\/wp-json\/wp\/v2\/product_brand?post=5236"},{"taxonomy":"product_cat","embeddable":true,"href":"https:\/\/baijiabags.com\/fr\/wp-json\/wp\/v2\/product_cat?post=5236"},{"taxonomy":"product_tag","embeddable":true,"href":"https:\/\/baijiabags.com\/fr\/wp-json\/wp\/v2\/product_tag?post=5236"}],"curies":[{"name":"wp","href":"https:\/\/api.w.org\/{rel}","templated":true}]}}