{"id":5218,"date":"2025-12-29T03:08:31","date_gmt":"2025-12-29T03:08:31","guid":{"rendered":"https:\/\/baijiabags.com\/?post_type=product&#038;p=5218"},"modified":"2025-12-29T03:08:31","modified_gmt":"2025-12-29T03:08:31","slug":"custom-wholesale-brown-pu-handbag-for-private-label-brands","status":"publish","type":"product","link":"https:\/\/baijiabags.com\/fr\/produit\/custom-wholesale-brown-pu-handbag-for-private-label-brands\/","title":{"rendered":"Custom Wholesale Brown PU Handbag for Private Label Brands (Sac \u00e0 main en PU marron pour les marques priv\u00e9es)"},"content":{"rendered":"<h2 data-start=\"858\" data-end=\"873\">Caract\u00e9ristiques principales<\/h2>\n<ol data-start=\"874\" data-end=\"1548\">\n<li data-start=\"874\" data-end=\"982\">\n<p data-start=\"876\" data-end=\"982\">Le mat\u00e9riau en cuir PU de premi\u00e8re qualit\u00e9 offre une texture semblable \u00e0 celle du cuir tout en restant l\u00e9ger et \u00e9conomique.<\/p>\n<\/li>\n<li data-start=\"983\" data-end=\"1062\">\n<p data-start=\"985\" data-end=\"1062\">Le ton brun \u00e0 la mode convient aux tenues quotidiennes, aux voyages et au shopping.<\/p>\n<\/li>\n<li data-start=\"1063\" data-end=\"1152\">\n<p data-start=\"1065\" data-end=\"1152\">Les coutures renforc\u00e9es am\u00e9liorent la capacit\u00e9 de charge et la durabilit\u00e9 au quotidien.<\/p>\n<\/li>\n<li data-start=\"1153\" data-end=\"1236\">\n<p data-start=\"1155\" data-end=\"1236\">Le logo personnalisable permet le gaufrage, l'impression, le logo en m\u00e9tal ou la fixation d'une \u00e9tiquette.<\/p>\n<\/li>\n<li data-start=\"1237\" data-end=\"1322\">\n<p data-start=\"1239\" data-end=\"1322\">Les options de taille ajustable r\u00e9pondent aux diff\u00e9rents positionnements sur le march\u00e9 et aux exigences en mati\u00e8re de conception.<\/p>\n<\/li>\n<li data-start=\"1323\" data-end=\"1399\">\n<p data-start=\"1325\" data-end=\"1399\">Les options de fermeture \u00e0 glissi\u00e8re ou magn\u00e9tique am\u00e9liorent la facilit\u00e9 d'utilisation et la s\u00e9curit\u00e9.<\/p>\n<\/li>\n<li data-start=\"1400\" data-end=\"1478\">\n<p data-start=\"1402\" data-end=\"1478\">L'agencement structur\u00e9 de l'int\u00e9rieur permet de ranger les objets essentiels au quotidien.<\/p>\n<\/li>\n<li data-start=\"1479\" data-end=\"1548\">\n<p data-start=\"1481\" data-end=\"1548\">La surface r\u00e9sistante \u00e0 l'usure permet une utilisation \u00e0 long terme avec un entretien facile<\/p>\n<\/li>\n<\/ol>\n<h2>Sp\u00e9cifications<\/h2>\n<div class=\"TyagGW_tableContainer\">\n<div class=\"group TyagGW_tableWrapper flex w-fit flex-col-reverse\" tabindex=\"-1\">\n<table class=\"w-fit min-w-(--thread-content-width)\" data-start=\"1673\" data-end=\"2083\">\n<thead data-start=\"1673\" data-end=\"1705\">\n<tr data-start=\"1673\" data-end=\"1705\">\n<th data-start=\"1673\" data-end=\"1694\" data-col-size=\"sm\">\u00c9l\u00e9ment de sp\u00e9cification<\/th>\n<th data-start=\"1694\" data-end=\"1705\" data-col-size=\"sm\">D\u00e9tails<\/th>\n<\/tr>\n<\/thead>\n<tbody data-start=\"1738\" data-end=\"2083\">\n<tr data-start=\"1738\" data-end=\"1764\">\n<td data-start=\"1738\" data-end=\"1753\" data-col-size=\"sm\">Nom du produit<\/td>\n<td data-start=\"1753\" data-end=\"1764\" data-col-size=\"sm\">Sac \u00e0 main<\/td>\n<\/tr>\n<tr data-start=\"1765\" data-end=\"1783\">\n<td data-start=\"1765\" data-end=\"1773\" data-col-size=\"sm\">Marque<\/td>\n<td data-start=\"1773\" data-end=\"1783\" data-col-size=\"sm\">RONEER<\/td>\n<\/tr>\n<tr data-start=\"1784\" data-end=\"1822\">\n<td data-start=\"1784\" data-end=\"1795\" data-col-size=\"sm\">Mat\u00e9riau<\/td>\n<td data-start=\"1795\" data-end=\"1822\" data-col-size=\"sm\">Cuir PU de haute qualit\u00e9<\/td>\n<\/tr>\n<tr data-start=\"1823\" data-end=\"1852\">\n<td data-start=\"1823\" data-end=\"1832\" data-col-size=\"sm\">Origine<\/td>\n<td data-start=\"1832\" data-end=\"1852\" data-col-size=\"sm\">Guangdong, Chine<\/td>\n<\/tr>\n<tr data-start=\"1853\" data-end=\"1872\">\n<td data-start=\"1853\" data-end=\"1861\" data-col-size=\"sm\">Style<\/td>\n<td data-start=\"1861\" data-end=\"1872\" data-col-size=\"sm\">La mode<\/td>\n<\/tr>\n<tr data-start=\"1873\" data-end=\"1924\">\n<td data-start=\"1873\" data-end=\"1881\" data-col-size=\"sm\">Couleur<\/td>\n<td data-start=\"1881\" data-end=\"1924\" data-col-size=\"sm\">Personnalisable (marron en option standard)<\/td>\n<\/tr>\n<tr data-start=\"1925\" data-end=\"1942\">\n<td data-start=\"1925\" data-end=\"1932\" data-col-size=\"sm\">Taille<\/td>\n<td data-start=\"1932\" data-end=\"1942\" data-col-size=\"sm\">Sur mesure<\/td>\n<\/tr>\n<tr data-start=\"1943\" data-end=\"1966\">\n<td data-start=\"1943\" data-end=\"1950\" data-col-size=\"sm\">Logo<\/td>\n<td data-start=\"1950\" data-end=\"1966\" data-col-size=\"sm\">Personnalisable<\/td>\n<\/tr>\n<tr data-start=\"1967\" data-end=\"2021\">\n<td data-start=\"1967\" data-end=\"1978\" data-col-size=\"sm\">Caract\u00e9ristiques<\/td>\n<td data-start=\"1978\" data-end=\"2021\" data-col-size=\"sm\">Aspect esth\u00e9tique, structure durable<\/td>\n<\/tr>\n<tr data-start=\"2022\" data-end=\"2042\">\n<td data-start=\"2022\" data-end=\"2028\" data-col-size=\"sm\">MOQ<\/td>\n<td data-start=\"2028\" data-end=\"2042\" data-col-size=\"sm\">N\u00e9gociable<\/td>\n<\/tr>\n<tr data-start=\"2043\" data-end=\"2083\">\n<td data-start=\"2043\" data-end=\"2051\" data-col-size=\"sm\">Utilisation<\/td>\n<td data-start=\"2051\" data-end=\"2083\" data-col-size=\"sm\">Vie quotidienne, Voyage, Shopping<\/td>\n<\/tr>\n<\/tbody>\n<\/table>\n<\/div>\n<\/div>\n<h2 data-start=\"2279\" data-end=\"2303\">Sc\u00e9narios d'application<\/h2>\n<p data-start=\"2304\" data-end=\"2376\">Ce sac \u00e0 main prend en charge un large \u00e9ventail de cas d'utilisation commerciale et grand public :<\/p>\n<ul data-start=\"2377\" data-end=\"2587\">\n<li data-start=\"2377\" data-end=\"2415\">\n<p data-start=\"2379\" data-end=\"2415\">Trajets quotidiens et sorties occasionnelles<\/p>\n<\/li>\n<li data-start=\"2416\" data-end=\"2453\">\n<p data-start=\"2418\" data-end=\"2453\">Shopping et activit\u00e9s de style de vie<\/p>\n<\/li>\n<li data-start=\"2454\" data-end=\"2494\">\n<p data-start=\"2456\" data-end=\"2494\">Voyages de courte distance et d\u00e9placements en ville<\/p>\n<\/li>\n<li data-start=\"2495\" data-end=\"2536\">\n<p data-start=\"2497\" data-end=\"2536\">Collections de d\u00e9tail pour les magasins de mode<\/p>\n<\/li>\n<\/ul>\n<p data-start=\"3065\" data-end=\"3291\">Si vous \u00eates int\u00e9ress\u00e9 par ce sac \u00e0 main en PU et que vous souhaitez recevoir des \u00e9chantillons ou discuter des options de personnalisation, veuillez nous contacter. Les services ODM et OEM sont disponibles pour soutenir le d\u00e9veloppement de votre marque priv\u00e9e et vos activit\u00e9s de vente en gros.<\/p>","protected":false},"excerpt":{"rendered":"<p>Le sac \u00e0 main Custom Wholesale Brown PU est con\u00e7u pour les marques priv\u00e9es qui recherchent un \u00e9quilibre entre l'esth\u00e9tique moderne, la durabilit\u00e9 et la flexibilit\u00e9 de la personnalisation. Ce sac \u00e0 main s'adresse aux d\u00e9taillants de mode, aux distributeurs et aux propri\u00e9taires de marques qui ont besoin d'une qualit\u00e9 fiable et d'options de conception adaptables \u00e0 divers march\u00e9s.<\/p>","protected":false},"featured_media":5220,"comment_status":"open","ping_status":"closed","template":"","meta":{"site-sidebar-layout":"default","site-content-layout":"","ast-site-content-layout":"default","site-content-style":"default","site-sidebar-style":"default","ast-global-header-display":"","ast-banner-title-visibility":"","ast-main-header-display":"","ast-hfb-above-header-display":"","ast-hfb-below-header-display":"","ast-hfb-mobile-header-display":"","site-post-title":"","ast-breadcrumbs-content":"","ast-featured-img":"","footer-sml-layout":"","ast-disable-related-posts":"","theme-transparent-header-meta":"default","adv-header-id-meta":"","stick-header-meta":"","header-above-stick-meta":"","header-main-stick-meta":"","header-below-stick-meta":"","astra-migrate-meta-layouts":"set","ast-page-background-enabled":"default","ast-page-background-meta":{"desktop":{"background-color":"var(--ast-global-color-5)","background-image":"","background-repeat":"repeat","background-position":"center center","background-size":"auto","background-attachment":"scroll","background-type":"","background-media":"","overlay-type":"","overlay-color":"","overlay-opacity":"","overlay-gradient":""},"tablet":{"background-color":"","background-image":"","background-repeat":"repeat","background-position":"center center","background-size":"auto","background-attachment":"scroll","background-type":"","background-media":"","overlay-type":"","overlay-color":"","overlay-opacity":"","overlay-gradient":""},"mobile":{"background-color":"","background-image":"","background-repeat":"repeat","background-position":"center center","background-size":"auto","background-attachment":"scroll","background-type":"","background-media":"","overlay-type":"","overlay-color":"","overlay-opacity":"","overlay-gradient":""}},"ast-content-background-meta":{"desktop":{"background-color":"var(--ast-global-color-4)","background-image":"","background-repeat":"repeat","background-position":"center center","background-size":"auto","background-attachment":"scroll","background-type":"","background-media":"","overlay-type":"","overlay-color":"","overlay-opacity":"","overlay-gradient":""},"tablet":{"background-color":"var(--ast-global-color-4)","background-image":"","background-repeat":"repeat","background-position":"center center","background-size":"auto","background-attachment":"scroll","background-type":"","background-media":"","overlay-type":"","overlay-color":"","overlay-opacity":"","overlay-gradient":""},"mobile":{"background-color":"var(--ast-global-color-4)","background-image":"","background-repeat":"repeat","background-position":"center center","background-size":"auto","background-attachment":"scroll","background-type":"","background-media":"","overlay-type":"","overlay-color":"","overlay-opacity":"","overlay-gradient":""}}},"product_brand":[],"product_cat":[42],"product_tag":[],"class_list":{"0":"post-5218","1":"product","2":"type-product","3":"status-publish","4":"has-post-thumbnail","6":"product_cat-hand-bag","7":"desktop-align-left","8":"tablet-align-left","9":"mobile-align-left","11":"first","12":"instock","13":"shipping-taxable","14":"product-type-simple"},"_links":{"self":[{"href":"https:\/\/baijiabags.com\/fr\/wp-json\/wp\/v2\/product\/5218","targetHints":{"allow":["GET"]}}],"collection":[{"href":"https:\/\/baijiabags.com\/fr\/wp-json\/wp\/v2\/product"}],"about":[{"href":"https:\/\/baijiabags.com\/fr\/wp-json\/wp\/v2\/types\/product"}],"replies":[{"embeddable":true,"href":"https:\/\/baijiabags.com\/fr\/wp-json\/wp\/v2\/comments?post=5218"}],"wp:featuredmedia":[{"embeddable":true,"href":"https:\/\/baijiabags.com\/fr\/wp-json\/wp\/v2\/media\/5220"}],"wp:attachment":[{"href":"https:\/\/baijiabags.com\/fr\/wp-json\/wp\/v2\/media?parent=5218"}],"wp:term":[{"taxonomy":"product_brand","embeddable":true,"href":"https:\/\/baijiabags.com\/fr\/wp-json\/wp\/v2\/product_brand?post=5218"},{"taxonomy":"product_cat","embeddable":true,"href":"https:\/\/baijiabags.com\/fr\/wp-json\/wp\/v2\/product_cat?post=5218"},{"taxonomy":"product_tag","embeddable":true,"href":"https:\/\/baijiabags.com\/fr\/wp-json\/wp\/v2\/product_tag?post=5218"}],"curies":[{"name":"wp","href":"https:\/\/api.w.org\/{rel}","templated":true}]}}