{"id":5120,"date":"2025-12-22T01:21:59","date_gmt":"2025-12-22T01:21:59","guid":{"rendered":"https:\/\/baijiabags.com\/?post_type=product&#038;p=5120"},"modified":"2025-12-22T01:21:59","modified_gmt":"2025-12-22T01:21:59","slug":"factory-wholesale-lightweight-everyday-backpack-890-series","status":"publish","type":"product","link":"https:\/\/baijiabags.com\/fr\/produit\/factory-wholesale-lightweight-everyday-backpack-890-series\/","title":{"rendered":"Sac \u00e0 dos l\u00e9ger de tous les jours, s\u00e9rie 890, vendu en gros par l'usine"},"content":{"rendered":"<h2>Caract\u00e9ristiques principales<\/h2>\n<ul data-start=\"807\" data-end=\"1426\">\n<li data-start=\"807\" data-end=\"888\">\n<p data-start=\"809\" data-end=\"888\">La construction l\u00e9g\u00e8re r\u00e9duit la tension sur les \u00e9paules pendant les longues heures de transport.<\/p>\n<\/li>\n<li data-start=\"889\" data-end=\"970\">\n<p data-start=\"891\" data-end=\"970\">Le mat\u00e9riau PU durable r\u00e9siste \u00e0 l'usure quotidienne, aux rayures et \u00e0 une l\u00e9g\u00e8re exposition \u00e0 l'humidit\u00e9.<\/p>\n<\/li>\n<li data-start=\"971\" data-end=\"1048\">\n<p data-start=\"973\" data-end=\"1048\">Le design orient\u00e9 vers la mode s'adapte aux environnements professionnels, d\u00e9contract\u00e9s et de voyage.<\/p>\n<\/li>\n<li data-start=\"1049\" data-end=\"1122\">\n<p data-start=\"1051\" data-end=\"1122\">Les options de logo personnalisables permettent la promotion de la marque et l'\u00e9tiquetage priv\u00e9.<\/p>\n<\/li>\n<li data-start=\"1123\" data-end=\"1195\">\n<p data-start=\"1125\" data-end=\"1195\">Les configurations de taille ajustables s'adaptent aux diff\u00e9rentes exigences du march\u00e9.<\/p>\n<\/li>\n<li data-start=\"1196\" data-end=\"1272\">\n<p data-start=\"1198\" data-end=\"1272\">De multiples compartiments permettent de mieux organiser les \u00e9l\u00e9ments essentiels pour le travail et les voyages.<\/p>\n<\/li>\n<li data-start=\"1273\" data-end=\"1342\">\n<p data-start=\"1275\" data-end=\"1342\">Les coutures renforc\u00e9es am\u00e9liorent la r\u00e9sistance structurelle et la dur\u00e9e de vie.<\/p>\n<\/li>\n<li data-start=\"1343\" data-end=\"1426\">\n<p data-start=\"1345\" data-end=\"1426\">Des options flexibles en mati\u00e8re de quantit\u00e9 et d'emballage permettent de r\u00e9pondre aux besoins des petites et grandes commandes en gros.<\/p>\n<\/li>\n<\/ul>\n<h2>Sp\u00e9cifications<\/h2>\n<div class=\"TyagGW_tableContainer\">\n<div class=\"group TyagGW_tableWrapper flex w-fit flex-col-reverse\" tabindex=\"-1\">\n<table class=\"w-fit min-w-(--thread-content-width)\" data-start=\"1577\" data-end=\"2100\">\n<thead data-start=\"1577\" data-end=\"1601\">\n<tr data-start=\"1577\" data-end=\"1601\">\n<th data-start=\"1577\" data-end=\"1584\" data-col-size=\"sm\">Objet<\/th>\n<th data-start=\"1584\" data-end=\"1601\" data-col-size=\"sm\">Sp\u00e9cifications<\/th>\n<\/tr>\n<\/thead>\n<tbody data-start=\"1626\" data-end=\"2100\">\n<tr data-start=\"1626\" data-end=\"1653\">\n<td data-start=\"1626\" data-end=\"1641\" data-col-size=\"sm\">Nom du produit<\/td>\n<td data-col-size=\"sm\" data-start=\"1641\" data-end=\"1653\">Sac \u00e0 dos<\/td>\n<\/tr>\n<tr data-start=\"1654\" data-end=\"1677\">\n<td data-start=\"1654\" data-end=\"1663\" data-col-size=\"sm\">S\u00e9rie<\/td>\n<td data-start=\"1663\" data-end=\"1677\" data-col-size=\"sm\">S\u00e9rie 890<\/td>\n<\/tr>\n<tr data-start=\"1678\" data-end=\"1696\">\n<td data-start=\"1678\" data-end=\"1686\" data-col-size=\"sm\">Marque<\/td>\n<td data-start=\"1686\" data-end=\"1696\" data-col-size=\"sm\">RONEER<\/td>\n<\/tr>\n<tr data-start=\"1697\" data-end=\"1735\">\n<td data-start=\"1697\" data-end=\"1715\" data-col-size=\"sm\">Lieu d'origine<\/td>\n<td data-col-size=\"sm\" data-start=\"1715\" data-end=\"1735\">Guangdong, Chine<\/td>\n<\/tr>\n<tr data-start=\"1736\" data-end=\"1755\">\n<td data-start=\"1736\" data-end=\"1744\" data-col-size=\"sm\">Style<\/td>\n<td data-col-size=\"sm\" data-start=\"1744\" data-end=\"1755\">La mode<\/td>\n<\/tr>\n<tr data-start=\"1756\" data-end=\"1778\">\n<td data-start=\"1756\" data-end=\"1772\" data-col-size=\"sm\">Mat\u00e9riau principal<\/td>\n<td data-col-size=\"sm\" data-start=\"1772\" data-end=\"1778\">PU<\/td>\n<\/tr>\n<tr data-start=\"1779\" data-end=\"1802\">\n<td data-start=\"1779\" data-end=\"1786\" data-col-size=\"sm\">Taille<\/td>\n<td data-col-size=\"sm\" data-start=\"1786\" data-end=\"1802\">Personnalisable<\/td>\n<\/tr>\n<tr data-start=\"1803\" data-end=\"1827\">\n<td data-start=\"1803\" data-end=\"1811\" data-col-size=\"sm\">Couleur<\/td>\n<td data-start=\"1811\" data-end=\"1827\" data-col-size=\"sm\">Personnalisable<\/td>\n<\/tr>\n<tr data-start=\"1828\" data-end=\"1851\">\n<td data-start=\"1828\" data-end=\"1835\" data-col-size=\"sm\">Logo<\/td>\n<td data-col-size=\"sm\" data-start=\"1835\" data-end=\"1851\">Personnalisable<\/td>\n<\/tr>\n<tr data-start=\"1852\" data-end=\"1886\">\n<td data-start=\"1852\" data-end=\"1862\" data-col-size=\"sm\">Fonctionnalit\u00e9<\/td>\n<td data-col-size=\"sm\" data-start=\"1862\" data-end=\"1886\">Durable, l\u00e9ger<\/td>\n<\/tr>\n<tr data-start=\"1887\" data-end=\"1907\">\n<td data-start=\"1887\" data-end=\"1893\" data-col-size=\"sm\">MOQ<\/td>\n<td data-col-size=\"sm\" data-start=\"1893\" data-end=\"1907\">N\u00e9gociable<\/td>\n<\/tr>\n<tr data-start=\"1908\" data-end=\"1934\">\n<td data-start=\"1908\" data-end=\"1920\" data-col-size=\"sm\">Emballage<\/td>\n<td data-col-size=\"sm\" data-start=\"1920\" data-end=\"1934\">N\u00e9gociable<\/td>\n<\/tr>\n<tr data-start=\"1935\" data-end=\"1982\">\n<td data-start=\"1935\" data-end=\"1955\" data-col-size=\"sm\">Champ d'application<\/td>\n<td data-col-size=\"sm\" data-start=\"1955\" data-end=\"1982\">Utilisation quotidienne, Travail, Voyage<\/td>\n<\/tr>\n<tr data-start=\"1983\" data-end=\"2008\">\n<td data-start=\"1983\" data-end=\"1998\" data-col-size=\"sm\">Type de fermeture<\/td>\n<td data-col-size=\"sm\" data-start=\"1998\" data-end=\"2008\">Fermeture \u00e0 glissi\u00e8re<\/td>\n<\/tr>\n<tr data-start=\"2009\" data-end=\"2057\">\n<td data-start=\"2009\" data-end=\"2027\" data-col-size=\"sm\">Syst\u00e8me de portage<\/td>\n<td data-col-size=\"sm\" data-start=\"2027\" data-end=\"2057\">Bretelles r\u00e9glables<\/td>\n<\/tr>\n<tr data-start=\"2058\" data-end=\"2100\">\n<td data-start=\"2058\" data-end=\"2076\" data-col-size=\"sm\">Mat\u00e9riau de la doublure<\/td>\n<td data-col-size=\"sm\" data-start=\"2076\" data-end=\"2100\">Polyester (en option)<\/td>\n<\/tr>\n<\/tbody>\n<\/table>\n<\/div>\n<\/div>\n<h2>Applications<\/h2>\n<ul data-start=\"2242\" data-end=\"2482\">\n<li data-start=\"2242\" data-end=\"2277\">\n<p data-start=\"2244\" data-end=\"2277\">D\u00e9placements professionnels et de bureau<\/p>\n<\/li>\n<li data-start=\"2278\" data-end=\"2311\">\n<p data-start=\"2280\" data-end=\"2311\">Voyages d'affaires et courts s\u00e9jours<\/p>\n<\/li>\n<li data-start=\"2312\" data-end=\"2354\">\n<p data-start=\"2314\" data-end=\"2354\">Utilisation quotidienne en milieu urbain pour les \u00e9tudiants et les travailleurs<\/p>\n<\/li>\n<li data-start=\"2355\" data-end=\"2396\">\n<p data-start=\"2357\" data-end=\"2396\">Projets de cadeaux promotionnels et d'entreprise<\/p>\n<\/li>\n<\/ul>\n<p>Si vous \u00eates int\u00e9ress\u00e9 par ce sac \u00e0 dos et souhaitez recevoir des \u00e9chantillons ou discuter des d\u00e9tails de personnalisation, veuillez nous contacter. Nous fournissons des services ODM et OEM et soutenons une coop\u00e9ration \u00e0 long terme avec les grossistes.<\/p>","protected":false},"excerpt":{"rendered":"<p>Le sac \u00e0 dos l\u00e9ger de tous les jours Factory Wholesale, s\u00e9rie 890, est con\u00e7u pour r\u00e9pondre aux besoins des utilisateurs modernes qui appr\u00e9cient la praticit\u00e9, le style et la durabilit\u00e9 dans la vie de tous les jours. Ce sac \u00e0 dos cible les sc\u00e9narios d'utilisation quotidienne et s'adapte parfaitement au travail, aux voyages et aux routines d\u00e9contract\u00e9es. La conception est ax\u00e9e sur une structure l\u00e9g\u00e8re associ\u00e9e \u00e0 un mat\u00e9riau PU durable, garantissant une utilisation \u00e0 long terme tout en conservant une apparence \u00e0 la mode. Ce sac \u00e0 dos peut \u00eatre largement personnalis\u00e9, notamment au niveau du logo, de la taille et de la couleur, ce qui le rend adapt\u00e9 aux projets de vente en gros, aux projets ODM et aux projets OEM. La production a lieu \u00e0 Guangdong, en Chine, o\u00f9 des processus de fabrication matures et des normes de contr\u00f4le de la qualit\u00e9 garantissent un rendement constant.<\/p>","protected":false},"featured_media":5130,"comment_status":"open","ping_status":"closed","template":"","meta":{"site-sidebar-layout":"default","site-content-layout":"","ast-site-content-layout":"default","site-content-style":"default","site-sidebar-style":"default","ast-global-header-display":"","ast-banner-title-visibility":"","ast-main-header-display":"","ast-hfb-above-header-display":"","ast-hfb-below-header-display":"","ast-hfb-mobile-header-display":"","site-post-title":"","ast-breadcrumbs-content":"","ast-featured-img":"","footer-sml-layout":"","ast-disable-related-posts":"","theme-transparent-header-meta":"default","adv-header-id-meta":"","stick-header-meta":"","header-above-stick-meta":"","header-main-stick-meta":"","header-below-stick-meta":"","astra-migrate-meta-layouts":"set","ast-page-background-enabled":"default","ast-page-background-meta":{"desktop":{"background-color":"var(--ast-global-color-5)","background-image":"","background-repeat":"repeat","background-position":"center center","background-size":"auto","background-attachment":"scroll","background-type":"","background-media":"","overlay-type":"","overlay-color":"","overlay-opacity":"","overlay-gradient":""},"tablet":{"background-color":"","background-image":"","background-repeat":"repeat","background-position":"center center","background-size":"auto","background-attachment":"scroll","background-type":"","background-media":"","overlay-type":"","overlay-color":"","overlay-opacity":"","overlay-gradient":""},"mobile":{"background-color":"","background-image":"","background-repeat":"repeat","background-position":"center center","background-size":"auto","background-attachment":"scroll","background-type":"","background-media":"","overlay-type":"","overlay-color":"","overlay-opacity":"","overlay-gradient":""}},"ast-content-background-meta":{"desktop":{"background-color":"var(--ast-global-color-4)","background-image":"","background-repeat":"repeat","background-position":"center center","background-size":"auto","background-attachment":"scroll","background-type":"","background-media":"","overlay-type":"","overlay-color":"","overlay-opacity":"","overlay-gradient":""},"tablet":{"background-color":"var(--ast-global-color-4)","background-image":"","background-repeat":"repeat","background-position":"center center","background-size":"auto","background-attachment":"scroll","background-type":"","background-media":"","overlay-type":"","overlay-color":"","overlay-opacity":"","overlay-gradient":""},"mobile":{"background-color":"var(--ast-global-color-4)","background-image":"","background-repeat":"repeat","background-position":"center center","background-size":"auto","background-attachment":"scroll","background-type":"","background-media":"","overlay-type":"","overlay-color":"","overlay-opacity":"","overlay-gradient":""}}},"product_brand":[],"product_cat":[15],"product_tag":[],"class_list":{"0":"post-5120","1":"product","2":"type-product","3":"status-publish","4":"has-post-thumbnail","6":"product_cat-uncategorized","7":"desktop-align-left","8":"tablet-align-left","9":"mobile-align-left","11":"first","12":"instock","13":"shipping-taxable","14":"product-type-simple"},"_links":{"self":[{"href":"https:\/\/baijiabags.com\/fr\/wp-json\/wp\/v2\/product\/5120","targetHints":{"allow":["GET"]}}],"collection":[{"href":"https:\/\/baijiabags.com\/fr\/wp-json\/wp\/v2\/product"}],"about":[{"href":"https:\/\/baijiabags.com\/fr\/wp-json\/wp\/v2\/types\/product"}],"replies":[{"embeddable":true,"href":"https:\/\/baijiabags.com\/fr\/wp-json\/wp\/v2\/comments?post=5120"}],"wp:featuredmedia":[{"embeddable":true,"href":"https:\/\/baijiabags.com\/fr\/wp-json\/wp\/v2\/media\/5130"}],"wp:attachment":[{"href":"https:\/\/baijiabags.com\/fr\/wp-json\/wp\/v2\/media?parent=5120"}],"wp:term":[{"taxonomy":"product_brand","embeddable":true,"href":"https:\/\/baijiabags.com\/fr\/wp-json\/wp\/v2\/product_brand?post=5120"},{"taxonomy":"product_cat","embeddable":true,"href":"https:\/\/baijiabags.com\/fr\/wp-json\/wp\/v2\/product_cat?post=5120"},{"taxonomy":"product_tag","embeddable":true,"href":"https:\/\/baijiabags.com\/fr\/wp-json\/wp\/v2\/product_tag?post=5120"}],"curies":[{"name":"wp","href":"https:\/\/api.w.org\/{rel}","templated":true}]}}