{"id":5042,"date":"2025-12-12T02:27:24","date_gmt":"2025-12-12T02:27:24","guid":{"rendered":"https:\/\/baijiabags.com\/?post_type=product&#038;p=5042"},"modified":"2025-12-13T06:40:47","modified_gmt":"2025-12-13T06:40:47","slug":"wholesale-womens-vintage-designer-womens-handbag-pu-leather-waterproof-shoulder-bag","status":"publish","type":"product","link":"https:\/\/baijiabags.com\/fr\/produit\/wholesale-womens-vintage-designer-womens-handbag-pu-leather-waterproof-shoulder-bag\/","title":{"rendered":"Wholesale Women's Vintage Designer Women's Handbag PU Leather Waterproof Shoulder Bag"},"content":{"rendered":"<h2 data-start=\"759\" data-end=\"778\"><strong data-start=\"762\" data-end=\"778\">Caract\u00e9ristiques principales<\/strong><\/h2>\n<ol data-start=\"780\" data-end=\"1845\">\n<li data-start=\"780\" data-end=\"922\">\n<p data-start=\"783\" data-end=\"922\"><strong data-start=\"783\" data-end=\"810\">Cuir PU Construction : <\/strong>Le cuir PU de haute qualit\u00e9 conf\u00e8re au sac une texture lisse et une grande durabilit\u00e9 tout en le maintenant l\u00e9ger.<\/p>\n<\/li>\n<li data-start=\"924\" data-end=\"1048\">\n<p data-start=\"927\" data-end=\"1048\"><strong data-start=\"927\" data-end=\"955\">Ext\u00e9rieur r\u00e9sistant \u00e0 l'eau : <\/strong>La surface r\u00e9duit l'absorption de l'humidit\u00e9 et aide le contenu \u00e0 rester sec lors d'une utilisation en ext\u00e9rieur.<\/p>\n<\/li>\n<li data-start=\"1050\" data-end=\"1181\">\n<p data-start=\"1053\" data-end=\"1181\"><strong data-start=\"1053\" data-end=\"1086\">Options de marquage personnalisables : <\/strong>Le logo, la taille et la couleur sont conformes aux exigences du client afin de r\u00e9pondre aux diverses demandes du march\u00e9.<\/p>\n<\/li>\n<li data-start=\"1183\" data-end=\"1315\">\n<p data-start=\"1186\" data-end=\"1315\"><strong data-start=\"1186\" data-end=\"1216\">Aspect vintage \u00e9l\u00e9gant : <\/strong>Le design associe des \u00e9l\u00e9ments de mode classiques et modernes pour compl\u00e9ter diff\u00e9rentes tenues.<\/p>\n<\/li>\n<li data-start=\"1317\" data-end=\"1438\">\n<p data-start=\"1320\" data-end=\"1438\"><strong data-start=\"1320\" data-end=\"1350\">Bandouli\u00e8re confortable : <\/strong>La sangle r\u00e9glable permet un portage prolong\u00e9 lors des voyages ou des d\u00e9placements quotidiens.<\/p>\n<\/li>\n<li data-start=\"1440\" data-end=\"1583\">\n<p data-start=\"1443\" data-end=\"1583\"><strong data-start=\"1443\" data-end=\"1476\">Plusieurs compartiments de rangement : <\/strong>L'am\u00e9nagement int\u00e9rieur aide les utilisateurs \u00e0 organiser leurs effets personnels tels que les cosm\u00e9tiques, les t\u00e9l\u00e9phones, les portefeuilles et les cl\u00e9s.<\/p>\n<\/li>\n<li data-start=\"1585\" data-end=\"1730\">\n<p data-start=\"1588\" data-end=\"1730\"><strong data-start=\"1588\" data-end=\"1619\">Structure de couture durable : <\/strong>Les coutures renforc\u00e9es consolident les points de tension et maintiennent le sac \u00e0 main en bon \u00e9tat lors d'une utilisation quotidienne.<\/p>\n<\/li>\n<li data-start=\"1732\" data-end=\"1845\">\n<p data-start=\"1735\" data-end=\"1845\"><strong data-start=\"1735\" data-end=\"1761\">Large gamme d'applications : <\/strong>Ce mod\u00e8le convient aux achats quotidiens, aux voyages, aux loisirs de plein air et aux environnements de travail.<\/p>\n<\/li>\n<\/ol>\n<h2 data-start=\"1852\" data-end=\"1873\"><strong data-start=\"1855\" data-end=\"1873\">Sp\u00e9cifications<\/strong><\/h2>\n<div class=\"TyagGW_tableContainer\">\n<div class=\"group TyagGW_tableWrapper flex w-fit flex-col-reverse\" tabindex=\"-1\">\n<table class=\"w-fit min-w-(--thread-content-width)\" data-start=\"1875\" data-end=\"2380\">\n<thead data-start=\"1875\" data-end=\"1935\">\n<tr data-start=\"1875\" data-end=\"1935\">\n<th data-start=\"1875\" data-end=\"1907\" data-col-size=\"sm\"><strong data-start=\"1877\" data-end=\"1906\">Sp\u00e9cification \/ Param\u00e8tre<\/strong><\/th>\n<th data-start=\"1907\" data-end=\"1935\" data-col-size=\"sm\"><strong data-start=\"1909\" data-end=\"1933\">Description d\u00e9taill\u00e9e<\/strong><\/th>\n<\/tr>\n<\/thead>\n<tbody data-start=\"1997\" data-end=\"2380\">\n<tr data-start=\"1997\" data-end=\"2023\">\n<td data-start=\"1997\" data-end=\"2012\" data-col-size=\"sm\">Nom du produit<\/td>\n<td data-start=\"2012\" data-end=\"2023\" data-col-size=\"sm\">Sac \u00e0 main<\/td>\n<\/tr>\n<tr data-start=\"2024\" data-end=\"2042\">\n<td data-start=\"2024\" data-end=\"2032\" data-col-size=\"sm\">Marque<\/td>\n<td data-start=\"2032\" data-end=\"2042\" data-col-size=\"sm\">RONEER<\/td>\n<\/tr>\n<tr data-start=\"2043\" data-end=\"2061\">\n<td data-start=\"2043\" data-end=\"2051\" data-col-size=\"sm\">Mod\u00e8le<\/td>\n<td data-start=\"2051\" data-end=\"2061\" data-col-size=\"sm\">BJ-158<\/td>\n<\/tr>\n<tr data-start=\"2062\" data-end=\"2091\">\n<td data-start=\"2062\" data-end=\"2071\" data-col-size=\"sm\">Origine<\/td>\n<td data-start=\"2071\" data-end=\"2091\" data-col-size=\"sm\">Guangdong, Chine<\/td>\n<\/tr>\n<tr data-start=\"2092\" data-end=\"2121\">\n<td data-start=\"2092\" data-end=\"2100\" data-col-size=\"sm\">Style<\/td>\n<td data-start=\"2100\" data-end=\"2121\" data-col-size=\"sm\">Mode \/ Vintage<\/td>\n<\/tr>\n<tr data-start=\"2122\" data-end=\"2152\">\n<td data-start=\"2122\" data-end=\"2138\" data-col-size=\"sm\">Mat\u00e9riau principal<\/td>\n<td data-start=\"2138\" data-end=\"2152\" data-col-size=\"sm\">Cuir PU<\/td>\n<\/tr>\n<tr data-start=\"2153\" data-end=\"2170\">\n<td data-start=\"2153\" data-end=\"2160\" data-col-size=\"sm\">Logo<\/td>\n<td data-start=\"2160\" data-end=\"2170\" data-col-size=\"sm\">Sur mesure<\/td>\n<\/tr>\n<tr data-start=\"2171\" data-end=\"2189\">\n<td data-start=\"2171\" data-end=\"2179\" data-col-size=\"sm\">Couleur<\/td>\n<td data-start=\"2179\" data-end=\"2189\" data-col-size=\"sm\">Sur mesure<\/td>\n<\/tr>\n<tr data-start=\"2190\" data-end=\"2207\">\n<td data-start=\"2190\" data-end=\"2197\" data-col-size=\"sm\">Taille<\/td>\n<td data-start=\"2197\" data-end=\"2207\" data-col-size=\"sm\">Sur mesure<\/td>\n<\/tr>\n<tr data-start=\"2208\" data-end=\"2228\">\n<td data-start=\"2208\" data-end=\"2221\" data-col-size=\"sm\">Imperm\u00e9able \u00e0 l'eau<\/td>\n<td data-start=\"2221\" data-end=\"2228\" data-col-size=\"sm\">Oui<\/td>\n<\/tr>\n<tr data-start=\"2229\" data-end=\"2273\">\n<td data-start=\"2229\" data-end=\"2240\" data-col-size=\"sm\">Caract\u00e9ristiques<\/td>\n<td data-start=\"2240\" data-end=\"2273\" data-col-size=\"sm\">Durable, aspect esth\u00e9tique<\/td>\n<\/tr>\n<tr data-start=\"2274\" data-end=\"2294\">\n<td data-start=\"2274\" data-end=\"2280\" data-col-size=\"sm\">MOQ<\/td>\n<td data-start=\"2280\" data-end=\"2294\" data-col-size=\"sm\">N\u00e9gociable<\/td>\n<\/tr>\n<tr data-start=\"2295\" data-end=\"2340\">\n<td data-start=\"2295\" data-end=\"2309\" data-col-size=\"sm\">Application<\/td>\n<td data-start=\"2309\" data-end=\"2340\" data-col-size=\"sm\">Voyage, plein air, vie quotidienne<\/td>\n<\/tr>\n<tr data-start=\"2341\" data-end=\"2380\">\n<td data-start=\"2341\" data-end=\"2359\" data-col-size=\"sm\">Type de production<\/td>\n<td data-start=\"2359\" data-end=\"2380\" data-col-size=\"sm\">Support OEM et ODM<\/td>\n<\/tr>\n<\/tbody>\n<\/table>\n<\/div>\n<\/div>\n<h2 data-start=\"2387\" data-end=\"2406\"><strong data-start=\"2390\" data-end=\"2406\">Applications<\/strong><\/h2>\n<ul data-start=\"2408\" data-end=\"3038\">\n<li data-start=\"2408\" data-end=\"2503\">\n<p data-start=\"2410\" data-end=\"2503\"><strong data-start=\"2410\" data-end=\"2430\">Trajets quotidiens :<\/strong> Le sac r\u00e9pond aux besoins du travail quotidien en offrant de l'espace pour les objets essentiels.<\/p>\n<\/li>\n<li data-start=\"2504\" data-end=\"2592\">\n<p data-start=\"2506\" data-end=\"2592\"><strong data-start=\"2506\" data-end=\"2529\">Loisirs et achats :<\/strong> Le corps l\u00e9ger offre aux utilisateurs un confort pour les sorties d\u00e9contract\u00e9es.<\/p>\n<\/li>\n<li data-start=\"2593\" data-end=\"2705\">\n<p data-start=\"2595\" data-end=\"2705\"><strong data-start=\"2595\" data-end=\"2606\">Voyage :<\/strong> La surface imperm\u00e9able et les compartiments organis\u00e9s aident les voyageurs \u00e0 transporter leurs objets importants en toute s\u00e9curit\u00e9.<\/p>\n<\/li>\n<li data-start=\"2706\" data-end=\"2802\">\n<p data-start=\"2708\" data-end=\"2802\"><strong data-start=\"2708\" data-end=\"2724\">Utilisation \u00e0 l'ext\u00e9rieur :<\/strong> La structure durable en PU convient parfaitement aux activit\u00e9s de plein air et aux voyages de courte dur\u00e9e.<\/p>\n<\/li>\n<\/ul>\n<p data-start=\"3045\" data-end=\"3196\" data-is-last-node=\"\" data-is-only-node=\"\">Si vous \u00eates int\u00e9ress\u00e9 par ce sac \u00e0 main, vous pouvez nous contacter pour obtenir des \u00e9chantillons. Nous proposons des services ODM et OEM et pouvons personnaliser les couleurs, les tailles et les marques.<\/p>","protected":false},"excerpt":{"rendered":"<p data-start=\"180\" data-end=\"752\">Les <em data-start=\"184\" data-end=\"271\">Wholesale Women's Vintage Designer Women's Handbag PU Leather Waterproof Shoulder Bag<\/em> offre une solution \u00e9l\u00e9gante et fonctionnelle pour le transport quotidien. Le sac est fabriqu\u00e9 en <strong data-start=\"358\" data-end=\"368\">RONEER<\/strong> et permet de personnaliser les marques, les couleurs, les tailles et les logos. Sa structure en cuir PU lui conf\u00e8re un aspect raffin\u00e9 tout en permettant une utilisation quotidienne lors de voyages, d'activit\u00e9s de plein air et dans la vie de tous les jours. Le design suit une esth\u00e9tique d'inspiration vintage qui s'adapte aux garde-robes modernes et \u00e0 un large \u00e9ventail de styles de mode. Chaque d\u00e9tail est ax\u00e9 sur le confort, la durabilit\u00e9 et le rangement pratique.<\/p>","protected":false},"featured_media":5048,"comment_status":"open","ping_status":"closed","template":"","meta":{"site-sidebar-layout":"default","site-content-layout":"","ast-site-content-layout":"default","site-content-style":"default","site-sidebar-style":"default","ast-global-header-display":"","ast-banner-title-visibility":"","ast-main-header-display":"","ast-hfb-above-header-display":"","ast-hfb-below-header-display":"","ast-hfb-mobile-header-display":"","site-post-title":"","ast-breadcrumbs-content":"","ast-featured-img":"","footer-sml-layout":"","ast-disable-related-posts":"","theme-transparent-header-meta":"default","adv-header-id-meta":"","stick-header-meta":"","header-above-stick-meta":"","header-main-stick-meta":"","header-below-stick-meta":"","astra-migrate-meta-layouts":"set","ast-page-background-enabled":"default","ast-page-background-meta":{"desktop":{"background-color":"var(--ast-global-color-5)","background-image":"","background-repeat":"repeat","background-position":"center center","background-size":"auto","background-attachment":"scroll","background-type":"","background-media":"","overlay-type":"","overlay-color":"","overlay-opacity":"","overlay-gradient":""},"tablet":{"background-color":"","background-image":"","background-repeat":"repeat","background-position":"center center","background-size":"auto","background-attachment":"scroll","background-type":"","background-media":"","overlay-type":"","overlay-color":"","overlay-opacity":"","overlay-gradient":""},"mobile":{"background-color":"","background-image":"","background-repeat":"repeat","background-position":"center center","background-size":"auto","background-attachment":"scroll","background-type":"","background-media":"","overlay-type":"","overlay-color":"","overlay-opacity":"","overlay-gradient":""}},"ast-content-background-meta":{"desktop":{"background-color":"var(--ast-global-color-4)","background-image":"","background-repeat":"repeat","background-position":"center center","background-size":"auto","background-attachment":"scroll","background-type":"","background-media":"","overlay-type":"","overlay-color":"","overlay-opacity":"","overlay-gradient":""},"tablet":{"background-color":"var(--ast-global-color-4)","background-image":"","background-repeat":"repeat","background-position":"center center","background-size":"auto","background-attachment":"scroll","background-type":"","background-media":"","overlay-type":"","overlay-color":"","overlay-opacity":"","overlay-gradient":""},"mobile":{"background-color":"var(--ast-global-color-4)","background-image":"","background-repeat":"repeat","background-position":"center center","background-size":"auto","background-attachment":"scroll","background-type":"","background-media":"","overlay-type":"","overlay-color":"","overlay-opacity":"","overlay-gradient":""}}},"product_brand":[],"product_cat":[42],"product_tag":[],"class_list":{"0":"post-5042","1":"product","2":"type-product","3":"status-publish","4":"has-post-thumbnail","6":"product_cat-hand-bag","7":"desktop-align-left","8":"tablet-align-left","9":"mobile-align-left","11":"first","12":"instock","13":"shipping-taxable","14":"product-type-simple"},"_links":{"self":[{"href":"https:\/\/baijiabags.com\/fr\/wp-json\/wp\/v2\/product\/5042","targetHints":{"allow":["GET"]}}],"collection":[{"href":"https:\/\/baijiabags.com\/fr\/wp-json\/wp\/v2\/product"}],"about":[{"href":"https:\/\/baijiabags.com\/fr\/wp-json\/wp\/v2\/types\/product"}],"replies":[{"embeddable":true,"href":"https:\/\/baijiabags.com\/fr\/wp-json\/wp\/v2\/comments?post=5042"}],"wp:featuredmedia":[{"embeddable":true,"href":"https:\/\/baijiabags.com\/fr\/wp-json\/wp\/v2\/media\/5048"}],"wp:attachment":[{"href":"https:\/\/baijiabags.com\/fr\/wp-json\/wp\/v2\/media?parent=5042"}],"wp:term":[{"taxonomy":"product_brand","embeddable":true,"href":"https:\/\/baijiabags.com\/fr\/wp-json\/wp\/v2\/product_brand?post=5042"},{"taxonomy":"product_cat","embeddable":true,"href":"https:\/\/baijiabags.com\/fr\/wp-json\/wp\/v2\/product_cat?post=5042"},{"taxonomy":"product_tag","embeddable":true,"href":"https:\/\/baijiabags.com\/fr\/wp-json\/wp\/v2\/product_tag?post=5042"}],"curies":[{"name":"wp","href":"https:\/\/api.w.org\/{rel}","templated":true}]}}