{"id":4982,"date":"2025-12-08T02:31:28","date_gmt":"2025-12-08T02:31:28","guid":{"rendered":"https:\/\/baijiabags.com\/?post_type=product&#038;p=4982"},"modified":"2025-12-08T02:31:28","modified_gmt":"2025-12-08T02:31:28","slug":"wholesale-fashion-women-shoulder-bag-solid-color-open-tote-for-everyday-use","status":"publish","type":"product","link":"https:\/\/baijiabags.com\/fr\/produit\/wholesale-fashion-women-shoulder-bag-solid-color-open-tote-for-everyday-use\/","title":{"rendered":"Wholesale Fashion Women Shoulder Bag Solid Color Open Tote for Everyday Use (Sac \u00e0 bandouli\u00e8re de couleur unie pour une utilisation quotidienne)"},"content":{"rendered":"<h2 data-start=\"1146\" data-end=\"1164\">Caract\u00e9ristiques principales<\/h2>\n<ol data-start=\"1165\" data-end=\"1929\">\n<li data-start=\"1165\" data-end=\"1271\">\n<p data-start=\"1168\" data-end=\"1271\"><strong data-start=\"1168\" data-end=\"1191\">Design \u00e0 la mode :<\/strong> Con\u00e7us dans un style vintage et f\u00e9minin, ils rehaussent les tenues de tous les jours.<\/p>\n<\/li>\n<li data-start=\"1272\" data-end=\"1355\">\n<p data-start=\"1275\" data-end=\"1355\"><strong data-start=\"1275\" data-end=\"1296\">Mat\u00e9riau durable :<\/strong> Fabriqu\u00e9 en PU de haute qualit\u00e9 pour une utilisation durable.<\/p>\n<\/li>\n<li data-start=\"1356\" data-end=\"1467\">\n<p data-start=\"1359\" data-end=\"1467\"><strong data-start=\"1359\" data-end=\"1392\">Imperm\u00e9able et r\u00e9sistant \u00e0 l'eau :<\/strong> Assure la protection des objets personnels en cas de pluie l\u00e9g\u00e8re ou de d\u00e9versement accidentel.<\/p>\n<\/li>\n<li data-start=\"1468\" data-end=\"1560\">\n<p data-start=\"1471\" data-end=\"1560\"><strong data-start=\"1471\" data-end=\"1498\">Portable et l\u00e9ger :<\/strong> Confortable \u00e0 porter pendant de longues heures sans se fatiguer.<\/p>\n<\/li>\n<li data-start=\"1561\" data-end=\"1636\">\n<p data-start=\"1564\" data-end=\"1636\"><strong data-start=\"1564\" data-end=\"1588\">Caract\u00e9ristiques antivol :<\/strong> S\u00e9curise les objets de valeur lors des d\u00e9placements ou de l'utilisation quotidienne.<\/p>\n<\/li>\n<li data-start=\"1637\" data-end=\"1731\">\n<p data-start=\"1640\" data-end=\"1731\"><strong data-start=\"1640\" data-end=\"1665\">Options personnalisables :<\/strong> Le logo, la couleur et la taille peuvent \u00eatre adapt\u00e9s \u00e0 des besoins sp\u00e9cifiques.<\/p>\n<\/li>\n<li data-start=\"1732\" data-end=\"1819\">\n<p data-start=\"1735\" data-end=\"1819\"><strong data-start=\"1735\" data-end=\"1761\">Application polyvalente :<\/strong> Convient \u00e0 la vie quotidienne, au shopping et aux voyages.<\/p>\n<\/li>\n<li data-start=\"1820\" data-end=\"1929\">\n<p data-start=\"1823\" data-end=\"1929\"><strong data-start=\"1823\" data-end=\"1848\">Compact mais spacieux :<\/strong> Espace de rangement ad\u00e9quat sans \u00eatre encombrant, permettant de ranger facilement les objets essentiels.<\/p>\n<\/li>\n<\/ol>\n<h2 data-start=\"1931\" data-end=\"1951\">Sp\u00e9cifications<\/h2>\n<div class=\"TyagGW_tableContainer\">\n<div class=\"group TyagGW_tableWrapper flex w-fit flex-col-reverse\" tabindex=\"-1\">\n<table class=\"w-fit min-w-(--thread-content-width)\" data-start=\"1953\" data-end=\"2903\">\n<thead data-start=\"1953\" data-end=\"2018\">\n<tr data-start=\"1953\" data-end=\"2018\">\n<th data-start=\"1953\" data-end=\"1976\" data-col-size=\"sm\">Sp\u00e9cifications<\/th>\n<th data-start=\"1976\" data-end=\"2018\" data-col-size=\"md\">D\u00e9tails<\/th>\n<\/tr>\n<\/thead>\n<tbody data-start=\"2085\" data-end=\"2903\">\n<tr data-start=\"2085\" data-end=\"2151\">\n<td data-start=\"2085\" data-end=\"2108\" data-col-size=\"sm\">Nom du produit<\/td>\n<td data-col-size=\"md\" data-start=\"2108\" data-end=\"2151\">Sac de voyage<\/td>\n<\/tr>\n<tr data-start=\"2152\" data-end=\"2218\">\n<td data-start=\"2152\" data-end=\"2175\" data-col-size=\"sm\">Marque<\/td>\n<td data-col-size=\"md\" data-start=\"2175\" data-end=\"2218\">RONEER<\/td>\n<\/tr>\n<tr data-start=\"2219\" data-end=\"2285\">\n<td data-start=\"2219\" data-end=\"2242\" data-col-size=\"sm\">Origine<\/td>\n<td data-col-size=\"md\" data-start=\"2242\" data-end=\"2285\">Guangdong, Chine<\/td>\n<\/tr>\n<tr data-start=\"2286\" data-end=\"2353\">\n<td data-start=\"2286\" data-end=\"2309\" data-col-size=\"sm\">Num\u00e9ro de mod\u00e8le<\/td>\n<td data-col-size=\"md\" data-start=\"2309\" data-end=\"2353\">GB-6068<\/td>\n<\/tr>\n<tr data-start=\"2354\" data-end=\"2420\">\n<td data-start=\"2354\" data-end=\"2377\" data-col-size=\"sm\">Style<\/td>\n<td data-col-size=\"md\" data-start=\"2377\" data-end=\"2420\">Mode, Lady, Vintage<\/td>\n<\/tr>\n<tr data-start=\"2421\" data-end=\"2488\">\n<td data-start=\"2421\" data-end=\"2444\" data-col-size=\"sm\">Logo<\/td>\n<td data-col-size=\"md\" data-start=\"2444\" data-end=\"2488\">Personnalisable<\/td>\n<\/tr>\n<tr data-start=\"2489\" data-end=\"2556\">\n<td data-start=\"2489\" data-end=\"2512\" data-col-size=\"sm\">Mat\u00e9riau principal<\/td>\n<td data-start=\"2512\" data-end=\"2556\" data-col-size=\"md\">PU<\/td>\n<\/tr>\n<tr data-start=\"2557\" data-end=\"2623\">\n<td data-start=\"2557\" data-end=\"2580\" data-col-size=\"sm\">Taille<\/td>\n<td data-col-size=\"md\" data-start=\"2580\" data-end=\"2623\">25<em data-start=\"2584\" data-end=\"2588\">13<\/em>20 cm (7 pouces), personnalisable<\/td>\n<\/tr>\n<tr data-start=\"2624\" data-end=\"2691\">\n<td data-start=\"2624\" data-end=\"2647\" data-col-size=\"sm\">Couleur<\/td>\n<td data-start=\"2647\" data-end=\"2691\" data-col-size=\"md\">Personnalisable<\/td>\n<\/tr>\n<tr data-start=\"2692\" data-end=\"2768\">\n<td data-start=\"2692\" data-end=\"2715\" data-col-size=\"sm\">Caract\u00e9ristiques<\/td>\n<td data-col-size=\"md\" data-start=\"2715\" data-end=\"2768\">\u00c9tanche, r\u00e9sistant \u00e0 l'eau, portable, antivol<\/td>\n<\/tr>\n<tr data-start=\"2769\" data-end=\"2836\">\n<td data-start=\"2769\" data-end=\"2792\" data-col-size=\"sm\">MOQ<\/td>\n<td data-col-size=\"md\" data-start=\"2792\" data-end=\"2836\">N\u00e9gociable<\/td>\n<\/tr>\n<tr data-start=\"2837\" data-end=\"2903\">\n<td data-start=\"2837\" data-end=\"2860\" data-col-size=\"sm\">Application<\/td>\n<td data-start=\"2860\" data-end=\"2903\" data-col-size=\"md\">Vie quotidienne, Voyage, Shopping<\/td>\n<\/tr>\n<\/tbody>\n<\/table>\n<\/div>\n<\/div>\n<h2 data-start=\"2905\" data-end=\"2923\">Applications<\/h2>\n<ul data-start=\"2924\" data-end=\"3158\">\n<li data-start=\"2924\" data-end=\"3010\">\n<p data-start=\"2926\" data-end=\"3010\"><strong data-start=\"2926\" data-end=\"2941\">La vie quotidienne :<\/strong> Parfait pour transporter des objets essentiels comme le portefeuille, le t\u00e9l\u00e9phone et les cl\u00e9s.<\/p>\n<\/li>\n<li data-start=\"3011\" data-end=\"3072\">\n<p data-start=\"3013\" data-end=\"3072\"><strong data-start=\"3013\" data-end=\"3024\">Voyage :<\/strong> Convient aux voyages de courte dur\u00e9e ou aux escapades de fin de semaine.<\/p>\n<\/li>\n<li data-start=\"3073\" data-end=\"3158\">\n<p data-start=\"3075\" data-end=\"3158\"><strong data-start=\"3075\" data-end=\"3088\">Achats :<\/strong> Pratique pour transporter ses achats tout en conservant un aspect \u00e9l\u00e9gant.<\/p>\n<\/li>\n<\/ul>\n<p data-start=\"3160\" data-end=\"3365\">Si vous \u00eates int\u00e9ress\u00e9 par ce sac \u00e0 bandouli\u00e8re, veuillez nous contacter pour obtenir un \u00e9chantillon. <strong data-start=\"3242\" data-end=\"3277\">Des services ODM et OEM sont propos\u00e9s<\/strong>Le syst\u00e8me d'information sur la sant\u00e9 permet de personnaliser les couleurs, les logos et les tailles en fonction des besoins de l'entreprise.<\/p>","protected":false},"excerpt":{"rendered":"<p>Les <strong data-start=\"187\" data-end=\"227\">Wholesale Fashion Women Shoulder Bag (Sac \u00e0 bandouli\u00e8re pour femmes)<\/strong> a \u00e9t\u00e9 con\u00e7u pour offrir \u00e0 la fois style et fonctionnalit\u00e9 pour un usage quotidien. Fabriqu\u00e9 \u00e0 partir de mat\u00e9riaux de haute qualit\u00e9, ce sac \u00e0 bandouli\u00e8re a \u00e9t\u00e9 con\u00e7u pour r\u00e9pondre aux besoins des femmes modernes qui recherchent une combinaison de mode, de durabilit\u00e9 et de praticit\u00e9. Le sac a \u00e9t\u00e9 fabriqu\u00e9 avec le souci du d\u00e9tail, ce qui en fait un compagnon fiable pour la vie quotidienne, les voyages et le shopping.<\/p>","protected":false},"featured_media":4984,"comment_status":"open","ping_status":"closed","template":"","meta":{"site-sidebar-layout":"default","site-content-layout":"","ast-site-content-layout":"default","site-content-style":"default","site-sidebar-style":"default","ast-global-header-display":"","ast-banner-title-visibility":"","ast-main-header-display":"","ast-hfb-above-header-display":"","ast-hfb-below-header-display":"","ast-hfb-mobile-header-display":"","site-post-title":"","ast-breadcrumbs-content":"","ast-featured-img":"","footer-sml-layout":"","ast-disable-related-posts":"","theme-transparent-header-meta":"default","adv-header-id-meta":"","stick-header-meta":"","header-above-stick-meta":"","header-main-stick-meta":"","header-below-stick-meta":"","astra-migrate-meta-layouts":"set","ast-page-background-enabled":"default","ast-page-background-meta":{"desktop":{"background-color":"var(--ast-global-color-5)","background-image":"","background-repeat":"repeat","background-position":"center center","background-size":"auto","background-attachment":"scroll","background-type":"","background-media":"","overlay-type":"","overlay-color":"","overlay-opacity":"","overlay-gradient":""},"tablet":{"background-color":"","background-image":"","background-repeat":"repeat","background-position":"center center","background-size":"auto","background-attachment":"scroll","background-type":"","background-media":"","overlay-type":"","overlay-color":"","overlay-opacity":"","overlay-gradient":""},"mobile":{"background-color":"","background-image":"","background-repeat":"repeat","background-position":"center center","background-size":"auto","background-attachment":"scroll","background-type":"","background-media":"","overlay-type":"","overlay-color":"","overlay-opacity":"","overlay-gradient":""}},"ast-content-background-meta":{"desktop":{"background-color":"var(--ast-global-color-4)","background-image":"","background-repeat":"repeat","background-position":"center center","background-size":"auto","background-attachment":"scroll","background-type":"","background-media":"","overlay-type":"","overlay-color":"","overlay-opacity":"","overlay-gradient":""},"tablet":{"background-color":"var(--ast-global-color-4)","background-image":"","background-repeat":"repeat","background-position":"center center","background-size":"auto","background-attachment":"scroll","background-type":"","background-media":"","overlay-type":"","overlay-color":"","overlay-opacity":"","overlay-gradient":""},"mobile":{"background-color":"var(--ast-global-color-4)","background-image":"","background-repeat":"repeat","background-position":"center center","background-size":"auto","background-attachment":"scroll","background-type":"","background-media":"","overlay-type":"","overlay-color":"","overlay-opacity":"","overlay-gradient":""}}},"product_brand":[],"product_cat":[42],"product_tag":[],"class_list":{"0":"post-4982","1":"product","2":"type-product","3":"status-publish","4":"has-post-thumbnail","6":"product_cat-hand-bag","7":"desktop-align-left","8":"tablet-align-left","9":"mobile-align-left","11":"first","12":"instock","13":"shipping-taxable","14":"product-type-simple"},"_links":{"self":[{"href":"https:\/\/baijiabags.com\/fr\/wp-json\/wp\/v2\/product\/4982","targetHints":{"allow":["GET"]}}],"collection":[{"href":"https:\/\/baijiabags.com\/fr\/wp-json\/wp\/v2\/product"}],"about":[{"href":"https:\/\/baijiabags.com\/fr\/wp-json\/wp\/v2\/types\/product"}],"replies":[{"embeddable":true,"href":"https:\/\/baijiabags.com\/fr\/wp-json\/wp\/v2\/comments?post=4982"}],"wp:featuredmedia":[{"embeddable":true,"href":"https:\/\/baijiabags.com\/fr\/wp-json\/wp\/v2\/media\/4984"}],"wp:attachment":[{"href":"https:\/\/baijiabags.com\/fr\/wp-json\/wp\/v2\/media?parent=4982"}],"wp:term":[{"taxonomy":"product_brand","embeddable":true,"href":"https:\/\/baijiabags.com\/fr\/wp-json\/wp\/v2\/product_brand?post=4982"},{"taxonomy":"product_cat","embeddable":true,"href":"https:\/\/baijiabags.com\/fr\/wp-json\/wp\/v2\/product_cat?post=4982"},{"taxonomy":"product_tag","embeddable":true,"href":"https:\/\/baijiabags.com\/fr\/wp-json\/wp\/v2\/product_tag?post=4982"}],"curies":[{"name":"wp","href":"https:\/\/api.w.org\/{rel}","templated":true}]}}