{"id":4975,"date":"2025-12-08T02:14:06","date_gmt":"2025-12-08T02:14:06","guid":{"rendered":"https:\/\/baijiabags.com\/?post_type=product&#038;p=4975"},"modified":"2025-12-08T02:14:06","modified_gmt":"2025-12-08T02:14:06","slug":"wholesale-womens-casual-solid-color-shoulder-bag-open-top-crossbody-tote","status":"publish","type":"product","link":"https:\/\/baijiabags.com\/fr\/produit\/wholesale-womens-casual-solid-color-shoulder-bag-open-top-crossbody-tote\/","title":{"rendered":"Wholesale Womens Casual Color Solid Shoulder Bag Open Top Crossbody Tote"},"content":{"rendered":"<h2 data-start=\"1269\" data-end=\"1288\"><strong data-start=\"1272\" data-end=\"1288\">Caract\u00e9ristiques principales<\/strong><\/h2>\n<ul data-start=\"1290\" data-end=\"2110\">\n<li data-start=\"1290\" data-end=\"1423\">\n<p data-start=\"1292\" data-end=\"1423\"><strong data-start=\"1292\" data-end=\"1325\">Options de marquage personnalisables<\/strong> - Les d\u00e9taillants b\u00e9n\u00e9ficient d'un emplacement de logo r\u00e9glable et de variations de couleurs pour un positionnement unique sur le march\u00e9.<\/p>\n<\/li>\n<li data-start=\"1424\" data-end=\"1517\">\n<p data-start=\"1426\" data-end=\"1517\"><strong data-start=\"1426\" data-end=\"1448\">Conception l\u00e9g\u00e8re<\/strong> - Le mat\u00e9riau PU assure le confort du sac pendant de longues heures d'utilisation.<\/p>\n<\/li>\n<li data-start=\"1518\" data-end=\"1617\">\n<p data-start=\"1520\" data-end=\"1617\"><strong data-start=\"1520\" data-end=\"1543\">Ext\u00e9rieur imperm\u00e9able<\/strong> - Les utilisateurs prot\u00e8gent les objets essentiels pendant les trajets sous la pluie ou les activit\u00e9s de plein air.<\/p>\n<\/li>\n<li data-start=\"1618\" data-end=\"1708\">\n<p data-start=\"1620\" data-end=\"1708\"><strong data-start=\"1620\" data-end=\"1643\">\u00c9l\u00e9ments antivol<\/strong> - La structure r\u00e9duit l'exposition accidentelle des objets personnels.<\/p>\n<\/li>\n<li data-start=\"1709\" data-end=\"1805\">\n<p data-start=\"1711\" data-end=\"1805\"><strong data-start=\"1711\" data-end=\"1728\">Taille portable<\/strong> - La forme de 24 \u00d7 7 \u00d7 13 cm r\u00e9pond aux besoins quotidiens sans poids inutile.<\/p>\n<\/li>\n<li data-start=\"1806\" data-end=\"1902\">\n<p data-start=\"1808\" data-end=\"1902\"><strong data-start=\"1808\" data-end=\"1833\">Une esth\u00e9tique \u00e0 la mode<\/strong> - Le design \u00e9pur\u00e9 de couleur unie met en valeur les tenues d\u00e9contract\u00e9es et les tenues de voyage.<\/p>\n<\/li>\n<li data-start=\"1903\" data-end=\"1999\">\n<p data-start=\"1905\" data-end=\"1999\"><strong data-start=\"1905\" data-end=\"1930\">Commodit\u00e9 des bracelets<\/strong> - La sangle r\u00e9glable favorise le confort et les mouvements mains libres.<\/p>\n<\/li>\n<li data-start=\"2000\" data-end=\"2110\">\n<p data-start=\"2002\" data-end=\"2110\"><strong data-start=\"2002\" data-end=\"2029\">Durabilit\u00e9 en voyage<\/strong> - Sa conception robuste permet de l'utiliser pour les voyages d'affaires, les sorties du week-end et les d\u00e9placements quotidiens.<\/p>\n<\/li>\n<\/ul>\n<h2><strong data-start=\"2120\" data-end=\"2138\">Sp\u00e9cifications<\/strong><\/h2>\n<div class=\"TyagGW_tableContainer\">\n<div class=\"group TyagGW_tableWrapper flex w-fit flex-col-reverse\" tabindex=\"-1\">\n<table class=\"w-fit min-w-(--thread-content-width)\" data-start=\"2140\" data-end=\"2699\">\n<thead data-start=\"2140\" data-end=\"2166\">\n<tr data-start=\"2140\" data-end=\"2166\">\n<th data-start=\"2140\" data-end=\"2151\" data-col-size=\"sm\"><strong data-start=\"2142\" data-end=\"2150\">Objet<\/strong><\/th>\n<th data-start=\"2151\" data-end=\"2166\" data-col-size=\"md\"><strong data-start=\"2153\" data-end=\"2164\">D\u00e9tails<\/strong><\/th>\n<\/tr>\n<\/thead>\n<tbody data-start=\"2193\" data-end=\"2699\">\n<tr data-start=\"2193\" data-end=\"2248\">\n<td data-start=\"2193\" data-end=\"2208\" data-col-size=\"sm\">Nom du produit<\/td>\n<td data-col-size=\"md\" data-start=\"2208\" data-end=\"2248\">Sac \u00e0 bandouli\u00e8re de voyage \/ Fourre-tout<\/td>\n<\/tr>\n<tr data-start=\"2249\" data-end=\"2267\">\n<td data-start=\"2249\" data-end=\"2257\" data-col-size=\"sm\">Marque<\/td>\n<td data-col-size=\"md\" data-start=\"2257\" data-end=\"2267\">RONEER<\/td>\n<\/tr>\n<tr data-start=\"2268\" data-end=\"2293\">\n<td data-start=\"2268\" data-end=\"2283\" data-col-size=\"sm\">Num\u00e9ro de mod\u00e8le<\/td>\n<td data-col-size=\"md\" data-start=\"2283\" data-end=\"2293\">BJ-149<\/td>\n<\/tr>\n<tr data-start=\"2294\" data-end=\"2323\">\n<td data-start=\"2294\" data-end=\"2303\" data-col-size=\"sm\">Origine<\/td>\n<td data-col-size=\"md\" data-start=\"2303\" data-end=\"2323\">Guangdong, Chine<\/td>\n<\/tr>\n<tr data-start=\"2324\" data-end=\"2352\">\n<td data-start=\"2324\" data-end=\"2332\" data-col-size=\"sm\">Style<\/td>\n<td data-col-size=\"md\" data-start=\"2332\" data-end=\"2352\">Mode \/ D\u00e9contract\u00e9<\/td>\n<\/tr>\n<tr data-start=\"2353\" data-end=\"2375\">\n<td data-start=\"2353\" data-end=\"2369\" data-col-size=\"sm\">Mat\u00e9riau principal<\/td>\n<td data-col-size=\"md\" data-start=\"2369\" data-end=\"2375\">PU<\/td>\n<\/tr>\n<tr data-start=\"2376\" data-end=\"2416\">\n<td data-start=\"2376\" data-end=\"2383\" data-col-size=\"sm\">Taille<\/td>\n<td data-start=\"2383\" data-end=\"2416\" data-col-size=\"md\">24 \u00d7 7 \u00d7 13 cm (personnalisable)<\/td>\n<\/tr>\n<tr data-start=\"2417\" data-end=\"2441\">\n<td data-start=\"2417\" data-end=\"2425\" data-col-size=\"sm\">Couleur<\/td>\n<td data-col-size=\"md\" data-start=\"2425\" data-end=\"2441\">Personnalisable<\/td>\n<\/tr>\n<tr data-start=\"2442\" data-end=\"2465\">\n<td data-start=\"2442\" data-end=\"2449\" data-col-size=\"sm\">Logo<\/td>\n<td data-col-size=\"md\" data-start=\"2449\" data-end=\"2465\">Personnalisable<\/td>\n<\/tr>\n<tr data-start=\"2466\" data-end=\"2526\">\n<td data-start=\"2466\" data-end=\"2477\" data-col-size=\"sm\">Caract\u00e9ristiques<\/td>\n<td data-col-size=\"md\" data-start=\"2477\" data-end=\"2526\">L\u00e9ger, \u00e9tanche, antivol, portable<\/td>\n<\/tr>\n<tr data-start=\"2527\" data-end=\"2547\">\n<td data-start=\"2527\" data-end=\"2533\" data-col-size=\"sm\">MOQ<\/td>\n<td data-col-size=\"md\" data-start=\"2533\" data-end=\"2547\">N\u00e9gociable<\/td>\n<\/tr>\n<tr data-start=\"2548\" data-end=\"2589\">\n<td data-start=\"2548\" data-end=\"2560\" data-col-size=\"sm\">Emballage<\/td>\n<td data-col-size=\"md\" data-start=\"2560\" data-end=\"2589\">Personnalisable sur demande<\/td>\n<\/tr>\n<tr data-start=\"2590\" data-end=\"2633\">\n<td data-start=\"2590\" data-end=\"2603\" data-col-size=\"sm\">Type de sangle<\/td>\n<td data-col-size=\"md\" data-start=\"2603\" data-end=\"2633\">Bandouli\u00e8re r\u00e9glable pour le corps<\/td>\n<\/tr>\n<tr data-start=\"2634\" data-end=\"2699\">\n<td data-start=\"2634\" data-end=\"2654\" data-col-size=\"sm\">Domaine d'application<\/td>\n<td data-col-size=\"md\" data-start=\"2654\" data-end=\"2699\">Utilisation quotidienne, d\u00e9placements domicile-travail, voyages, courts trajets<\/td>\n<\/tr>\n<\/tbody>\n<\/table>\n<h2>Applications<\/h2>\n<ul>\n<li data-start=\"577\" data-end=\"667\">\n<p data-start=\"579\" data-end=\"667\"><strong data-start=\"579\" data-end=\"665\">Les d\u00e9placements quotidiens pour transporter des t\u00e9l\u00e9phones, des cosm\u00e9tiques, des portefeuilles et des accessoires personnels.<\/strong><\/p>\n<\/li>\n<li data-start=\"668\" data-end=\"764\">\n<p data-start=\"670\" data-end=\"764\"><strong data-start=\"670\" data-end=\"762\">Les courses en ville et les sorties d\u00e9contract\u00e9es sont les occasions o\u00f9 les utilisateurs ont besoin d'une option de transport l\u00e9g\u00e8re et \u00e9l\u00e9gante.<\/strong><\/p>\n<\/li>\n<li data-start=\"765\" data-end=\"851\">\n<p data-start=\"767\" data-end=\"851\"><strong data-start=\"767\" data-end=\"849\">Les voyages de courte dur\u00e9e et les activit\u00e9s de plein air qui requi\u00e8rent une mobilit\u00e9 transversale pratique.<\/strong><\/p>\n<\/li>\n<li data-start=\"852\" data-end=\"942\">\n<p data-start=\"854\" data-end=\"942\"><strong data-start=\"854\" data-end=\"940\">Voyage de fin de semaine pour organiser les petits objets essentiels, les documents et les objets \u00e0 acc\u00e8s rapide.<\/strong><\/p>\n<\/li>\n<\/ul>\n<p>Si vous \u00eates int\u00e9ress\u00e9 par ce sac, n'h\u00e9sitez pas \u00e0 nous contacter pour demander des \u00e9chantillons. Nous offrons un service complet de <strong data-start=\"1109\" data-end=\"1145\">Services de personnalisation ODM et OEM<\/strong>Les services d'information et de conseil sont disponibles sur demande, y compris la personnalisation du logo, l'adaptation de la taille et le d\u00e9veloppement des couleurs pour soutenir votre marque.<\/p>\n<\/div>\n<\/div>","protected":false},"excerpt":{"rendered":"<p data-pm-slice=\"0 0 []\">Le sac \u00e0 bandouli\u00e8re d\u00e9contract\u00e9 de couleur unie de Wholesale Women's Open Top Crossbody Tote offre un m\u00e9lange rafra\u00eechissant de style, de commodit\u00e9 et de fonctionnalit\u00e9 au quotidien. RONEER a con\u00e7u ce mod\u00e8le (BJ-149) pour les femmes qui appr\u00e9cient le minimalisme, la praticit\u00e9 et l'esth\u00e9tique moderne. Le sac est fabriqu\u00e9 en PU durable, offre une structure l\u00e9g\u00e8re et permet de se d\u00e9placer sans effort au quotidien. Ses dimensions compactes de 24 \u00d7 7 \u00d7 13 cm permettent de ranger les accessoires de voyage, les cosm\u00e9tiques, les appareils mobiles et les accessoires personnels sans les encombrer. Les couleurs et les logos personnalisables offrent aux d\u00e9taillants une grande flexibilit\u00e9 pour un marquage et un marketing cibl\u00e9s.<\/p>","protected":false},"featured_media":4981,"comment_status":"open","ping_status":"closed","template":"","meta":{"site-sidebar-layout":"default","site-content-layout":"","ast-site-content-layout":"default","site-content-style":"default","site-sidebar-style":"default","ast-global-header-display":"","ast-banner-title-visibility":"","ast-main-header-display":"","ast-hfb-above-header-display":"","ast-hfb-below-header-display":"","ast-hfb-mobile-header-display":"","site-post-title":"","ast-breadcrumbs-content":"","ast-featured-img":"","footer-sml-layout":"","ast-disable-related-posts":"","theme-transparent-header-meta":"default","adv-header-id-meta":"","stick-header-meta":"","header-above-stick-meta":"","header-main-stick-meta":"","header-below-stick-meta":"","astra-migrate-meta-layouts":"set","ast-page-background-enabled":"default","ast-page-background-meta":{"desktop":{"background-color":"var(--ast-global-color-5)","background-image":"","background-repeat":"repeat","background-position":"center center","background-size":"auto","background-attachment":"scroll","background-type":"","background-media":"","overlay-type":"","overlay-color":"","overlay-opacity":"","overlay-gradient":""},"tablet":{"background-color":"","background-image":"","background-repeat":"repeat","background-position":"center center","background-size":"auto","background-attachment":"scroll","background-type":"","background-media":"","overlay-type":"","overlay-color":"","overlay-opacity":"","overlay-gradient":""},"mobile":{"background-color":"","background-image":"","background-repeat":"repeat","background-position":"center center","background-size":"auto","background-attachment":"scroll","background-type":"","background-media":"","overlay-type":"","overlay-color":"","overlay-opacity":"","overlay-gradient":""}},"ast-content-background-meta":{"desktop":{"background-color":"var(--ast-global-color-4)","background-image":"","background-repeat":"repeat","background-position":"center center","background-size":"auto","background-attachment":"scroll","background-type":"","background-media":"","overlay-type":"","overlay-color":"","overlay-opacity":"","overlay-gradient":""},"tablet":{"background-color":"var(--ast-global-color-4)","background-image":"","background-repeat":"repeat","background-position":"center center","background-size":"auto","background-attachment":"scroll","background-type":"","background-media":"","overlay-type":"","overlay-color":"","overlay-opacity":"","overlay-gradient":""},"mobile":{"background-color":"var(--ast-global-color-4)","background-image":"","background-repeat":"repeat","background-position":"center center","background-size":"auto","background-attachment":"scroll","background-type":"","background-media":"","overlay-type":"","overlay-color":"","overlay-opacity":"","overlay-gradient":""}}},"product_brand":[],"product_cat":[42],"product_tag":[],"class_list":{"0":"post-4975","1":"product","2":"type-product","3":"status-publish","4":"has-post-thumbnail","6":"product_cat-hand-bag","7":"desktop-align-left","8":"tablet-align-left","9":"mobile-align-left","11":"first","12":"instock","13":"shipping-taxable","14":"product-type-simple"},"_links":{"self":[{"href":"https:\/\/baijiabags.com\/fr\/wp-json\/wp\/v2\/product\/4975","targetHints":{"allow":["GET"]}}],"collection":[{"href":"https:\/\/baijiabags.com\/fr\/wp-json\/wp\/v2\/product"}],"about":[{"href":"https:\/\/baijiabags.com\/fr\/wp-json\/wp\/v2\/types\/product"}],"replies":[{"embeddable":true,"href":"https:\/\/baijiabags.com\/fr\/wp-json\/wp\/v2\/comments?post=4975"}],"wp:featuredmedia":[{"embeddable":true,"href":"https:\/\/baijiabags.com\/fr\/wp-json\/wp\/v2\/media\/4981"}],"wp:attachment":[{"href":"https:\/\/baijiabags.com\/fr\/wp-json\/wp\/v2\/media?parent=4975"}],"wp:term":[{"taxonomy":"product_brand","embeddable":true,"href":"https:\/\/baijiabags.com\/fr\/wp-json\/wp\/v2\/product_brand?post=4975"},{"taxonomy":"product_cat","embeddable":true,"href":"https:\/\/baijiabags.com\/fr\/wp-json\/wp\/v2\/product_cat?post=4975"},{"taxonomy":"product_tag","embeddable":true,"href":"https:\/\/baijiabags.com\/fr\/wp-json\/wp\/v2\/product_tag?post=4975"}],"curies":[{"name":"wp","href":"https:\/\/api.w.org\/{rel}","templated":true}]}}