{"id":4948,"date":"2025-12-05T01:54:05","date_gmt":"2025-12-05T01:54:05","guid":{"rendered":"https:\/\/baijiabags.com\/?post_type=product&#038;p=4948"},"modified":"2025-12-05T01:55:08","modified_gmt":"2025-12-05T01:55:08","slug":"wholesale-large-capacity-leather-travel-bag-stylish-and-durable-customized-with-logo","status":"publish","type":"product","link":"https:\/\/baijiabags.com\/fr\/produit\/wholesale-large-capacity-leather-travel-bag-stylish-and-durable-customized-with-logo\/","title":{"rendered":"Sac de voyage en cuir de grande capacit\u00e9, \u00e9l\u00e9gant et durable, personnalis\u00e9 avec LOGO"},"content":{"rendered":"<h2 data-start=\"1016\" data-end=\"1033\">Caract\u00e9ristiques principales<\/h2>\n<ol data-start=\"1034\" data-end=\"2015\">\n<li data-start=\"1034\" data-end=\"1163\">\n<p data-start=\"1037\" data-end=\"1163\"><strong data-start=\"1037\" data-end=\"1064\">Int\u00e9rieur de grande capacit\u00e9<\/strong> - Le sac offre un espace de rangement interne \u00e9tendu qui permet de voyager sur plusieurs jours et d'organiser ses bagages.<\/p>\n<\/li>\n<li data-start=\"1164\" data-end=\"1311\">\n<p data-start=\"1167\" data-end=\"1311\"><strong data-start=\"1167\" data-end=\"1195\">Mat\u00e9riau en cuir de premi\u00e8re qualit\u00e9<\/strong> - Le cuir de qualit\u00e9 sup\u00e9rieure renforce la durabilit\u00e9 et cr\u00e9e un aspect raffin\u00e9 adapt\u00e9 aux voyages d'affaires ou d'agr\u00e9ment.<\/p>\n<\/li>\n<li data-start=\"1312\" data-end=\"1437\">\n<p data-start=\"1315\" data-end=\"1437\"><strong data-start=\"1315\" data-end=\"1344\">Options de logo personnalisables<\/strong> - Les entreprises peuvent appliquer des marques promotionnelles ou des logos de marque priv\u00e9e \u00e0 des fins de marketing.<\/p>\n<\/li>\n<li data-start=\"1438\" data-end=\"1553\">\n<p data-start=\"1441\" data-end=\"1553\"><strong data-start=\"1441\" data-end=\"1474\">Options de taille et de couleur multiples<\/strong> - Les utilisateurs peuvent ajuster les dimensions et les couleurs pour r\u00e9pondre aux besoins du commerce de d\u00e9tail ou de l'entreprise.<\/p>\n<\/li>\n<li data-start=\"1554\" data-end=\"1671\">\n<p data-start=\"1557\" data-end=\"1671\"><strong data-start=\"1557\" data-end=\"1591\">Structure de couture renforc\u00e9e<\/strong> - Les coutures solides am\u00e9liorent les performances de portage lors des d\u00e9placements intensifs.<\/p>\n<\/li>\n<li data-start=\"1672\" data-end=\"1783\">\n<p data-start=\"1675\" data-end=\"1783\"><strong data-start=\"1675\" data-end=\"1704\">Quincaillerie lisse et durable<\/strong> - Les fermetures \u00e0 glissi\u00e8re et les accessoires m\u00e9talliques de haute qualit\u00e9 augmentent la fiabilit\u00e9 \u00e0 long terme.<\/p>\n<\/li>\n<li data-start=\"1784\" data-end=\"1900\">\n<p data-start=\"1787\" data-end=\"1900\"><strong data-start=\"1787\" data-end=\"1813\">Un design ax\u00e9 sur le confort<\/strong> - Des poign\u00e9es souples et une bandouli\u00e8re r\u00e9glable assurent le confort pendant les longs trajets.<\/p>\n<\/li>\n<li data-start=\"1901\" data-end=\"2015\">\n<p data-start=\"1904\" data-end=\"2015\"><strong data-start=\"1904\" data-end=\"1931\">Sc\u00e9narios d'utilisation polyvalents<\/strong> - Ce mod\u00e8le est adapt\u00e9 aux d\u00e9placements quotidiens, \u00e0 l'utilisation de la salle de sport, aux voyages de fin de semaine et aux voyages d'affaires.<\/p>\n<\/li>\n<\/ol>\n<h2>Sp\u00e9cifications<\/h2>\n<div class=\"TyagGW_tableContainer\">\n<div class=\"group TyagGW_tableWrapper flex w-fit flex-col-reverse\" tabindex=\"-1\">\n<table class=\"w-fit min-w-(--thread-content-width)\" data-start=\"2037\" data-end=\"2599\">\n<thead data-start=\"2037\" data-end=\"2063\">\n<tr data-start=\"2037\" data-end=\"2063\">\n<th data-start=\"2037\" data-end=\"2048\" data-col-size=\"sm\"><strong data-start=\"2039\" data-end=\"2047\">Objet<\/strong><\/th>\n<th data-start=\"2048\" data-end=\"2063\" data-col-size=\"md\"><strong data-start=\"2050\" data-end=\"2061\">D\u00e9tails<\/strong><\/th>\n<\/tr>\n<\/thead>\n<tbody data-start=\"2090\" data-end=\"2599\">\n<tr data-start=\"2090\" data-end=\"2127\">\n<td data-start=\"2090\" data-end=\"2105\" data-col-size=\"sm\">Nom du produit<\/td>\n<td data-col-size=\"md\" data-start=\"2105\" data-end=\"2127\">Sac de voyage en cuir<\/td>\n<\/tr>\n<tr data-start=\"2128\" data-end=\"2146\">\n<td data-start=\"2128\" data-end=\"2136\" data-col-size=\"sm\">Marque<\/td>\n<td data-col-size=\"md\" data-start=\"2136\" data-end=\"2146\">RONEER<\/td>\n<\/tr>\n<tr data-start=\"2147\" data-end=\"2167\">\n<td data-start=\"2147\" data-end=\"2155\" data-col-size=\"sm\">Mod\u00e8le<\/td>\n<td data-col-size=\"md\" data-start=\"2155\" data-end=\"2167\">Bj-4510L<\/td>\n<\/tr>\n<tr data-start=\"2168\" data-end=\"2197\">\n<td data-start=\"2168\" data-end=\"2177\" data-col-size=\"sm\">Origine<\/td>\n<td data-col-size=\"md\" data-start=\"2177\" data-end=\"2197\">Guangdong, Chine<\/td>\n<\/tr>\n<tr data-start=\"2198\" data-end=\"2226\">\n<td data-start=\"2198\" data-end=\"2206\" data-col-size=\"sm\">Style<\/td>\n<td data-col-size=\"md\" data-start=\"2206\" data-end=\"2226\">Mode \/ Moderne<\/td>\n<\/tr>\n<tr data-start=\"2227\" data-end=\"2249\">\n<td data-start=\"2227\" data-end=\"2238\" data-col-size=\"sm\">Mat\u00e9riau<\/td>\n<td data-col-size=\"md\" data-start=\"2238\" data-end=\"2249\">Cuir<\/td>\n<\/tr>\n<tr data-start=\"2250\" data-end=\"2273\">\n<td data-start=\"2250\" data-end=\"2257\" data-col-size=\"sm\">Logo<\/td>\n<td data-col-size=\"md\" data-start=\"2257\" data-end=\"2273\">Personnalisable<\/td>\n<\/tr>\n<tr data-start=\"2274\" data-end=\"2320\">\n<td data-start=\"2274\" data-end=\"2281\" data-col-size=\"sm\">Taille<\/td>\n<td data-col-size=\"md\" data-start=\"2281\" data-end=\"2320\">Personnalisable (exemple : 50\u00d728\u00d725 cm)<\/td>\n<\/tr>\n<tr data-start=\"2321\" data-end=\"2345\">\n<td data-start=\"2321\" data-end=\"2329\" data-col-size=\"sm\">Couleur<\/td>\n<td data-start=\"2329\" data-end=\"2345\" data-col-size=\"md\">Personnalisable<\/td>\n<\/tr>\n<tr data-start=\"2346\" data-end=\"2396\">\n<td data-start=\"2346\" data-end=\"2355\" data-col-size=\"sm\">Poids<\/td>\n<td data-col-size=\"md\" data-start=\"2355\" data-end=\"2396\">Environ 1,2-1,5 kg (variable selon la taille)<\/td>\n<\/tr>\n<tr data-start=\"2397\" data-end=\"2444\">\n<td data-start=\"2397\" data-end=\"2408\" data-col-size=\"sm\">Caract\u00e9ristiques<\/td>\n<td data-col-size=\"md\" data-start=\"2408\" data-end=\"2444\">Durable, \u00e9l\u00e9gant, grande capacit\u00e9<\/td>\n<\/tr>\n<tr data-start=\"2445\" data-end=\"2465\">\n<td data-start=\"2445\" data-end=\"2451\" data-col-size=\"sm\">MOQ<\/td>\n<td data-col-size=\"md\" data-start=\"2451\" data-end=\"2465\">N\u00e9gociable<\/td>\n<\/tr>\n<tr data-start=\"2466\" data-end=\"2530\">\n<td data-start=\"2466\" data-end=\"2486\" data-col-size=\"sm\">M\u00e9thode de production<\/td>\n<td data-col-size=\"md\" data-start=\"2486\" data-end=\"2530\">Couture \u00e0 la machine avec points renforc\u00e9s<\/td>\n<\/tr>\n<tr data-start=\"2531\" data-end=\"2599\">\n<td data-start=\"2531\" data-end=\"2545\" data-col-size=\"sm\">Application<\/td>\n<td data-start=\"2545\" data-end=\"2599\" data-col-size=\"md\">Utilisation quotidienne, Voyages, Voyages d'affaires, Sorties de fin de semaine<\/td>\n<\/tr>\n<\/tbody>\n<\/table>\n<\/div>\n<\/div>\n<h2 data-start=\"2601\" data-end=\"2618\">Applications<\/h2>\n<ul data-start=\"2674\" data-end=\"3163\">\n<li data-start=\"2674\" data-end=\"2754\">\n<p data-start=\"2676\" data-end=\"2754\"><strong data-start=\"2676\" data-end=\"2695\">Trajets quotidiens<\/strong> pour le transport d'objets personnels, de documents et d'accessoires.<\/p>\n<\/li>\n<li data-start=\"2755\" data-end=\"2830\">\n<p data-start=\"2757\" data-end=\"2830\"><strong data-start=\"2757\" data-end=\"2781\">Voyages d'affaires de courte dur\u00e9e<\/strong> o\u00f9 les utilisateurs ont besoin de bagages d'aspect professionnel.<\/p>\n<\/li>\n<li data-start=\"2831\" data-end=\"2882\">\n<p data-start=\"2833\" data-end=\"2882\"><strong data-start=\"2833\" data-end=\"2851\">Voyage de fin de semaine<\/strong> pour les v\u00eatements et les produits de premi\u00e8re n\u00e9cessit\u00e9.<\/p>\n<\/li>\n<\/ul>\n<p data-start=\"3170\" data-end=\"3375\" data-is-last-node=\"\" data-is-only-node=\"\">Si vous \u00eates int\u00e9ress\u00e9 par ce sac de voyage en cuir, veuillez nous contacter pour demander des \u00e9chantillons. Nous offrons un service complet de <strong data-start=\"3273\" data-end=\"3309\">Services de personnalisation ODM et OEM<\/strong>La conception du logo, la modification de la taille et la mise au point des couleurs.<\/p>","protected":false},"excerpt":{"rendered":"<p>Les <strong data-start=\"362\" data-end=\"409\">Sac de voyage en cuir de grande capacit\u00e9 (vente en gros)<\/strong> de <strong data-start=\"415\" data-end=\"425\">RONEER<\/strong> offre un design \u00e9l\u00e9gant, moderne et fonctionnel qui permet une utilisation quotidienne et un voyage sur de longues distances. Le sac est fabriqu\u00e9 en cuir de haute qualit\u00e9, ce qui lui conf\u00e8re durabilit\u00e9, confort et aspect haut de gamme. Les utilisateurs peuvent personnaliser le logo, la taille et la couleur en fonction des besoins de la marque ou des programmes promotionnels. Gr\u00e2ce \u00e0 son int\u00e9rieur spacieux et \u00e0 ses compartiments pratiques, le sac permet de ranger efficacement les v\u00eatements, les accessoires et les articles de voyage essentiels. Les fabricants de Guangdong, en Chine, produisent ce mod\u00e8le (Bj-4510L) selon des normes de fabrication strictes afin de garantir une qualit\u00e9 constante pour les commandes en gros et les commandes OEM\/ODM.<\/p>","protected":false},"featured_media":4949,"comment_status":"open","ping_status":"closed","template":"","meta":{"site-sidebar-layout":"default","site-content-layout":"","ast-site-content-layout":"default","site-content-style":"default","site-sidebar-style":"default","ast-global-header-display":"","ast-banner-title-visibility":"","ast-main-header-display":"","ast-hfb-above-header-display":"","ast-hfb-below-header-display":"","ast-hfb-mobile-header-display":"","site-post-title":"","ast-breadcrumbs-content":"","ast-featured-img":"","footer-sml-layout":"","ast-disable-related-posts":"","theme-transparent-header-meta":"default","adv-header-id-meta":"","stick-header-meta":"","header-above-stick-meta":"","header-main-stick-meta":"","header-below-stick-meta":"","astra-migrate-meta-layouts":"set","ast-page-background-enabled":"default","ast-page-background-meta":{"desktop":{"background-color":"var(--ast-global-color-5)","background-image":"","background-repeat":"repeat","background-position":"center center","background-size":"auto","background-attachment":"scroll","background-type":"","background-media":"","overlay-type":"","overlay-color":"","overlay-opacity":"","overlay-gradient":""},"tablet":{"background-color":"","background-image":"","background-repeat":"repeat","background-position":"center center","background-size":"auto","background-attachment":"scroll","background-type":"","background-media":"","overlay-type":"","overlay-color":"","overlay-opacity":"","overlay-gradient":""},"mobile":{"background-color":"","background-image":"","background-repeat":"repeat","background-position":"center center","background-size":"auto","background-attachment":"scroll","background-type":"","background-media":"","overlay-type":"","overlay-color":"","overlay-opacity":"","overlay-gradient":""}},"ast-content-background-meta":{"desktop":{"background-color":"var(--ast-global-color-4)","background-image":"","background-repeat":"repeat","background-position":"center center","background-size":"auto","background-attachment":"scroll","background-type":"","background-media":"","overlay-type":"","overlay-color":"","overlay-opacity":"","overlay-gradient":""},"tablet":{"background-color":"var(--ast-global-color-4)","background-image":"","background-repeat":"repeat","background-position":"center center","background-size":"auto","background-attachment":"scroll","background-type":"","background-media":"","overlay-type":"","overlay-color":"","overlay-opacity":"","overlay-gradient":""},"mobile":{"background-color":"var(--ast-global-color-4)","background-image":"","background-repeat":"repeat","background-position":"center center","background-size":"auto","background-attachment":"scroll","background-type":"","background-media":"","overlay-type":"","overlay-color":"","overlay-opacity":"","overlay-gradient":""}}},"product_brand":[],"product_cat":[41],"product_tag":[],"class_list":{"0":"post-4948","1":"product","2":"type-product","3":"status-publish","4":"has-post-thumbnail","6":"product_cat-travel-bag","7":"desktop-align-left","8":"tablet-align-left","9":"mobile-align-left","11":"first","12":"instock","13":"shipping-taxable","14":"product-type-simple"},"_links":{"self":[{"href":"https:\/\/baijiabags.com\/fr\/wp-json\/wp\/v2\/product\/4948","targetHints":{"allow":["GET"]}}],"collection":[{"href":"https:\/\/baijiabags.com\/fr\/wp-json\/wp\/v2\/product"}],"about":[{"href":"https:\/\/baijiabags.com\/fr\/wp-json\/wp\/v2\/types\/product"}],"replies":[{"embeddable":true,"href":"https:\/\/baijiabags.com\/fr\/wp-json\/wp\/v2\/comments?post=4948"}],"wp:featuredmedia":[{"embeddable":true,"href":"https:\/\/baijiabags.com\/fr\/wp-json\/wp\/v2\/media\/4949"}],"wp:attachment":[{"href":"https:\/\/baijiabags.com\/fr\/wp-json\/wp\/v2\/media?parent=4948"}],"wp:term":[{"taxonomy":"product_brand","embeddable":true,"href":"https:\/\/baijiabags.com\/fr\/wp-json\/wp\/v2\/product_brand?post=4948"},{"taxonomy":"product_cat","embeddable":true,"href":"https:\/\/baijiabags.com\/fr\/wp-json\/wp\/v2\/product_cat?post=4948"},{"taxonomy":"product_tag","embeddable":true,"href":"https:\/\/baijiabags.com\/fr\/wp-json\/wp\/v2\/product_tag?post=4948"}],"curies":[{"name":"wp","href":"https:\/\/api.w.org\/{rel}","templated":true}]}}