{"id":4911,"date":"2025-12-02T03:38:38","date_gmt":"2025-12-02T03:38:38","guid":{"rendered":"https:\/\/baijiabags.com\/?post_type=product&#038;p=4911"},"modified":"2025-12-13T03:16:48","modified_gmt":"2025-12-13T03:16:48","slug":"wholesale-brown-womens-pu-handbag-multifunctional-large-capacity-crossbody-bag","status":"publish","type":"product","link":"https:\/\/baijiabags.com\/fr\/produit\/wholesale-brown-womens-pu-handbag-multifunctional-large-capacity-crossbody-bag\/","title":{"rendered":"Sac \u00e0 main multifonctionnel de grande capacit\u00e9 pour femmes en polyur\u00e9thane"},"content":{"rendered":"<h2 data-start=\"666\" data-end=\"682\">Caract\u00e9ristiques principales<\/h2>\n<ol data-start=\"683\" data-end=\"1580\">\n<li data-start=\"683\" data-end=\"790\">\n<p data-start=\"686\" data-end=\"790\"><strong data-start=\"686\" data-end=\"706\">Mat\u00e9riau durable<\/strong>: Fabriqu\u00e9 en PU de premi\u00e8re qualit\u00e9, il garantit une utilisation durable et une r\u00e9sistance \u00e0 l'usure.<\/p>\n<\/li>\n<li data-start=\"791\" data-end=\"920\">\n<p data-start=\"794\" data-end=\"920\"><strong data-start=\"794\" data-end=\"812\">Grande capacit\u00e9<\/strong>: Le sac peut contenir plusieurs articles, notamment des t\u00e9l\u00e9phones portables, des cosm\u00e9tiques, des portefeuilles et de petits parapluies.<\/p>\n<\/li>\n<li data-start=\"921\" data-end=\"1037\">\n<p data-start=\"924\" data-end=\"1037\"><strong data-start=\"924\" data-end=\"950\">Conception multifonctionnelle<\/strong>: Peut \u00eatre port\u00e9 comme un sac \u00e0 bandouli\u00e8re ou \u00e0 la main, offrant flexibilit\u00e9 et commodit\u00e9.<\/p>\n<\/li>\n<li data-start=\"1038\" data-end=\"1141\">\n<p data-start=\"1041\" data-end=\"1141\"><strong data-start=\"1041\" data-end=\"1062\">Logo personnalisable<\/strong>: Des options de personnalisation sont disponibles pour imprimer des logos afin de cr\u00e9er une image de marque unique.<\/p>\n<\/li>\n<li data-start=\"1142\" data-end=\"1237\">\n<p data-start=\"1145\" data-end=\"1237\"><strong data-start=\"1145\" data-end=\"1166\">Style \u00e0 la mode<\/strong>: Con\u00e7u dans un style moderne et \u00e9l\u00e9gant, il s'adapte \u00e0 diff\u00e9rents contextes.<\/p>\n<\/li>\n<li data-start=\"1238\" data-end=\"1344\">\n<p data-start=\"1241\" data-end=\"1344\"><strong data-start=\"1241\" data-end=\"1266\">Structure l\u00e9g\u00e8re<\/strong>: Malgr\u00e9 sa grande capacit\u00e9, le sac reste l\u00e9ger et facile \u00e0 transporter.<\/p>\n<\/li>\n<li data-start=\"1345\" data-end=\"1462\">\n<p data-start=\"1348\" data-end=\"1462\"><strong data-start=\"1348\" data-end=\"1368\">Sangle r\u00e9glable<\/strong>: La sangle transversale peut \u00eatre ajust\u00e9e pour s'adapter aux diff\u00e9rentes morphologies et pr\u00e9f\u00e9rences de portage.<\/p>\n<\/li>\n<li data-start=\"1463\" data-end=\"1580\">\n<p data-start=\"1466\" data-end=\"1580\"><strong data-start=\"1466\" data-end=\"1486\">Entretien facile<\/strong>: Le mat\u00e9riau PU permet de nettoyer facilement le sac \u00e0 main et de conserver son aspect au fil du temps.<\/p>\n<\/li>\n<\/ol>\n<p><img fetchpriority=\"high\" decoding=\"async\" class=\"aligncenter wp-image-4912 size-large\" src=\"https:\/\/baijiabags.com\/wp-content\/uploads\/2025\/12\/1-8-664x1024.jpg\" alt=\"Wholesale Brown Women's PU Handbag Multifunctional Large Capacity Crossbody Bag\" width=\"664\" height=\"1024\" srcset=\"https:\/\/baijiabags.com\/wp-content\/uploads\/2025\/12\/1-8-664x1024.jpg 664w, https:\/\/baijiabags.com\/wp-content\/uploads\/2025\/12\/1-8-194x300.jpg 194w, https:\/\/baijiabags.com\/wp-content\/uploads\/2025\/12\/1-8-768x1185.jpg 768w, https:\/\/baijiabags.com\/wp-content\/uploads\/2025\/12\/1-8-8x12.jpg 8w, https:\/\/baijiabags.com\/wp-content\/uploads\/2025\/12\/1-8-600x926.jpg 600w, https:\/\/baijiabags.com\/wp-content\/uploads\/2025\/12\/1-8.jpg 790w\" sizes=\"(max-width: 664px) 100vw, 664px\" \/><\/p>\n<h2 data-start=\"1582\" data-end=\"1600\">Sp\u00e9cifications<\/h2>\n<div class=\"_tableContainer_1rjym_1\">\n<div class=\"group _tableWrapper_1rjym_13 flex w-fit flex-col-reverse\" tabindex=\"-1\">\n<table class=\"w-fit min-w-(--thread-content-width)\" data-start=\"1602\" data-end=\"2069\">\n<thead data-start=\"1602\" data-end=\"1625\">\n<tr data-start=\"1602\" data-end=\"1625\">\n<th data-start=\"1602\" data-end=\"1614\" data-col-size=\"sm\">Param\u00e8tres<\/th>\n<th data-start=\"1614\" data-end=\"1625\" data-col-size=\"md\">D\u00e9tails<\/th>\n<\/tr>\n<\/thead>\n<tbody data-start=\"1650\" data-end=\"2069\">\n<tr data-start=\"1650\" data-end=\"1676\">\n<td data-start=\"1650\" data-end=\"1665\" data-col-size=\"sm\">Nom du produit<\/td>\n<td data-start=\"1665\" data-end=\"1676\" data-col-size=\"md\">Sac \u00e0 main<\/td>\n<\/tr>\n<tr data-start=\"1677\" data-end=\"1695\">\n<td data-start=\"1677\" data-end=\"1685\" data-col-size=\"sm\">Marque<\/td>\n<td data-start=\"1685\" data-end=\"1695\" data-col-size=\"md\">RONEER<\/td>\n<\/tr>\n<tr data-start=\"1696\" data-end=\"1712\">\n<td data-start=\"1696\" data-end=\"1704\" data-col-size=\"sm\">Mod\u00e8le<\/td>\n<td data-start=\"1704\" data-end=\"1712\" data-col-size=\"md\">3621<\/td>\n<\/tr>\n<tr data-start=\"1713\" data-end=\"1745\">\n<td data-start=\"1713\" data-end=\"1724\" data-col-size=\"sm\">Mat\u00e9riau<\/td>\n<td data-start=\"1724\" data-end=\"1745\" data-col-size=\"md\">PU (Polyur\u00e9thane)<\/td>\n<\/tr>\n<tr data-start=\"1746\" data-end=\"1787\">\n<td data-start=\"1746\" data-end=\"1753\" data-col-size=\"sm\">Taille<\/td>\n<td data-start=\"1753\" data-end=\"1787\" data-col-size=\"md\">33 \u00d7 12 \u00d7 26 cm (personnalisable)<\/td>\n<\/tr>\n<tr data-start=\"1788\" data-end=\"1812\">\n<td data-start=\"1788\" data-end=\"1796\" data-col-size=\"sm\">Couleur<\/td>\n<td data-start=\"1796\" data-end=\"1812\" data-col-size=\"md\">Personnalisable<\/td>\n<\/tr>\n<tr data-start=\"1813\" data-end=\"1836\">\n<td data-start=\"1813\" data-end=\"1821\" data-col-size=\"sm\">Style<\/td>\n<td data-start=\"1821\" data-end=\"1836\" data-col-size=\"md\">\u00c0 la mode<\/td>\n<\/tr>\n<tr data-start=\"1837\" data-end=\"1860\">\n<td data-start=\"1837\" data-end=\"1844\" data-col-size=\"sm\">Logo<\/td>\n<td data-start=\"1844\" data-end=\"1860\" data-col-size=\"md\">Personnalisable<\/td>\n<\/tr>\n<tr data-start=\"1861\" data-end=\"1892\">\n<td data-start=\"1861\" data-end=\"1872\" data-col-size=\"sm\">Caract\u00e9ristiques<\/td>\n<td data-start=\"1872\" data-end=\"1892\" data-col-size=\"md\">Durable, \u00e9l\u00e9gant<\/td>\n<\/tr>\n<tr data-start=\"1893\" data-end=\"1913\">\n<td data-start=\"1893\" data-end=\"1899\" data-col-size=\"sm\">MOQ<\/td>\n<td data-start=\"1899\" data-end=\"1913\" data-col-size=\"md\">N\u00e9gociable<\/td>\n<\/tr>\n<tr data-start=\"1914\" data-end=\"1948\">\n<td data-start=\"1914\" data-end=\"1922\" data-col-size=\"sm\">Utilisation<\/td>\n<td data-start=\"1922\" data-end=\"1948\" data-col-size=\"md\">Port\u00e9-crois\u00e9 \/ Port\u00e9-main<\/td>\n<\/tr>\n<tr data-start=\"1949\" data-end=\"2039\">\n<td data-start=\"1949\" data-end=\"1960\" data-col-size=\"sm\">Capacit\u00e9<\/td>\n<td data-start=\"1960\" data-end=\"2039\" data-col-size=\"md\">T\u00e9l\u00e9phone portable, parapluie pliable, produits de beaut\u00e9 et autres articles d'usage courant<\/td>\n<\/tr>\n<tr data-start=\"2040\" data-end=\"2069\">\n<td data-start=\"2040\" data-end=\"2049\" data-col-size=\"sm\">Origine<\/td>\n<td data-start=\"2049\" data-end=\"2069\" data-col-size=\"md\">Guangdong, Chine<\/td>\n<\/tr>\n<\/tbody>\n<\/table>\n<\/div>\n<\/div>\n<h2 data-start=\"2071\" data-end=\"2087\">Applications<\/h2>\n<ul data-start=\"2088\" data-end=\"2400\">\n<li data-start=\"2088\" data-end=\"2182\">\n<p data-start=\"2090\" data-end=\"2182\"><strong data-start=\"2090\" data-end=\"2104\">Vie quotidienne<\/strong>: Id\u00e9al pour transporter des objets personnels essentiels lors des courses ou des trajets quotidiens.<\/p>\n<\/li>\n<li data-start=\"2183\" data-end=\"2284\">\n<p data-start=\"2185\" data-end=\"2284\"><strong data-start=\"2185\" data-end=\"2193\">Travail<\/strong>: Peut contenir des articles de bureau tels que des agendas, des t\u00e9l\u00e9phones portables et de petits articles cosm\u00e9tiques.<\/p>\n<\/li>\n<li data-start=\"2285\" data-end=\"2400\">\n<p data-start=\"2287\" data-end=\"2400\"><strong data-start=\"2287\" data-end=\"2297\">Voyage<\/strong>: Sa grande capacit\u00e9 et sa conception multifonctionnelle le rendent id\u00e9al pour les excursions d'une journ\u00e9e, le shopping ou les visites touristiques.<\/p>\n<\/li>\n<\/ul>\n<p data-start=\"2402\" data-end=\"2609\">Si vous \u00eates int\u00e9ress\u00e9 par ce sac \u00e0 main, veuillez nous contacter pour demander un \u00e9chantillon. Les services ODM et OEM sont fournis, et des options de personnalisation pour la taille, la couleur et le logo sont disponibles pour r\u00e9pondre \u00e0 vos besoins commerciaux.<\/p>","protected":false},"excerpt":{"rendered":"<p>Cet \u00e9l\u00e9gant sac \u00e0 main marron pour femme est con\u00e7u pour allier fonctionnalit\u00e9 et mode. Fabriqu\u00e9 en PU de haute qualit\u00e9, il offre une grande durabilit\u00e9 et une finition lisse et \u00e9l\u00e9gante. Sa grande capacit\u00e9 permet de ranger les objets essentiels de la vie quotidienne, tels que les t\u00e9l\u00e9phones portables, les parapluies pliables, les produits de beaut\u00e9 et d'autres objets fr\u00e9quemment utilis\u00e9s. Le sac \u00e0 main peut \u00eatre port\u00e9 en bandouli\u00e8re ou \u00e0 la main, ce qui le rend polyvalent pour diverses occasions, notamment la vie quotidienne, le travail et les voyages.<\/p>","protected":false},"featured_media":4913,"comment_status":"open","ping_status":"closed","template":"","meta":{"site-sidebar-layout":"default","site-content-layout":"","ast-site-content-layout":"default","site-content-style":"default","site-sidebar-style":"default","ast-global-header-display":"","ast-banner-title-visibility":"","ast-main-header-display":"","ast-hfb-above-header-display":"","ast-hfb-below-header-display":"","ast-hfb-mobile-header-display":"","site-post-title":"","ast-breadcrumbs-content":"","ast-featured-img":"","footer-sml-layout":"","ast-disable-related-posts":"","theme-transparent-header-meta":"default","adv-header-id-meta":"","stick-header-meta":"","header-above-stick-meta":"","header-main-stick-meta":"","header-below-stick-meta":"","astra-migrate-meta-layouts":"set","ast-page-background-enabled":"default","ast-page-background-meta":{"desktop":{"background-color":"var(--ast-global-color-5)","background-image":"","background-repeat":"repeat","background-position":"center center","background-size":"auto","background-attachment":"scroll","background-type":"","background-media":"","overlay-type":"","overlay-color":"","overlay-opacity":"","overlay-gradient":""},"tablet":{"background-color":"","background-image":"","background-repeat":"repeat","background-position":"center center","background-size":"auto","background-attachment":"scroll","background-type":"","background-media":"","overlay-type":"","overlay-color":"","overlay-opacity":"","overlay-gradient":""},"mobile":{"background-color":"","background-image":"","background-repeat":"repeat","background-position":"center center","background-size":"auto","background-attachment":"scroll","background-type":"","background-media":"","overlay-type":"","overlay-color":"","overlay-opacity":"","overlay-gradient":""}},"ast-content-background-meta":{"desktop":{"background-color":"var(--ast-global-color-4)","background-image":"","background-repeat":"repeat","background-position":"center center","background-size":"auto","background-attachment":"scroll","background-type":"","background-media":"","overlay-type":"","overlay-color":"","overlay-opacity":"","overlay-gradient":""},"tablet":{"background-color":"var(--ast-global-color-4)","background-image":"","background-repeat":"repeat","background-position":"center center","background-size":"auto","background-attachment":"scroll","background-type":"","background-media":"","overlay-type":"","overlay-color":"","overlay-opacity":"","overlay-gradient":""},"mobile":{"background-color":"var(--ast-global-color-4)","background-image":"","background-repeat":"repeat","background-position":"center center","background-size":"auto","background-attachment":"scroll","background-type":"","background-media":"","overlay-type":"","overlay-color":"","overlay-opacity":"","overlay-gradient":""}}},"product_brand":[],"product_cat":[42,54],"product_tag":[],"class_list":{"0":"post-4911","1":"product","2":"type-product","3":"status-publish","4":"has-post-thumbnail","6":"product_cat-hand-bag","7":"product_cat-womens-bag","8":"desktop-align-left","9":"tablet-align-left","10":"mobile-align-left","12":"first","13":"instock","14":"shipping-taxable","15":"product-type-simple"},"_links":{"self":[{"href":"https:\/\/baijiabags.com\/fr\/wp-json\/wp\/v2\/product\/4911","targetHints":{"allow":["GET"]}}],"collection":[{"href":"https:\/\/baijiabags.com\/fr\/wp-json\/wp\/v2\/product"}],"about":[{"href":"https:\/\/baijiabags.com\/fr\/wp-json\/wp\/v2\/types\/product"}],"replies":[{"embeddable":true,"href":"https:\/\/baijiabags.com\/fr\/wp-json\/wp\/v2\/comments?post=4911"}],"wp:featuredmedia":[{"embeddable":true,"href":"https:\/\/baijiabags.com\/fr\/wp-json\/wp\/v2\/media\/4913"}],"wp:attachment":[{"href":"https:\/\/baijiabags.com\/fr\/wp-json\/wp\/v2\/media?parent=4911"}],"wp:term":[{"taxonomy":"product_brand","embeddable":true,"href":"https:\/\/baijiabags.com\/fr\/wp-json\/wp\/v2\/product_brand?post=4911"},{"taxonomy":"product_cat","embeddable":true,"href":"https:\/\/baijiabags.com\/fr\/wp-json\/wp\/v2\/product_cat?post=4911"},{"taxonomy":"product_tag","embeddable":true,"href":"https:\/\/baijiabags.com\/fr\/wp-json\/wp\/v2\/product_tag?post=4911"}],"curies":[{"name":"wp","href":"https:\/\/api.w.org\/{rel}","templated":true}]}}