{"id":4886,"date":"2025-12-01T03:16:44","date_gmt":"2025-12-01T03:16:44","guid":{"rendered":"https:\/\/baijiabags.com\/?post_type=product&#038;p=4886"},"modified":"2025-12-02T03:38:35","modified_gmt":"2025-12-02T03:38:35","slug":"factory-direct-simple-brown-leather-bag-for-women-fashion-casual-handbag-with-large-capacity","status":"publish","type":"product","link":"https:\/\/baijiabags.com\/fr\/produit\/factory-direct-simple-brown-leather-bag-for-women-fashion-casual-handbag-with-large-capacity\/","title":{"rendered":"Factory Direct Simple Brown Leather Bag for Women, Fashion Casual Handbag With Large Capacity"},"content":{"rendered":"<h2 data-start=\"1300\" data-end=\"1319\"><strong data-start=\"1303\" data-end=\"1319\">Caract\u00e9ristiques principales<\/strong><\/h2>\n<ul data-start=\"1320\" data-end=\"2121\">\n<li data-start=\"1320\" data-end=\"1419\">\n<p data-start=\"1322\" data-end=\"1419\"><strong data-start=\"1322\" data-end=\"1350\">Style de mode minimaliste<\/strong> - Une esth\u00e9tique simple qui s'accorde aussi bien avec des tenues d\u00e9contract\u00e9es qu'avec des tenues semi-formelles.<\/p>\n<\/li>\n<li data-start=\"1420\" data-end=\"1527\">\n<p data-start=\"1422\" data-end=\"1527\"><strong data-start=\"1422\" data-end=\"1454\">Construction en cuir de qualit\u00e9<\/strong> - La texture solide permet une utilisation quotidienne et conserve l'aspect raffin\u00e9 du sac.<\/p>\n<\/li>\n<li data-start=\"1528\" data-end=\"1625\">\n<p data-start=\"1530\" data-end=\"1625\"><strong data-start=\"1530\" data-end=\"1559\">Options de transport flexibles<\/strong> - Les utilisateurs peuvent passer en douceur du portage \u00e0 la main au portage crois\u00e9.<\/p>\n<\/li>\n<li data-start=\"1626\" data-end=\"1724\">\n<p data-start=\"1628\" data-end=\"1724\"><strong data-start=\"1628\" data-end=\"1655\">Espace de stockage pratique<\/strong> - L'int\u00e9rieur permet de ranger les objets essentiels sans les encombrer.<\/p>\n<\/li>\n<li data-start=\"1725\" data-end=\"1825\">\n<p data-start=\"1727\" data-end=\"1825\"><strong data-start=\"1727\" data-end=\"1754\">Apparence personnalisable<\/strong> - La taille, la couleur et le logo s'adaptent aux diff\u00e9rents besoins du march\u00e9.<\/p>\n<\/li>\n<li data-start=\"1826\" data-end=\"1926\">\n<p data-start=\"1828\" data-end=\"1926\"><strong data-start=\"1828\" data-end=\"1852\">Coutures renforc\u00e9es<\/strong> - Des coutures suppl\u00e9mentaires augmentent la r\u00e9sistance globale et la fiabilit\u00e9 \u00e0 long terme.<\/p>\n<\/li>\n<li data-start=\"1927\" data-end=\"2021\">\n<p data-start=\"1929\" data-end=\"2021\"><strong data-start=\"1929\" data-end=\"1955\">Doublure protectrice souple<\/strong> - Le tissu int\u00e9rieur prot\u00e8ge les objets des frottements et des chocs.<\/p>\n<\/li>\n<li data-start=\"2022\" data-end=\"2121\">\n<p data-start=\"2024\" data-end=\"2121\"><strong data-start=\"2024\" data-end=\"2049\">Structure l\u00e9g\u00e8re<\/strong> - Le sac reste confortable pendant les trajets quotidiens, les promenades et les voyages.<\/p>\n<\/li>\n<\/ul>\n<p><img fetchpriority=\"high\" decoding=\"async\" class=\"wp-image-4887 aligncenter\" src=\"https:\/\/baijiabags.com\/wp-content\/uploads\/2025\/12\/1-2-2-194x300.jpg\" alt=\"\" width=\"497\" height=\"769\" srcset=\"https:\/\/baijiabags.com\/wp-content\/uploads\/2025\/12\/1-2-2-194x300.jpg 194w, https:\/\/baijiabags.com\/wp-content\/uploads\/2025\/12\/1-2-2-8x12.jpg 8w\" sizes=\"(max-width: 497px) 100vw, 497px\" \/><\/p>\n<h2 data-start=\"2128\" data-end=\"2149\"><strong data-start=\"2131\" data-end=\"2149\">Sp\u00e9cifications<\/strong><\/h2>\n<div class=\"_tableContainer_1rjym_1\">\n<div class=\"group _tableWrapper_1rjym_13 flex w-fit flex-col-reverse\" tabindex=\"-1\">\n<table class=\"w-fit min-w-(--thread-content-width)\" data-start=\"2151\" data-end=\"2676\">\n<thead data-start=\"2151\" data-end=\"2177\">\n<tr data-start=\"2151\" data-end=\"2177\">\n<th data-start=\"2151\" data-end=\"2162\" data-col-size=\"sm\"><strong data-start=\"2153\" data-end=\"2161\">Objet<\/strong><\/th>\n<th data-start=\"2162\" data-end=\"2177\" data-col-size=\"md\"><strong data-start=\"2164\" data-end=\"2175\">D\u00e9tails<\/strong><\/th>\n<\/tr>\n<\/thead>\n<tbody data-start=\"2204\" data-end=\"2676\">\n<tr data-start=\"2204\" data-end=\"2230\">\n<td data-start=\"2204\" data-end=\"2219\" data-col-size=\"sm\">Nom du produit<\/td>\n<td data-col-size=\"md\" data-start=\"2219\" data-end=\"2230\">Sac \u00e0 main<\/td>\n<\/tr>\n<tr data-start=\"2231\" data-end=\"2247\">\n<td data-start=\"2231\" data-end=\"2239\" data-col-size=\"sm\">Mod\u00e8le<\/td>\n<td data-start=\"2239\" data-end=\"2247\" data-col-size=\"md\">Y323<\/td>\n<\/tr>\n<tr data-start=\"2248\" data-end=\"2277\">\n<td data-start=\"2248\" data-end=\"2257\" data-col-size=\"sm\">Origine<\/td>\n<td data-start=\"2257\" data-end=\"2277\" data-col-size=\"md\">Guangdong, Chine<\/td>\n<\/tr>\n<tr data-start=\"2278\" data-end=\"2306\">\n<td data-start=\"2278\" data-end=\"2286\" data-col-size=\"sm\">Style<\/td>\n<td data-col-size=\"md\" data-start=\"2286\" data-end=\"2306\">Mode \/ D\u00e9contract\u00e9<\/td>\n<\/tr>\n<tr data-start=\"2307\" data-end=\"2329\">\n<td data-start=\"2307\" data-end=\"2318\" data-col-size=\"sm\">Mat\u00e9riau<\/td>\n<td data-col-size=\"md\" data-start=\"2318\" data-end=\"2329\">Cuir<\/td>\n<\/tr>\n<tr data-start=\"2330\" data-end=\"2379\">\n<td data-start=\"2330\" data-end=\"2343\" data-col-size=\"sm\">Dimensions<\/td>\n<td data-start=\"2343\" data-end=\"2379\" data-col-size=\"md\">24 \u00d7 10 \u00d7 15,5 cm (personnalisable)<\/td>\n<\/tr>\n<tr data-start=\"2380\" data-end=\"2412\">\n<td data-start=\"2380\" data-end=\"2396\" data-col-size=\"sm\">Options de couleur<\/td>\n<td data-col-size=\"md\" data-start=\"2396\" data-end=\"2412\">Personnalisable<\/td>\n<\/tr>\n<tr data-start=\"2413\" data-end=\"2436\">\n<td data-start=\"2413\" data-end=\"2420\" data-col-size=\"sm\">Logo<\/td>\n<td data-col-size=\"md\" data-start=\"2420\" data-end=\"2436\">Personnalisable<\/td>\n<\/tr>\n<tr data-start=\"2437\" data-end=\"2465\">\n<td data-start=\"2437\" data-end=\"2446\" data-col-size=\"sm\">Poids<\/td>\n<td data-col-size=\"md\" data-start=\"2446\" data-end=\"2465\">Environ 0,45 kg<\/td>\n<\/tr>\n<tr data-start=\"2466\" data-end=\"2510\">\n<td data-start=\"2466\" data-end=\"2484\" data-col-size=\"sm\">M\u00e9thode de portage<\/td>\n<td data-start=\"2484\" data-end=\"2510\" data-col-size=\"md\">Port\u00e9-crois\u00e9 \/ Port\u00e9-main<\/td>\n<\/tr>\n<tr data-start=\"2511\" data-end=\"2576\">\n<td data-start=\"2511\" data-end=\"2522\" data-col-size=\"sm\">Capacit\u00e9<\/td>\n<td data-col-size=\"md\" data-start=\"2522\" data-end=\"2576\">T\u00e9l\u00e9phone portable, parapluie pliable, cosm\u00e9tiques, portefeuille<\/td>\n<\/tr>\n<tr data-start=\"2577\" data-end=\"2597\">\n<td data-start=\"2577\" data-end=\"2583\" data-col-size=\"sm\">MOQ<\/td>\n<td data-col-size=\"md\" data-start=\"2583\" data-end=\"2597\">N\u00e9gociable<\/td>\n<\/tr>\n<tr data-start=\"2598\" data-end=\"2632\">\n<td data-start=\"2598\" data-end=\"2610\" data-col-size=\"sm\">Emballage<\/td>\n<td data-col-size=\"md\" data-start=\"2610\" data-end=\"2632\">Standard ou sur mesure<\/td>\n<\/tr>\n<tr data-start=\"2633\" data-end=\"2676\">\n<td data-start=\"2633\" data-end=\"2648\" data-col-size=\"sm\">Sc\u00e8nes d'utilisation<\/td>\n<td data-col-size=\"md\" data-start=\"2648\" data-end=\"2676\">Vie quotidienne, travail, voyages<\/td>\n<\/tr>\n<\/tbody>\n<\/table>\n<\/div>\n<\/div>\n<h2><strong data-start=\"2686\" data-end=\"2701\">Application<\/strong><\/h2>\n<ul data-start=\"2702\" data-end=\"3172\">\n<li data-start=\"2702\" data-end=\"2783\">\n<p data-start=\"2704\" data-end=\"2783\"><strong data-start=\"2704\" data-end=\"2717\">Utilisation quotidienne<\/strong> - Emporte l'essentiel pour le shopping, les courses et les sorties d\u00e9contract\u00e9es.<\/p>\n<\/li>\n<li data-start=\"2784\" data-end=\"2879\">\n<p data-start=\"2786\" data-end=\"2879\"><strong data-start=\"2786\" data-end=\"2803\">Travail et bureau<\/strong> - Compl\u00e8te les tenues d'affaires d\u00e9contract\u00e9es et permet de ranger les objets personnels n\u00e9cessaires.<\/p>\n<\/li>\n<li data-start=\"2880\" data-end=\"2976\">\n<p data-start=\"2882\" data-end=\"2976\"><strong data-start=\"2882\" data-end=\"2906\">Voyages et courts s\u00e9jours<\/strong> - Offre un moyen compact et organis\u00e9 de transporter des objets importants.<\/p>\n<\/li>\n<li data-start=\"2977\" data-end=\"3073\">\n<p data-start=\"2979\" data-end=\"3073\"><strong data-start=\"2979\" data-end=\"3003\">Coordination de la mode<\/strong> - S'adapte \u00e0 un large \u00e9ventail de styles vestimentaires au fil des saisons.<\/p>\n<\/li>\n<li data-start=\"3074\" data-end=\"3172\">\n<p data-start=\"3076\" data-end=\"3172\"><strong data-start=\"3076\" data-end=\"3095\">Projets de vente au d\u00e9tail<\/strong> - Convient parfaitement aux coffrets cadeaux, aux collections de boutiques et \u00e0 la personnalisation priv\u00e9e.<\/p>\n<\/li>\n<\/ul>\n<p data-start=\"3179\" data-end=\"3421\" data-is-last-node=\"\" data-is-only-node=\"\">Si vous \u00eates int\u00e9ress\u00e9 par ce sac \u00e0 main, veuillez nous contacter pour demander des \u00e9chantillons. Nous fournissons <strong data-start=\"3268\" data-end=\"3304\">Services de personnalisation ODM et OEM<\/strong>Les produits de l'UE sont disponibles en plusieurs langues, y compris des couleurs adapt\u00e9es, des logos personnalis\u00e9s et des dimensions ajustables pour r\u00e9pondre \u00e0 vos besoins en mati\u00e8re de d\u00e9veloppement de produits.<\/p>","protected":false},"excerpt":{"rendered":"<p>Le sac \u00e0 main est fabriqu\u00e9 \u00e0 partir d'un cuir de qualit\u00e9 qui offre une texture lisse et une durabilit\u00e9 constante. Des coutures renforc\u00e9es consolident le sac tout en lui conf\u00e9rant une apparence soign\u00e9e. Une poign\u00e9e de transport et une sangle transversale optionnelle offrent aux utilisateurs des choix de style flexibles pour des tenues et des environnements diff\u00e9rents. Les options personnalisables telles que les dimensions, les couleurs et l'emplacement du logo permettent aux diff\u00e9rents march\u00e9s ou d\u00e9taillants de cr\u00e9er des versions uniques.<\/p>","protected":false},"featured_media":4892,"comment_status":"open","ping_status":"closed","template":"","meta":{"site-sidebar-layout":"default","site-content-layout":"","ast-site-content-layout":"default","site-content-style":"default","site-sidebar-style":"default","ast-global-header-display":"","ast-banner-title-visibility":"","ast-main-header-display":"","ast-hfb-above-header-display":"","ast-hfb-below-header-display":"","ast-hfb-mobile-header-display":"","site-post-title":"","ast-breadcrumbs-content":"","ast-featured-img":"","footer-sml-layout":"","ast-disable-related-posts":"","theme-transparent-header-meta":"default","adv-header-id-meta":"","stick-header-meta":"","header-above-stick-meta":"","header-main-stick-meta":"","header-below-stick-meta":"","astra-migrate-meta-layouts":"set","ast-page-background-enabled":"default","ast-page-background-meta":{"desktop":{"background-color":"var(--ast-global-color-5)","background-image":"","background-repeat":"repeat","background-position":"center center","background-size":"auto","background-attachment":"scroll","background-type":"","background-media":"","overlay-type":"","overlay-color":"","overlay-opacity":"","overlay-gradient":""},"tablet":{"background-color":"","background-image":"","background-repeat":"repeat","background-position":"center center","background-size":"auto","background-attachment":"scroll","background-type":"","background-media":"","overlay-type":"","overlay-color":"","overlay-opacity":"","overlay-gradient":""},"mobile":{"background-color":"","background-image":"","background-repeat":"repeat","background-position":"center center","background-size":"auto","background-attachment":"scroll","background-type":"","background-media":"","overlay-type":"","overlay-color":"","overlay-opacity":"","overlay-gradient":""}},"ast-content-background-meta":{"desktop":{"background-color":"var(--ast-global-color-4)","background-image":"","background-repeat":"repeat","background-position":"center center","background-size":"auto","background-attachment":"scroll","background-type":"","background-media":"","overlay-type":"","overlay-color":"","overlay-opacity":"","overlay-gradient":""},"tablet":{"background-color":"var(--ast-global-color-4)","background-image":"","background-repeat":"repeat","background-position":"center center","background-size":"auto","background-attachment":"scroll","background-type":"","background-media":"","overlay-type":"","overlay-color":"","overlay-opacity":"","overlay-gradient":""},"mobile":{"background-color":"var(--ast-global-color-4)","background-image":"","background-repeat":"repeat","background-position":"center center","background-size":"auto","background-attachment":"scroll","background-type":"","background-media":"","overlay-type":"","overlay-color":"","overlay-opacity":"","overlay-gradient":""}}},"product_brand":[],"product_cat":[54,42],"product_tag":[],"class_list":{"0":"post-4886","1":"product","2":"type-product","3":"status-publish","4":"has-post-thumbnail","6":"product_cat-womens-bag","7":"product_cat-hand-bag","8":"desktop-align-left","9":"tablet-align-left","10":"mobile-align-left","12":"first","13":"instock","14":"shipping-taxable","15":"product-type-simple"},"_links":{"self":[{"href":"https:\/\/baijiabags.com\/fr\/wp-json\/wp\/v2\/product\/4886","targetHints":{"allow":["GET"]}}],"collection":[{"href":"https:\/\/baijiabags.com\/fr\/wp-json\/wp\/v2\/product"}],"about":[{"href":"https:\/\/baijiabags.com\/fr\/wp-json\/wp\/v2\/types\/product"}],"replies":[{"embeddable":true,"href":"https:\/\/baijiabags.com\/fr\/wp-json\/wp\/v2\/comments?post=4886"}],"wp:featuredmedia":[{"embeddable":true,"href":"https:\/\/baijiabags.com\/fr\/wp-json\/wp\/v2\/media\/4892"}],"wp:attachment":[{"href":"https:\/\/baijiabags.com\/fr\/wp-json\/wp\/v2\/media?parent=4886"}],"wp:term":[{"taxonomy":"product_brand","embeddable":true,"href":"https:\/\/baijiabags.com\/fr\/wp-json\/wp\/v2\/product_brand?post=4886"},{"taxonomy":"product_cat","embeddable":true,"href":"https:\/\/baijiabags.com\/fr\/wp-json\/wp\/v2\/product_cat?post=4886"},{"taxonomy":"product_tag","embeddable":true,"href":"https:\/\/baijiabags.com\/fr\/wp-json\/wp\/v2\/product_tag?post=4886"}],"curies":[{"name":"wp","href":"https:\/\/api.w.org\/{rel}","templated":true}]}}