{"id":4713,"date":"2025-11-15T05:41:55","date_gmt":"2025-11-15T05:41:55","guid":{"rendered":"https:\/\/baijiabags.com\/?post_type=product&#038;p=4713"},"modified":"2025-11-15T05:41:55","modified_gmt":"2025-11-15T05:41:55","slug":"wholesales-modern-black-backpack-with-front-zipper-pocket-minimalist-design-for-daily-and-travel-use","status":"publish","type":"product","link":"https:\/\/baijiabags.com\/fr\/produit\/wholesales-modern-black-backpack-with-front-zipper-pocket-minimalist-design-for-daily-and-travel-use\/","title":{"rendered":"wholesales Modern Black Backpack with Front Zipper Pocket Minimalist Design for Daily and Travel Use"},"content":{"rendered":"<h2 data-start=\"538\" data-end=\"553\">Caract\u00e9ristiques principales<\/h2>\n<ol data-start=\"555\" data-end=\"1369\">\n<li data-start=\"555\" data-end=\"670\">\n<p data-start=\"558\" data-end=\"670\"><strong data-start=\"558\" data-end=\"582\">Construction durable<\/strong> - Fabriqu\u00e9 \u00e0 partir de mat\u00e9riaux de haute qualit\u00e9 et r\u00e9sistants \u00e0 l'usure pour supporter l'usage quotidien et les voyages.<\/p>\n<\/li>\n<li data-start=\"671\" data-end=\"765\">\n<p data-start=\"674\" data-end=\"765\"><strong data-start=\"674\" data-end=\"702\">Mat\u00e9riau r\u00e9sistant \u00e0 l'eau<\/strong> - Prot\u00e8ge les effets personnels de la pluie fine et des d\u00e9versements accidentels.<\/p>\n<\/li>\n<li data-start=\"766\" data-end=\"870\">\n<p data-start=\"769\" data-end=\"870\"><strong data-start=\"769\" data-end=\"792\">Poche avant zipp\u00e9e<\/strong> - Permet d'acc\u00e9der facilement aux petits objets essentiels tels que les cl\u00e9s, les portefeuilles et les t\u00e9l\u00e9phones.<\/p>\n<\/li>\n<li data-start=\"871\" data-end=\"981\">\n<p data-start=\"874\" data-end=\"981\"><strong data-start=\"874\" data-end=\"895\">Design minimaliste<\/strong> - Les lignes \u00e9pur\u00e9es et l'esth\u00e9tique simple conviennent aussi bien aux environnements d\u00e9contract\u00e9s que professionnels.<\/p>\n<\/li>\n<li data-start=\"982\" data-end=\"1066\">\n<p data-start=\"985\" data-end=\"1066\"><strong data-start=\"985\" data-end=\"1006\">Bretelles r\u00e9glables<\/strong> - Garantit un ajustement confortable pour les utilisateurs de diff\u00e9rentes tailles.<\/p>\n<\/li>\n<li data-start=\"1067\" data-end=\"1176\">\n<p data-start=\"1070\" data-end=\"1176\"><strong data-start=\"1070\" data-end=\"1101\">Taille et couleur personnalisables<\/strong> - Peut \u00eatre adapt\u00e9 \u00e0 des pr\u00e9f\u00e9rences sp\u00e9cifiques pour un usage personnel ou professionnel.<\/p>\n<\/li>\n<li data-start=\"1177\" data-end=\"1270\">\n<p data-start=\"1180\" data-end=\"1270\"><strong data-start=\"1180\" data-end=\"1212\">Possibilit\u00e9 de personnaliser le logo<\/strong> - Permet le marquage des cadeaux promotionnels ou d'entreprise.<\/p>\n<\/li>\n<li data-start=\"1271\" data-end=\"1369\">\n<p data-start=\"1274\" data-end=\"1369\"><strong data-start=\"1274\" data-end=\"1291\">Utilisation polyvalente<\/strong> - Parfaitement adapt\u00e9 aux d\u00e9placements quotidiens, au travail de bureau et aux aventures de voyage.<\/p>\n<\/li>\n<\/ol>\n<h2 data-start=\"1371\" data-end=\"1388\">Sp\u00e9cifications<\/h2>\n<div class=\"_tableContainer_1rjym_1\">\n<div class=\"group _tableWrapper_1rjym_13 flex w-fit flex-col-reverse\" tabindex=\"-1\">\n<table class=\"w-fit min-w-(--thread-content-width)\" data-start=\"1390\" data-end=\"1781\">\n<thead data-start=\"1390\" data-end=\"1417\">\n<tr data-start=\"1390\" data-end=\"1417\">\n<th data-start=\"1390\" data-end=\"1406\" data-col-size=\"sm\">Sp\u00e9cifications<\/th>\n<th data-start=\"1406\" data-end=\"1417\" data-col-size=\"sm\">D\u00e9tails<\/th>\n<\/tr>\n<\/thead>\n<tbody data-start=\"1446\" data-end=\"1781\">\n<tr data-start=\"1446\" data-end=\"1474\">\n<td data-start=\"1446\" data-end=\"1462\" data-col-size=\"sm\">Nom du produit<\/td>\n<td data-col-size=\"sm\" data-start=\"1462\" data-end=\"1474\">Sac \u00e0 dos<\/td>\n<\/tr>\n<tr data-start=\"1475\" data-end=\"1501\">\n<td data-start=\"1475\" data-end=\"1491\" data-col-size=\"sm\">Marque<\/td>\n<td data-col-size=\"sm\" data-start=\"1491\" data-end=\"1501\">RONEER<\/td>\n<\/tr>\n<tr data-start=\"1502\" data-end=\"1538\">\n<td data-start=\"1502\" data-end=\"1518\" data-col-size=\"sm\">Origine<\/td>\n<td data-start=\"1518\" data-end=\"1538\" data-col-size=\"sm\">Guangdong, Chine<\/td>\n<\/tr>\n<tr data-start=\"1539\" data-end=\"1566\">\n<td data-start=\"1539\" data-end=\"1555\" data-col-size=\"sm\">Style<\/td>\n<td data-col-size=\"sm\" data-start=\"1555\" data-end=\"1566\">La mode<\/td>\n<\/tr>\n<tr data-start=\"1567\" data-end=\"1599\">\n<td data-start=\"1567\" data-end=\"1583\" data-col-size=\"sm\">Logo<\/td>\n<td data-start=\"1583\" data-end=\"1599\" data-col-size=\"sm\">Personnalisable<\/td>\n<\/tr>\n<tr data-start=\"1600\" data-end=\"1632\">\n<td data-start=\"1600\" data-end=\"1616\" data-col-size=\"sm\">Taille<\/td>\n<td data-col-size=\"sm\" data-start=\"1616\" data-end=\"1632\">Personnalisable<\/td>\n<\/tr>\n<tr data-start=\"1633\" data-end=\"1665\">\n<td data-start=\"1633\" data-end=\"1649\" data-col-size=\"sm\">Couleur<\/td>\n<td data-start=\"1649\" data-end=\"1665\" data-col-size=\"sm\">Personnalisable<\/td>\n<\/tr>\n<tr data-start=\"1666\" data-end=\"1719\">\n<td data-start=\"1666\" data-end=\"1682\" data-col-size=\"sm\">Caract\u00e9ristiques<\/td>\n<td data-start=\"1682\" data-end=\"1719\" data-col-size=\"sm\">Durable, r\u00e9sistant \u00e0 l'eau, \u00e9l\u00e9gant<\/td>\n<\/tr>\n<tr data-start=\"1720\" data-end=\"1750\">\n<td data-start=\"1720\" data-end=\"1736\" data-col-size=\"sm\">MOQ<\/td>\n<td data-start=\"1736\" data-end=\"1750\" data-col-size=\"sm\">N\u00e9gociable<\/td>\n<\/tr>\n<tr data-start=\"1751\" data-end=\"1781\">\n<td data-start=\"1751\" data-end=\"1767\" data-col-size=\"sm\">Emballage<\/td>\n<td data-start=\"1767\" data-end=\"1781\" data-col-size=\"sm\">N\u00e9gociable<\/td>\n<\/tr>\n<\/tbody>\n<\/table>\n<\/div>\n<\/div>\n<h2 data-start=\"1783\" data-end=\"1798\">Applications<\/h2>\n<ul data-start=\"1800\" data-end=\"2030\">\n<li data-start=\"1800\" data-end=\"1869\">\n<p data-start=\"1802\" data-end=\"1869\"><strong data-start=\"1802\" data-end=\"1815\">Utilisation quotidienne<\/strong> - Id\u00e9al pour les trajets quotidiens, le shopping ou les sorties d\u00e9contract\u00e9es.<\/p>\n<\/li>\n<li data-start=\"1870\" data-end=\"1949\">\n<p data-start=\"1872\" data-end=\"1949\"><strong data-start=\"1872\" data-end=\"1880\">Travail<\/strong> - Convient au transport d'ordinateurs portables, de documents et d'articles de bureau essentiels.<\/p>\n<\/li>\n<li data-start=\"1950\" data-end=\"2030\">\n<p data-start=\"1952\" data-end=\"2030\"><strong data-start=\"1952\" data-end=\"1962\">Voyage<\/strong> - Parfait pour les voyages courts, les bagages \u00e0 main ou l'exploration des villes.<\/p>\n<\/li>\n<\/ul>\n<p data-start=\"2032\" data-end=\"2307\">\u00a0Si vous \u00eates int\u00e9ress\u00e9 par ce sac \u00e0 dos, veuillez nous contacter pour demander un \u00e9chantillon. Les services ODM et OEM sont disponibles pour r\u00e9pondre \u00e0 vos besoins de personnalisation.<\/p>","protected":false},"excerpt":{"rendered":"<p>Le sac \u00e0 dos moderne noir avec poche frontale zipp\u00e9e a \u00e9t\u00e9 con\u00e7u pour un usage quotidien et de voyage, alliant une esth\u00e9tique minimaliste \u00e0 une fonctionnalit\u00e9 pratique. Fabriqu\u00e9 \u00e0 partir de mat\u00e9riaux durables et r\u00e9sistants \u00e0 l'eau, ce sac \u00e0 dos garantit des performances durables tout en conservant une apparence \u00e9l\u00e9gante et \u00e0 la mode. Il est id\u00e9al pour transporter des objets personnels, des appareils \u00e9lectroniques et des accessoires de voyage de mani\u00e8re \u00e9l\u00e9gante et organis\u00e9e.<\/p>","protected":false},"featured_media":4723,"comment_status":"open","ping_status":"closed","template":"","meta":{"site-sidebar-layout":"default","site-content-layout":"","ast-site-content-layout":"default","site-content-style":"default","site-sidebar-style":"default","ast-global-header-display":"","ast-banner-title-visibility":"","ast-main-header-display":"","ast-hfb-above-header-display":"","ast-hfb-below-header-display":"","ast-hfb-mobile-header-display":"","site-post-title":"","ast-breadcrumbs-content":"","ast-featured-img":"","footer-sml-layout":"","ast-disable-related-posts":"","theme-transparent-header-meta":"default","adv-header-id-meta":"","stick-header-meta":"","header-above-stick-meta":"","header-main-stick-meta":"","header-below-stick-meta":"","astra-migrate-meta-layouts":"set","ast-page-background-enabled":"default","ast-page-background-meta":{"desktop":{"background-color":"var(--ast-global-color-5)","background-image":"","background-repeat":"repeat","background-position":"center center","background-size":"auto","background-attachment":"scroll","background-type":"","background-media":"","overlay-type":"","overlay-color":"","overlay-opacity":"","overlay-gradient":""},"tablet":{"background-color":"","background-image":"","background-repeat":"repeat","background-position":"center center","background-size":"auto","background-attachment":"scroll","background-type":"","background-media":"","overlay-type":"","overlay-color":"","overlay-opacity":"","overlay-gradient":""},"mobile":{"background-color":"","background-image":"","background-repeat":"repeat","background-position":"center center","background-size":"auto","background-attachment":"scroll","background-type":"","background-media":"","overlay-type":"","overlay-color":"","overlay-opacity":"","overlay-gradient":""}},"ast-content-background-meta":{"desktop":{"background-color":"var(--ast-global-color-4)","background-image":"","background-repeat":"repeat","background-position":"center center","background-size":"auto","background-attachment":"scroll","background-type":"","background-media":"","overlay-type":"","overlay-color":"","overlay-opacity":"","overlay-gradient":""},"tablet":{"background-color":"var(--ast-global-color-4)","background-image":"","background-repeat":"repeat","background-position":"center center","background-size":"auto","background-attachment":"scroll","background-type":"","background-media":"","overlay-type":"","overlay-color":"","overlay-opacity":"","overlay-gradient":""},"mobile":{"background-color":"var(--ast-global-color-4)","background-image":"","background-repeat":"repeat","background-position":"center center","background-size":"auto","background-attachment":"scroll","background-type":"","background-media":"","overlay-type":"","overlay-color":"","overlay-opacity":"","overlay-gradient":""}}},"product_brand":[],"product_cat":[21],"product_tag":[],"class_list":{"0":"post-4713","1":"product","2":"type-product","3":"status-publish","4":"has-post-thumbnail","6":"product_cat-backpack","7":"desktop-align-left","8":"tablet-align-left","9":"mobile-align-left","11":"first","12":"instock","13":"shipping-taxable","14":"product-type-simple"},"_links":{"self":[{"href":"https:\/\/baijiabags.com\/fr\/wp-json\/wp\/v2\/product\/4713","targetHints":{"allow":["GET"]}}],"collection":[{"href":"https:\/\/baijiabags.com\/fr\/wp-json\/wp\/v2\/product"}],"about":[{"href":"https:\/\/baijiabags.com\/fr\/wp-json\/wp\/v2\/types\/product"}],"replies":[{"embeddable":true,"href":"https:\/\/baijiabags.com\/fr\/wp-json\/wp\/v2\/comments?post=4713"}],"wp:featuredmedia":[{"embeddable":true,"href":"https:\/\/baijiabags.com\/fr\/wp-json\/wp\/v2\/media\/4723"}],"wp:attachment":[{"href":"https:\/\/baijiabags.com\/fr\/wp-json\/wp\/v2\/media?parent=4713"}],"wp:term":[{"taxonomy":"product_brand","embeddable":true,"href":"https:\/\/baijiabags.com\/fr\/wp-json\/wp\/v2\/product_brand?post=4713"},{"taxonomy":"product_cat","embeddable":true,"href":"https:\/\/baijiabags.com\/fr\/wp-json\/wp\/v2\/product_cat?post=4713"},{"taxonomy":"product_tag","embeddable":true,"href":"https:\/\/baijiabags.com\/fr\/wp-json\/wp\/v2\/product_tag?post=4713"}],"curies":[{"name":"wp","href":"https:\/\/api.w.org\/{rel}","templated":true}]}}